{"id":93,"date":"2024-10-17T19:16:42","date_gmt":"2024-10-17T19:16:42","guid":{"rendered":"https:\/\/dbx.gdr.mybluehost.me\/?page_id=93"},"modified":"2026-01-11T14:09:05","modified_gmt":"2026-01-11T14:09:05","slug":"art","status":"publish","type":"page","link":"https:\/\/sideburn.ca\/fr\/participate\/art\/","title":{"rendered":"subventions artistiques"},"content":{"rendered":"<p class=\"lead\">L'art chez SideBurn est l'un des piliers de l'\u00e9v\u00e9nement, et notre mission est de permettre aux artistes de donner vie \u00e0 leurs cr\u00e9ations dans le cadre de ce rassemblement unique. Chaque ann\u00e9e, notre programme de bourses artistiques soutient des installations qui illustrent le th\u00e8me de l'\u00e9v\u00e9nement.<\/p>\n<p>Nous proposons des financements pour des projets radicalement expressifs, communautaires, interactifs, exp\u00e9rimentaux et interdisciplinaires qui contribuent \u00e0 l'esprit participatif et \u00e0 l'atmosph\u00e8re cr\u00e9ative dynamique qui caract\u00e9risent SideBurn.<\/p>\n<hr \/>\n<h2>Demande de subvention<\/h2>\n<p>Des installations centrales telles que <a href=\"https:\/\/sideburn.ca\/fr\/participate\/art\/effigy-grant\/\">L'effigie<\/a> ou <a href=\"https:\/\/sideburn.ca\/fr\/participate\/art\/temple-grant\/\">Temple<\/a>, \u00e0 <a href=\"https:\/\/sideburn.ca\/fr\/participate\/art\/micro-grants\/\">cr\u00e9ations plus petites et fantaisistes<\/a>\u2013nous voulons vous aider \u00e0 concr\u00e9tiser vos id\u00e9es. Lorsque vous soumettez une demande de subvention, celle-ci est examin\u00e9e de mani\u00e8re anonyme par un comit\u00e9 qui recherche des projets r\u00e9pondant aux crit\u00e8res suivants :<\/p>\n<ul>\n<li><strong>Cr\u00e9ativit\u00e9 : <\/strong>Votre id\u00e9e est-elle originale, int\u00e9ressante, pertinente, audacieuse, magique et stimulante ?<\/li>\n<li><strong>Construction : <\/strong>Votre projet est-il r\u00e9alisable ? Serez-vous en mesure de le mener \u00e0 bien dans les d\u00e9lais et le budget pr\u00e9vus ? \u00cates-vous responsable des restrictions relatives aux feux d'artifice et autres consid\u00e9rations de s\u00e9curit\u00e9 (par exemple, l'ancrage) ?<\/li>\n<li><strong>Exhaustivit\u00e9 :<\/strong> Votre projet est-il bien pens\u00e9 ? Votre liste de mat\u00e9riel, votre plan de s\u00e9curit\u00e9 et votre plan \u00ab Ne laissez aucune trace \u00bb sont-ils complets ?<\/li>\n<li><strong>Interactivit\u00e9 :<\/strong> Votre projet fait-il appel aux sens ? Nous privil\u00e9gions les projets qui font appel \u00e0 deux sens ou plus \u00e0 la fois !<\/li>\n<\/ul>\n<p><strong>Des questions ?<\/strong> Pour plus d'informations sur les demandes de subventions artistiques, <a href=\"https:\/\/sideburn.ca\/fr\/participate\/art\/faqs\/\">Consultez notre page FAQ<\/a>. Si vous ne trouvez toujours pas ce que vous cherchez, contactez <a href=\"mailto:art@sideburn.ca\">art@sideburn.ca<\/a>. Pour toute question sp\u00e9cifique concernant les \u0153uvres d'art sur le th\u00e8me du feu, veuillez contacter <a href=\"mailto:fast@sideburn.ca\">fast@sideburn.ca<\/a>.<\/p>\n<h2><strong>S\u00e9ances d'information<\/strong><\/h2>\n<p><strong>S\u00e9ance d'information sur le temple et l'effigie<\/strong> (9 d\u00e9cembre 2025)<br \/>\n<i class=\"fa-solid fa-circle-play me-1\"><\/i><a href=\"https:\/\/www.youtube.com\/watch?v=U2pdrVzjGYI\" target=\"_blank\">Session d'observation<\/a>  | <i class=\"fa-solid fa-download me-1\"><\/i><a href=\"https:\/\/sideburn.ca\/wp-content\/uploads\/2026\/01\/SideBurn-2026TempleEffigyGrantInfoSession-Dec92025.pptx\">T\u00e9l\u00e9charger la pr\u00e9sentation<\/a> (PPT)<\/p>\n<p><strong>S\u00e9ance d'information sur les subventions artistiques<\/strong> (13 d\u00e9cembre 2025)<br \/>\n<i class=\"fa-solid fa-circle-play me-1\"><\/i><a href=\"https:\/\/www.youtube.com\/watch?v=NUGVgH40Vpg\" target=\"_blank\">Session d'observation<\/a> | <i class=\"fa-solid fa-download me-1\"><\/i><a href=\"https:\/\/sideburn.ca\/wp-content\/uploads\/2026\/01\/SideBurn-2026ArtGrantInfoSession-Dec132025.pptx\">T\u00e9l\u00e9charger la pr\u00e9sentation<\/a> (PPT)<\/p>","protected":false},"excerpt":{"rendered":"<p>D\u00e9couvrez comment postuler pour une bourse artistique et donner vie \u00e0 votre projet cr\u00e9atif et interactif chez SideBurn.<\/p>","protected":false},"author":2,"featured_media":304,"parent":91,"menu_order":2,"comment_status":"closed","ping_status":"closed","template":"","meta":{"_acf_changed":false,"nf_dc_page":"","footnotes":""},"class_list":["post-93","page","type-page","status-publish","has-post-thumbnail","hentry"],"acf":[],"yoast_head":"<!-- This site is optimized with the Yoast SEO plugin v27.4 - https:\/\/yoast.com\/product\/yoast-seo-wordpress\/ -->\n<title>Art Grants - SideBurn<\/title>\n<meta name=\"robots\" content=\"index, follow, max-snippet:-1, max-image-preview:large, max-video-preview:-1\" \/>\n<link rel=\"canonical\" href=\"https:\/\/sideburn.ca\/fr\/participate\/art\/\" \/>\n<meta property=\"og:locale\" content=\"fr_CA\" \/>\n<meta property=\"og:type\" content=\"article\" \/>\n<meta property=\"og:title\" content=\"Art Grants - SideBurn\" \/>\n<meta property=\"og:description\" content=\"Find out how you can apply for an Art Grant and bring your creative, interactive project to life at SideBurn.\" \/>\n<meta property=\"og:url\" content=\"https:\/\/sideburn.ca\/fr\/participate\/art\/\" \/>\n<meta property=\"og:site_name\" content=\"SideBurn\" \/>\n<meta property=\"article:publisher\" content=\"https:\/\/www.facebook.com\/groups\/145939082634753\" \/>\n<meta property=\"article:modified_time\" content=\"2026-01-11T14:09:05+00:00\" \/>\n<meta property=\"og:image\" content=\"https:\/\/sideburn.ca\/wp-content\/uploads\/2024\/12\/Sideburn2024-751.jpg\" \/>\n\t<meta property=\"og:image:width\" content=\"1400\" \/>\n\t<meta property=\"og:image:height\" content=\"652\" \/>\n\t<meta property=\"og:image:type\" content=\"image\/jpeg\" \/>\n<meta name=\"twitter:card\" content=\"summary_large_image\" \/>\n<meta name=\"twitter:label1\" content=\"Est. reading time\" \/>\n\t<meta name=\"twitter:data1\" content=\"2 minutes\" \/>\n<script type=\"application\/ld+json\" class=\"yoast-schema-graph\">{\"@context\":\"https:\\\/\\\/schema.org\",\"@graph\":[{\"@type\":\"WebPage\",\"@id\":\"https:\\\/\\\/sideburn.ca\\\/participate\\\/art\\\/\",\"url\":\"https:\\\/\\\/sideburn.ca\\\/participate\\\/art\\\/\",\"name\":\"Art Grants - SideBurn\",\"isPartOf\":{\"@id\":\"https:\\\/\\\/dbx.gdr.mybluehost.me\\\/#website\"},\"primaryImageOfPage\":{\"@id\":\"https:\\\/\\\/sideburn.ca\\\/participate\\\/art\\\/#primaryimage\"},\"image\":{\"@id\":\"https:\\\/\\\/sideburn.ca\\\/participate\\\/art\\\/#primaryimage\"},\"thumbnailUrl\":\"https:\\\/\\\/sideburn.ca\\\/wp-content\\\/uploads\\\/2024\\\/12\\\/Sideburn2024-751.jpg\",\"datePublished\":\"2024-10-17T19:16:42+00:00\",\"dateModified\":\"2026-01-11T14:09:05+00:00\",\"breadcrumb\":{\"@id\":\"https:\\\/\\\/sideburn.ca\\\/participate\\\/art\\\/#breadcrumb\"},\"inLanguage\":\"fr-CA\",\"potentialAction\":[{\"@type\":\"ReadAction\",\"target\":[\"https:\\\/\\\/sideburn.ca\\\/participate\\\/art\\\/\"]}]},{\"@type\":\"ImageObject\",\"inLanguage\":\"fr-CA\",\"@id\":\"https:\\\/\\\/sideburn.ca\\\/participate\\\/art\\\/#primaryimage\",\"url\":\"https:\\\/\\\/sideburn.ca\\\/wp-content\\\/uploads\\\/2024\\\/12\\\/Sideburn2024-751.jpg\",\"contentUrl\":\"https:\\\/\\\/sideburn.ca\\\/wp-content\\\/uploads\\\/2024\\\/12\\\/Sideburn2024-751.jpg\",\"width\":1400,\"height\":652},{\"@type\":\"BreadcrumbList\",\"@id\":\"https:\\\/\\\/sideburn.ca\\\/participate\\\/art\\\/#breadcrumb\",\"itemListElement\":[{\"@type\":\"ListItem\",\"position\":1,\"name\":\"Home\",\"item\":\"https:\\\/\\\/sideburn.ca\\\/\"},{\"@type\":\"ListItem\",\"position\":2,\"name\":\"Participate\",\"item\":\"https:\\\/\\\/sideburn.ca\\\/participate\\\/\"},{\"@type\":\"ListItem\",\"position\":3,\"name\":\"Art Grants\"}]},{\"@type\":\"WebSite\",\"@id\":\"https:\\\/\\\/dbx.gdr.mybluehost.me\\\/#website\",\"url\":\"https:\\\/\\\/dbx.gdr.mybluehost.me\\\/\",\"name\":\"SideBurn\",\"description\":\"Chromatic Carnival\",\"publisher\":{\"@id\":\"https:\\\/\\\/dbx.gdr.mybluehost.me\\\/#organization\"},\"potentialAction\":[{\"@type\":\"SearchAction\",\"target\":{\"@type\":\"EntryPoint\",\"urlTemplate\":\"https:\\\/\\\/dbx.gdr.mybluehost.me\\\/?s={search_term_string}\"},\"query-input\":{\"@type\":\"PropertyValueSpecification\",\"valueRequired\":true,\"valueName\":\"search_term_string\"}}],\"inLanguage\":\"fr-CA\"},{\"@type\":\"Organization\",\"@id\":\"https:\\\/\\\/dbx.gdr.mybluehost.me\\\/#organization\",\"name\":\"SideBurn\",\"url\":\"https:\\\/\\\/dbx.gdr.mybluehost.me\\\/\",\"logo\":{\"@type\":\"ImageObject\",\"inLanguage\":\"fr-CA\",\"@id\":\"https:\\\/\\\/dbx.gdr.mybluehost.me\\\/#\\\/schema\\\/logo\\\/image\\\/\",\"url\":\"https:\\\/\\\/i0.wp.com\\\/sideburn.ca\\\/wp-content\\\/uploads\\\/2024\\\/12\\\/logo-sideburn-full-1.png?fit=1259%2C496&ssl=1\",\"contentUrl\":\"https:\\\/\\\/i0.wp.com\\\/sideburn.ca\\\/wp-content\\\/uploads\\\/2024\\\/12\\\/logo-sideburn-full-1.png?fit=1259%2C496&ssl=1\",\"width\":1259,\"height\":496,\"caption\":\"SideBurn\"},\"image\":{\"@id\":\"https:\\\/\\\/dbx.gdr.mybluehost.me\\\/#\\\/schema\\\/logo\\\/image\\\/\"},\"sameAs\":[\"https:\\\/\\\/www.facebook.com\\\/groups\\\/145939082634753\",\"https:\\\/\\\/www.instagram.com\\\/sideburnregional\\\/\"]}]}<\/script>\n<!-- \/ Yoast SEO plugin. -->","yoast_head_json":{"title":"Art Grants - SideBurn","robots":{"index":"index","follow":"follow","max-snippet":"max-snippet:-1","max-image-preview":"max-image-preview:large","max-video-preview":"max-video-preview:-1"},"canonical":"https:\/\/sideburn.ca\/fr\/participate\/art\/","og_locale":"fr_CA","og_type":"article","og_title":"Art Grants - SideBurn","og_description":"Find out how you can apply for an Art Grant and bring your creative, interactive project to life at SideBurn.","og_url":"https:\/\/sideburn.ca\/fr\/participate\/art\/","og_site_name":"SideBurn","article_publisher":"https:\/\/www.facebook.com\/groups\/145939082634753","article_modified_time":"2026-01-11T14:09:05+00:00","og_image":[{"width":1400,"height":652,"url":"https:\/\/sideburn.ca\/wp-content\/uploads\/2024\/12\/Sideburn2024-751.jpg","type":"image\/jpeg"}],"twitter_card":"summary_large_image","twitter_misc":{"Est. reading time":"2 minutes"},"schema":{"@context":"https:\/\/schema.org","@graph":[{"@type":"WebPage","@id":"https:\/\/sideburn.ca\/participate\/art\/","url":"https:\/\/sideburn.ca\/participate\/art\/","name":"Art Grants - SideBurn","isPartOf":{"@id":"https:\/\/dbx.gdr.mybluehost.me\/#website"},"primaryImageOfPage":{"@id":"https:\/\/sideburn.ca\/participate\/art\/#primaryimage"},"image":{"@id":"https:\/\/sideburn.ca\/participate\/art\/#primaryimage"},"thumbnailUrl":"https:\/\/sideburn.ca\/wp-content\/uploads\/2024\/12\/Sideburn2024-751.jpg","datePublished":"2024-10-17T19:16:42+00:00","dateModified":"2026-01-11T14:09:05+00:00","breadcrumb":{"@id":"https:\/\/sideburn.ca\/participate\/art\/#breadcrumb"},"inLanguage":"fr-CA","potentialAction":[{"@type":"ReadAction","target":["https:\/\/sideburn.ca\/participate\/art\/"]}]},{"@type":"ImageObject","inLanguage":"fr-CA","@id":"https:\/\/sideburn.ca\/participate\/art\/#primaryimage","url":"https:\/\/sideburn.ca\/wp-content\/uploads\/2024\/12\/Sideburn2024-751.jpg","contentUrl":"https:\/\/sideburn.ca\/wp-content\/uploads\/2024\/12\/Sideburn2024-751.jpg","width":1400,"height":652},{"@type":"BreadcrumbList","@id":"https:\/\/sideburn.ca\/participate\/art\/#breadcrumb","itemListElement":[{"@type":"ListItem","position":1,"name":"Home","item":"https:\/\/sideburn.ca\/"},{"@type":"ListItem","position":2,"name":"Participate","item":"https:\/\/sideburn.ca\/participate\/"},{"@type":"ListItem","position":3,"name":"Art Grants"}]},{"@type":"WebSite","@id":"https:\/\/dbx.gdr.mybluehost.me\/#website","url":"https:\/\/dbx.gdr.mybluehost.me\/","name":"SideBurn","description":"Carnaval chromatique","publisher":{"@id":"https:\/\/dbx.gdr.mybluehost.me\/#organization"},"potentialAction":[{"@type":"SearchAction","target":{"@type":"EntryPoint","urlTemplate":"https:\/\/dbx.gdr.mybluehost.me\/?s={search_term_string}"},"query-input":{"@type":"PropertyValueSpecification","valueRequired":true,"valueName":"search_term_string"}}],"inLanguage":"fr-CA"},{"@type":"Organization","@id":"https:\/\/dbx.gdr.mybluehost.me\/#organization","name":"SideBurn","url":"https:\/\/dbx.gdr.mybluehost.me\/","logo":{"@type":"ImageObject","inLanguage":"fr-CA","@id":"https:\/\/dbx.gdr.mybluehost.me\/#\/schema\/logo\/image\/","url":"https:\/\/i0.wp.com\/sideburn.ca\/wp-content\/uploads\/2024\/12\/logo-sideburn-full-1.png?fit=1259%2C496&ssl=1","contentUrl":"https:\/\/i0.wp.com\/sideburn.ca\/wp-content\/uploads\/2024\/12\/logo-sideburn-full-1.png?fit=1259%2C496&ssl=1","width":1259,"height":496,"caption":"SideBurn"},"image":{"@id":"https:\/\/dbx.gdr.mybluehost.me\/#\/schema\/logo\/image\/"},"sameAs":["https:\/\/www.facebook.com\/groups\/145939082634753","https:\/\/www.instagram.com\/sideburnregional\/"]}]}},"_links":{"self":[{"href":"https:\/\/sideburn.ca\/fr\/wp-json\/wp\/v2\/pages\/93","targetHints":{"allow":["GET"]}}],"collection":[{"href":"https:\/\/sideburn.ca\/fr\/wp-json\/wp\/v2\/pages"}],"about":[{"href":"https:\/\/sideburn.ca\/fr\/wp-json\/wp\/v2\/types\/page"}],"author":[{"embeddable":true,"href":"https:\/\/sideburn.ca\/fr\/wp-json\/wp\/v2\/users\/2"}],"replies":[{"embeddable":true,"href":"https:\/\/sideburn.ca\/fr\/wp-json\/wp\/v2\/comments?post=93"}],"version-history":[{"count":21,"href":"https:\/\/sideburn.ca\/fr\/wp-json\/wp\/v2\/pages\/93\/revisions"}],"predecessor-version":[{"id":2395,"href":"https:\/\/sideburn.ca\/fr\/wp-json\/wp\/v2\/pages\/93\/revisions\/2395"}],"up":[{"embeddable":true,"href":"https:\/\/sideburn.ca\/fr\/wp-json\/wp\/v2\/pages\/91"}],"wp:featuredmedia":[{"embeddable":true,"href":"https:\/\/sideburn.ca\/fr\/wp-json\/wp\/v2\/media\/304"}],"wp:attachment":[{"href":"https:\/\/sideburn.ca\/fr\/wp-json\/wp\/v2\/media?parent=93"}],"curies":[{"name":"wp","href":"https:\/\/api.w.org\/{rel}","templated":true}]}}