{"id":922,"date":"2024-12-29T21:52:20","date_gmt":"2024-12-29T21:52:20","guid":{"rendered":"https:\/\/dbx.gdr.mybluehost.me\/?page_id=922"},"modified":"2026-03-13T12:30:56","modified_gmt":"2026-03-13T12:30:56","slug":"fire","status":"publish","type":"page","link":"https:\/\/sideburn.ca\/fr\/the-event\/policies\/fire\/","title":{"rendered":"Feu"},"content":{"rendered":"<p class=\"lead\"><strong>Fire is warm and fun!<\/strong> This isn\u2019t called a Burn for nothing, after all. It\u2019s also not the safest way to have fun, so to avoid any unfortunate incidents the Fire Art Safety Team (FAST) would like you to be aware of a few points:<\/p>\n<h2>Light it in a safe place<\/h2>\n<p>Never light a fire directly on the ground or in the forest. Raise your fire off the ground on a non-flammable platform, metal sheet on bricks, in a portable fire pit, or in a burn barrel on legs or bricks. If you\u2019re using a burn barrel, it must have a metal mesh top with openings 0.5cm or smaller. You must also make sure a radius of 10 feet around the fire is clear of brush, dry grass, or anything else flammable.<\/p>\n<h2>Make sure you have the right supplies<\/h2>\n<p class=\"font-claude-response-body break-words whitespace-normal leading-[1.7]\">You must bring your own fuel or firewood , no foraging or cutting down trees. You must buy firewood locally for the event, check the Facebook group or our newsletter for Jake&#8217;s pre-event firewood sales and delivery. Moving firewood can spread invasive pests and diseases; please review the CFIA&#8217;s guidance before transporting firewood: <a class=\"underline underline underline-offset-2 decoration-1 decoration-current\/40 hover:decoration-current focus:decoration-current\" href=\"https:\/\/inspection.canada.ca\/en\/plant-health\/forestry\/hazards-moving-firewood\">Moving Firewood Info<\/a> | <a class=\"underline underline underline-offset-2 decoration-1 decoration-current\/40 hover:decoration-current focus:decoration-current\" href=\"https:\/\/inspection.canada.ca\/DAM\/DAM-aboutcfia-sujetacia\/STAGING\/text-texte\/pln_fr_frwd_pstr_text1_1658153360717_eng.pdf\">CFIA Firewood Poster (PDF)<\/a><\/p>\n<p class=\"font-claude-response-body break-words whitespace-normal leading-[1.7]\">You must have a bucket of water nearby at all times to extinguish the fire, a fire extinguisher is also acceptable. No pyrotechnics or fireworks are allowed.<\/p>\n<h2>Always keep watch<\/h2>\n<p>Your fire must be attended at all times, and will be put out if it\u2019s found unattended. This includes <a href=\"https:\/\/sideburn.ca\/the-event\/policies\/fire-pits-and-burn-barrels\/\">propane fire pits<\/a> and <a href=\"https:\/\/sideburn.ca\/the-event\/policies\/flame-effects-and-fire-art\/\">flame effects<\/a>. Make sure if you\u2019re temporarily putting anything flammable in the burn perimeter (like a wet pair of shoes to dry) you personally keep watch.<\/p>\n<h2>Fire Performance<\/h2>\n<p>We welcome fire spinning and similar performances, which are subject to the same rules as any fire. We don\u2019t want you to catch on fire too much, so you must have a wet or fire-retardant blanket ready. Remember &#8211; as a Leave No Trace event, be careful not to spill, spin out, or burn fuel on the ground.<\/p>\n<p>To honor our land use agreement and make sure that everyone is safe, we will have a dedicated fire performance area at Theme Camps.\u00a0 This will be your space to play, practice, and perform during the event. More details about the camps and locations will be released in our <a href=\"https:\/\/sideburn.ca\/the-event\/survival-guide\/\">Survival Guide<\/a> a few weeks before the event.<\/p>\n<h2>Reach out to FAST if you have any questions or concerns<\/h2>\n<p>FAST (Fire Art Safety Team) is here to make sure that everybody has a safe Burn. If you have any questions about fire policies or concerns both before and during the event, email <a href=\"mailto:fast@sideburn.ca\">fast@sideburn.ca<\/a>.<\/p>\n","protected":false},"excerpt":{"rendered":"<p>Pour plus de d\u00e9tails sur nos politiques et directives en mati\u00e8re de s\u00e9curit\u00e9 incendie, veuillez consulter la politique incendie.<\/p>","protected":false},"author":2,"featured_media":943,"parent":73,"menu_order":0,"comment_status":"closed","ping_status":"closed","template":"","meta":{"_acf_changed":false,"nf_dc_page":"","footnotes":""},"class_list":["post-922","page","type-page","status-publish","has-post-thumbnail","hentry"],"acf":[],"yoast_head":"<!-- This site is optimized with the Yoast SEO plugin v27.4 - https:\/\/yoast.com\/product\/yoast-seo-wordpress\/ -->\n<title>Fire - SideBurn<\/title>\n<meta name=\"robots\" content=\"index, follow, max-snippet:-1, max-image-preview:large, max-video-preview:-1\" \/>\n<link rel=\"canonical\" href=\"https:\/\/sideburn.ca\/fr\/the-event\/policies\/fire\/\" \/>\n<meta property=\"og:locale\" content=\"fr_CA\" \/>\n<meta property=\"og:type\" content=\"article\" \/>\n<meta property=\"og:title\" content=\"Fire - SideBurn\" \/>\n<meta property=\"og:description\" content=\"For more details on our fire safety policies and guidelines, please review the full Fire Policy page.\" \/>\n<meta property=\"og:url\" content=\"https:\/\/sideburn.ca\/fr\/the-event\/policies\/fire\/\" \/>\n<meta property=\"og:site_name\" content=\"SideBurn\" \/>\n<meta property=\"article:publisher\" content=\"https:\/\/www.facebook.com\/groups\/145939082634753\" \/>\n<meta property=\"article:modified_time\" content=\"2026-03-13T12:30:56+00:00\" \/>\n<meta property=\"og:image\" content=\"https:\/\/sideburn.ca\/wp-content\/uploads\/2024\/12\/header-forepolicy.jpg\" \/>\n\t<meta property=\"og:image:width\" content=\"1400\" \/>\n\t<meta property=\"og:image:height\" content=\"760\" \/>\n\t<meta property=\"og:image:type\" content=\"image\/jpeg\" \/>\n<meta name=\"twitter:card\" content=\"summary_large_image\" \/>\n<meta name=\"twitter:label1\" content=\"Est. reading time\" \/>\n\t<meta name=\"twitter:data1\" content=\"3 minutes\" \/>\n<script type=\"application\/ld+json\" class=\"yoast-schema-graph\">{\"@context\":\"https:\\\/\\\/schema.org\",\"@graph\":[{\"@type\":\"WebPage\",\"@id\":\"https:\\\/\\\/sideburn.ca\\\/the-event\\\/policies\\\/fire\\\/\",\"url\":\"https:\\\/\\\/sideburn.ca\\\/the-event\\\/policies\\\/fire\\\/\",\"name\":\"Fire - SideBurn\",\"isPartOf\":{\"@id\":\"https:\\\/\\\/dbx.gdr.mybluehost.me\\\/#website\"},\"primaryImageOfPage\":{\"@id\":\"https:\\\/\\\/sideburn.ca\\\/the-event\\\/policies\\\/fire\\\/#primaryimage\"},\"image\":{\"@id\":\"https:\\\/\\\/sideburn.ca\\\/the-event\\\/policies\\\/fire\\\/#primaryimage\"},\"thumbnailUrl\":\"https:\\\/\\\/sideburn.ca\\\/wp-content\\\/uploads\\\/2024\\\/12\\\/header-forepolicy.jpg\",\"datePublished\":\"2024-12-29T21:52:20+00:00\",\"dateModified\":\"2026-03-13T12:30:56+00:00\",\"breadcrumb\":{\"@id\":\"https:\\\/\\\/sideburn.ca\\\/the-event\\\/policies\\\/fire\\\/#breadcrumb\"},\"inLanguage\":\"fr-CA\",\"potentialAction\":[{\"@type\":\"ReadAction\",\"target\":[\"https:\\\/\\\/sideburn.ca\\\/the-event\\\/policies\\\/fire\\\/\"]}]},{\"@type\":\"ImageObject\",\"inLanguage\":\"fr-CA\",\"@id\":\"https:\\\/\\\/sideburn.ca\\\/the-event\\\/policies\\\/fire\\\/#primaryimage\",\"url\":\"https:\\\/\\\/sideburn.ca\\\/wp-content\\\/uploads\\\/2024\\\/12\\\/header-forepolicy.jpg\",\"contentUrl\":\"https:\\\/\\\/sideburn.ca\\\/wp-content\\\/uploads\\\/2024\\\/12\\\/header-forepolicy.jpg\",\"width\":1400,\"height\":760},{\"@type\":\"BreadcrumbList\",\"@id\":\"https:\\\/\\\/sideburn.ca\\\/the-event\\\/policies\\\/fire\\\/#breadcrumb\",\"itemListElement\":[{\"@type\":\"ListItem\",\"position\":1,\"name\":\"Home\",\"item\":\"https:\\\/\\\/sideburn.ca\\\/\"},{\"@type\":\"ListItem\",\"position\":2,\"name\":\"The Event\",\"item\":\"https:\\\/\\\/sideburn.ca\\\/the-event\\\/\"},{\"@type\":\"ListItem\",\"position\":3,\"name\":\"Policies\",\"item\":\"https:\\\/\\\/sideburn.ca\\\/the-event\\\/policies\\\/\"},{\"@type\":\"ListItem\",\"position\":4,\"name\":\"Fire\"}]},{\"@type\":\"WebSite\",\"@id\":\"https:\\\/\\\/dbx.gdr.mybluehost.me\\\/#website\",\"url\":\"https:\\\/\\\/dbx.gdr.mybluehost.me\\\/\",\"name\":\"SideBurn\",\"description\":\"Chromatic Carnival\",\"publisher\":{\"@id\":\"https:\\\/\\\/dbx.gdr.mybluehost.me\\\/#organization\"},\"potentialAction\":[{\"@type\":\"SearchAction\",\"target\":{\"@type\":\"EntryPoint\",\"urlTemplate\":\"https:\\\/\\\/dbx.gdr.mybluehost.me\\\/?s={search_term_string}\"},\"query-input\":{\"@type\":\"PropertyValueSpecification\",\"valueRequired\":true,\"valueName\":\"search_term_string\"}}],\"inLanguage\":\"fr-CA\"},{\"@type\":\"Organization\",\"@id\":\"https:\\\/\\\/dbx.gdr.mybluehost.me\\\/#organization\",\"name\":\"SideBurn\",\"url\":\"https:\\\/\\\/dbx.gdr.mybluehost.me\\\/\",\"logo\":{\"@type\":\"ImageObject\",\"inLanguage\":\"fr-CA\",\"@id\":\"https:\\\/\\\/dbx.gdr.mybluehost.me\\\/#\\\/schema\\\/logo\\\/image\\\/\",\"url\":\"https:\\\/\\\/i0.wp.com\\\/sideburn.ca\\\/wp-content\\\/uploads\\\/2024\\\/12\\\/logo-sideburn-full-1.png?fit=1259%2C496&ssl=1\",\"contentUrl\":\"https:\\\/\\\/i0.wp.com\\\/sideburn.ca\\\/wp-content\\\/uploads\\\/2024\\\/12\\\/logo-sideburn-full-1.png?fit=1259%2C496&ssl=1\",\"width\":1259,\"height\":496,\"caption\":\"SideBurn\"},\"image\":{\"@id\":\"https:\\\/\\\/dbx.gdr.mybluehost.me\\\/#\\\/schema\\\/logo\\\/image\\\/\"},\"sameAs\":[\"https:\\\/\\\/www.facebook.com\\\/groups\\\/145939082634753\",\"https:\\\/\\\/www.instagram.com\\\/sideburnregional\\\/\"]}]}<\/script>\n<!-- \/ Yoast SEO plugin. -->","yoast_head_json":{"title":"Fire - SideBurn","robots":{"index":"index","follow":"follow","max-snippet":"max-snippet:-1","max-image-preview":"max-image-preview:large","max-video-preview":"max-video-preview:-1"},"canonical":"https:\/\/sideburn.ca\/fr\/the-event\/policies\/fire\/","og_locale":"fr_CA","og_type":"article","og_title":"Fire - SideBurn","og_description":"For more details on our fire safety policies and guidelines, please review the full Fire Policy page.","og_url":"https:\/\/sideburn.ca\/fr\/the-event\/policies\/fire\/","og_site_name":"SideBurn","article_publisher":"https:\/\/www.facebook.com\/groups\/145939082634753","article_modified_time":"2026-03-13T12:30:56+00:00","og_image":[{"width":1400,"height":760,"url":"https:\/\/sideburn.ca\/wp-content\/uploads\/2024\/12\/header-forepolicy.jpg","type":"image\/jpeg"}],"twitter_card":"summary_large_image","twitter_misc":{"Est. reading time":"3 minutes"},"schema":{"@context":"https:\/\/schema.org","@graph":[{"@type":"WebPage","@id":"https:\/\/sideburn.ca\/the-event\/policies\/fire\/","url":"https:\/\/sideburn.ca\/the-event\/policies\/fire\/","name":"Fire - SideBurn","isPartOf":{"@id":"https:\/\/dbx.gdr.mybluehost.me\/#website"},"primaryImageOfPage":{"@id":"https:\/\/sideburn.ca\/the-event\/policies\/fire\/#primaryimage"},"image":{"@id":"https:\/\/sideburn.ca\/the-event\/policies\/fire\/#primaryimage"},"thumbnailUrl":"https:\/\/sideburn.ca\/wp-content\/uploads\/2024\/12\/header-forepolicy.jpg","datePublished":"2024-12-29T21:52:20+00:00","dateModified":"2026-03-13T12:30:56+00:00","breadcrumb":{"@id":"https:\/\/sideburn.ca\/the-event\/policies\/fire\/#breadcrumb"},"inLanguage":"fr-CA","potentialAction":[{"@type":"ReadAction","target":["https:\/\/sideburn.ca\/the-event\/policies\/fire\/"]}]},{"@type":"ImageObject","inLanguage":"fr-CA","@id":"https:\/\/sideburn.ca\/the-event\/policies\/fire\/#primaryimage","url":"https:\/\/sideburn.ca\/wp-content\/uploads\/2024\/12\/header-forepolicy.jpg","contentUrl":"https:\/\/sideburn.ca\/wp-content\/uploads\/2024\/12\/header-forepolicy.jpg","width":1400,"height":760},{"@type":"BreadcrumbList","@id":"https:\/\/sideburn.ca\/the-event\/policies\/fire\/#breadcrumb","itemListElement":[{"@type":"ListItem","position":1,"name":"Home","item":"https:\/\/sideburn.ca\/"},{"@type":"ListItem","position":2,"name":"The Event","item":"https:\/\/sideburn.ca\/the-event\/"},{"@type":"ListItem","position":3,"name":"Policies","item":"https:\/\/sideburn.ca\/the-event\/policies\/"},{"@type":"ListItem","position":4,"name":"Fire"}]},{"@type":"WebSite","@id":"https:\/\/dbx.gdr.mybluehost.me\/#website","url":"https:\/\/dbx.gdr.mybluehost.me\/","name":"SideBurn","description":"Carnaval chromatique","publisher":{"@id":"https:\/\/dbx.gdr.mybluehost.me\/#organization"},"potentialAction":[{"@type":"SearchAction","target":{"@type":"EntryPoint","urlTemplate":"https:\/\/dbx.gdr.mybluehost.me\/?s={search_term_string}"},"query-input":{"@type":"PropertyValueSpecification","valueRequired":true,"valueName":"search_term_string"}}],"inLanguage":"fr-CA"},{"@type":"Organization","@id":"https:\/\/dbx.gdr.mybluehost.me\/#organization","name":"SideBurn","url":"https:\/\/dbx.gdr.mybluehost.me\/","logo":{"@type":"ImageObject","inLanguage":"fr-CA","@id":"https:\/\/dbx.gdr.mybluehost.me\/#\/schema\/logo\/image\/","url":"https:\/\/i0.wp.com\/sideburn.ca\/wp-content\/uploads\/2024\/12\/logo-sideburn-full-1.png?fit=1259%2C496&ssl=1","contentUrl":"https:\/\/i0.wp.com\/sideburn.ca\/wp-content\/uploads\/2024\/12\/logo-sideburn-full-1.png?fit=1259%2C496&ssl=1","width":1259,"height":496,"caption":"SideBurn"},"image":{"@id":"https:\/\/dbx.gdr.mybluehost.me\/#\/schema\/logo\/image\/"},"sameAs":["https:\/\/www.facebook.com\/groups\/145939082634753","https:\/\/www.instagram.com\/sideburnregional\/"]}]}},"_links":{"self":[{"href":"https:\/\/sideburn.ca\/fr\/wp-json\/wp\/v2\/pages\/922","targetHints":{"allow":["GET"]}}],"collection":[{"href":"https:\/\/sideburn.ca\/fr\/wp-json\/wp\/v2\/pages"}],"about":[{"href":"https:\/\/sideburn.ca\/fr\/wp-json\/wp\/v2\/types\/page"}],"author":[{"embeddable":true,"href":"https:\/\/sideburn.ca\/fr\/wp-json\/wp\/v2\/users\/2"}],"replies":[{"embeddable":true,"href":"https:\/\/sideburn.ca\/fr\/wp-json\/wp\/v2\/comments?post=922"}],"version-history":[{"count":8,"href":"https:\/\/sideburn.ca\/fr\/wp-json\/wp\/v2\/pages\/922\/revisions"}],"predecessor-version":[{"id":2555,"href":"https:\/\/sideburn.ca\/fr\/wp-json\/wp\/v2\/pages\/922\/revisions\/2555"}],"up":[{"embeddable":true,"href":"https:\/\/sideburn.ca\/fr\/wp-json\/wp\/v2\/pages\/73"}],"wp:featuredmedia":[{"embeddable":true,"href":"https:\/\/sideburn.ca\/fr\/wp-json\/wp\/v2\/media\/943"}],"wp:attachment":[{"href":"https:\/\/sideburn.ca\/fr\/wp-json\/wp\/v2\/media?parent=922"}],"curies":[{"name":"wp","href":"https:\/\/api.w.org\/{rel}","templated":true}]}}