{"id":874,"date":"2024-12-29T19:47:22","date_gmt":"2024-12-29T19:47:22","guid":{"rendered":"https:\/\/dbx.gdr.mybluehost.me\/?page_id=874"},"modified":"2026-03-07T21:20:44","modified_gmt":"2026-03-07T21:20:44","slug":"accessibility-equity","status":"publish","type":"page","link":"https:\/\/sideburn.ca\/fr\/the-event\/accessibility-equity\/","title":{"rendered":"Accessibilit\u00e9 et \u00e9quit\u00e9"},"content":{"rendered":"<p class=\"lead\"><strong>L'inclusion radicale est l'une des valeurs fondamentales de SideBurn.<\/strong> Nous invitons tout le monde \u00e0 participer et faisons tout notre possible pour r\u00e9duire les obstacles \u00e0 l'engagement. Le terrain o\u00f9 se trouve SideBurn est appel\u00e9 la \u00ab Haya \u00bb. Nous faisons tout notre possible pour que tous les participants puissent acc\u00e9der \u00e0 la Haya et participer pleinement \u00e0 l'exp\u00e9rience SideBurn.<\/p>\n<p>Si vous avez des demandes en mati\u00e8re d'accessibilit\u00e9 ou d'inclusivit\u00e9 qui ne figurent pas dans la liste ci-dessous, veuillez contacter <a href=\"mailto:equity@sideburn.ca\">equity@sideburn.ca<\/a>.<\/p>\n<div class=\"boxit\">\n<h3><i class=\"fa-solid fa-fire-flame-curved me-2\"><\/i>Nouvelles zones de places assises accessibles pour les burns de l'Effigie et du Temple<\/h3>\n<p>Cette ann\u00e9e, nous rendons les burns de l'Effigie et du Temple encore plus accueillants avec une <strong>zone de si\u00e8ges accessible d\u00e9di\u00e9e le long du p\u00e9rim\u00e8tre.<\/strong> Gardez l'\u0153il ouvert pour rep\u00e9rer votre place. \u00c0 l'avant, vous trouverez une zone confortable o\u00f9 vous pourrez vous asseoir par terre. Juste derri\u00e8re, \u00e0 une distance s\u00fbre et confortable des flammes, nous avons am\u00e9nag\u00e9 une section o\u00f9 vous pouvez apporter votre propre chaise. Vous ne savez pas si vous \u00eates suffisamment loin ? Il suffit de faire signe \u00e0 l'un de nos b\u00e9n\u00e9voles du p\u00e9rim\u00e8tre, et ils vous aideront.<\/p>\n<\/div>\n<hr \/>\n<h2>Programme d'\u00e9quit\u00e9<\/h2>\n<p>Le <a href=\"https:\/\/sideburn.ca\/fr\/the-event\/ticketing\/equity-ticketing\/\">Programme d'\u00e9quit\u00e9<\/a> de SideBurn vise \u00e0 r\u00e9duire les obstacles \u00e0 l'achat d'un billet. <strong>Le programme propose deux options pour faciliter la billetterie :<\/strong><\/p>\n<ul>\n<li><strong>Billets \u00e0 prix r\u00e9duit :<\/strong> Une r\u00e9duction de 75 % du prix d'un billet pour les personnes en difficult\u00e9 financi\u00e8re.<\/li>\n<li><strong>Aide \u00e0 l'\u00e9quit\u00e9 :<\/strong> Un deuxi\u00e8me billet garanti sera attribu\u00e9 \u00e0 un aidant pour les participants ayant besoin d'aide dans leurs activit\u00e9s quotidiennes.<\/li>\n<\/ul>\n<p>Vous pouvez <a href=\"https:\/\/sideburn.ca\/fr\/the-event\/ticketing\/equity-ticketing\/\">postuler aux deux volets<\/a> si les deux s'appliquent \u00e0 votre situation. Le programme d'\u00e9quit\u00e9 ne permet pas d'\u00e9viter la loterie. Vous devez toujours participer \u00e0 la loterie ou \u00e0 la vente group\u00e9e dirig\u00e9e par l'artiste ou le camp th\u00e9matique pour recevoir votre billet.<\/p>\n<p>Pour plus d'informations et pour postuler, <a href=\"https:\/\/sideburn.ca\/fr\/the-event\/ticketing\/equity-ticketing\/\">visitez notre page sur la billetterie \u00e9quitable<\/a>. Les dates et les d\u00e9lais seront communiqu\u00e9s dans le <a href=\"https:\/\/www.facebook.com\/groups\/145939082634753\" target=\"_blank\" rel=\"noopener\">Groupe Facebook SideBurn<\/a> et les <a href=\"https:\/\/us13.campaign-archive.com\/home\/?u=d5a6b05678cf9f02e14ae83e6&amp;id=1476dc97e2&amp;fbclid=PAAab82Z2tp3kdn7KHHTqBIb5Jpsr5hSB7f-lQG8WwxMl2wwkLsvYDY74CJEs_aem_ARZVs_yAZ2vUkYaj5_ZWd8nGQ4ISxa2XK2ZPPxY8tgrwxuvVynRxFOJK59yoJAtV5jI\" target=\"_blank\" rel=\"noopener\">l'infolettre<\/a>.<\/p>\n<p><a class=\"btn btn-primary\" href=\"https:\/\/sideburn.ca\/fr\/the-event\/ticketing\/equity-ticketing\/\">Faire une demande<\/a><\/p>\n<h2>Adapt\u00e9 aux familles<\/h2>\n<p>SideBurn est un \u00e9v\u00e9nement familial. Souvent, un camp th\u00e9matique pour enfants participe \u00e0 SideBurn, et de nombreux \u00e9v\u00e9nements sont adapt\u00e9s aux familles. Voir le <a href=\"https:\/\/sideburn.ca\/fr\/the-event\/www\/\">Guide \u00ab Quoi, o\u00f9, quand \u00bb (WWW) en ligne ou sur l'application Dust<\/a>, publi\u00e9 quelques semaines avant l'\u00e9v\u00e9nement, pour obtenir la liste compl\u00e8te des \u00e9v\u00e9nements destin\u00e9s aux familles. Certains horaires de b\u00e9n\u00e9volat sont adapt\u00e9s aux familles et sont indiqu\u00e9s dans le portail des b\u00e9n\u00e9voles. Nous vous recommandons de lire le <a href=\"https:\/\/sideburn.ca\/fr\/the-event\/survival-guide\/\">Guide de survie pour les familles<\/a>.<\/p>\n<h2>Animaux d'assistance<\/h2>\n<p>SideBurn applique une politique stricte concernant les animaux. Les animaux d'assistance sont les bienvenus, mais ils ne peuvent acc\u00e9der \u00e0 l'\u00e9v\u00e9nement qu'avec un billet gratuit pour animal d'assistance fourni par l'\u00e9quipe Equity. Consultez notre <a href=\"https:\/\/sideburn.ca\/fr\/the-event\/policies\/animals\/\">Politique relative aux animaux<\/a> pour plus de d\u00e9tails. Si vous souhaitez venir avec votre animal d'assistance, veuillez contacter <a href=\"mailto:equity@sideburn.ca\">equity@sideburn.ca<\/a>.<\/p>\n<h2>Toilettes accessibles<\/h2>\n<p>SideBurn propose des toilettes portables standard et accessibles aux personnes en fauteuil roulant. Le <a href=\"https:\/\/sideburn.ca\/fr\/the-event\/survival-guide\/\">Guide de survie<\/a>, distribu\u00e9 aux participants quelques semaines avant l'\u00e9v\u00e9nement, comprend une carte indiquant l'emplacement des toilettes. Si vous avez besoin que votre campement soit situ\u00e9 \u00e0 proximit\u00e9 de toilettes accessibles ou si vous avez d'autres besoins li\u00e9s aux toilettes, veuillez contacter <a href=\"mailto:equity@sideburn.ca\">equity@sideburn.ca<\/a>. Veuillez noter qu'il n'y a pas de stations pour se laver les mains.<\/p>\n<h2>Terrain<\/h2>\n<p>La Haya est principalement un terrain plat. Il s'agit d'un ancien champ de foin d'environ un kilom\u00e8tre carr\u00e9. Il faut environ 15 minutes pour parcourir la longueur du site. Les participants pr\u00e9c\u00e9dents ont pu se d\u00e9placer \u00e0 l'aide de d\u00e9ambulateurs et de fauteuils roulants \u00e9lectriques lorsque le temps \u00e9tait sec. En cas de fortes pluies, la Haya peut \u00eatre plus difficile \u00e0 parcourir et vous aurez besoin de bottes en caoutchouc. Les v\u00e9los ne sont pas courants, mais peuvent \u00eatre utilis\u00e9s par temps sec.<\/p>\n<h2>Se rendre \u00e0 votre emplacement de camping<\/h2>\n<p>Si la Haya est seche, vous pouvez vous rendre en voiture \u00e0 votre emplacement de camping pour d\u00e9poser votre \u00e9quipement avant de ramener votre v\u00e9hicule au parking. Pr\u00e9parez-vous \u00e0 transporter votre \u00e9quipement si le terrain est d\u00e9tremp\u00e9. Vous devriez apporter un chariot \u00e0 main si les voitures ne sont pas autoris\u00e9es sur la Haya. Un camping ouvert est disponible \u00e0 proximit\u00e9 du parking.<\/p>\n<h2>Stationnement accessible<\/h2>\n<p>Tous les v\u00e9hicules, \u00e0 l'exception des v\u00e9hicules r\u00e9cr\u00e9atifs et ceux utilis\u00e9s pour l'infrastructure des camps th\u00e9matiques, doivent \u00eatre gar\u00e9s dans notre parking. Si vous devez garer votre v\u00e9hicule \u00e0 votre emplacement de camping pour des raisons d'accessibilit\u00e9, veuillez contacter <a href=\"mailto:equity@sideburn.ca\">equity@sideburn.ca<\/a> afin qu'une exception puisse \u00eatre faite. Si la Haya est trop humide pour \u00eatre praticable, le stationnement dans les campings ne sera pas autoris\u00e9. Un camping ouvert est disponible \u00e0 proximit\u00e9 du parking.<\/p>\n<h2>V\u00e9hicules r\u00e9cr\u00e9atifs (VR)<\/h2>\n<p>SideBurn <a href=\"https:\/\/sideburn.ca\/fr\/the-event\/ticketing\/\">propose des laissez-passer limit\u00e9s pour les v\u00e9hicules r\u00e9cr\u00e9atifs<\/a> . Notre <a href=\"https:\/\/sideburn.ca\/fr\/the-event\/policies\/rvs\/\">Politique relative aux v\u00e9hicules<\/a> d\u00e9crit la proc\u00e9dure \u00e0 suivre pour obtenir un laissez-passer pour camping-car. \u00c0 moins que le v\u00e9hicule r\u00e9cr\u00e9atif ne fasse partie de l'infrastructure d'un camp th\u00e9matique, il doit \u00eatre stationn\u00e9 dans un camping pour v\u00e9hicules r\u00e9cr\u00e9atifs. Le <a href=\"https:\/\/sideburn.ca\/fr\/the-event\/survival-guide\/\">Guide de survie<\/a>, remis aux participants quelques semaines avant l'\u00e9v\u00e9nement, comprend une carte indiquant l'emplacement du camping pour les VR.<\/p>\n<div class=\"content-img\"><img decoding=\"async\" loading=\"lazy\" class=\"alignnone size-full wp-image-993\" src=\"https:\/\/sideburn.ca\/wp-content\/uploads\/2024\/12\/header-acceeibility-equity01.jpg\" alt=\"\" width=\"1400\" height=\"600\" srcset=\"https:\/\/sideburn.ca\/wp-content\/uploads\/2024\/12\/header-acceeibility-equity01.jpg 1400w, https:\/\/sideburn.ca\/wp-content\/uploads\/2024\/12\/header-acceeibility-equity01-300x129.jpg 300w, https:\/\/sideburn.ca\/wp-content\/uploads\/2024\/12\/header-acceeibility-equity01-1024x439.jpg 1024w, https:\/\/sideburn.ca\/wp-content\/uploads\/2024\/12\/header-acceeibility-equity01-768x329.jpg 768w\" sizes=\"auto, (max-width: 1400px) 100vw, 1400px\" \/><\/div>\n<h2>Quarts de b\u00e9n\u00e9volat<\/h2>\n<p><a href=\"https:\/\/sideburn.ca\/fr\/participate\/\">La participation<\/a> est l'un des principes de la culture Burner. SideBurn <a href=\"https:\/\/sideburn.ca\/fr\/participate\/volunteer\/\">encourage chaque participant \u00e0 faire du b\u00e9n\u00e9volat<\/a> pendant au moins un quart de travail. Les descriptions de chaque r\u00f4le b\u00e9n\u00e9vole sur le portail des b\u00e9n\u00e9voles de SideBurn indiquent les exigences physiques pour chaque quart de travail et pr\u00e9cisent si le r\u00f4le est adapt\u00e9 aux familles. Si vous n'\u00eates pas s\u00fbr qu'un r\u00f4le vous convienne, <a href=\"https:\/\/sideburn.ca\/fr\/participate\/volunteer\/#anchor-form\">n'h\u00e9sitez pas \u00e0 nous contacter<\/a>.<\/p>\n<h2>Espace calme<\/h2>\n<p>Si vous vous sentez d\u00e9pass\u00e9 par l'\u00e9v\u00e9nement, le Sanctuaire offre un espace calme pour minimiser la surcharge sensorielle, avec un personnel qualifi\u00e9 pour vous aider. SideBurn propose \u00e9galement une zone de camping ouverte, plus \u00e9loign\u00e9e des camps sonores, pour ceux qui pr\u00e9f\u00e8rent camper avec un minimum de bruit. Nous ne pouvons pas garantir l'absence totale de bruit, mais nous faisons de notre mieux pour offrir des zones calmes \u00e0 ceux qui le souhaitent. Pour plus d'informations, veuillez consulter notre <a href=\"https:\/\/sideburn.ca\/fr\/the-event\/policies\/sound\/\">Politique sonore<\/a>. Le <a href=\"https:\/\/sideburn.ca\/fr\/the-event\/survival-guide\/\">Guide de survie<\/a>, distribu\u00e9 aux participants quelques semaines avant l'\u00e9v\u00e9nement, comprend une carte indiquant l'emplacement du Sanctuaire et des emplacements de camping ouverts.<\/p>\n<h2>Conservation des m\u00e9dicaments<\/h2>\n<p>SideBurn ne dispose pas d'installations pour r\u00e9frig\u00e9rer ou stocker des m\u00e9dicaments personnels. Le cas \u00e9ch\u00e9ant, vous devez pr\u00e9voir le stockage et la r\u00e9frig\u00e9ration de vos m\u00e9dicaments. Cependant, de la glace est disponible \u00e0 l'achat pendant l'\u00e9v\u00e9nement.<\/p>\n<h2>Support en anglais et en fran\u00e7ais<\/h2>\n<p>Nous faisons tout notre possible pour communiquer officiellement dans les deux langues officielles. Nous ferons de notre mieux pour communiquer avec vous dans la langue de votre choix.<\/p>\n<h2>\u00c9quipe CARE<\/h2>\n<p>CARE est l'\u00e9quipe de SideBurn charg\u00e9e du consentement, de la responsabilit\u00e9, de la r\u00e9silience et de l'\u00e9quit\u00e9. Elle est compos\u00e9e du pr\u00e9sident de l'\u00e9quipe Consentement et du repr\u00e9sentant de l'\u00e9quipe \u00c9quit\u00e9 et cherche \u00e0 s'assurer que SideBurn et tous les \u00e9v\u00e9nements de Flame Ontario Arts Collective respectent les valeurs fondamentales de l'\u00e9quipe CARE :<\/p>\n<ul>\n<li>Responsabilit\u00e9 radicale<\/li>\n<li>Sensibilit\u00e9 aux traumatismes<\/li>\n<li>Consentement \u00e9clair\u00e9<\/li>\n<li>Empathie<\/li>\n<li>Humilit\u00e9<\/li>\n<li>Diversit\u00e9<\/li>\n<li>\u00c9quit\u00e9<\/li>\n<li>Rapidit\u00e9<\/li>\n<\/ul>\n<p>Pour plus d'informations sur l'\u00e9quipe CARE, veuillez contacter <a href=\"mailto:care@sideburn.ca\">care@sideburn.ca<\/a>.<\/p>","protected":false},"excerpt":{"rendered":"<p>Radical Inclusion is one of SideBurn&#8217;s core values. We invite all to participate and do our utmost to reduce barriers to engagement. The land where SideBurn is located is referred to as the Haya. We do our best to ensure all participants can access the Haya and participate fully in the SideBurn experience. If you&#8230;<\/p>","protected":false},"author":2,"featured_media":983,"parent":63,"menu_order":0,"comment_status":"closed","ping_status":"closed","template":"","meta":{"_acf_changed":false,"nf_dc_page":"","footnotes":""},"class_list":["post-874","page","type-page","status-publish","has-post-thumbnail","hentry"],"acf":[],"yoast_head":"<!-- This site is optimized with the Yoast SEO plugin v27.4 - https:\/\/yoast.com\/product\/yoast-seo-wordpress\/ -->\n<title>Accessibility &amp; Equity - SideBurn<\/title>\n<meta name=\"robots\" content=\"index, follow, max-snippet:-1, max-image-preview:large, max-video-preview:-1\" \/>\n<link rel=\"canonical\" href=\"https:\/\/sideburn.ca\/fr\/the-event\/accessibility-equity\/\" \/>\n<meta property=\"og:locale\" content=\"fr_CA\" \/>\n<meta property=\"og:type\" content=\"article\" \/>\n<meta property=\"og:title\" content=\"Accessibility &amp; Equity - SideBurn\" \/>\n<meta property=\"og:description\" content=\"Radical Inclusion is one of SideBurn&#8217;s core values. We invite all to participate and do our utmost to reduce barriers to engagement. The land where SideBurn is located is referred to as the Haya. We do our best to ensure all participants can access the Haya and participate fully in the SideBurn experience. If you...\" \/>\n<meta property=\"og:url\" content=\"https:\/\/sideburn.ca\/fr\/the-event\/accessibility-equity\/\" \/>\n<meta property=\"og:site_name\" content=\"SideBurn\" \/>\n<meta property=\"article:publisher\" content=\"https:\/\/www.facebook.com\/groups\/145939082634753\" \/>\n<meta property=\"article:modified_time\" content=\"2026-03-07T21:20:44+00:00\" \/>\n<meta property=\"og:image\" content=\"https:\/\/sideburn.ca\/wp-content\/uploads\/2024\/12\/header-acceeibility-equity.jpg\" \/>\n\t<meta property=\"og:image:width\" content=\"1400\" \/>\n\t<meta property=\"og:image:height\" content=\"777\" \/>\n\t<meta property=\"og:image:type\" content=\"image\/jpeg\" \/>\n<meta name=\"twitter:card\" content=\"summary_large_image\" \/>\n<meta name=\"twitter:label1\" content=\"Est. reading time\" \/>\n\t<meta name=\"twitter:data1\" content=\"6 minutes\" \/>\n<script type=\"application\/ld+json\" class=\"yoast-schema-graph\">{\"@context\":\"https:\\\/\\\/schema.org\",\"@graph\":[{\"@type\":\"WebPage\",\"@id\":\"https:\\\/\\\/sideburn.ca\\\/the-event\\\/accessibility-equity\\\/\",\"url\":\"https:\\\/\\\/sideburn.ca\\\/the-event\\\/accessibility-equity\\\/\",\"name\":\"Accessibility & Equity - SideBurn\",\"isPartOf\":{\"@id\":\"https:\\\/\\\/dbx.gdr.mybluehost.me\\\/#website\"},\"primaryImageOfPage\":{\"@id\":\"https:\\\/\\\/sideburn.ca\\\/the-event\\\/accessibility-equity\\\/#primaryimage\"},\"image\":{\"@id\":\"https:\\\/\\\/sideburn.ca\\\/the-event\\\/accessibility-equity\\\/#primaryimage\"},\"thumbnailUrl\":\"https:\\\/\\\/sideburn.ca\\\/wp-content\\\/uploads\\\/2024\\\/12\\\/header-acceeibility-equity.jpg\",\"datePublished\":\"2024-12-29T19:47:22+00:00\",\"dateModified\":\"2026-03-07T21:20:44+00:00\",\"breadcrumb\":{\"@id\":\"https:\\\/\\\/sideburn.ca\\\/the-event\\\/accessibility-equity\\\/#breadcrumb\"},\"inLanguage\":\"fr-CA\",\"potentialAction\":[{\"@type\":\"ReadAction\",\"target\":[\"https:\\\/\\\/sideburn.ca\\\/the-event\\\/accessibility-equity\\\/\"]}]},{\"@type\":\"ImageObject\",\"inLanguage\":\"fr-CA\",\"@id\":\"https:\\\/\\\/sideburn.ca\\\/the-event\\\/accessibility-equity\\\/#primaryimage\",\"url\":\"https:\\\/\\\/sideburn.ca\\\/wp-content\\\/uploads\\\/2024\\\/12\\\/header-acceeibility-equity.jpg\",\"contentUrl\":\"https:\\\/\\\/sideburn.ca\\\/wp-content\\\/uploads\\\/2024\\\/12\\\/header-acceeibility-equity.jpg\",\"width\":1400,\"height\":777},{\"@type\":\"BreadcrumbList\",\"@id\":\"https:\\\/\\\/sideburn.ca\\\/the-event\\\/accessibility-equity\\\/#breadcrumb\",\"itemListElement\":[{\"@type\":\"ListItem\",\"position\":1,\"name\":\"Home\",\"item\":\"https:\\\/\\\/sideburn.ca\\\/\"},{\"@type\":\"ListItem\",\"position\":2,\"name\":\"The Event\",\"item\":\"https:\\\/\\\/sideburn.ca\\\/the-event\\\/\"},{\"@type\":\"ListItem\",\"position\":3,\"name\":\"Accessibility &#038; Equity\"}]},{\"@type\":\"WebSite\",\"@id\":\"https:\\\/\\\/dbx.gdr.mybluehost.me\\\/#website\",\"url\":\"https:\\\/\\\/dbx.gdr.mybluehost.me\\\/\",\"name\":\"SideBurn\",\"description\":\"Chromatic Carnival\",\"publisher\":{\"@id\":\"https:\\\/\\\/dbx.gdr.mybluehost.me\\\/#organization\"},\"potentialAction\":[{\"@type\":\"SearchAction\",\"target\":{\"@type\":\"EntryPoint\",\"urlTemplate\":\"https:\\\/\\\/dbx.gdr.mybluehost.me\\\/?s={search_term_string}\"},\"query-input\":{\"@type\":\"PropertyValueSpecification\",\"valueRequired\":true,\"valueName\":\"search_term_string\"}}],\"inLanguage\":\"fr-CA\"},{\"@type\":\"Organization\",\"@id\":\"https:\\\/\\\/dbx.gdr.mybluehost.me\\\/#organization\",\"name\":\"SideBurn\",\"url\":\"https:\\\/\\\/dbx.gdr.mybluehost.me\\\/\",\"logo\":{\"@type\":\"ImageObject\",\"inLanguage\":\"fr-CA\",\"@id\":\"https:\\\/\\\/dbx.gdr.mybluehost.me\\\/#\\\/schema\\\/logo\\\/image\\\/\",\"url\":\"https:\\\/\\\/i0.wp.com\\\/sideburn.ca\\\/wp-content\\\/uploads\\\/2024\\\/12\\\/logo-sideburn-full-1.png?fit=1259%2C496&ssl=1\",\"contentUrl\":\"https:\\\/\\\/i0.wp.com\\\/sideburn.ca\\\/wp-content\\\/uploads\\\/2024\\\/12\\\/logo-sideburn-full-1.png?fit=1259%2C496&ssl=1\",\"width\":1259,\"height\":496,\"caption\":\"SideBurn\"},\"image\":{\"@id\":\"https:\\\/\\\/dbx.gdr.mybluehost.me\\\/#\\\/schema\\\/logo\\\/image\\\/\"},\"sameAs\":[\"https:\\\/\\\/www.facebook.com\\\/groups\\\/145939082634753\",\"https:\\\/\\\/www.instagram.com\\\/sideburnregional\\\/\"]}]}<\/script>\n<!-- \/ Yoast SEO plugin. -->","yoast_head_json":{"title":"Accessibility & Equity - SideBurn","robots":{"index":"index","follow":"follow","max-snippet":"max-snippet:-1","max-image-preview":"max-image-preview:large","max-video-preview":"max-video-preview:-1"},"canonical":"https:\/\/sideburn.ca\/fr\/the-event\/accessibility-equity\/","og_locale":"fr_CA","og_type":"article","og_title":"Accessibility & Equity - SideBurn","og_description":"Radical Inclusion is one of SideBurn&#8217;s core values. We invite all to participate and do our utmost to reduce barriers to engagement. The land where SideBurn is located is referred to as the Haya. We do our best to ensure all participants can access the Haya and participate fully in the SideBurn experience. If you...","og_url":"https:\/\/sideburn.ca\/fr\/the-event\/accessibility-equity\/","og_site_name":"SideBurn","article_publisher":"https:\/\/www.facebook.com\/groups\/145939082634753","article_modified_time":"2026-03-07T21:20:44+00:00","og_image":[{"width":1400,"height":777,"url":"https:\/\/sideburn.ca\/wp-content\/uploads\/2024\/12\/header-acceeibility-equity.jpg","type":"image\/jpeg"}],"twitter_card":"summary_large_image","twitter_misc":{"Est. reading time":"6 minutes"},"schema":{"@context":"https:\/\/schema.org","@graph":[{"@type":"WebPage","@id":"https:\/\/sideburn.ca\/the-event\/accessibility-equity\/","url":"https:\/\/sideburn.ca\/the-event\/accessibility-equity\/","name":"Accessibility & Equity - SideBurn","isPartOf":{"@id":"https:\/\/dbx.gdr.mybluehost.me\/#website"},"primaryImageOfPage":{"@id":"https:\/\/sideburn.ca\/the-event\/accessibility-equity\/#primaryimage"},"image":{"@id":"https:\/\/sideburn.ca\/the-event\/accessibility-equity\/#primaryimage"},"thumbnailUrl":"https:\/\/sideburn.ca\/wp-content\/uploads\/2024\/12\/header-acceeibility-equity.jpg","datePublished":"2024-12-29T19:47:22+00:00","dateModified":"2026-03-07T21:20:44+00:00","breadcrumb":{"@id":"https:\/\/sideburn.ca\/the-event\/accessibility-equity\/#breadcrumb"},"inLanguage":"fr-CA","potentialAction":[{"@type":"ReadAction","target":["https:\/\/sideburn.ca\/the-event\/accessibility-equity\/"]}]},{"@type":"ImageObject","inLanguage":"fr-CA","@id":"https:\/\/sideburn.ca\/the-event\/accessibility-equity\/#primaryimage","url":"https:\/\/sideburn.ca\/wp-content\/uploads\/2024\/12\/header-acceeibility-equity.jpg","contentUrl":"https:\/\/sideburn.ca\/wp-content\/uploads\/2024\/12\/header-acceeibility-equity.jpg","width":1400,"height":777},{"@type":"BreadcrumbList","@id":"https:\/\/sideburn.ca\/the-event\/accessibility-equity\/#breadcrumb","itemListElement":[{"@type":"ListItem","position":1,"name":"Home","item":"https:\/\/sideburn.ca\/"},{"@type":"ListItem","position":2,"name":"The Event","item":"https:\/\/sideburn.ca\/the-event\/"},{"@type":"ListItem","position":3,"name":"Accessibility &#038; Equity"}]},{"@type":"WebSite","@id":"https:\/\/dbx.gdr.mybluehost.me\/#website","url":"https:\/\/dbx.gdr.mybluehost.me\/","name":"SideBurn","description":"Carnaval chromatique","publisher":{"@id":"https:\/\/dbx.gdr.mybluehost.me\/#organization"},"potentialAction":[{"@type":"SearchAction","target":{"@type":"EntryPoint","urlTemplate":"https:\/\/dbx.gdr.mybluehost.me\/?s={search_term_string}"},"query-input":{"@type":"PropertyValueSpecification","valueRequired":true,"valueName":"search_term_string"}}],"inLanguage":"fr-CA"},{"@type":"Organization","@id":"https:\/\/dbx.gdr.mybluehost.me\/#organization","name":"SideBurn","url":"https:\/\/dbx.gdr.mybluehost.me\/","logo":{"@type":"ImageObject","inLanguage":"fr-CA","@id":"https:\/\/dbx.gdr.mybluehost.me\/#\/schema\/logo\/image\/","url":"https:\/\/i0.wp.com\/sideburn.ca\/wp-content\/uploads\/2024\/12\/logo-sideburn-full-1.png?fit=1259%2C496&ssl=1","contentUrl":"https:\/\/i0.wp.com\/sideburn.ca\/wp-content\/uploads\/2024\/12\/logo-sideburn-full-1.png?fit=1259%2C496&ssl=1","width":1259,"height":496,"caption":"SideBurn"},"image":{"@id":"https:\/\/dbx.gdr.mybluehost.me\/#\/schema\/logo\/image\/"},"sameAs":["https:\/\/www.facebook.com\/groups\/145939082634753","https:\/\/www.instagram.com\/sideburnregional\/"]}]}},"_links":{"self":[{"href":"https:\/\/sideburn.ca\/fr\/wp-json\/wp\/v2\/pages\/874","targetHints":{"allow":["GET"]}}],"collection":[{"href":"https:\/\/sideburn.ca\/fr\/wp-json\/wp\/v2\/pages"}],"about":[{"href":"https:\/\/sideburn.ca\/fr\/wp-json\/wp\/v2\/types\/page"}],"author":[{"embeddable":true,"href":"https:\/\/sideburn.ca\/fr\/wp-json\/wp\/v2\/users\/2"}],"replies":[{"embeddable":true,"href":"https:\/\/sideburn.ca\/fr\/wp-json\/wp\/v2\/comments?post=874"}],"version-history":[{"count":20,"href":"https:\/\/sideburn.ca\/fr\/wp-json\/wp\/v2\/pages\/874\/revisions"}],"predecessor-version":[{"id":2539,"href":"https:\/\/sideburn.ca\/fr\/wp-json\/wp\/v2\/pages\/874\/revisions\/2539"}],"up":[{"embeddable":true,"href":"https:\/\/sideburn.ca\/fr\/wp-json\/wp\/v2\/pages\/63"}],"wp:featuredmedia":[{"embeddable":true,"href":"https:\/\/sideburn.ca\/fr\/wp-json\/wp\/v2\/media\/983"}],"wp:attachment":[{"href":"https:\/\/sideburn.ca\/fr\/wp-json\/wp\/v2\/media?parent=874"}],"curies":[{"name":"wp","href":"https:\/\/api.w.org\/{rel}","templated":true}]}}