{"id":87,"date":"2024-10-17T19:15:32","date_gmt":"2024-10-17T19:15:32","guid":{"rendered":"https:\/\/dbx.gdr.mybluehost.me\/?page_id=87"},"modified":"2026-03-04T15:42:35","modified_gmt":"2026-03-04T15:42:35","slug":"conduct","status":"publish","type":"page","link":"https:\/\/sideburn.ca\/fr\/the-event\/policies\/conduct\/","title":{"rendered":"Conduite"},"content":{"rendered":"<p class=\"lead\">Flame Ontario Arts Collective s'engage \u00e0 offrir un environnement s\u00fbr et respectueux \u00e0 toutes les personnes qui participent \u00e0 nos \u00e9v\u00e9nements, y compris les b\u00e9n\u00e9voles.<\/p>\n<p>Nous affirmons que personne ne devrait \u00eatre victime de discrimination, de violence ou de harc\u00e8lement fond\u00e9 sur le sexe, l'orientation sexuelle, l'identit\u00e9 sexuelle, l'expression sexuelle, le handicap, l'origine ethnique, la couleur, le statut socio-\u00e9conomique, l'\u00e2ge, la situation familiale, l'\u00e9tat civil ou la religion, pour quelque raison que ce soit et \u00e0 quelque moment que ce soit.<\/p>\n<p>Toutes les plaintes de discrimination, de violence ou de harc\u00e8lement fond\u00e9es sur les motifs prot\u00e9g\u00e9s \u00e9num\u00e9r\u00e9s ci-dessus seront trait\u00e9es avec s\u00e9rieux ; Flame Ontario Arts Collective y donnera suite.<\/p>\n<p>La participation aux \u00e9v\u00e9nements organis\u00e9s par Flame Ontario Arts Collective et \u00e0 ses forums en ligne est ouverte \u00e0 tous ; toutefois, la participation continue et les possibilit\u00e9s de participation peuvent \u00eatre limit\u00e9es ou r\u00e9voqu\u00e9es si vous ne respectez pas les autres participants, les b\u00e9n\u00e9voles et les membres des communaut\u00e9s environnantes adjacentes ou proches du lieu o\u00f9 se d\u00e9roule un \u00e9v\u00e9nement organis\u00e9 par Flame Ontario Arts Collective, ou si vous vous comportez d'une mani\u00e8re qui met en danger votre propre s\u00e9curit\u00e9 ou celle de l'\u00e9v\u00e9nement.<\/p>\n<p>Soyez conscient de votre bien-\u00eatre et de vos besoins. Prenez soin de vous et r\u00e9duisez les risques. L'autonomie implique la r\u00e9solution des conflits au niveau le plus bas possible. Cependant, si vous avez besoin d'une aide suppl\u00e9mentaire, adressez-vous \u00e0 votre camp, aux gardes forestiers ou au sanctuaire. Pour signaler une violation du code de conduite, veuillez contacter le comit\u00e9 de conduite ou remplir un rapport d'incident.<\/p>\n<h3>Aux fins du pr\u00e9sent code de conduite :<\/h3>\n<ul>\n<li><strong>\u201c harc\u00e8lement \u201d<\/strong>, <strong>\u201c harc\u00e8lement \u201d<\/strong>, <strong>\u201c harceler \u201d<\/strong> signifie se livrer \u00e0 des commentaires ou \u00e0 des comportements vexatoires \u00e0 l'\u00e9gard d'une personne lors d'un \u00e9v\u00e9nement organis\u00e9 par Flame Ontario Arts Collective, dont on sait ou dont on devrait raisonnablement savoir qu'ils sont importuns, y compris exercer ou tenter d'exercer une influence indue ou inappropri\u00e9e sur une personne lors d'un \u00e9v\u00e9nement organis\u00e9 par Flame Ontario Arts Collective ou se comporter d'une mani\u00e8re qui peut raisonnablement \u00eatre per\u00e7ue comme intimidante ou mena\u00e7ante, et, selon les circonstances, peut inclure un seul incident de ce type de commentaire ou de comportement ; et<\/li>\n<li><strong>\u201c violence \u201d<\/strong>, <strong>\u201c violent \u201d<\/strong> d\u00e9signe l'exercice d'une force physique par une personne contre une autre personne qui cause ou pourrait causer des blessures physiques ou la mort \u00e0 cette autre personne, la tentative d'exercer une force physique contre une autre personne qui pourrait causer des blessures physiques ou la mort \u00e0 cette autre personne, et\/ou une d\u00e9claration ou un comportement qu'une personne peut raisonnablement interpr\u00e9ter comme une menace d'exercer une force physique contre elle qui pourrait causer des blessures physiques ou la mort.<\/li>\n<\/ul>\n<div class=\"boxit\">\n<h3 class=\"border-bottom mb-4 pb-4\">1. Le comportement attendu des participants et des b\u00e9n\u00e9voles aux \u00e9v\u00e9nements de Flame Ontario Arts Collective comprend, sans s'y limiter, ce qui suit :<\/h3>\n<ul>\n<li>Obtenir le consentement : Le consentement est soutenu par l'ensemble de notre communaut\u00e9. Vous \u00eates tenu d'obtenir le consentement d'une personne avant tout contact physique dans le cadre d'une prise de vue vid\u00e9o ou photographique lors d'\u00e9v\u00e9nements organis\u00e9s par Flame Ontario Arts Collective. Demandez d'abord et respectez la r\u00e9ponse.<\/li>\n<li>\u00catre pr\u00e9venant et respectueux envers les autres participants et la communaut\u00e9 autour de l'\u00e9v\u00e9nement.<\/li>\n<li>S'abstenir de tout comportement d\u00e9gradant, discriminatoire, harcelant ou violent.<\/li>\n<li>\u00catre attentif \u00e0 votre environnement et \u00e0 la s\u00e9curit\u00e9 des autres participants.<\/li>\n<\/ul>\n<\/div>\n<div class=\"boxit\">\n<h3 class=\"border-bottom mb-4 pb-4\">2. Les comportements inacceptables que tous les participants et b\u00e9n\u00e9voles aux \u00e9v\u00e9nements de Flame Ontario Arts Collective ne doivent pas adopter comprennent, sans toutefois s'y limiter, les suivants<\/h3>\n<ul>\n<li>Comportement pr\u00e9dateur, d\u00e9fini comme toute forme non d\u00e9sir\u00e9e et non consensuelle d'un ou plusieurs des comportements suivants : intimidation, harc\u00e8lement, comportement coercitif, harc\u00e8lement criminel, abus verbal ou physique, violence et destruction intentionnelle ou endommagement de biens.<\/li>\n<li>Discrimination fond\u00e9e sur les motifs prot\u00e9g\u00e9s \u00e9num\u00e9r\u00e9s ci-dessus.<\/li>\n<li>Contact physique non consensuel, y compris les interactions ou commentaires sexuels importuns.<\/li>\n<li>Destruction ou n\u00e9gligence des biens mat\u00e9riels ou autres du Flame Ontario Arts Collective, tels que le vandalisme, le vol, la fraude dans le processus de billetterie ou l'usurpation d'identit\u00e9 d'un responsable ou d'un organisateur.<\/li>\n<li>Manquer de respect envers la communaut\u00e9 d'accueil, les r\u00e9sidents et les entreprises environnantes. Parmi les comportements non tol\u00e9r\u00e9s, citons le fait de jeter des d\u00e9chets dans les poubelles locales, l'intrusion ou les violations r\u00e9p\u00e9t\u00e9es de l'ordonnance sur le bruit de l'\u00e9v\u00e9nement.<\/li>\n<li>M\u00e9pris flagrant, d\u00e9lib\u00e9r\u00e9 ou r\u00e9p\u00e9t\u00e9 pour sa propre s\u00e9curit\u00e9 ou son propre bien-\u00eatre, d'une mani\u00e8re qui n\u00e9cessite l'intervention d'autres participants, de membres de la communaut\u00e9, de b\u00e9n\u00e9voles ou d'organismes ext\u00e9rieurs, tels que les services d'urgence locaux.<\/li>\n<li>Violations r\u00e9p\u00e9t\u00e9es ou flagrantes de toutes les politiques mises en place par les organisateurs de l'\u00e9v\u00e9nement.<\/li>\n<\/ul>\n<\/div>\n<div class=\"boxit\">\n<h3 class=\"border-bottom mb-4 pb-4\">3. Cons\u00e9quences d'un comportement inacceptable<\/h3>\n<p>Les comportements inacceptables ne seront pas tol\u00e9r\u00e9s, qu'ils aient lieu avant, pendant ou apr\u00e8s l'\u00e9v\u00e9nement, que ce soit par t\u00e9l\u00e9phone, par e-mail, sur les r\u00e9seaux sociaux ou lors d'une communication en face \u00e0 face.<\/p>\n<p>Toute personne \u00e0 qui l'on demande de mettre fin \u00e0 un comportement inacceptable doit le faire imm\u00e9diatement. Le conseil d'administration de Flame Ontario Arts Collective peut prendre toute mesure qu'il juge appropri\u00e9e pour assurer la s\u00e9curit\u00e9 de l'\u00e9v\u00e9nement et de ses participants. Ces mesures peuvent inclure l'expulsion de l'\u00e9v\u00e9nement sans remboursement et\/ou le retrait du r\u00f4le de b\u00e9n\u00e9vole ou de dirigeant.<\/p>\n<p>Sans limiter la port\u00e9e g\u00e9n\u00e9rale de ce qui pr\u00e9c\u00e8de, Flame Ontario Arts Collective enqu\u00eatera sur toutes les plaintes de discrimination, de harc\u00e8lement et\/ou de violence signal\u00e9es par les participants, y compris les b\u00e9n\u00e9voles, lors des \u00e9v\u00e9nements organis\u00e9s par Flame Ontario Arts Collective. Ces enqu\u00eates seront men\u00e9es de mani\u00e8re s\u00e9rieuse et confidentielle. Les proc\u00e9dures d'enqu\u00eate seront \u00e9tablies par le conseil d'administration de Flame Ontario Arts Collective, et l'enqu\u00eate pourra \u00eatre men\u00e9e par un tiers d\u00e9sign\u00e9 par le conseil d'administration de Flame Ontario Arts Collective.<\/p>\n<\/div>\n<div class=\"boxit\">\n<h3 class=\"border-bottom mb-4 pb-4\">4. Que faire si vous \u00eates t\u00e9moin ou victime d'un comportement inacceptable ?<\/h3>\n<p>Si vous ou quelqu'un d'autre \u00eates victime d'un comportement inacceptable, notamment de discrimination, de harc\u00e8lement ou de violence, ou si vous avez d'autres pr\u00e9occupations, dans chacun de ces cas :<\/p>\n<ul>\n<li>Tout d'abord, exprimez-vous. Demandez \u00e0 la personne d'arr\u00eater. Dites non.<\/li>\n<li>Si vous ne vous sentez pas en s\u00e9curit\u00e9, quittez les lieux.<\/li>\n<li>Si vous vous sentez mal \u00e0 l'aise, mais que le comportement ne d\u00e9passe pas les limites, \u00e9loignez-vous de la situation et contactez les Rangers.<\/li>\n<li>Si vous avez besoin d'aide, demandez-la. Si quelqu'un vous demande de l'aide, faites de votre mieux pour l'aider ou trouvez quelqu'un qui peut le faire.<\/li>\n<li>Lors de tout \u00e9v\u00e9nement organis\u00e9 par Flame Ontario Arts Collective, signalez vos pr\u00e9occupations \u00e0 un Ranger. Ces personnes sont l\u00e0 pour aider les participants et \u00e9couter vos pr\u00e9occupations. Vous les trouverez en train de circuler dans l'\u00e9v\u00e9nement et\/ou post\u00e9es au quartier g\u00e9n\u00e9ral de la s\u00e9curit\u00e9. Si vous voyez un membre du personnel de l'\u00e9v\u00e9nement muni d'une radio, il peut \u00e9galement contacter un Ranger ou un membre du conseil d'administration pour vous.<\/li>\n<li>Si vous \u00eates t\u00e9moin ou victime d'un crime pendant l'\u00e9v\u00e9nement et que vous souhaitez obtenir une intervention directe des forces de l'ordre, veuillez appeler les forces de l'ordre si n\u00e9cessaire, puis en informer le centre de s\u00e9curit\u00e9 d\u00e8s que possible afin que nous puissions les diriger au mieux depuis l'entr\u00e9e principale. Vous pouvez \u00e9galement en informer une personne \u00e9quip\u00e9e d'une radio, qui se chargera de contacter les forces de l'ordre en votre nom.<\/li>\n<li>\u00c0 tout moment, vous pouvez soumettre un rapport directement au comit\u00e9 de conduite et de consentement du Flame Ontario Arts Collective \u00e0 l'aide de notre formulaire de signalement d'incident.<\/li>\n<\/ul>\n<\/div>\n<p>Flame Ontario Arts Collective n'a pas le pouvoir d'exclure une personne de la communaut\u00e9 Burner dans son ensemble, des espaces publics o\u00f9 la communaut\u00e9 se rassemble ou des \u00e9v\u00e9nements communautaires priv\u00e9s (f\u00eates, collectes de fonds priv\u00e9es, etc.) que Flame Ontario Arts Collective ne parraine pas ou n'organise pas lui-m\u00eame.<\/p>\n<p>Flame Ontario Arts Collective n'entend pas faire de ce processus un forum alternatif de justice et ne peut garantir la r\u00e9paration des dommages ou la gu\u00e9rison des traumatismes.<\/p>\n<p>Nous vous remercions par avance de respecter ce code de conduite. Ensemble, nous pouvons cr\u00e9er un \u00e9v\u00e9nement et une communaut\u00e9 s\u00fbrs et accueillants pour tous les participants, avec la volont\u00e9 de nous am\u00e9liorer.<\/p>","protected":false},"excerpt":{"rendered":"<p>Pour obtenir des informations d\u00e9taill\u00e9es sur nos directives et nos attentes en mati\u00e8re de conduite lors de nos \u00e9v\u00e9nements, veuillez consulter notre politique de conduite.<\/p>","protected":false},"author":2,"featured_media":721,"parent":73,"menu_order":10,"comment_status":"closed","ping_status":"closed","template":"","meta":{"_acf_changed":false,"nf_dc_page":"","footnotes":""},"class_list":["post-87","page","type-page","status-publish","has-post-thumbnail","hentry"],"acf":[],"yoast_head":"<!-- This site is optimized with the Yoast SEO plugin v27.4 - https:\/\/yoast.com\/product\/yoast-seo-wordpress\/ -->\n<title>Conduct - SideBurn<\/title>\n<meta name=\"robots\" content=\"index, follow, max-snippet:-1, max-image-preview:large, max-video-preview:-1\" \/>\n<link rel=\"canonical\" href=\"https:\/\/sideburn.ca\/fr\/the-event\/policies\/conduct\/\" \/>\n<meta property=\"og:locale\" content=\"fr_CA\" \/>\n<meta property=\"og:type\" content=\"article\" \/>\n<meta property=\"og:title\" content=\"Conduct - SideBurn\" \/>\n<meta property=\"og:description\" content=\"For detailed information about our event conduct guidelines and expectations, please review our full Conduct Policy.\" \/>\n<meta property=\"og:url\" content=\"https:\/\/sideburn.ca\/fr\/the-event\/policies\/conduct\/\" \/>\n<meta property=\"og:site_name\" content=\"SideBurn\" \/>\n<meta property=\"article:publisher\" content=\"https:\/\/www.facebook.com\/groups\/145939082634753\" \/>\n<meta property=\"article:modified_time\" content=\"2026-03-04T15:42:35+00:00\" \/>\n<meta property=\"og:image\" content=\"https:\/\/sideburn.ca\/wp-content\/uploads\/2024\/12\/header-keydates.jpg\" \/>\n\t<meta property=\"og:image:width\" content=\"1200\" \/>\n\t<meta property=\"og:image:height\" content=\"590\" \/>\n\t<meta property=\"og:image:type\" content=\"image\/jpeg\" \/>\n<meta name=\"twitter:card\" content=\"summary_large_image\" \/>\n<meta name=\"twitter:label1\" content=\"Est. reading time\" \/>\n\t<meta name=\"twitter:data1\" content=\"6 minutes\" \/>\n<script type=\"application\/ld+json\" class=\"yoast-schema-graph\">{\"@context\":\"https:\\\/\\\/schema.org\",\"@graph\":[{\"@type\":\"WebPage\",\"@id\":\"https:\\\/\\\/sideburn.ca\\\/the-event\\\/policies\\\/conduct\\\/\",\"url\":\"https:\\\/\\\/sideburn.ca\\\/the-event\\\/policies\\\/conduct\\\/\",\"name\":\"Conduct - SideBurn\",\"isPartOf\":{\"@id\":\"https:\\\/\\\/dbx.gdr.mybluehost.me\\\/#website\"},\"primaryImageOfPage\":{\"@id\":\"https:\\\/\\\/sideburn.ca\\\/the-event\\\/policies\\\/conduct\\\/#primaryimage\"},\"image\":{\"@id\":\"https:\\\/\\\/sideburn.ca\\\/the-event\\\/policies\\\/conduct\\\/#primaryimage\"},\"thumbnailUrl\":\"https:\\\/\\\/sideburn.ca\\\/wp-content\\\/uploads\\\/2024\\\/12\\\/header-keydates.jpg\",\"datePublished\":\"2024-10-17T19:15:32+00:00\",\"dateModified\":\"2026-03-04T15:42:35+00:00\",\"breadcrumb\":{\"@id\":\"https:\\\/\\\/sideburn.ca\\\/the-event\\\/policies\\\/conduct\\\/#breadcrumb\"},\"inLanguage\":\"fr-CA\",\"potentialAction\":[{\"@type\":\"ReadAction\",\"target\":[\"https:\\\/\\\/sideburn.ca\\\/the-event\\\/policies\\\/conduct\\\/\"]}]},{\"@type\":\"ImageObject\",\"inLanguage\":\"fr-CA\",\"@id\":\"https:\\\/\\\/sideburn.ca\\\/the-event\\\/policies\\\/conduct\\\/#primaryimage\",\"url\":\"https:\\\/\\\/sideburn.ca\\\/wp-content\\\/uploads\\\/2024\\\/12\\\/header-keydates.jpg\",\"contentUrl\":\"https:\\\/\\\/sideburn.ca\\\/wp-content\\\/uploads\\\/2024\\\/12\\\/header-keydates.jpg\",\"width\":1200,\"height\":590},{\"@type\":\"BreadcrumbList\",\"@id\":\"https:\\\/\\\/sideburn.ca\\\/the-event\\\/policies\\\/conduct\\\/#breadcrumb\",\"itemListElement\":[{\"@type\":\"ListItem\",\"position\":1,\"name\":\"Home\",\"item\":\"https:\\\/\\\/sideburn.ca\\\/\"},{\"@type\":\"ListItem\",\"position\":2,\"name\":\"The Event\",\"item\":\"https:\\\/\\\/sideburn.ca\\\/the-event\\\/\"},{\"@type\":\"ListItem\",\"position\":3,\"name\":\"Policies\",\"item\":\"https:\\\/\\\/sideburn.ca\\\/the-event\\\/policies\\\/\"},{\"@type\":\"ListItem\",\"position\":4,\"name\":\"Conduct\"}]},{\"@type\":\"WebSite\",\"@id\":\"https:\\\/\\\/dbx.gdr.mybluehost.me\\\/#website\",\"url\":\"https:\\\/\\\/dbx.gdr.mybluehost.me\\\/\",\"name\":\"SideBurn\",\"description\":\"Chromatic Carnival\",\"publisher\":{\"@id\":\"https:\\\/\\\/dbx.gdr.mybluehost.me\\\/#organization\"},\"potentialAction\":[{\"@type\":\"SearchAction\",\"target\":{\"@type\":\"EntryPoint\",\"urlTemplate\":\"https:\\\/\\\/dbx.gdr.mybluehost.me\\\/?s={search_term_string}\"},\"query-input\":{\"@type\":\"PropertyValueSpecification\",\"valueRequired\":true,\"valueName\":\"search_term_string\"}}],\"inLanguage\":\"fr-CA\"},{\"@type\":\"Organization\",\"@id\":\"https:\\\/\\\/dbx.gdr.mybluehost.me\\\/#organization\",\"name\":\"SideBurn\",\"url\":\"https:\\\/\\\/dbx.gdr.mybluehost.me\\\/\",\"logo\":{\"@type\":\"ImageObject\",\"inLanguage\":\"fr-CA\",\"@id\":\"https:\\\/\\\/dbx.gdr.mybluehost.me\\\/#\\\/schema\\\/logo\\\/image\\\/\",\"url\":\"https:\\\/\\\/i0.wp.com\\\/sideburn.ca\\\/wp-content\\\/uploads\\\/2024\\\/12\\\/logo-sideburn-full-1.png?fit=1259%2C496&ssl=1\",\"contentUrl\":\"https:\\\/\\\/i0.wp.com\\\/sideburn.ca\\\/wp-content\\\/uploads\\\/2024\\\/12\\\/logo-sideburn-full-1.png?fit=1259%2C496&ssl=1\",\"width\":1259,\"height\":496,\"caption\":\"SideBurn\"},\"image\":{\"@id\":\"https:\\\/\\\/dbx.gdr.mybluehost.me\\\/#\\\/schema\\\/logo\\\/image\\\/\"},\"sameAs\":[\"https:\\\/\\\/www.facebook.com\\\/groups\\\/145939082634753\",\"https:\\\/\\\/www.instagram.com\\\/sideburnregional\\\/\"]}]}<\/script>\n<!-- \/ Yoast SEO plugin. -->","yoast_head_json":{"title":"Conduct - SideBurn","robots":{"index":"index","follow":"follow","max-snippet":"max-snippet:-1","max-image-preview":"max-image-preview:large","max-video-preview":"max-video-preview:-1"},"canonical":"https:\/\/sideburn.ca\/fr\/the-event\/policies\/conduct\/","og_locale":"fr_CA","og_type":"article","og_title":"Conduct - SideBurn","og_description":"For detailed information about our event conduct guidelines and expectations, please review our full Conduct Policy.","og_url":"https:\/\/sideburn.ca\/fr\/the-event\/policies\/conduct\/","og_site_name":"SideBurn","article_publisher":"https:\/\/www.facebook.com\/groups\/145939082634753","article_modified_time":"2026-03-04T15:42:35+00:00","og_image":[{"width":1200,"height":590,"url":"https:\/\/sideburn.ca\/wp-content\/uploads\/2024\/12\/header-keydates.jpg","type":"image\/jpeg"}],"twitter_card":"summary_large_image","twitter_misc":{"Est. reading time":"6 minutes"},"schema":{"@context":"https:\/\/schema.org","@graph":[{"@type":"WebPage","@id":"https:\/\/sideburn.ca\/the-event\/policies\/conduct\/","url":"https:\/\/sideburn.ca\/the-event\/policies\/conduct\/","name":"Conduct - SideBurn","isPartOf":{"@id":"https:\/\/dbx.gdr.mybluehost.me\/#website"},"primaryImageOfPage":{"@id":"https:\/\/sideburn.ca\/the-event\/policies\/conduct\/#primaryimage"},"image":{"@id":"https:\/\/sideburn.ca\/the-event\/policies\/conduct\/#primaryimage"},"thumbnailUrl":"https:\/\/sideburn.ca\/wp-content\/uploads\/2024\/12\/header-keydates.jpg","datePublished":"2024-10-17T19:15:32+00:00","dateModified":"2026-03-04T15:42:35+00:00","breadcrumb":{"@id":"https:\/\/sideburn.ca\/the-event\/policies\/conduct\/#breadcrumb"},"inLanguage":"fr-CA","potentialAction":[{"@type":"ReadAction","target":["https:\/\/sideburn.ca\/the-event\/policies\/conduct\/"]}]},{"@type":"ImageObject","inLanguage":"fr-CA","@id":"https:\/\/sideburn.ca\/the-event\/policies\/conduct\/#primaryimage","url":"https:\/\/sideburn.ca\/wp-content\/uploads\/2024\/12\/header-keydates.jpg","contentUrl":"https:\/\/sideburn.ca\/wp-content\/uploads\/2024\/12\/header-keydates.jpg","width":1200,"height":590},{"@type":"BreadcrumbList","@id":"https:\/\/sideburn.ca\/the-event\/policies\/conduct\/#breadcrumb","itemListElement":[{"@type":"ListItem","position":1,"name":"Home","item":"https:\/\/sideburn.ca\/"},{"@type":"ListItem","position":2,"name":"The Event","item":"https:\/\/sideburn.ca\/the-event\/"},{"@type":"ListItem","position":3,"name":"Policies","item":"https:\/\/sideburn.ca\/the-event\/policies\/"},{"@type":"ListItem","position":4,"name":"Conduct"}]},{"@type":"WebSite","@id":"https:\/\/dbx.gdr.mybluehost.me\/#website","url":"https:\/\/dbx.gdr.mybluehost.me\/","name":"SideBurn","description":"Carnaval chromatique","publisher":{"@id":"https:\/\/dbx.gdr.mybluehost.me\/#organization"},"potentialAction":[{"@type":"SearchAction","target":{"@type":"EntryPoint","urlTemplate":"https:\/\/dbx.gdr.mybluehost.me\/?s={search_term_string}"},"query-input":{"@type":"PropertyValueSpecification","valueRequired":true,"valueName":"search_term_string"}}],"inLanguage":"fr-CA"},{"@type":"Organization","@id":"https:\/\/dbx.gdr.mybluehost.me\/#organization","name":"SideBurn","url":"https:\/\/dbx.gdr.mybluehost.me\/","logo":{"@type":"ImageObject","inLanguage":"fr-CA","@id":"https:\/\/dbx.gdr.mybluehost.me\/#\/schema\/logo\/image\/","url":"https:\/\/i0.wp.com\/sideburn.ca\/wp-content\/uploads\/2024\/12\/logo-sideburn-full-1.png?fit=1259%2C496&ssl=1","contentUrl":"https:\/\/i0.wp.com\/sideburn.ca\/wp-content\/uploads\/2024\/12\/logo-sideburn-full-1.png?fit=1259%2C496&ssl=1","width":1259,"height":496,"caption":"SideBurn"},"image":{"@id":"https:\/\/dbx.gdr.mybluehost.me\/#\/schema\/logo\/image\/"},"sameAs":["https:\/\/www.facebook.com\/groups\/145939082634753","https:\/\/www.instagram.com\/sideburnregional\/"]}]}},"_links":{"self":[{"href":"https:\/\/sideburn.ca\/fr\/wp-json\/wp\/v2\/pages\/87","targetHints":{"allow":["GET"]}}],"collection":[{"href":"https:\/\/sideburn.ca\/fr\/wp-json\/wp\/v2\/pages"}],"about":[{"href":"https:\/\/sideburn.ca\/fr\/wp-json\/wp\/v2\/types\/page"}],"author":[{"embeddable":true,"href":"https:\/\/sideburn.ca\/fr\/wp-json\/wp\/v2\/users\/2"}],"replies":[{"embeddable":true,"href":"https:\/\/sideburn.ca\/fr\/wp-json\/wp\/v2\/comments?post=87"}],"version-history":[{"count":18,"href":"https:\/\/sideburn.ca\/fr\/wp-json\/wp\/v2\/pages\/87\/revisions"}],"predecessor-version":[{"id":2490,"href":"https:\/\/sideburn.ca\/fr\/wp-json\/wp\/v2\/pages\/87\/revisions\/2490"}],"up":[{"embeddable":true,"href":"https:\/\/sideburn.ca\/fr\/wp-json\/wp\/v2\/pages\/73"}],"wp:featuredmedia":[{"embeddable":true,"href":"https:\/\/sideburn.ca\/fr\/wp-json\/wp\/v2\/media\/721"}],"wp:attachment":[{"href":"https:\/\/sideburn.ca\/fr\/wp-json\/wp\/v2\/media?parent=87"}],"curies":[{"name":"wp","href":"https:\/\/api.w.org\/{rel}","templated":true}]}}