{"id":85,"date":"2024-10-17T19:15:17","date_gmt":"2024-10-17T19:15:17","guid":{"rendered":"https:\/\/dbx.gdr.mybluehost.me\/?page_id=85"},"modified":"2026-03-30T17:36:45","modified_gmt":"2026-03-30T17:36:45","slug":"sound","status":"publish","type":"page","link":"https:\/\/sideburn.ca\/fr\/the-event\/policies\/sound\/","title":{"rendered":"Son"},"content":{"rendered":"<h2>Enregistrement sonore<\/h2>\n<p>Tous les camps disposant d'une sonorisation amplifi\u00e9e (100 watts ou plus) doivent s'inscrire aupr\u00e8s de l'\u00e9v\u00e9nement lors de l'enregistrement du camp th\u00e9matique. \u00c0 votre arriv\u00e9e \u00e0 l'\u00e9v\u00e9nement, veuillez trouver le responsable du son (joignable par radio par les Rangers ou d'autres b\u00e9n\u00e9voles de l'\u00e9v\u00e9nement), qui vous donnera plus d'informations concernant le placement sp\u00e9cifique de votre camp.<\/p>\n<p><i class=\"fa-solid fa-triangle-exclamation me-2\"><\/i><strong>Le son amplifi\u00e9 (100 watts ou plus) n'est pas autoris\u00e9 dans les zones de camping ouvertes.<\/strong><\/p>\n<h2>Limites de son amplifi\u00e9<\/h2>\n<ul>\n<li><strong>Le son ne doit pas d\u00e9passer 80 dB<\/strong> \u00e0 10 m\u00e8tres de la source \u00e0 tout moment.<\/li>\n<li>Il vous sera demand\u00e9 d'\u00e9teindre vos caissons de basse pendant les heures sp\u00e9cifi\u00e9es.<\/li>\n<li>Des heures de silence seront \u00e9galement impos\u00e9es pendant toute la dur\u00e9e de l'\u00e9v\u00e9nement.<\/li>\n<\/ul>\n<h2>Heures de son<\/h2>\n<table class=\"table\">\n<thead>\n<tr>\n<th scope=\"col\">Date<\/th>\n<th scope=\"col\">Plage de temps<\/th>\n<th scope=\"col\">Limites et restrictions sonores<\/th>\n<\/tr>\n<\/thead>\n<tbody>\n<tr>\n<th rowspan=\"2\" scope=\"row\">Jeudi<\/th>\n<td>12 h \u2013 23 h<\/td>\n<td>80 dB \u00e0 10 m\u00e8tres, les caissons de basse sont autoris\u00e9s.<\/td>\n<\/tr>\n<tr>\n<td>23 h \u2013 24 h<\/td>\n<td>80 dB \u00e0 10 m\u00e8tres, <strong>les caissons de basse sont \u00e9teints<\/strong>.<\/td>\n<\/tr>\n<tr>\n<th rowspan=\"3\" scope=\"row\">Vendredi<\/th>\n<td>24 h \u2013 1 h<\/td>\n<td>80 dB \u00e0 10 m\u00e8tres, <strong>les caissons de basse sont \u00e9teints<\/strong>.<\/td>\n<\/tr>\n<tr>\n<td><strong>1 h \u2013 9 h<\/strong><\/td>\n<td><strong><i class=\"fa-solid fa-snooze me-2\"><\/i>HEURES CALMES - tout son est interdit.<\/strong> Aucun haut-parleur n\u2019est autoris\u00e9.<\/td>\n<\/tr>\n<tr>\n<td>9 h \u2013 24 h<\/td>\n<td>80 dB \u00e0 10 m\u00e8tres, les caissons de basse sont autoris\u00e9s.<\/td>\n<\/tr>\n<tr>\n<th rowspan=\"3\" scope=\"row\">Samedi<\/th>\n<td>24 h \u2013 3 h<\/td>\n<td>80 dB \u00e0 10 m\u00e8tres, <strong>les caissons de basse sont \u00e9teints<\/strong>.<\/td>\n<\/tr>\n<tr>\n<td><strong>3 h 30 \u2013 9 h<\/strong><\/td>\n<td><strong>HEURES CALMES - tout son est interdit.<\/strong> Aucun haut-parleur n\u2019est autoris\u00e9.<\/td>\n<\/tr>\n<tr>\n<td>9 h \u2013 24 h<\/td>\n<td>80 dB \u00e0 10 m\u00e8tres, les caissons de basse sont autoris\u00e9s.<\/td>\n<\/tr>\n<tr>\n<th rowspan=\"4\" scope=\"row\">Dimanche<\/th>\n<td>24 h \u2013 3 h<\/td>\n<td>80 dB \u00e0 10 m\u00e8tres, <strong>les caissons de basse sont \u00e9teints<\/strong>.<\/td>\n<\/tr>\n<tr>\n<td><strong>3 h 30 \u2013 9 h<\/strong><\/td>\n<td><strong>HEURES CALMES - tout son est interdit.<\/strong> Aucun haut-parleur n\u2019est autoris\u00e9.<\/td>\n<\/tr>\n<tr>\n<td>9 h \u2013 23 h<\/td>\n<td>80 dB \u00e0 10 m\u00e8tres, les caissons de basse sont autoris\u00e9s.<\/td>\n<\/tr>\n<tr>\n<td>23 h \u2013 24 h<\/td>\n<td>80 dB \u00e0 10 m\u00e8tres, <strong>les caissons de basse sont \u00e9teints<\/strong>.<\/td>\n<\/tr>\n<tr>\n<th rowspan=\"3\" scope=\"row\">Lundi<\/th>\n<td>24 h \u2013 1 h<\/td>\n<td>80 dB \u00e0 10 m\u00e8tres, <strong>les caissons de basse sont \u00e9teints<\/strong>.<\/td>\n<\/tr>\n<tr>\n<td><strong>1 h \u2013 9 h<\/strong><\/td>\n<td><strong>HEURES CALMES - tout son est interdit.<\/strong> Aucun haut-parleur n\u2019est autoris\u00e9.<\/td>\n<\/tr>\n<tr>\n<td>9 h \u2013 12 h<\/td>\n<td><strong>Pas de son amplifi\u00e9.<\/strong> L'\u00e9v\u00e9nement se termine officiellement \u00e0 midi.<\/td>\n<\/tr>\n<\/tbody>\n<\/table>\n<h2>Le son en camping ouvert<\/h2>\n<p><i class=\"fa-solid fa-triangle-exclamation me-2\"><\/i><strong>\u00c0 noter :<\/strong> Le son amplifi\u00e9 n'est pas autoris\u00e9 dans les aires de camping ouvertes.<\/p>\n<p>Si vous souhaitez \u00e9couter de la musique dans votre tente \u00e0 l'aide d'un petit haut-parleur personnel, c'est autoris\u00e9, mais faites attention \u00e0 vos voisins et gardez un volume respectueux de ceux qui vous entourent. Si votre voisin vous demande de baisser le son, soyez pr\u00eat \u00e0 trouver un volume qui convient \u00e0 tout le monde.<\/p>\n<p>Les heures calmes s'appliquent \u00e0 l'ensemble de l'\u00e9v\u00e9nement, y compris au camping ouvert. <strong>Pendant les heures calmes, il est interdit d'utiliser des haut-parleurs d'aucune sorte.<\/strong> Si vous voulez \u00e9couter quelque chose, utilisez des \u00e9couteurs. Il n'y aura pas d'exception.<\/p>\n<h2>Heures d'ouverture de son pour le camping ouvert<\/h2>\n<table class=\"table\">\n<thead>\n<tr>\n<th scope=\"col\">Date<\/th>\n<th scope=\"col\">Plage de temps<\/th>\n<th scope=\"col\">Limites et restrictions sonores<\/th>\n<\/tr>\n<\/thead>\n<tbody>\n<tr>\n<th scope=\"row\">Jeudi 16 mai<\/th>\n<td>12 h \u2013 24 h<\/td>\n<td>Les petits haut-parleurs personnels sont acceptables.<\/td>\n<\/tr>\n<tr>\n<th rowspan=\"3\" scope=\"row\">Vendredi 17 mai<\/th>\n<td>24 h \u2013 1 h<\/td>\n<td>Les petits haut-parleurs personnels sont acceptables.<\/td>\n<\/tr>\n<tr>\n<td><strong>1 h \u2013 9 h<\/strong><\/td>\n<td><strong><i class=\"fa-solid fa-snooze me-2\"><\/i>HEURES CALMES -<\/strong> Pas de haut-parleurs d'aucune sorte. Utilisez des \u00e9couteurs.<\/td>\n<\/tr>\n<tr>\n<td>9 h \u2013 24 h<\/td>\n<td>Les petits haut-parleurs personnels sont acceptables.<\/td>\n<\/tr>\n<tr>\n<th rowspan=\"3\" scope=\"row\">Samedi 18 mai<\/th>\n<td>24 h \u2013 3 h<\/td>\n<td>Les petits haut-parleurs personnels sont acceptables.<\/td>\n<\/tr>\n<tr>\n<td><strong>3 h 30 \u2013 9 h<\/strong><\/td>\n<td><strong><i class=\"fa-solid fa-snooze me-2\"><\/i>HEURES CALMES -<\/strong> Pas de haut-parleurs d'aucune sorte. Utilisez des \u00e9couteurs.<\/td>\n<\/tr>\n<tr>\n<td>9 h \u2013 24 h<\/td>\n<td>Les petits haut-parleurs personnels sont acceptables.<\/td>\n<\/tr>\n<tr>\n<th rowspan=\"3\" scope=\"row\">Dimanche 19 mai<\/th>\n<td>24 h \u2013 3 h<\/td>\n<td>Les petits haut-parleurs personnels sont acceptables.<\/td>\n<\/tr>\n<tr>\n<td><strong>3 h 30 \u2013 9 h<\/strong><\/td>\n<td><strong><i class=\"fa-solid fa-snooze me-2\"><\/i>HEURES CALMES -<\/strong> Pas de haut-parleurs d'aucune sorte. Utilisez des \u00e9couteurs.<\/td>\n<\/tr>\n<tr>\n<td>9 h \u2013 24 h<\/td>\n<td>Les petits haut-parleurs personnels sont acceptables.<\/td>\n<\/tr>\n<tr>\n<th rowspan=\"3\" scope=\"row\">Lundi 20 mai<\/th>\n<td>24 h \u2013 1 h<\/td>\n<td>Les petits haut-parleurs personnels sont acceptables.<\/td>\n<\/tr>\n<tr>\n<td><strong>1 h \u2013 9 h<\/strong><\/td>\n<td><strong><i class=\"fa-solid fa-snooze me-2\"><\/i>HEURES CALMES -<\/strong> Pas de haut-parleurs d'aucune sorte. Utilisez des \u00e9couteurs.<\/td>\n<\/tr>\n<tr>\n<td>9 h \u2013 12 h<\/td>\n<td>Les petits haut-parleurs personnels sont acceptables.<\/td>\n<\/tr>\n<\/tbody>\n<\/table>\n<h2>Point de mesure SPL (camps th\u00e9matiques avec son amplifi\u00e9)<\/h2>\n<p>Lors du placement et de l'inspection du syst\u00e8me de sonorisation, un point sera clairement indiqu\u00e9 (\u00e0 10 m\u00e8tres de la source sonore). C'est \u00e0 cet endroit que les relev\u00e9s SPL seront effectu\u00e9s pour chaque camp n\u00e9cessitant un contr\u00f4le. L'\u00e9quipe charg\u00e9e de la sonorisation examinera cette question avec le(s) responsable(s) du camp, en plus des protocoles standard de placement et de marquage du syst\u00e8me.<\/p>\n<h2>Responsables de camp, DJs et r\u00e8gle des 2 avertissements<\/h2>\n<ul>\n<li><strong>Responsables de camp :<\/strong> Nous vous recommandons de d\u00e9signer une personne de votre camp qui aura autorit\u00e9 sur les DJ et le son pendant la dur\u00e9e de la musique. Dans la mesure du possible, veuillez indiquer \u00e0 l'\u00e9quipe charg\u00e9e du son qui est cette personne et \u00e0 qui elle doit s'adresser en cas de probl\u00e8me pendant la dur\u00e9e de l'\u00e9v\u00e9nement.<\/li>\n<li><strong>DJs :<\/strong> Tous les camps sont <strong>responsables d'informer leurs DJs qu'ils doivent respecter les demandes de sonorisation<\/strong> de n'importe quel membre de l'\u00e9quipe du son (ceux qui portent les maillots jaunes SideBurn).<\/li>\n<li><strong>2 avertissements :<\/strong> Si l'on parle aux DJs (dans le cas o\u00f9 un responsable de camp ne peut \u00eatre trouv\u00e9 imm\u00e9diatement) et qu'ils ne tiennent pas compte de l'avertissement, cela constitue une faute contre le camp. Si votre camp re\u00e7oit un deuxi\u00e8me avertissement, votre son sera coup\u00e9 pour le reste de la nuit. <strong>Il n'y aura pas de deuxi\u00e8me chance dans ce cas.<\/strong><\/li>\n<\/ul>\n<h2>\u00c9quipe du son et responsables du son<\/h2>\n<p>L'\u00e9quipe de sonorisation surveillera et travaillera avec les camps de sonorisation tout au long de l'\u00e9v\u00e9nement. Le non-respect de leurs demandes sera un motif d'expulsion. Si la police arrive avec des plaintes concernant le bruit, elle peut \u00eatre dirig\u00e9e vers les camps qui violent la politique sur le son. Veuillez prot\u00e9ger la s\u00e9curit\u00e9 et le succ\u00e8s de SideBurn en respectant toutes les restrictions sonores lorsqu'elles sont en vigueur.<\/p>\n<p>Les responsables du son passeront dans chaque camp apr\u00e8s votre arriv\u00e9e et l'installation de votre son pour vous aider \u00e0 aligner les enceintes (l\u00e0 o\u00f9 vous les dirigez) et \u00e0 r\u00e9gler le niveau du son. Les responsables du son vous montreront \u00e9galement le point \u00e0 partir duquel nous mesurerons votre son. L'objectif est de faire en sorte que votre musique soit absolument parfaite avec l'\u00e9quipement dont vous disposez, afin de ne pas d\u00e9pendre du volume pour obtenir cette sensation d'euphorie que nous recherchons tous.<\/p>\n<hr \/>\n<p>Si vous avez des questions, <strong>contactez l'\u00e9quipe du son<\/strong> \u00e0 <a href=\"mailto:sound@sideburn.ca\">sound@sideburn.ca<\/a>.<\/p>\n<p><em>La politique sonore est susceptible d'\u00eatre modifi\u00e9e sur place en fonction des besoins. V\u00e9rifiez au quartier g\u00e9n\u00e9ral pour tout changement.<\/em><\/p>","protected":false},"excerpt":{"rendered":"<p>Pour plus d'informations sur nos r\u00e9glementations et politiques en mati\u00e8re de son, veuillez consulter notre Politique sonore.<\/p>","protected":false},"author":2,"featured_media":867,"parent":73,"menu_order":11,"comment_status":"closed","ping_status":"closed","template":"","meta":{"_acf_changed":false,"nf_dc_page":"","footnotes":""},"class_list":["post-85","page","type-page","status-publish","has-post-thumbnail","hentry"],"acf":[],"yoast_head":"<!-- This site is optimized with the Yoast SEO plugin v27.4 - https:\/\/yoast.com\/product\/yoast-seo-wordpress\/ -->\n<title>Sound - SideBurn<\/title>\n<meta name=\"robots\" content=\"index, follow, max-snippet:-1, max-image-preview:large, max-video-preview:-1\" \/>\n<link rel=\"canonical\" href=\"https:\/\/sideburn.ca\/fr\/the-event\/policies\/sound\/\" \/>\n<meta property=\"og:locale\" content=\"fr_CA\" \/>\n<meta property=\"og:type\" content=\"article\" \/>\n<meta property=\"og:title\" content=\"Sound - SideBurn\" \/>\n<meta property=\"og:description\" content=\"For detailed information about our sound regulations and policies, please review our full Sound Policy.\" \/>\n<meta property=\"og:url\" content=\"https:\/\/sideburn.ca\/fr\/the-event\/policies\/sound\/\" \/>\n<meta property=\"og:site_name\" content=\"SideBurn\" \/>\n<meta property=\"article:publisher\" content=\"https:\/\/www.facebook.com\/groups\/145939082634753\" \/>\n<meta property=\"article:modified_time\" content=\"2026-03-30T17:36:45+00:00\" \/>\n<meta property=\"og:image\" content=\"https:\/\/sideburn.ca\/wp-content\/uploads\/2024\/12\/header-soundpolicy.jpg\" \/>\n\t<meta property=\"og:image:width\" content=\"1400\" \/>\n\t<meta property=\"og:image:height\" content=\"860\" \/>\n\t<meta property=\"og:image:type\" content=\"image\/jpeg\" \/>\n<meta name=\"twitter:card\" content=\"summary_large_image\" \/>\n<meta name=\"twitter:label1\" content=\"Est. reading time\" \/>\n\t<meta name=\"twitter:data1\" content=\"4 minutes\" \/>\n<script type=\"application\/ld+json\" class=\"yoast-schema-graph\">{\"@context\":\"https:\\\/\\\/schema.org\",\"@graph\":[{\"@type\":\"WebPage\",\"@id\":\"https:\\\/\\\/sideburn.ca\\\/the-event\\\/policies\\\/sound\\\/\",\"url\":\"https:\\\/\\\/sideburn.ca\\\/the-event\\\/policies\\\/sound\\\/\",\"name\":\"Sound - SideBurn\",\"isPartOf\":{\"@id\":\"https:\\\/\\\/dbx.gdr.mybluehost.me\\\/#website\"},\"primaryImageOfPage\":{\"@id\":\"https:\\\/\\\/sideburn.ca\\\/the-event\\\/policies\\\/sound\\\/#primaryimage\"},\"image\":{\"@id\":\"https:\\\/\\\/sideburn.ca\\\/the-event\\\/policies\\\/sound\\\/#primaryimage\"},\"thumbnailUrl\":\"https:\\\/\\\/sideburn.ca\\\/wp-content\\\/uploads\\\/2024\\\/12\\\/header-soundpolicy.jpg\",\"datePublished\":\"2024-10-17T19:15:17+00:00\",\"dateModified\":\"2026-03-30T17:36:45+00:00\",\"breadcrumb\":{\"@id\":\"https:\\\/\\\/sideburn.ca\\\/the-event\\\/policies\\\/sound\\\/#breadcrumb\"},\"inLanguage\":\"fr-CA\",\"potentialAction\":[{\"@type\":\"ReadAction\",\"target\":[\"https:\\\/\\\/sideburn.ca\\\/the-event\\\/policies\\\/sound\\\/\"]}]},{\"@type\":\"ImageObject\",\"inLanguage\":\"fr-CA\",\"@id\":\"https:\\\/\\\/sideburn.ca\\\/the-event\\\/policies\\\/sound\\\/#primaryimage\",\"url\":\"https:\\\/\\\/sideburn.ca\\\/wp-content\\\/uploads\\\/2024\\\/12\\\/header-soundpolicy.jpg\",\"contentUrl\":\"https:\\\/\\\/sideburn.ca\\\/wp-content\\\/uploads\\\/2024\\\/12\\\/header-soundpolicy.jpg\",\"width\":1400,\"height\":860},{\"@type\":\"BreadcrumbList\",\"@id\":\"https:\\\/\\\/sideburn.ca\\\/the-event\\\/policies\\\/sound\\\/#breadcrumb\",\"itemListElement\":[{\"@type\":\"ListItem\",\"position\":1,\"name\":\"Home\",\"item\":\"https:\\\/\\\/sideburn.ca\\\/\"},{\"@type\":\"ListItem\",\"position\":2,\"name\":\"The Event\",\"item\":\"https:\\\/\\\/sideburn.ca\\\/the-event\\\/\"},{\"@type\":\"ListItem\",\"position\":3,\"name\":\"Policies\",\"item\":\"https:\\\/\\\/sideburn.ca\\\/the-event\\\/policies\\\/\"},{\"@type\":\"ListItem\",\"position\":4,\"name\":\"Sound\"}]},{\"@type\":\"WebSite\",\"@id\":\"https:\\\/\\\/dbx.gdr.mybluehost.me\\\/#website\",\"url\":\"https:\\\/\\\/dbx.gdr.mybluehost.me\\\/\",\"name\":\"SideBurn\",\"description\":\"Chromatic Carnival\",\"publisher\":{\"@id\":\"https:\\\/\\\/dbx.gdr.mybluehost.me\\\/#organization\"},\"potentialAction\":[{\"@type\":\"SearchAction\",\"target\":{\"@type\":\"EntryPoint\",\"urlTemplate\":\"https:\\\/\\\/dbx.gdr.mybluehost.me\\\/?s={search_term_string}\"},\"query-input\":{\"@type\":\"PropertyValueSpecification\",\"valueRequired\":true,\"valueName\":\"search_term_string\"}}],\"inLanguage\":\"fr-CA\"},{\"@type\":\"Organization\",\"@id\":\"https:\\\/\\\/dbx.gdr.mybluehost.me\\\/#organization\",\"name\":\"SideBurn\",\"url\":\"https:\\\/\\\/dbx.gdr.mybluehost.me\\\/\",\"logo\":{\"@type\":\"ImageObject\",\"inLanguage\":\"fr-CA\",\"@id\":\"https:\\\/\\\/dbx.gdr.mybluehost.me\\\/#\\\/schema\\\/logo\\\/image\\\/\",\"url\":\"https:\\\/\\\/i0.wp.com\\\/sideburn.ca\\\/wp-content\\\/uploads\\\/2024\\\/12\\\/logo-sideburn-full-1.png?fit=1259%2C496&ssl=1\",\"contentUrl\":\"https:\\\/\\\/i0.wp.com\\\/sideburn.ca\\\/wp-content\\\/uploads\\\/2024\\\/12\\\/logo-sideburn-full-1.png?fit=1259%2C496&ssl=1\",\"width\":1259,\"height\":496,\"caption\":\"SideBurn\"},\"image\":{\"@id\":\"https:\\\/\\\/dbx.gdr.mybluehost.me\\\/#\\\/schema\\\/logo\\\/image\\\/\"},\"sameAs\":[\"https:\\\/\\\/www.facebook.com\\\/groups\\\/145939082634753\",\"https:\\\/\\\/www.instagram.com\\\/sideburnregional\\\/\"]}]}<\/script>\n<!-- \/ Yoast SEO plugin. -->","yoast_head_json":{"title":"Son - SideBurn","robots":{"index":"index","follow":"follow","max-snippet":"max-snippet:-1","max-image-preview":"max-image-preview:large","max-video-preview":"max-video-preview:-1"},"canonical":"https:\/\/sideburn.ca\/fr\/the-event\/policies\/sound\/","og_locale":"fr_CA","og_type":"article","og_title":"Sound - SideBurn","og_description":"For detailed information about our sound regulations and policies, please review our full Sound Policy.","og_url":"https:\/\/sideburn.ca\/fr\/the-event\/policies\/sound\/","og_site_name":"SideBurn","article_publisher":"https:\/\/www.facebook.com\/groups\/145939082634753","article_modified_time":"2026-03-30T17:36:45+00:00","og_image":[{"width":1400,"height":860,"url":"https:\/\/sideburn.ca\/wp-content\/uploads\/2024\/12\/header-soundpolicy.jpg","type":"image\/jpeg"}],"twitter_card":"summary_large_image","twitter_misc":{"Est. reading time":"4 minutes"},"schema":{"@context":"https:\/\/schema.org","@graph":[{"@type":"WebPage","@id":"https:\/\/sideburn.ca\/the-event\/policies\/sound\/","url":"https:\/\/sideburn.ca\/the-event\/policies\/sound\/","name":"Son - SideBurn","isPartOf":{"@id":"https:\/\/dbx.gdr.mybluehost.me\/#website"},"primaryImageOfPage":{"@id":"https:\/\/sideburn.ca\/the-event\/policies\/sound\/#primaryimage"},"image":{"@id":"https:\/\/sideburn.ca\/the-event\/policies\/sound\/#primaryimage"},"thumbnailUrl":"https:\/\/sideburn.ca\/wp-content\/uploads\/2024\/12\/header-soundpolicy.jpg","datePublished":"2024-10-17T19:15:17+00:00","dateModified":"2026-03-30T17:36:45+00:00","breadcrumb":{"@id":"https:\/\/sideburn.ca\/the-event\/policies\/sound\/#breadcrumb"},"inLanguage":"fr-CA","potentialAction":[{"@type":"ReadAction","target":["https:\/\/sideburn.ca\/the-event\/policies\/sound\/"]}]},{"@type":"ImageObject","inLanguage":"fr-CA","@id":"https:\/\/sideburn.ca\/the-event\/policies\/sound\/#primaryimage","url":"https:\/\/sideburn.ca\/wp-content\/uploads\/2024\/12\/header-soundpolicy.jpg","contentUrl":"https:\/\/sideburn.ca\/wp-content\/uploads\/2024\/12\/header-soundpolicy.jpg","width":1400,"height":860},{"@type":"BreadcrumbList","@id":"https:\/\/sideburn.ca\/the-event\/policies\/sound\/#breadcrumb","itemListElement":[{"@type":"ListItem","position":1,"name":"Home","item":"https:\/\/sideburn.ca\/"},{"@type":"ListItem","position":2,"name":"The Event","item":"https:\/\/sideburn.ca\/the-event\/"},{"@type":"ListItem","position":3,"name":"Policies","item":"https:\/\/sideburn.ca\/the-event\/policies\/"},{"@type":"ListItem","position":4,"name":"Sound"}]},{"@type":"WebSite","@id":"https:\/\/dbx.gdr.mybluehost.me\/#website","url":"https:\/\/dbx.gdr.mybluehost.me\/","name":"SideBurn","description":"Carnaval chromatique","publisher":{"@id":"https:\/\/dbx.gdr.mybluehost.me\/#organization"},"potentialAction":[{"@type":"SearchAction","target":{"@type":"EntryPoint","urlTemplate":"https:\/\/dbx.gdr.mybluehost.me\/?s={search_term_string}"},"query-input":{"@type":"PropertyValueSpecification","valueRequired":true,"valueName":"search_term_string"}}],"inLanguage":"fr-CA"},{"@type":"Organization","@id":"https:\/\/dbx.gdr.mybluehost.me\/#organization","name":"SideBurn","url":"https:\/\/dbx.gdr.mybluehost.me\/","logo":{"@type":"ImageObject","inLanguage":"fr-CA","@id":"https:\/\/dbx.gdr.mybluehost.me\/#\/schema\/logo\/image\/","url":"https:\/\/i0.wp.com\/sideburn.ca\/wp-content\/uploads\/2024\/12\/logo-sideburn-full-1.png?fit=1259%2C496&ssl=1","contentUrl":"https:\/\/i0.wp.com\/sideburn.ca\/wp-content\/uploads\/2024\/12\/logo-sideburn-full-1.png?fit=1259%2C496&ssl=1","width":1259,"height":496,"caption":"SideBurn"},"image":{"@id":"https:\/\/dbx.gdr.mybluehost.me\/#\/schema\/logo\/image\/"},"sameAs":["https:\/\/www.facebook.com\/groups\/145939082634753","https:\/\/www.instagram.com\/sideburnregional\/"]}]}},"_links":{"self":[{"href":"https:\/\/sideburn.ca\/fr\/wp-json\/wp\/v2\/pages\/85","targetHints":{"allow":["GET"]}}],"collection":[{"href":"https:\/\/sideburn.ca\/fr\/wp-json\/wp\/v2\/pages"}],"about":[{"href":"https:\/\/sideburn.ca\/fr\/wp-json\/wp\/v2\/types\/page"}],"author":[{"embeddable":true,"href":"https:\/\/sideburn.ca\/fr\/wp-json\/wp\/v2\/users\/2"}],"replies":[{"embeddable":true,"href":"https:\/\/sideburn.ca\/fr\/wp-json\/wp\/v2\/comments?post=85"}],"version-history":[{"count":21,"href":"https:\/\/sideburn.ca\/fr\/wp-json\/wp\/v2\/pages\/85\/revisions"}],"predecessor-version":[{"id":2654,"href":"https:\/\/sideburn.ca\/fr\/wp-json\/wp\/v2\/pages\/85\/revisions\/2654"}],"up":[{"embeddable":true,"href":"https:\/\/sideburn.ca\/fr\/wp-json\/wp\/v2\/pages\/73"}],"wp:featuredmedia":[{"embeddable":true,"href":"https:\/\/sideburn.ca\/fr\/wp-json\/wp\/v2\/media\/867"}],"wp:attachment":[{"href":"https:\/\/sideburn.ca\/fr\/wp-json\/wp\/v2\/media?parent=85"}],"curies":[{"name":"wp","href":"https:\/\/api.w.org\/{rel}","templated":true}]}}