{"id":83,"date":"2024-10-17T19:15:06","date_gmt":"2024-10-17T19:15:06","guid":{"rendered":"https:\/\/dbx.gdr.mybluehost.me\/?page_id=83"},"modified":"2026-03-05T12:56:52","modified_gmt":"2026-03-05T12:56:52","slug":"vehicles","status":"publish","type":"page","link":"https:\/\/sideburn.ca\/fr\/the-event\/policies\/vehicles\/","title":{"rendered":"V\u00e9hicules"},"content":{"rendered":"<p>Chaque v\u00e9hicule qui franchit les portes de l'\u00e9v\u00e9nement doit \u00eatre muni d'un laissez-passer (\u00e0 l'exception des motos et des v\u00e9los).<\/p>\n<p><strong>SideBurn propose deux types de laissez-passer pour les v\u00e9hicules :<\/strong><\/p>\n<ul>\n<li><strong>Laissez-passer pour v\u00e9hicules ordinaires :<\/strong> Tous les v\u00e9hicules de tourisme. Par exemple, les voitures, les camions, les monospaces, les SUV ou les camionnettes de toutes tailles n\u00e9cessaires au fonctionnement d'un camp th\u00e9matique (avec l'approbation du service municipal).<\/li>\n<li><strong>Laissez-passer pour v\u00e9hicules r\u00e9cr\u00e9atifs (VR) :<\/strong> Tout v\u00e9hicule non priv\u00e9 dans lequel on peut vivre ou dormir. Par exemple, les bus transform\u00e9s, les caravanes de voyage, les tentes-roulottes, les tentes-roulottes pop-up, les caravanes hybrides, les fourgonnettes de camping ou les fourgonnettes am\u00e9nag\u00e9es (VR de classe B), les VR de classe C, ou un camion qui n'est pas destin\u00e9 \u00e0 soutenir les activit\u00e9s d'un camp th\u00e9matique.<\/li>\n<\/ul>\n<p>Lorsqu'un billet est offert, un (1) laissez-passer pour v\u00e9hicule ordinaire peut \u00eatre achet\u00e9. Ce laissez-passer peut \u00eatre <a href=\"https:\/\/sideburn.ca\/fr\/the-event\/ticketing\/\">achet\u00e9 en m\u00eame temps qu'un billet<\/a> ou ajout\u00e9 ult\u00e9rieurement.<\/p>\n<p>Si un participant souhaite acheter un laissez-passer pour VR, il doit s'inscrire \u00e0 la loterie pour des laissez-passer VR lors de l'achat de son billet d'entr\u00e9e \u00e0 l'\u00e9v\u00e9nement. Un nombre limit\u00e9 de laissez-passer pour VR sera attribu\u00e9 par loterie au cours de la premi\u00e8re semaine d'avril. La liste d'attente est ensuite la suivante : premier arriv\u00e9, premier servi.<\/p>\n<p>Tous les v\u00e9hicules et remorques doivent \u00eatre munis d'une plaque d'immatriculation valide et respecter les <a href=\"https:\/\/www.ontario.ca\/document\/official-mto-drivers-handbook\/towing\" target=\"_blank\" rel=\"noopener\">Lois sur le remorquage en Ontario<\/a>.<\/p>\n<p>SideBurn ne garantit pas que votre v\u00e9hicule pourra \u00eatre conduit ou gar\u00e9 dans la zone de l'\u00e9v\u00e9nement.<\/p>\n<p>L'acc\u00e8s au site de l'\u00e9v\u00e9nement au-del\u00e0 de l'aire de stationnement pour VR situ\u00e9e pr\u00e8s de la porte d'entr\u00e9e est soumis aux conditions m\u00e9t\u00e9orologiques. Les gros v\u00e9hicules risquent d'endommager la route par mauvais temps ou, pire, de s'enliser dans le champ.<\/p>\n<p>Tous les v\u00e9hicules, grands ou petits, assument la responsabilit\u00e9 de payer les frais de remorquage s'ils deviennent bloqu\u00e9s. Tous les v\u00e9hicules doivent \u00eatre retir\u00e9s du site au plus tard trois (3) heures apr\u00e8s la fin de l'\u00e9v\u00e9nement.<\/p>","protected":false},"excerpt":{"rendered":"<p>Pour obtenir des informations d\u00e9taill\u00e9es sur les r\u00e9glementations, les directives et les frais applicables aux v\u00e9hicules r\u00e9cr\u00e9atifs lors de l'\u00e9v\u00e9nement, veuillez consulter la Politique relative aux v\u00e9hicules r\u00e9cr\u00e9atifs.<\/p>","protected":false},"author":2,"featured_media":941,"parent":73,"menu_order":12,"comment_status":"closed","ping_status":"closed","template":"","meta":{"_acf_changed":false,"nf_dc_page":"","footnotes":""},"class_list":["post-83","page","type-page","status-publish","has-post-thumbnail","hentry"],"acf":[],"yoast_head":"<!-- This site is optimized with the Yoast SEO plugin v27.4 - https:\/\/yoast.com\/product\/yoast-seo-wordpress\/ -->\n<title>Vehicles - SideBurn<\/title>\n<meta name=\"robots\" content=\"index, follow, max-snippet:-1, max-image-preview:large, max-video-preview:-1\" \/>\n<link rel=\"canonical\" href=\"https:\/\/sideburn.ca\/fr\/the-event\/policies\/vehicles\/\" \/>\n<meta property=\"og:locale\" content=\"fr_CA\" \/>\n<meta property=\"og:type\" content=\"article\" \/>\n<meta property=\"og:title\" content=\"Vehicles - SideBurn\" \/>\n<meta property=\"og:description\" content=\"For detailed information on the regulations, guidelines, and fees for RVs at the event, please review the full RV Policy page.\" \/>\n<meta property=\"og:url\" content=\"https:\/\/sideburn.ca\/fr\/the-event\/policies\/vehicles\/\" \/>\n<meta property=\"og:site_name\" content=\"SideBurn\" \/>\n<meta property=\"article:publisher\" content=\"https:\/\/www.facebook.com\/groups\/145939082634753\" \/>\n<meta property=\"article:modified_time\" content=\"2026-03-05T12:56:52+00:00\" \/>\n<meta property=\"og:image\" content=\"https:\/\/sideburn.ca\/wp-content\/uploads\/2024\/12\/header-rvpolicy.jpg\" \/>\n\t<meta property=\"og:image:width\" content=\"1400\" \/>\n\t<meta property=\"og:image:height\" content=\"657\" \/>\n\t<meta property=\"og:image:type\" content=\"image\/jpeg\" \/>\n<meta name=\"twitter:card\" content=\"summary_large_image\" \/>\n<meta name=\"twitter:label1\" content=\"Est. reading time\" \/>\n\t<meta name=\"twitter:data1\" content=\"2 minutes\" \/>\n<script type=\"application\/ld+json\" class=\"yoast-schema-graph\">{\"@context\":\"https:\\\/\\\/schema.org\",\"@graph\":[{\"@type\":\"WebPage\",\"@id\":\"https:\\\/\\\/sideburn.ca\\\/the-event\\\/policies\\\/vehicles\\\/\",\"url\":\"https:\\\/\\\/sideburn.ca\\\/the-event\\\/policies\\\/vehicles\\\/\",\"name\":\"Vehicles - SideBurn\",\"isPartOf\":{\"@id\":\"https:\\\/\\\/dbx.gdr.mybluehost.me\\\/#website\"},\"primaryImageOfPage\":{\"@id\":\"https:\\\/\\\/sideburn.ca\\\/the-event\\\/policies\\\/vehicles\\\/#primaryimage\"},\"image\":{\"@id\":\"https:\\\/\\\/sideburn.ca\\\/the-event\\\/policies\\\/vehicles\\\/#primaryimage\"},\"thumbnailUrl\":\"https:\\\/\\\/sideburn.ca\\\/wp-content\\\/uploads\\\/2024\\\/12\\\/header-rvpolicy.jpg\",\"datePublished\":\"2024-10-17T19:15:06+00:00\",\"dateModified\":\"2026-03-05T12:56:52+00:00\",\"breadcrumb\":{\"@id\":\"https:\\\/\\\/sideburn.ca\\\/the-event\\\/policies\\\/vehicles\\\/#breadcrumb\"},\"inLanguage\":\"fr-CA\",\"potentialAction\":[{\"@type\":\"ReadAction\",\"target\":[\"https:\\\/\\\/sideburn.ca\\\/the-event\\\/policies\\\/vehicles\\\/\"]}]},{\"@type\":\"ImageObject\",\"inLanguage\":\"fr-CA\",\"@id\":\"https:\\\/\\\/sideburn.ca\\\/the-event\\\/policies\\\/vehicles\\\/#primaryimage\",\"url\":\"https:\\\/\\\/sideburn.ca\\\/wp-content\\\/uploads\\\/2024\\\/12\\\/header-rvpolicy.jpg\",\"contentUrl\":\"https:\\\/\\\/sideburn.ca\\\/wp-content\\\/uploads\\\/2024\\\/12\\\/header-rvpolicy.jpg\",\"width\":1400,\"height\":657},{\"@type\":\"BreadcrumbList\",\"@id\":\"https:\\\/\\\/sideburn.ca\\\/the-event\\\/policies\\\/vehicles\\\/#breadcrumb\",\"itemListElement\":[{\"@type\":\"ListItem\",\"position\":1,\"name\":\"Home\",\"item\":\"https:\\\/\\\/sideburn.ca\\\/\"},{\"@type\":\"ListItem\",\"position\":2,\"name\":\"The Event\",\"item\":\"https:\\\/\\\/sideburn.ca\\\/the-event\\\/\"},{\"@type\":\"ListItem\",\"position\":3,\"name\":\"Policies\",\"item\":\"https:\\\/\\\/sideburn.ca\\\/the-event\\\/policies\\\/\"},{\"@type\":\"ListItem\",\"position\":4,\"name\":\"Vehicles\"}]},{\"@type\":\"WebSite\",\"@id\":\"https:\\\/\\\/dbx.gdr.mybluehost.me\\\/#website\",\"url\":\"https:\\\/\\\/dbx.gdr.mybluehost.me\\\/\",\"name\":\"SideBurn\",\"description\":\"Chromatic Carnival\",\"publisher\":{\"@id\":\"https:\\\/\\\/dbx.gdr.mybluehost.me\\\/#organization\"},\"potentialAction\":[{\"@type\":\"SearchAction\",\"target\":{\"@type\":\"EntryPoint\",\"urlTemplate\":\"https:\\\/\\\/dbx.gdr.mybluehost.me\\\/?s={search_term_string}\"},\"query-input\":{\"@type\":\"PropertyValueSpecification\",\"valueRequired\":true,\"valueName\":\"search_term_string\"}}],\"inLanguage\":\"fr-CA\"},{\"@type\":\"Organization\",\"@id\":\"https:\\\/\\\/dbx.gdr.mybluehost.me\\\/#organization\",\"name\":\"SideBurn\",\"url\":\"https:\\\/\\\/dbx.gdr.mybluehost.me\\\/\",\"logo\":{\"@type\":\"ImageObject\",\"inLanguage\":\"fr-CA\",\"@id\":\"https:\\\/\\\/dbx.gdr.mybluehost.me\\\/#\\\/schema\\\/logo\\\/image\\\/\",\"url\":\"https:\\\/\\\/i0.wp.com\\\/sideburn.ca\\\/wp-content\\\/uploads\\\/2024\\\/12\\\/logo-sideburn-full-1.png?fit=1259%2C496&ssl=1\",\"contentUrl\":\"https:\\\/\\\/i0.wp.com\\\/sideburn.ca\\\/wp-content\\\/uploads\\\/2024\\\/12\\\/logo-sideburn-full-1.png?fit=1259%2C496&ssl=1\",\"width\":1259,\"height\":496,\"caption\":\"SideBurn\"},\"image\":{\"@id\":\"https:\\\/\\\/dbx.gdr.mybluehost.me\\\/#\\\/schema\\\/logo\\\/image\\\/\"},\"sameAs\":[\"https:\\\/\\\/www.facebook.com\\\/groups\\\/145939082634753\",\"https:\\\/\\\/www.instagram.com\\\/sideburnregional\\\/\"]}]}<\/script>\n<!-- \/ Yoast SEO plugin. -->","yoast_head_json":{"title":"Vehicles - SideBurn","robots":{"index":"index","follow":"follow","max-snippet":"max-snippet:-1","max-image-preview":"max-image-preview:large","max-video-preview":"max-video-preview:-1"},"canonical":"https:\/\/sideburn.ca\/fr\/the-event\/policies\/vehicles\/","og_locale":"fr_CA","og_type":"article","og_title":"Vehicles - SideBurn","og_description":"For detailed information on the regulations, guidelines, and fees for RVs at the event, please review the full RV Policy page.","og_url":"https:\/\/sideburn.ca\/fr\/the-event\/policies\/vehicles\/","og_site_name":"SideBurn","article_publisher":"https:\/\/www.facebook.com\/groups\/145939082634753","article_modified_time":"2026-03-05T12:56:52+00:00","og_image":[{"width":1400,"height":657,"url":"https:\/\/sideburn.ca\/wp-content\/uploads\/2024\/12\/header-rvpolicy.jpg","type":"image\/jpeg"}],"twitter_card":"summary_large_image","twitter_misc":{"Est. reading time":"2 minutes"},"schema":{"@context":"https:\/\/schema.org","@graph":[{"@type":"WebPage","@id":"https:\/\/sideburn.ca\/the-event\/policies\/vehicles\/","url":"https:\/\/sideburn.ca\/the-event\/policies\/vehicles\/","name":"Vehicles - SideBurn","isPartOf":{"@id":"https:\/\/dbx.gdr.mybluehost.me\/#website"},"primaryImageOfPage":{"@id":"https:\/\/sideburn.ca\/the-event\/policies\/vehicles\/#primaryimage"},"image":{"@id":"https:\/\/sideburn.ca\/the-event\/policies\/vehicles\/#primaryimage"},"thumbnailUrl":"https:\/\/sideburn.ca\/wp-content\/uploads\/2024\/12\/header-rvpolicy.jpg","datePublished":"2024-10-17T19:15:06+00:00","dateModified":"2026-03-05T12:56:52+00:00","breadcrumb":{"@id":"https:\/\/sideburn.ca\/the-event\/policies\/vehicles\/#breadcrumb"},"inLanguage":"fr-CA","potentialAction":[{"@type":"ReadAction","target":["https:\/\/sideburn.ca\/the-event\/policies\/vehicles\/"]}]},{"@type":"ImageObject","inLanguage":"fr-CA","@id":"https:\/\/sideburn.ca\/the-event\/policies\/vehicles\/#primaryimage","url":"https:\/\/sideburn.ca\/wp-content\/uploads\/2024\/12\/header-rvpolicy.jpg","contentUrl":"https:\/\/sideburn.ca\/wp-content\/uploads\/2024\/12\/header-rvpolicy.jpg","width":1400,"height":657},{"@type":"BreadcrumbList","@id":"https:\/\/sideburn.ca\/the-event\/policies\/vehicles\/#breadcrumb","itemListElement":[{"@type":"ListItem","position":1,"name":"Home","item":"https:\/\/sideburn.ca\/"},{"@type":"ListItem","position":2,"name":"The Event","item":"https:\/\/sideburn.ca\/the-event\/"},{"@type":"ListItem","position":3,"name":"Policies","item":"https:\/\/sideburn.ca\/the-event\/policies\/"},{"@type":"ListItem","position":4,"name":"Vehicles"}]},{"@type":"WebSite","@id":"https:\/\/dbx.gdr.mybluehost.me\/#website","url":"https:\/\/dbx.gdr.mybluehost.me\/","name":"SideBurn","description":"Carnaval chromatique","publisher":{"@id":"https:\/\/dbx.gdr.mybluehost.me\/#organization"},"potentialAction":[{"@type":"SearchAction","target":{"@type":"EntryPoint","urlTemplate":"https:\/\/dbx.gdr.mybluehost.me\/?s={search_term_string}"},"query-input":{"@type":"PropertyValueSpecification","valueRequired":true,"valueName":"search_term_string"}}],"inLanguage":"fr-CA"},{"@type":"Organization","@id":"https:\/\/dbx.gdr.mybluehost.me\/#organization","name":"SideBurn","url":"https:\/\/dbx.gdr.mybluehost.me\/","logo":{"@type":"ImageObject","inLanguage":"fr-CA","@id":"https:\/\/dbx.gdr.mybluehost.me\/#\/schema\/logo\/image\/","url":"https:\/\/i0.wp.com\/sideburn.ca\/wp-content\/uploads\/2024\/12\/logo-sideburn-full-1.png?fit=1259%2C496&ssl=1","contentUrl":"https:\/\/i0.wp.com\/sideburn.ca\/wp-content\/uploads\/2024\/12\/logo-sideburn-full-1.png?fit=1259%2C496&ssl=1","width":1259,"height":496,"caption":"SideBurn"},"image":{"@id":"https:\/\/dbx.gdr.mybluehost.me\/#\/schema\/logo\/image\/"},"sameAs":["https:\/\/www.facebook.com\/groups\/145939082634753","https:\/\/www.instagram.com\/sideburnregional\/"]}]}},"_links":{"self":[{"href":"https:\/\/sideburn.ca\/fr\/wp-json\/wp\/v2\/pages\/83","targetHints":{"allow":["GET"]}}],"collection":[{"href":"https:\/\/sideburn.ca\/fr\/wp-json\/wp\/v2\/pages"}],"about":[{"href":"https:\/\/sideburn.ca\/fr\/wp-json\/wp\/v2\/types\/page"}],"author":[{"embeddable":true,"href":"https:\/\/sideburn.ca\/fr\/wp-json\/wp\/v2\/users\/2"}],"replies":[{"embeddable":true,"href":"https:\/\/sideburn.ca\/fr\/wp-json\/wp\/v2\/comments?post=83"}],"version-history":[{"count":14,"href":"https:\/\/sideburn.ca\/fr\/wp-json\/wp\/v2\/pages\/83\/revisions"}],"predecessor-version":[{"id":2502,"href":"https:\/\/sideburn.ca\/fr\/wp-json\/wp\/v2\/pages\/83\/revisions\/2502"}],"up":[{"embeddable":true,"href":"https:\/\/sideburn.ca\/fr\/wp-json\/wp\/v2\/pages\/73"}],"wp:featuredmedia":[{"embeddable":true,"href":"https:\/\/sideburn.ca\/fr\/wp-json\/wp\/v2\/media\/941"}],"wp:attachment":[{"href":"https:\/\/sideburn.ca\/fr\/wp-json\/wp\/v2\/media?parent=83"}],"curies":[{"name":"wp","href":"https:\/\/api.w.org\/{rel}","templated":true}]}}