{"id":79,"date":"2024-10-17T19:14:23","date_gmt":"2024-10-17T19:14:23","guid":{"rendered":"https:\/\/dbx.gdr.mybluehost.me\/?page_id=79"},"modified":"2026-03-05T01:18:08","modified_gmt":"2026-03-05T01:18:08","slug":"lasers","status":"publish","type":"page","link":"https:\/\/sideburn.ca\/fr\/the-event\/policies\/lasers\/","title":{"rendered":"Lasers"},"content":{"rendered":"<h2>Lasers portatifs<\/h2>\n<p>Les lasers portatifs ne sont pas autoris\u00e9s \u00e0 SideBurn. Les lasers mont\u00e9s ne sont autoris\u00e9s que sur les \u0153uvres d'art, les v\u00e9hicules mutants et dans les camps th\u00e9matiques s'ils respectent des restrictions sp\u00e9cifiques. Bien que les lasers ne soient pas nouveaux, les progr\u00e8s technologiques ont fait que m\u00eame les lasers portatifs peu co\u00fbteux et facilement disponibles peuvent \u00eatre suffisamment puissants pour causer des blessures permanentes \u00e0 des distances allant jusqu'\u00e0 10 miles (environ 16 km).<\/p>\n<h2>Lasers mont\u00e9s<\/h2>\n<p>Toutes applications des camps th\u00e9matiques, d'installations artistiques et de v\u00e9hicules mutants DMV doivent mentionner la pr\u00e9sence d'un laser dans le cadre du projet ou de l'op\u00e9ration. Les membres du conseil d'administration visiteront les camps le jeudi et le vendredi afin d'\u00e9valuer la conformit\u00e9 des installations laser en termes de s\u00e9curit\u00e9. Les v\u00e9hicules mutants peuvent utiliser des lasers le samedi soir avant le burn. Tous les lasers doivent \u00eatre \u00e9teints avant le conclave de feu, mais ils peuvent \u00eatre r\u00e9utilis\u00e9s apr\u00e8s que le p\u00e9rim\u00e8tre est lev\u00e9.<\/p>\n<p>Si vous voyez un laser utilis\u00e9 de mani\u00e8re dangereuse, veuillez noter l'emplacement et les autres d\u00e9tails pertinents et contacter un Ranger d\u00e8s que possible.<\/p>\n<p><strong>Conseils pour l'int\u00e9gration d'un laser dans votre camp th\u00e9matique, votre installation artistique ou votre v\u00e9hicule mutant :<\/strong><\/p>\n<ul>\n<li>Suivez les lignes directrices de l'industrie.<\/li>\n<li>Traitez les op\u00e9rations laser comme une question de s\u00e9curit\u00e9 s\u00e9rieuse.<\/li>\n<li>Assurez-vous que tous les op\u00e9rateurs sont sobres.<\/li>\n<li>D\u00e9signez une personne charg\u00e9e de surveiller le laser pour s'assurer qu'il est utilis\u00e9 en toute s\u00e9curit\u00e9.<\/li>\n<li>Si votre laser fonctionne automatiquement ou sans op\u00e9rateur, demandez \u00e0 quelqu'un de surveiller le syst\u00e8me afin de pouvoir l'arr\u00eater si n\u00e9cessaire.<\/li>\n<\/ul>\n<p><strong>Les lignes directrices sur l'utilisation s\u00fbre des lasers de l'International Laser Display Association sont disponibles ici :<\/strong><\/p>\n<ul>\n<li><a href=\"https:\/\/www.ilda.com\/safety-basics.htm\" target=\"_blank\" rel=\"noopener\">S\u00e9curit\u00e9 g\u00e9n\u00e9rale<\/a><\/li>\n<li><a href=\"https:\/\/www.ilda.com\/safety-info.htm\" target=\"_blank\" rel=\"noopener\">Lois f\u00e9d\u00e9rales<\/a><\/li>\n<li><a href=\"https:\/\/www.ilda.com\/audiencescanningtips.htm\" target=\"_blank\" rel=\"noopener\">Balayage de l\u2019audience<\/a><\/li>\n<\/ul>\n<p>Ces lignes directrices couvrent l'utilisation dans des zones tr\u00e8s fr\u00e9quent\u00e9es et tous les aspects du fonctionnement d'un laser, y compris les mouvements, le balayage, le contr\u00f4le du syst\u00e8me, le masquage et le filtrage. Ces liens ne fournissent que des informations de base \u2014 si vous n'\u00eates pas s\u00fbr de la s\u00e9curit\u00e9 des lasers, veuillez faire appel \u00e0 un op\u00e9rateur laser professionnel pour la planification et l'ex\u00e9cution de votre activit\u00e9 laser. Les installations laser dangereuses ne seront pas autoris\u00e9es \u00e0 fonctionner.<\/p>","protected":false},"excerpt":{"rendered":"<p>Pour obtenir des informations d\u00e9taill\u00e9es sur les r\u00e9glementations et les consignes de s\u00e9curit\u00e9 relatives aux lasers, veuillez consulter la Politique en mati\u00e8re de lasers.<\/p>","protected":false},"author":2,"featured_media":939,"parent":73,"menu_order":14,"comment_status":"closed","ping_status":"closed","template":"","meta":{"_acf_changed":false,"nf_dc_page":"","footnotes":""},"class_list":["post-79","page","type-page","status-publish","has-post-thumbnail","hentry"],"acf":[],"yoast_head":"<!-- This site is optimized with the Yoast SEO plugin v27.4 - https:\/\/yoast.com\/product\/yoast-seo-wordpress\/ -->\n<title>Lasers - SideBurn<\/title>\n<meta name=\"robots\" content=\"index, follow, max-snippet:-1, max-image-preview:large, max-video-preview:-1\" \/>\n<link rel=\"canonical\" href=\"https:\/\/sideburn.ca\/fr\/the-event\/policies\/lasers\/\" \/>\n<meta property=\"og:locale\" content=\"fr_CA\" \/>\n<meta property=\"og:type\" content=\"article\" \/>\n<meta property=\"og:title\" content=\"Lasers - SideBurn\" \/>\n<meta property=\"og:description\" content=\"For detailed information on the regulations and safety guidelines regarding lasers, please review the full Lasers Policy page.\" \/>\n<meta property=\"og:url\" content=\"https:\/\/sideburn.ca\/fr\/the-event\/policies\/lasers\/\" \/>\n<meta property=\"og:site_name\" content=\"SideBurn\" \/>\n<meta property=\"article:publisher\" content=\"https:\/\/www.facebook.com\/groups\/145939082634753\" \/>\n<meta property=\"article:modified_time\" content=\"2026-03-05T01:18:08+00:00\" \/>\n<meta property=\"og:image\" content=\"https:\/\/sideburn.ca\/wp-content\/uploads\/2024\/12\/header-laserspolicy.jpg\" \/>\n\t<meta property=\"og:image:width\" content=\"1400\" \/>\n\t<meta property=\"og:image:height\" content=\"675\" \/>\n\t<meta property=\"og:image:type\" content=\"image\/jpeg\" \/>\n<meta name=\"twitter:card\" content=\"summary_large_image\" \/>\n<meta name=\"twitter:label1\" content=\"Est. reading time\" \/>\n\t<meta name=\"twitter:data1\" content=\"2 minutes\" \/>\n<script type=\"application\/ld+json\" class=\"yoast-schema-graph\">{\"@context\":\"https:\\\/\\\/schema.org\",\"@graph\":[{\"@type\":\"WebPage\",\"@id\":\"https:\\\/\\\/sideburn.ca\\\/the-event\\\/policies\\\/lasers\\\/\",\"url\":\"https:\\\/\\\/sideburn.ca\\\/the-event\\\/policies\\\/lasers\\\/\",\"name\":\"Lasers - SideBurn\",\"isPartOf\":{\"@id\":\"https:\\\/\\\/dbx.gdr.mybluehost.me\\\/#website\"},\"primaryImageOfPage\":{\"@id\":\"https:\\\/\\\/sideburn.ca\\\/the-event\\\/policies\\\/lasers\\\/#primaryimage\"},\"image\":{\"@id\":\"https:\\\/\\\/sideburn.ca\\\/the-event\\\/policies\\\/lasers\\\/#primaryimage\"},\"thumbnailUrl\":\"https:\\\/\\\/sideburn.ca\\\/wp-content\\\/uploads\\\/2024\\\/12\\\/header-laserspolicy.jpg\",\"datePublished\":\"2024-10-17T19:14:23+00:00\",\"dateModified\":\"2026-03-05T01:18:08+00:00\",\"breadcrumb\":{\"@id\":\"https:\\\/\\\/sideburn.ca\\\/the-event\\\/policies\\\/lasers\\\/#breadcrumb\"},\"inLanguage\":\"fr-CA\",\"potentialAction\":[{\"@type\":\"ReadAction\",\"target\":[\"https:\\\/\\\/sideburn.ca\\\/the-event\\\/policies\\\/lasers\\\/\"]}]},{\"@type\":\"ImageObject\",\"inLanguage\":\"fr-CA\",\"@id\":\"https:\\\/\\\/sideburn.ca\\\/the-event\\\/policies\\\/lasers\\\/#primaryimage\",\"url\":\"https:\\\/\\\/sideburn.ca\\\/wp-content\\\/uploads\\\/2024\\\/12\\\/header-laserspolicy.jpg\",\"contentUrl\":\"https:\\\/\\\/sideburn.ca\\\/wp-content\\\/uploads\\\/2024\\\/12\\\/header-laserspolicy.jpg\",\"width\":1400,\"height\":675},{\"@type\":\"BreadcrumbList\",\"@id\":\"https:\\\/\\\/sideburn.ca\\\/the-event\\\/policies\\\/lasers\\\/#breadcrumb\",\"itemListElement\":[{\"@type\":\"ListItem\",\"position\":1,\"name\":\"Home\",\"item\":\"https:\\\/\\\/sideburn.ca\\\/\"},{\"@type\":\"ListItem\",\"position\":2,\"name\":\"The Event\",\"item\":\"https:\\\/\\\/sideburn.ca\\\/the-event\\\/\"},{\"@type\":\"ListItem\",\"position\":3,\"name\":\"Policies\",\"item\":\"https:\\\/\\\/sideburn.ca\\\/the-event\\\/policies\\\/\"},{\"@type\":\"ListItem\",\"position\":4,\"name\":\"Lasers\"}]},{\"@type\":\"WebSite\",\"@id\":\"https:\\\/\\\/dbx.gdr.mybluehost.me\\\/#website\",\"url\":\"https:\\\/\\\/dbx.gdr.mybluehost.me\\\/\",\"name\":\"SideBurn\",\"description\":\"Chromatic Carnival\",\"publisher\":{\"@id\":\"https:\\\/\\\/dbx.gdr.mybluehost.me\\\/#organization\"},\"potentialAction\":[{\"@type\":\"SearchAction\",\"target\":{\"@type\":\"EntryPoint\",\"urlTemplate\":\"https:\\\/\\\/dbx.gdr.mybluehost.me\\\/?s={search_term_string}\"},\"query-input\":{\"@type\":\"PropertyValueSpecification\",\"valueRequired\":true,\"valueName\":\"search_term_string\"}}],\"inLanguage\":\"fr-CA\"},{\"@type\":\"Organization\",\"@id\":\"https:\\\/\\\/dbx.gdr.mybluehost.me\\\/#organization\",\"name\":\"SideBurn\",\"url\":\"https:\\\/\\\/dbx.gdr.mybluehost.me\\\/\",\"logo\":{\"@type\":\"ImageObject\",\"inLanguage\":\"fr-CA\",\"@id\":\"https:\\\/\\\/dbx.gdr.mybluehost.me\\\/#\\\/schema\\\/logo\\\/image\\\/\",\"url\":\"https:\\\/\\\/i0.wp.com\\\/sideburn.ca\\\/wp-content\\\/uploads\\\/2024\\\/12\\\/logo-sideburn-full-1.png?fit=1259%2C496&ssl=1\",\"contentUrl\":\"https:\\\/\\\/i0.wp.com\\\/sideburn.ca\\\/wp-content\\\/uploads\\\/2024\\\/12\\\/logo-sideburn-full-1.png?fit=1259%2C496&ssl=1\",\"width\":1259,\"height\":496,\"caption\":\"SideBurn\"},\"image\":{\"@id\":\"https:\\\/\\\/dbx.gdr.mybluehost.me\\\/#\\\/schema\\\/logo\\\/image\\\/\"},\"sameAs\":[\"https:\\\/\\\/www.facebook.com\\\/groups\\\/145939082634753\",\"https:\\\/\\\/www.instagram.com\\\/sideburnregional\\\/\"]}]}<\/script>\n<!-- \/ Yoast SEO plugin. -->","yoast_head_json":{"title":"Lasers - SideBurn","robots":{"index":"index","follow":"follow","max-snippet":"max-snippet:-1","max-image-preview":"max-image-preview:large","max-video-preview":"max-video-preview:-1"},"canonical":"https:\/\/sideburn.ca\/fr\/the-event\/policies\/lasers\/","og_locale":"fr_CA","og_type":"article","og_title":"Lasers - SideBurn","og_description":"For detailed information on the regulations and safety guidelines regarding lasers, please review the full Lasers Policy page.","og_url":"https:\/\/sideburn.ca\/fr\/the-event\/policies\/lasers\/","og_site_name":"SideBurn","article_publisher":"https:\/\/www.facebook.com\/groups\/145939082634753","article_modified_time":"2026-03-05T01:18:08+00:00","og_image":[{"width":1400,"height":675,"url":"https:\/\/sideburn.ca\/wp-content\/uploads\/2024\/12\/header-laserspolicy.jpg","type":"image\/jpeg"}],"twitter_card":"summary_large_image","twitter_misc":{"Est. reading time":"2 minutes"},"schema":{"@context":"https:\/\/schema.org","@graph":[{"@type":"WebPage","@id":"https:\/\/sideburn.ca\/the-event\/policies\/lasers\/","url":"https:\/\/sideburn.ca\/the-event\/policies\/lasers\/","name":"Lasers - SideBurn","isPartOf":{"@id":"https:\/\/dbx.gdr.mybluehost.me\/#website"},"primaryImageOfPage":{"@id":"https:\/\/sideburn.ca\/the-event\/policies\/lasers\/#primaryimage"},"image":{"@id":"https:\/\/sideburn.ca\/the-event\/policies\/lasers\/#primaryimage"},"thumbnailUrl":"https:\/\/sideburn.ca\/wp-content\/uploads\/2024\/12\/header-laserspolicy.jpg","datePublished":"2024-10-17T19:14:23+00:00","dateModified":"2026-03-05T01:18:08+00:00","breadcrumb":{"@id":"https:\/\/sideburn.ca\/the-event\/policies\/lasers\/#breadcrumb"},"inLanguage":"fr-CA","potentialAction":[{"@type":"ReadAction","target":["https:\/\/sideburn.ca\/the-event\/policies\/lasers\/"]}]},{"@type":"ImageObject","inLanguage":"fr-CA","@id":"https:\/\/sideburn.ca\/the-event\/policies\/lasers\/#primaryimage","url":"https:\/\/sideburn.ca\/wp-content\/uploads\/2024\/12\/header-laserspolicy.jpg","contentUrl":"https:\/\/sideburn.ca\/wp-content\/uploads\/2024\/12\/header-laserspolicy.jpg","width":1400,"height":675},{"@type":"BreadcrumbList","@id":"https:\/\/sideburn.ca\/the-event\/policies\/lasers\/#breadcrumb","itemListElement":[{"@type":"ListItem","position":1,"name":"Home","item":"https:\/\/sideburn.ca\/"},{"@type":"ListItem","position":2,"name":"The Event","item":"https:\/\/sideburn.ca\/the-event\/"},{"@type":"ListItem","position":3,"name":"Policies","item":"https:\/\/sideburn.ca\/the-event\/policies\/"},{"@type":"ListItem","position":4,"name":"Lasers"}]},{"@type":"WebSite","@id":"https:\/\/dbx.gdr.mybluehost.me\/#website","url":"https:\/\/dbx.gdr.mybluehost.me\/","name":"SideBurn","description":"Carnaval chromatique","publisher":{"@id":"https:\/\/dbx.gdr.mybluehost.me\/#organization"},"potentialAction":[{"@type":"SearchAction","target":{"@type":"EntryPoint","urlTemplate":"https:\/\/dbx.gdr.mybluehost.me\/?s={search_term_string}"},"query-input":{"@type":"PropertyValueSpecification","valueRequired":true,"valueName":"search_term_string"}}],"inLanguage":"fr-CA"},{"@type":"Organization","@id":"https:\/\/dbx.gdr.mybluehost.me\/#organization","name":"SideBurn","url":"https:\/\/dbx.gdr.mybluehost.me\/","logo":{"@type":"ImageObject","inLanguage":"fr-CA","@id":"https:\/\/dbx.gdr.mybluehost.me\/#\/schema\/logo\/image\/","url":"https:\/\/i0.wp.com\/sideburn.ca\/wp-content\/uploads\/2024\/12\/logo-sideburn-full-1.png?fit=1259%2C496&ssl=1","contentUrl":"https:\/\/i0.wp.com\/sideburn.ca\/wp-content\/uploads\/2024\/12\/logo-sideburn-full-1.png?fit=1259%2C496&ssl=1","width":1259,"height":496,"caption":"SideBurn"},"image":{"@id":"https:\/\/dbx.gdr.mybluehost.me\/#\/schema\/logo\/image\/"},"sameAs":["https:\/\/www.facebook.com\/groups\/145939082634753","https:\/\/www.instagram.com\/sideburnregional\/"]}]}},"_links":{"self":[{"href":"https:\/\/sideburn.ca\/fr\/wp-json\/wp\/v2\/pages\/79","targetHints":{"allow":["GET"]}}],"collection":[{"href":"https:\/\/sideburn.ca\/fr\/wp-json\/wp\/v2\/pages"}],"about":[{"href":"https:\/\/sideburn.ca\/fr\/wp-json\/wp\/v2\/types\/page"}],"author":[{"embeddable":true,"href":"https:\/\/sideburn.ca\/fr\/wp-json\/wp\/v2\/users\/2"}],"replies":[{"embeddable":true,"href":"https:\/\/sideburn.ca\/fr\/wp-json\/wp\/v2\/comments?post=79"}],"version-history":[{"count":8,"href":"https:\/\/sideburn.ca\/fr\/wp-json\/wp\/v2\/pages\/79\/revisions"}],"predecessor-version":[{"id":2497,"href":"https:\/\/sideburn.ca\/fr\/wp-json\/wp\/v2\/pages\/79\/revisions\/2497"}],"up":[{"embeddable":true,"href":"https:\/\/sideburn.ca\/fr\/wp-json\/wp\/v2\/pages\/73"}],"wp:featuredmedia":[{"embeddable":true,"href":"https:\/\/sideburn.ca\/fr\/wp-json\/wp\/v2\/media\/939"}],"wp:attachment":[{"href":"https:\/\/sideburn.ca\/fr\/wp-json\/wp\/v2\/media?parent=79"}],"curies":[{"name":"wp","href":"https:\/\/api.w.org\/{rel}","templated":true}]}}