{"id":75,"date":"2024-10-17T19:13:55","date_gmt":"2024-10-17T19:13:55","guid":{"rendered":"https:\/\/dbx.gdr.mybluehost.me\/?page_id=75"},"modified":"2026-03-13T12:39:55","modified_gmt":"2026-03-13T12:39:55","slug":"flame-effects-and-fire-art","status":"publish","type":"page","link":"https:\/\/sideburn.ca\/fr\/the-event\/policies\/flame-effects-and-fire-art\/","title":{"rendered":"Art du feu et effets de flamme"},"content":{"rendered":"<p><strong>Comme il s'agit d'un burn, nous acceptons toutes sortes d'activit\u00e9s li\u00e9es au feu.<\/strong> Tous les effets de flamme doivent \u00eatre inspect\u00e9s par FAST et supervis\u00e9s par des op\u00e9rateurs form\u00e9s. Les lignes directrices des normes NFPA 58 et NFPA 160 sont suivies pour une conception correcte, en particulier pour les r\u00e9servoirs et les cuves sous pression, les syst\u00e8mes de plomberie, les syst\u00e8mes de contr\u00f4le et les mesures de s\u00e9curit\u00e9 g\u00e9n\u00e9rales. Ces directives soulignent l'importance d\u2019un stockage s\u00fbr et de conditions ad\u00e9quates ainsi que de l'utilisation de mat\u00e9riaux appropri\u00e9s pour la plomberie et les raccordements. En outre, des exigences sp\u00e9cifiques pour les syst\u00e8mes de contr\u00f4le, les syst\u00e8mes pilotes et l'emplacement sont d\u00e9finies pour garantir le fonctionnement en toute s\u00e9curit\u00e9 des effets de flamme du propane, en mettant l'accent sur la s\u00e9curit\u00e9 incendie, les zones d\u00e9gag\u00e9es et la sobri\u00e9t\u00e9 de l'op\u00e9rateur.<\/p>\n<p><strong>Les effets de flamme au propane chez SideBurn tombent dans deux cat\u00e9gories principales :<\/strong><\/p>\n<ul>\n<li><strong>Effets statiques :<\/strong> flammes douces dans un environnement contr\u00f4l\u00e9 comme les tables ou les foyers.<\/li>\n<li><strong>Effets dynamiques :<\/strong> caract\u00e9ris\u00e9s par des rafales plus importantes dans un style \u201cpoofer\u201d.<\/li>\n<\/ul>\n<p>Les effets de flamme sont des dispositifs qui utilisent du gaz de p\u00e9trole liqu\u00e9fi\u00e9 (LP) sous pression, \u00e9galement appel\u00e9 propane, pour produire un feu visible, soit sous la forme de flammes douces dans une table ou un foyer (effets statiques), soit sous la forme de gros \u00e9clats dans un effet de style \u201cpoofer\u201d (effets dynamiques). Les effets de flamme au propane sont interdits lors d'une interdiction de br\u00fblage de phase 2, mais peuvent \u00eatre autoris\u00e9s lors d'une interdiction de br\u00fblage de phase 1, \u00e0 la discr\u00e9tion de SideBurn et de l'\u00e9quipe d'art du feu.<\/p>\n<ul>\n<li>Tous les effets de flamme doivent \u00eatre inspect\u00e9s avant d'\u00eatre utilis\u00e9s \u00e0 SideBurn.<\/li>\n<li>Tous les effets de flamme doivent faire l'objet d'une surveillance directe et permanente par un nombre appropri\u00e9 d'op\u00e9rateurs form\u00e9s.<\/li>\n<li>Pr\u00e9voyez un plan de stockage s\u00fbr pour les carburants de rechange qui ne sont pas utilis\u00e9s.<\/li>\n<\/ul>\n<h2>Lignes directrices pour les sculptures<\/h2>\n<p>SideBurn utilise les normes NFPA 58 \u201cLiquefied Petroleum Gas Code\u201d et NFPA 160 \u201cStandard for Use of Flame Effects Before an Audience\u201d comme lignes directrices pour la conception correcte des effets de flammes.<\/p>\n<h2>R\u00e9servoirs et appareils \u00e0 pression<\/h2>\n<ul>\n<li><span style=\"font-weight: 400;\">Les r\u00e9servoirs et les accumulateurs doivent \u00eatre en bon \u00e9tat, porter un cachet de certification valide datant de moins de 10 ans et \u00eatre con\u00e7us pour les pressions auxquelles ils seront expos\u00e9s.<\/span><\/li>\n<li>Les r\u00e9servoirs et les accumulateurs doivent \u00eatre exempts de rouille (en particulier le fond).<\/li>\n<li>Il est interdit de souder ou de modifier les r\u00e9servoirs ou les cuves sous pression (sauf si ces soudures sont effectu\u00e9es par un soudeur agr\u00e9\u00e9 qualifi\u00e9 pour r\u00e9parer les r\u00e9servoirs de GPL).<\/li>\n<li>Les r\u00e9servoirs ne doivent pas \u00eatre plac\u00e9s dans un environnement o\u00f9 ils seront expos\u00e9s \u00e0 une chaleur ou \u00e0 un froid extr\u00eames.<\/li>\n<li>Les r\u00e9servoirs doivent \u00eatre s\u00e9curis\u00e9s pour \u00e9viter tout basculement. Ne pas modifier ou enlever les protections des soupapes.<\/li>\n<li>Les raccords de r\u00e9servoir doivent \u00eatre homologu\u00e9s pour une utilisation avec du gaz de p\u00e9trole liqu\u00e9fi\u00e9.<\/li>\n<li>Tous les r\u00e9servoirs, conduites et \u00e9l\u00e9ments sculpturaux doivent subir un test d'\u00e9tanch\u00e9it\u00e9 lors de l'inspection.<\/li>\n<li><span style=\"font-weight: 400;\">Les r\u00e9servoirs doivent \u00eatre situ\u00e9s \u00e0 au moins 10 pieds de toute source d'inflammation. Cela signifie que les tuyaux devront avoir une longueur d'au moins 15 pieds pour pouvoir courir sur le sol en toute s\u00e9curit\u00e9 et ne pas constituer un risque de tr\u00e9buchement.<\/span><\/li>\n<\/ul>\n<h2>Syst\u00e8mes de plomberie<\/h2>\n<ul>\n<li><span style=\"font-weight: 400;\">Des robinets \u00e0 tournant sph\u00e9rique de 1\u20444 tour doivent \u00eatre pr\u00e9vus pour une fermeture rapide. Ces vannes doivent \u00eatre plac\u00e9es au minimum au niveau du r\u00e9servoir, pr\u00e8s de la t\u00eate d'effet, au niveau de l'accumulateur et au niveau de la lampe t\u00e9moin.<\/span><\/li>\n<li>Les raccords et les tuyaux doivent \u00eatre parfaitement adapt\u00e9s aux pressions auxquelles ils seront expos\u00e9s.<\/li>\n<li><span style=\"font-weight: 400;\">Les tuyaux durs et les raccords doivent \u00eatre noirs et non galvanis\u00e9s.<\/span><\/li>\n<\/ul>\n<p><strong>Remarque :<\/strong> Les r\u00e9servoirs de GPL non r\u00e9glement\u00e9s pouvant atteindre plus de 300 psi \u00e0 des temp\u00e9ratures ambiantes \u00e9lev\u00e9es, les raccords de tuyauterie standard en acier Schedule 40 ne sont pas suffisants pour les connexions du c\u00f4t\u00e9 alimentation de votre d\u00e9tendeur ! Des raccords en acier Schedule 80 ou des raccords haute pression en laiton ou en cuivre sont n\u00e9cessaires du c\u00f4t\u00e9 de l'alimentation des d\u00e9tendeurs.<\/p>\n<ul>\n<li>Les syst\u00e8mes sous pression doivent \u00eatre \u00e9quip\u00e9s de raccords et de tuyaux r\u00e9sistants \u00e0 la pression. Les conduites de gaz de p\u00e9trole liqu\u00e9fi\u00e9 en cuivre, en acier et les conduites flexibles renforc\u00e9es sont acceptables. Les tubes en PVC ou en vinyle ne le sont pas.<\/li>\n<li>Les tuyaux et flexibles du syst\u00e8me sous pression ne doivent pas pr\u00e9senter de soudures ou de modifications. Les tuyaux et flexibles du syst\u00e8me d'\u00e9vacuation peuvent \u00eatre modifi\u00e9s car ils ne sont pas cens\u00e9s r\u00e9sister \u00e0 la pression.<\/li>\n<li>Les raccordements des conduites flexibles en cuivre doivent \u00eatre r\u00e9alis\u00e9s \u00e0 l'aide de raccords \u00e9vas\u00e9s et non de raccords \u00e0 compression.<\/li>\n<li>Les conduites flexibles en cuivre doivent \u00eatre de type K, L ou ACR pour \u00eatre utilis\u00e9es avec du gaz de p\u00e9trole liqu\u00e9fi\u00e9.<\/li>\n<li><span style=\"font-weight: 400;\">Les tuyaux flexibles doivent porter une \u00e9tiquette CSA ou \u00e9quivalente et \u00eatre homologu\u00e9s pour une utilisation avec du gaz de p\u00e9trole liqu\u00e9fi\u00e9 et les pressions auxquelles ils sont expos\u00e9s (g\u00e9n\u00e9ralement 350 psi maximum).<\/span><\/li>\n<li>Le ruban de t\u00e9flon ou le mastic de tuyauterie doit \u00eatre homologu\u00e9 pour le gaz de p\u00e9trole liqu\u00e9fi\u00e9 (couleur jaune). Tous les raccords NPT doivent \u00eatre scell\u00e9s avec du ruban ou d'un produit d'\u00e9tanch\u00e9it\u00e9, mais les raccords \u00e9vas\u00e9s doivent \u00eatre install\u00e9s proprement.<\/li>\n<li>Les raccords rapides doivent \u00eatre con\u00e7us pour le gaz de p\u00e9trole liqu\u00e9fi\u00e9 et \u00eatre du type DESO \u201cDouble End Shut-Off\u201d pour retenir la pression des deux c\u00f4t\u00e9s - les raccords pour compresseurs d'air ne sont g\u00e9n\u00e9ralement pas acceptables parce qu'ils rel\u00e2chent la pression d'un c\u00f4t\u00e9 du raccord lorsqu'ils sont d\u00e9connect\u00e9s, ce qui risque de faire sortir le propane des r\u00e9servoirs ou des accumulateurs d'une mani\u00e8re dangereuse.<\/li>\n<\/ul>\n<h2>Syst\u00e8mes de contr\u00f4le<\/h2>\n<ul>\n<li>Les commandes doivent toujours \u00eatre \u00e0 \u201cs\u00e9curit\u00e9 int\u00e9gr\u00e9e\u201d, c'est-\u00e0-dire qu'un d\u00e9faut \u00e9lectrique ou une perte de puissance doit entra\u00eener l'arr\u00eat du syst\u00e8me et NON son ouverture. En g\u00e9n\u00e9ral, cela signifie que les \u00e9lectrovannes NO (normalement ouvertes) ne sont pas acceptables, \u00e0 moins qu'il n'y ait un dispositif d'arr\u00eat automatique de secours.<\/li>\n<li>Les installations contr\u00f4lables par le public sont acceptables, mais la personne responsable de l'art doit \u00eatre pr\u00e9sente et superviser.<\/li>\n<li>Les syst\u00e8mes de contr\u00f4le doivent pouvoir \u00eatre verrouill\u00e9s afin d'\u00eatre d\u00e9sactiv\u00e9s lorsqu'ils ne sont pas utilis\u00e9s. Les serrures \u00e0 cl\u00e9, le retrait d'une batterie propri\u00e9taire ou d'un panneau de commande sont autant de m\u00e9thodes possibles.<\/li>\n<\/ul>\n<h2>Lignes directrices g\u00e9n\u00e9rales<\/h2>\n<ul>\n<li>Les syst\u00e8mes pilotes doivent \u00eatre fiables et faciles \u00e0 allumer.<\/li>\n<li>Une protection contre le vent est fortement recommand\u00e9e pour le pilote.<\/li>\n<li>Si un rallumage manuel est n\u00e9cessaire, coupez tout le flux de gaz et attendez 60 secondes avant d'essayer de rallumer.<\/li>\n<li>La t\u00eate de l'effet (point de d\u00e9charge) doit se trouver \u00e0 au moins 10\u2032 au-dessus du sol, ou vous devez d\u00e9limiter un p\u00e9rim\u00e8tre appropri\u00e9 autour de votre effet.  La t\u00eate de l'effet doit toujours \u00eatre orient\u00e9e vers le haut, \u00e0 moins qu'un large p\u00e9rim\u00e8tre ne soit \u00e9tabli (et surveill\u00e9) pendant l'op\u00e9ration.<\/li>\n<li><span style=\"font-weight: 400;\">Les joints de soupape doivent \u00eatre fabriqu\u00e9s en mat\u00e9riaux compatibles avec le propane, c'est-\u00e0-dire en FKM (Viton) ou en nitrile (Buna-N, NBR).<\/span><\/li>\n<li><span style=\"font-weight: 400;\">Apportez une copie imprim\u00e9e du plan du site, du plan de s\u00e9curit\u00e9 et du sch\u00e9ma du syst\u00e8me.<\/span><\/li>\n<\/ul>\n<h2>Lignes directrices pour les sites<\/h2>\n<ul>\n<li>D\u00e9gagez les mat\u00e9riaux combustibles autour de votre effet dans un rayon d\u2019au moins 10 pieds. Les effets plus importants peuvent n\u00e9cessiter une zone de d\u00e9gagement plus grande.<\/li>\n<li>Placez l'effet loin des arbres, des tentes, des structures et des branches en surplomb. N'oubliez pas que votre poof peut \u00eatre projet\u00e9 \u00e0 un angle de 90 degr\u00e9s en cas de vent !<\/li>\n<li>Vous devez fournir des extincteurs ABC adapt\u00e9s \u00e0 votre installation. Ceux-ci doivent \u00eatre plac\u00e9s \u00e0 l'\u00e9cart de l'effet de flamme principal, mais bien en vue du public (un \u00e9tranger peut \u00eatre celui qui vous sauvera !).<\/li>\n<li>Les zones de stockage de carburant doivent \u00eatre clairement signal\u00e9es, notamment par des panneaux d'interdiction de fumer et par une balise, une lumi\u00e8re ou un b\u00e2ton lumineux rouge pour la nuit.<\/li>\n<li>Les effets portables sont autoris\u00e9s \u00e0 condition que des zones d\u00e9gag\u00e9es soient choisies pour leur utilisation, que les effets soient dirig\u00e9s de mani\u00e8re s\u00fbre (droit vers le haut) et qu'ils passent au-dessus de la t\u00eate des personnes et des structures environnantes.<\/li>\n<li>Les op\u00e9rateurs doivent \u00eatre sobres !<\/li>\n<\/ul>\n<p><strong>Si vous avez des questions,<\/strong> veuillez contacter <a href=\"mailto:fast@sideburn.ca\">fast@sideburn.ca<\/a>.<\/p>","protected":false},"excerpt":{"rendered":"<p>Pour plus d'informations sur nos directives et r\u00e9glementations concernant les effets de flammes et l'art du feu, veuillez consulter la Politique en mati\u00e8re d'effets de flammes et d'art du feu.<\/p>","protected":false},"author":2,"featured_media":937,"parent":73,"menu_order":16,"comment_status":"closed","ping_status":"closed","template":"","meta":{"_acf_changed":false,"nf_dc_page":"","footnotes":""},"class_list":["post-75","page","type-page","status-publish","has-post-thumbnail","hentry"],"acf":[],"yoast_head":"<!-- This site is optimized with the Yoast SEO plugin v27.4 - https:\/\/yoast.com\/product\/yoast-seo-wordpress\/ -->\n<title>Fire Art and Flame Effects - SideBurn<\/title>\n<meta name=\"robots\" content=\"index, follow, max-snippet:-1, max-image-preview:large, max-video-preview:-1\" \/>\n<link rel=\"canonical\" href=\"https:\/\/sideburn.ca\/fr\/the-event\/policies\/flame-effects-and-fire-art\/\" \/>\n<meta property=\"og:locale\" content=\"fr_CA\" \/>\n<meta property=\"og:type\" content=\"article\" \/>\n<meta property=\"og:title\" content=\"Fire Art and Flame Effects - SideBurn\" \/>\n<meta property=\"og:description\" content=\"For more information on our guidelines and regulations regarding flame effects and fire art, please review the full Flame Effects and Fire Art Policy page.\" \/>\n<meta property=\"og:url\" content=\"https:\/\/sideburn.ca\/fr\/the-event\/policies\/flame-effects-and-fire-art\/\" \/>\n<meta property=\"og:site_name\" content=\"SideBurn\" \/>\n<meta property=\"article:publisher\" content=\"https:\/\/www.facebook.com\/groups\/145939082634753\" \/>\n<meta property=\"article:modified_time\" content=\"2026-03-13T12:39:55+00:00\" \/>\n<meta property=\"og:image\" content=\"https:\/\/sideburn.ca\/wp-content\/uploads\/2024\/12\/header-flameeffectspolicy.jpg\" \/>\n\t<meta property=\"og:image:width\" content=\"1400\" \/>\n\t<meta property=\"og:image:height\" content=\"711\" \/>\n\t<meta property=\"og:image:type\" content=\"image\/jpeg\" \/>\n<meta name=\"twitter:card\" content=\"summary_large_image\" \/>\n<meta name=\"twitter:label1\" content=\"Est. reading time\" \/>\n\t<meta name=\"twitter:data1\" content=\"5 minutes\" \/>\n<script type=\"application\/ld+json\" class=\"yoast-schema-graph\">{\"@context\":\"https:\\\/\\\/schema.org\",\"@graph\":[{\"@type\":\"WebPage\",\"@id\":\"https:\\\/\\\/sideburn.ca\\\/the-event\\\/policies\\\/flame-effects-and-fire-art\\\/\",\"url\":\"https:\\\/\\\/sideburn.ca\\\/the-event\\\/policies\\\/flame-effects-and-fire-art\\\/\",\"name\":\"Fire Art and Flame Effects - SideBurn\",\"isPartOf\":{\"@id\":\"https:\\\/\\\/dbx.gdr.mybluehost.me\\\/#website\"},\"primaryImageOfPage\":{\"@id\":\"https:\\\/\\\/sideburn.ca\\\/the-event\\\/policies\\\/flame-effects-and-fire-art\\\/#primaryimage\"},\"image\":{\"@id\":\"https:\\\/\\\/sideburn.ca\\\/the-event\\\/policies\\\/flame-effects-and-fire-art\\\/#primaryimage\"},\"thumbnailUrl\":\"https:\\\/\\\/sideburn.ca\\\/wp-content\\\/uploads\\\/2024\\\/12\\\/header-flameeffectspolicy.jpg\",\"datePublished\":\"2024-10-17T19:13:55+00:00\",\"dateModified\":\"2026-03-13T12:39:55+00:00\",\"breadcrumb\":{\"@id\":\"https:\\\/\\\/sideburn.ca\\\/the-event\\\/policies\\\/flame-effects-and-fire-art\\\/#breadcrumb\"},\"inLanguage\":\"fr-CA\",\"potentialAction\":[{\"@type\":\"ReadAction\",\"target\":[\"https:\\\/\\\/sideburn.ca\\\/the-event\\\/policies\\\/flame-effects-and-fire-art\\\/\"]}]},{\"@type\":\"ImageObject\",\"inLanguage\":\"fr-CA\",\"@id\":\"https:\\\/\\\/sideburn.ca\\\/the-event\\\/policies\\\/flame-effects-and-fire-art\\\/#primaryimage\",\"url\":\"https:\\\/\\\/sideburn.ca\\\/wp-content\\\/uploads\\\/2024\\\/12\\\/header-flameeffectspolicy.jpg\",\"contentUrl\":\"https:\\\/\\\/sideburn.ca\\\/wp-content\\\/uploads\\\/2024\\\/12\\\/header-flameeffectspolicy.jpg\",\"width\":1400,\"height\":711},{\"@type\":\"BreadcrumbList\",\"@id\":\"https:\\\/\\\/sideburn.ca\\\/the-event\\\/policies\\\/flame-effects-and-fire-art\\\/#breadcrumb\",\"itemListElement\":[{\"@type\":\"ListItem\",\"position\":1,\"name\":\"Home\",\"item\":\"https:\\\/\\\/sideburn.ca\\\/\"},{\"@type\":\"ListItem\",\"position\":2,\"name\":\"The Event\",\"item\":\"https:\\\/\\\/sideburn.ca\\\/the-event\\\/\"},{\"@type\":\"ListItem\",\"position\":3,\"name\":\"Policies\",\"item\":\"https:\\\/\\\/sideburn.ca\\\/the-event\\\/policies\\\/\"},{\"@type\":\"ListItem\",\"position\":4,\"name\":\"Fire Art and Flame Effects\"}]},{\"@type\":\"WebSite\",\"@id\":\"https:\\\/\\\/dbx.gdr.mybluehost.me\\\/#website\",\"url\":\"https:\\\/\\\/dbx.gdr.mybluehost.me\\\/\",\"name\":\"SideBurn\",\"description\":\"Chromatic Carnival\",\"publisher\":{\"@id\":\"https:\\\/\\\/dbx.gdr.mybluehost.me\\\/#organization\"},\"potentialAction\":[{\"@type\":\"SearchAction\",\"target\":{\"@type\":\"EntryPoint\",\"urlTemplate\":\"https:\\\/\\\/dbx.gdr.mybluehost.me\\\/?s={search_term_string}\"},\"query-input\":{\"@type\":\"PropertyValueSpecification\",\"valueRequired\":true,\"valueName\":\"search_term_string\"}}],\"inLanguage\":\"fr-CA\"},{\"@type\":\"Organization\",\"@id\":\"https:\\\/\\\/dbx.gdr.mybluehost.me\\\/#organization\",\"name\":\"SideBurn\",\"url\":\"https:\\\/\\\/dbx.gdr.mybluehost.me\\\/\",\"logo\":{\"@type\":\"ImageObject\",\"inLanguage\":\"fr-CA\",\"@id\":\"https:\\\/\\\/dbx.gdr.mybluehost.me\\\/#\\\/schema\\\/logo\\\/image\\\/\",\"url\":\"https:\\\/\\\/i0.wp.com\\\/sideburn.ca\\\/wp-content\\\/uploads\\\/2024\\\/12\\\/logo-sideburn-full-1.png?fit=1259%2C496&ssl=1\",\"contentUrl\":\"https:\\\/\\\/i0.wp.com\\\/sideburn.ca\\\/wp-content\\\/uploads\\\/2024\\\/12\\\/logo-sideburn-full-1.png?fit=1259%2C496&ssl=1\",\"width\":1259,\"height\":496,\"caption\":\"SideBurn\"},\"image\":{\"@id\":\"https:\\\/\\\/dbx.gdr.mybluehost.me\\\/#\\\/schema\\\/logo\\\/image\\\/\"},\"sameAs\":[\"https:\\\/\\\/www.facebook.com\\\/groups\\\/145939082634753\",\"https:\\\/\\\/www.instagram.com\\\/sideburnregional\\\/\"]}]}<\/script>\n<!-- \/ Yoast SEO plugin. -->","yoast_head_json":{"title":"Fire Art and Flame Effects - SideBurn","robots":{"index":"index","follow":"follow","max-snippet":"max-snippet:-1","max-image-preview":"max-image-preview:large","max-video-preview":"max-video-preview:-1"},"canonical":"https:\/\/sideburn.ca\/fr\/the-event\/policies\/flame-effects-and-fire-art\/","og_locale":"fr_CA","og_type":"article","og_title":"Fire Art and Flame Effects - SideBurn","og_description":"For more information on our guidelines and regulations regarding flame effects and fire art, please review the full Flame Effects and Fire Art Policy page.","og_url":"https:\/\/sideburn.ca\/fr\/the-event\/policies\/flame-effects-and-fire-art\/","og_site_name":"SideBurn","article_publisher":"https:\/\/www.facebook.com\/groups\/145939082634753","article_modified_time":"2026-03-13T12:39:55+00:00","og_image":[{"width":1400,"height":711,"url":"https:\/\/sideburn.ca\/wp-content\/uploads\/2024\/12\/header-flameeffectspolicy.jpg","type":"image\/jpeg"}],"twitter_card":"summary_large_image","twitter_misc":{"Est. reading time":"5 minutes"},"schema":{"@context":"https:\/\/schema.org","@graph":[{"@type":"WebPage","@id":"https:\/\/sideburn.ca\/the-event\/policies\/flame-effects-and-fire-art\/","url":"https:\/\/sideburn.ca\/the-event\/policies\/flame-effects-and-fire-art\/","name":"Fire Art and Flame Effects - SideBurn","isPartOf":{"@id":"https:\/\/dbx.gdr.mybluehost.me\/#website"},"primaryImageOfPage":{"@id":"https:\/\/sideburn.ca\/the-event\/policies\/flame-effects-and-fire-art\/#primaryimage"},"image":{"@id":"https:\/\/sideburn.ca\/the-event\/policies\/flame-effects-and-fire-art\/#primaryimage"},"thumbnailUrl":"https:\/\/sideburn.ca\/wp-content\/uploads\/2024\/12\/header-flameeffectspolicy.jpg","datePublished":"2024-10-17T19:13:55+00:00","dateModified":"2026-03-13T12:39:55+00:00","breadcrumb":{"@id":"https:\/\/sideburn.ca\/the-event\/policies\/flame-effects-and-fire-art\/#breadcrumb"},"inLanguage":"fr-CA","potentialAction":[{"@type":"ReadAction","target":["https:\/\/sideburn.ca\/the-event\/policies\/flame-effects-and-fire-art\/"]}]},{"@type":"ImageObject","inLanguage":"fr-CA","@id":"https:\/\/sideburn.ca\/the-event\/policies\/flame-effects-and-fire-art\/#primaryimage","url":"https:\/\/sideburn.ca\/wp-content\/uploads\/2024\/12\/header-flameeffectspolicy.jpg","contentUrl":"https:\/\/sideburn.ca\/wp-content\/uploads\/2024\/12\/header-flameeffectspolicy.jpg","width":1400,"height":711},{"@type":"BreadcrumbList","@id":"https:\/\/sideburn.ca\/the-event\/policies\/flame-effects-and-fire-art\/#breadcrumb","itemListElement":[{"@type":"ListItem","position":1,"name":"Home","item":"https:\/\/sideburn.ca\/"},{"@type":"ListItem","position":2,"name":"The Event","item":"https:\/\/sideburn.ca\/the-event\/"},{"@type":"ListItem","position":3,"name":"Policies","item":"https:\/\/sideburn.ca\/the-event\/policies\/"},{"@type":"ListItem","position":4,"name":"Fire Art and Flame Effects"}]},{"@type":"WebSite","@id":"https:\/\/dbx.gdr.mybluehost.me\/#website","url":"https:\/\/dbx.gdr.mybluehost.me\/","name":"SideBurn","description":"Carnaval chromatique","publisher":{"@id":"https:\/\/dbx.gdr.mybluehost.me\/#organization"},"potentialAction":[{"@type":"SearchAction","target":{"@type":"EntryPoint","urlTemplate":"https:\/\/dbx.gdr.mybluehost.me\/?s={search_term_string}"},"query-input":{"@type":"PropertyValueSpecification","valueRequired":true,"valueName":"search_term_string"}}],"inLanguage":"fr-CA"},{"@type":"Organization","@id":"https:\/\/dbx.gdr.mybluehost.me\/#organization","name":"SideBurn","url":"https:\/\/dbx.gdr.mybluehost.me\/","logo":{"@type":"ImageObject","inLanguage":"fr-CA","@id":"https:\/\/dbx.gdr.mybluehost.me\/#\/schema\/logo\/image\/","url":"https:\/\/i0.wp.com\/sideburn.ca\/wp-content\/uploads\/2024\/12\/logo-sideburn-full-1.png?fit=1259%2C496&ssl=1","contentUrl":"https:\/\/i0.wp.com\/sideburn.ca\/wp-content\/uploads\/2024\/12\/logo-sideburn-full-1.png?fit=1259%2C496&ssl=1","width":1259,"height":496,"caption":"SideBurn"},"image":{"@id":"https:\/\/dbx.gdr.mybluehost.me\/#\/schema\/logo\/image\/"},"sameAs":["https:\/\/www.facebook.com\/groups\/145939082634753","https:\/\/www.instagram.com\/sideburnregional\/"]}]}},"_links":{"self":[{"href":"https:\/\/sideburn.ca\/fr\/wp-json\/wp\/v2\/pages\/75","targetHints":{"allow":["GET"]}}],"collection":[{"href":"https:\/\/sideburn.ca\/fr\/wp-json\/wp\/v2\/pages"}],"about":[{"href":"https:\/\/sideburn.ca\/fr\/wp-json\/wp\/v2\/types\/page"}],"author":[{"embeddable":true,"href":"https:\/\/sideburn.ca\/fr\/wp-json\/wp\/v2\/users\/2"}],"replies":[{"embeddable":true,"href":"https:\/\/sideburn.ca\/fr\/wp-json\/wp\/v2\/comments?post=75"}],"version-history":[{"count":20,"href":"https:\/\/sideburn.ca\/fr\/wp-json\/wp\/v2\/pages\/75\/revisions"}],"predecessor-version":[{"id":2558,"href":"https:\/\/sideburn.ca\/fr\/wp-json\/wp\/v2\/pages\/75\/revisions\/2558"}],"up":[{"embeddable":true,"href":"https:\/\/sideburn.ca\/fr\/wp-json\/wp\/v2\/pages\/73"}],"wp:featuredmedia":[{"embeddable":true,"href":"https:\/\/sideburn.ca\/fr\/wp-json\/wp\/v2\/media\/937"}],"wp:attachment":[{"href":"https:\/\/sideburn.ca\/fr\/wp-json\/wp\/v2\/media?parent=75"}],"curies":[{"name":"wp","href":"https:\/\/api.w.org\/{rel}","templated":true}]}}