{"id":747,"date":"2024-12-23T16:28:38","date_gmt":"2024-12-23T16:28:38","guid":{"rendered":"https:\/\/dbx.gdr.mybluehost.me\/?page_id=747"},"modified":"2024-12-23T17:09:39","modified_gmt":"2024-12-23T17:09:39","slug":"fast-documentation","status":"publish","type":"page","link":"https:\/\/sideburn.ca\/fr\/fast-documentation\/","title":{"rendered":"Documents requis par FAST"},"content":{"rendered":"<p class=\"lead\">Pour les projets de br\u00fblage d'\u0153uvres d'art, les documents suivants doivent \u00eatre soumis \u00e0 l'examen et \u00e0 l'approbation de FAST.<\/p>\n<p><em><strong>Remarque :<\/strong> La pyrotechnie n'est pas autoris\u00e9e lors de l'\u00e9v\u00e9nement. Un espace maximum de 20\u2019 x 20\u2019 de large et 20\u2019 de haut est appliqu\u00e9 \u00e0 toutes les \u0153uvres d'art br\u00fblables.<\/em> <\/p>\n<h2>Plan de br\u00fblage<\/h2>\n<p>Votre plan de combustion est une description compl\u00e8te et d\u00e9taill\u00e9e de la mani\u00e8re dont vous allez pr\u00e9parer et br\u00fbler votre \u0153uvre d'art, de la mani\u00e8re dont vous allez att\u00e9nuer les risques qui subsistent imm\u00e9diatement apr\u00e8s la combustion, des personnes qui composent votre \u00e9quipe de construction et votre \u00e9quipe d'allumage, ainsi que de tout autre \u00e9l\u00e9ment que vous allez incorporer dans votre combustion. Il s'agit du \u201cquoi\u201d et du \u201ccomment\u201d de votre plan de combustion. <\/p>\n<p><strong>Elle doit comporter des d\u00e9tails tels que<\/strong><\/p>\n<ul>\n<li>Bouclier anti-br\u00fblure pour prot\u00e9ger le sol des cicatrices de br\u00fblure (le cas \u00e9ch\u00e9ant)<\/li>\n<li>Mat\u00e9riaux et construction des \u0153uvres d'art<\/li>\n<li>Objets \u00e0 retirer de la structure avant le br\u00fblage<\/li>\n<li>entrave structurelle pour encourager la structure \u00e0 tomber d'une certaine mani\u00e8re<\/li>\n<li>Charge de combustible suppl\u00e9mentaire (p. ex. bois de corde)<\/li>\n<li>\u00c9l\u00e9ments de performance, le cas \u00e9ch\u00e9ant<\/li>\n<li>Zones du cercle de combustion et d\u00e9tails du p\u00e9rim\u00e8tre<\/li>\n<li>les acc\u00e9l\u00e9rateurs \u00e0 utiliser, la mani\u00e8re dont ils seront appliqu\u00e9s et les protocoles de s\u00e9curit\u00e9 que votre \u00e9quipe suivra pendant l'application<\/li>\n<li>Comment le feu sera-t-il allum\u00e9 ?<\/li>\n<li>Plan d'urgence m\u00e9t\u00e9orologique (voir ci-dessous)<\/li>\n<li>Comment allez-vous att\u00e9nuer les risques au sol apr\u00e8s la chute de la structure ?<\/li>\n<li>Votre plan d'urgence au cas o\u00f9 la structure ne tomberait pas<\/li>\n<li>Surveillance nocturne du lit de braise<\/li>\n<\/ul>\n<h2>Plan d'urgence m\u00e9t\u00e9orologique<\/h2>\n<p>Tous les br\u00fblages peuvent \u00eatre annul\u00e9s ou report\u00e9s en cas de conditions m\u00e9t\u00e9orologiques d\u00e9favorables. Une partie essentielle de votre sc\u00e9nario de br\u00fblage est votre plan d'urgence m\u00e9t\u00e9orologique, qui explique comment vous ferez face \u00e0 la possibilit\u00e9 que des conditions m\u00e9t\u00e9orologiques emp\u00eachent le br\u00fblage de se d\u00e9rouler apr\u00e8s le chargement des mat\u00e9riaux combustibles et\/ou apr\u00e8s l'approvisionnement en carburant. Une veille de nuit est un \u00e9l\u00e9ment essentiel de ce plan. Vous et toute votre \u00e9quipe devez \u00eatre pr\u00eats \u00e0 maintenir le p\u00e9rim\u00e8tre afin d'emp\u00eacher l'entr\u00e9e dans la zone r\u00e9glement\u00e9e une fois qu'elle a \u00e9t\u00e9 charg\u00e9e d'acc\u00e9l\u00e9rants, afin d'\u00e9viter toute combustion involontaire ou toute blessure des participants.<\/p>\n<h2>Chronologie des br\u00fblures<\/h2>\n<p>Le calendrier des br\u00fblages pr\u00e9sente les \u00e9tapes de l'ex\u00e9cution de votre br\u00fblage, du d\u00e9but \u00e0 la fin, avec l'heure de d\u00e9but et la dur\u00e9e pr\u00e9vues pour chaque \u00e9tape. C'est le \u201cquand\u201d et le \u201ccombien de temps\u201d de votre plan de br\u00fblage. <\/p>\n<p><strong>Elle doit comprendre toutes les \u00e9tapes pertinentes, telles que<\/strong><\/p>\n<ul>\n<li>\u00c9tablissement du p\u00e9rim\u00e8tre<\/li>\n<li>Effacement du contenu de la structure<\/li>\n<li>Chargement de bois de corde<\/li>\n<li>Entrave structurelle<\/li>\n<li>Contr\u00f4le des passagers clandestins et des tra\u00eenards<\/li>\n<li>V\u00e9rification des conditions m\u00e9t\u00e9orologiques<\/li>\n<li>Application acc\u00e9l\u00e9r\u00e9e<\/li>\n<li>Performance<\/li>\n<li>Allumage<\/li>\n<li>Combustion et effondrement<\/li>\n<li>Att\u00e9nuation des risques<\/li>\n<li>Lib\u00e9ration du p\u00e9rim\u00e8tre<\/li>\n<li>Comptabilit\u00e9 et d\u00e9part de l'\u00e9quipage<\/li>\n<li>Surveillance de nuit<\/li>\n<\/ul>\n<p>Notez que les \u00e9l\u00e9ments ci-dessus sont \u00e9num\u00e9r\u00e9s dans l'ordre approximatif dans lequel ils se produisent lors d'un br\u00fblage typique. Chaque br\u00fblure est unique et votre br\u00fblure peut comporter des \u00e9tapes suppl\u00e9mentaires et\/ou un ordre diff\u00e9rent.<\/p>\n<h2>Mat\u00e9riel interdit<\/h2>\n<p><strong>Les mat\u00e9riaux suivants ne doivent pas \u00eatre utilis\u00e9s dans la construction de votre projet ou doivent \u00eatre enlev\u00e9s avant le br\u00fblage :<\/strong><\/p>\n<ul>\n<li>Papier<\/li>\n<li>Carton<\/li>\n<li>Papier m\u00e2ch\u00e9<\/li>\n<li>Contreplaqu\u00e9 de \u215b\u201d ou \u00bc\u201d (doit \u00eatre de \u215c\u201d ou plus \u00e9pais)<\/li>\n<li>Contreplaqu\u00e9 avec une couche de placage<\/li>\n<li>OSB<\/li>\n<li>MDF<\/li>\n<li>Cales<\/li>\n<li>Plastique<\/li>\n<li>Laine et cuir<\/li>\n<li>Tissu naturel ou synth\u00e9tique<\/li>\n<li>Tout ce qui est susceptible de cr\u00e9er de grandes braises volantes<\/li>\n<\/ul>\n<h2>Diagrammes requis<\/h2>\n<p><strong>Les diagrammes suivants sont n\u00e9cessaires :<\/strong><\/p>\n<ol>\n<li>Disposition du cercle de br\u00fblage, <strong>y compris<\/strong>:\n<ul>\n<li>\u00c9clairage : comment l'installation, y compris les g\u00e9n\u00e9rateurs ou autres \u00e9l\u00e9ments p\u00e9riph\u00e9riques, sera-t-elle \u00e9clair\u00e9e la nuit ?.<\/li>\n<li>Zones de br\u00fblage et p\u00e9rim\u00e8tre, indiquant les distances par rapport au centre de l'\u0153uvre.<\/li>\n<li>Caract\u00e9ristiques du p\u00e9rim\u00e8tre, par exemple couloirs de s\u00e9curit\u00e9, point de ralliement, etc.<\/li>\n<li>Toute autre caract\u00e9ristique physique ou emplacement important.<\/li>\n<\/ul>\n<\/li>\n<li>Plate-forme de protection contre les br\u00fblures, si l'on n'utilise pas de granit d\u00e9compos\u00e9<\/li>\n<li>D\u00e9tails de la structure et \u00e9branchage si vous avez l'intention d'\u00e9branler la structure avant de la br\u00fbler.<\/li>\n<li>M\u00e9canismes d'effets sp\u00e9ciaux \u00e0 utiliser pendant votre combustion (par exemple, d\u00e9charges de carburant liquide, etc.)<\/li>\n<li>Am\u00e9nagement du camp de base\n<ul>\n<li>Lieu(x) de stockage des liquides inflammables, des gaz combustibles ou d'autres mati\u00e8res dangereuses\/inflammables.<\/li>\n<li>Lieu(x) de stockage des conteneurs de carburant vides, s'il(s) diff\u00e8re(nt) de ce qui pr\u00e9c\u00e8de.<\/li>\n<li>P\u00e9rim\u00e8tres et barri\u00e8res de s\u00e9curit\u00e9 et distances par rapport aux zones publiques et aux habitations.<\/li>\n<li>Voie d'incendie de 20\u2032 de large entre la rue et le(s) lieu(x) d'entreposage mentionn\u00e9(s) ci-dessus.<\/li>\n<li>Emplacement des extincteurs.<\/li>\n<\/ul>\n<\/li>\n<\/ol>\n<h2>Plans op\u00e9rationnels<\/h2>\n<h3>Plan de s\u00e9curit\u00e9<\/h3>\n<p>Votre plan de s\u00e9curit\u00e9 doit d\u00e9crire toutes les mesures que votre \u00e9quipe mettra en \u0153uvre pour garantir la s\u00e9curit\u00e9 des participants, des artistes et de l'\u00e9quipe, pendant et apr\u00e8s la construction, ainsi que pendant le br\u00fblage et le nettoyage qui s'ensuivra.<\/p>\n<p><strong>Au minimum, il doit couvrir<\/strong><\/p>\n<ul>\n<li>\u00c9clairage et protection contre la circulation des v\u00e9hicules pour tous les \u00e9l\u00e9ments de l'installation, y compris l'\u0153uvre d'art elle-m\u00eame et tous les g\u00e9n\u00e9rateurs ou autres \u00e9quipements ou structures p\u00e9riph\u00e9riques.<\/li>\n<li>Types, tailles et emplacement des extincteurs ou autres moyens d'extinction des incendies qui seront conserv\u00e9s \u00e0 port\u00e9e de main.<\/li>\n<li>Emplacement et contenu de la (des) trousse(s) de premiers secours.<\/li>\n<li>Liste des fiches de donn\u00e9es de s\u00e9curit\u00e9.<\/li>\n<li>La formation \u00e0 la s\u00e9curit\u00e9 que re\u00e7oivent les membres de l'\u00e9quipage.<\/li>\n<li>R\u00f4les et responsabilit\u00e9s de l'\u00e9quipage en mati\u00e8re de s\u00e9curit\u00e9.<\/li>\n<li>Proc\u00e9dures et protocoles de s\u00e9curit\u00e9.<\/li>\n<\/ul>\n<h3>Plan d'intervention d'urgence<\/h3>\n<p>Quel que soit le degr\u00e9 d'exhaustivit\u00e9 de votre plan de s\u00e9curit\u00e9, les choses peuvent toujours mal tourner. Votre plan d'intervention d'urgence doit \u00e9num\u00e9rer toutes les fa\u00e7ons dont les choses peuvent mal tourner et exposer votre \u00e9quipe ou d'autres participants \u00e0 des blessures potentielles, ainsi que la fa\u00e7on dont votre \u00e9quipe r\u00e9agira le cas \u00e9ch\u00e9ant. <\/p>\n<p><strong>Au minimum, il doit couvrir<\/strong><\/p>\n<ul>\n<li>Intervention en cas de d\u00e9versement de carburant liquide, petit ou grand.<\/li>\n<li>R\u00e9ponse aux incendies non planifi\u00e9s, petits et grands.<\/li>\n<li>R\u00e9ponse aux dommages (ou aux dommages naissants) caus\u00e9s par le vent, la collision avec un v\u00e9hicule ou d'autres forces physiques.<\/li>\n<li>Intervention en cas d'exposition de l'\u00e9quipage, de l'artiste ou du participant \u00e0 des mati\u00e8res dangereuses.<\/li>\n<li>R\u00e9ponse \u00e0 une blessure subie par un membre de l'\u00e9quipage, un artiste ou un participant.<\/li>\n<\/ul>\n<h3>Plan \"Sans trace<\/h3>\n<p>L'artiste, le responsable du programme Leave No Trace et l'\u00e9quipe sont responsables du nettoyage du site d'installation pendant la construction, pendant l'\u00e9v\u00e9nement et apr\u00e8s le br\u00fblage. Votre plan de nettoyage d\u00e9crit comment vous allez vous y prendre. <\/p>\n<p><strong>Au minimum, il doit couvrir<\/strong><\/p>\n<ul>\n<li>Pr\u00e9venir et \u00e9liminer les MOOP pendant les pr\u00e9paratifs de construction et de combustion, en particulier les copeaux de bois provenant de la construction ou du bois de corde.<\/li>\n<li>Proc\u00e9dure de nettoyage nocturne.<\/li>\n<li>Proc\u00e9dure de nettoyage apr\u00e8s le br\u00fblage, y compris des d\u00e9tails sp\u00e9cifiques sur le nettoyage des d\u00e9bris pyrotechniques, le cas \u00e9ch\u00e9ant.<\/li>\n<li>Proc\u00e9dures de nettoyage d'urgence (par exemple, en cas de d\u00e9versement de carburant liquide).<\/li>\n<li>Outils et mat\u00e9riaux de nettoyage \u00e0 utiliser.<\/li>\n<\/ul>","protected":false},"excerpt":{"rendered":"<p>Apprenez \u00e0 cr\u00e9er un plan de br\u00fblage et consultez la documentation requise par FAST pour les br\u00fblages artistiques planifi\u00e9s dans notre guide complet.<\/p>","protected":false},"author":2,"featured_media":773,"parent":0,"menu_order":0,"comment_status":"closed","ping_status":"closed","template":"page-nosidemenu.php","meta":{"_acf_changed":false,"nf_dc_page":"","footnotes":""},"class_list":["post-747","page","type-page","status-publish","has-post-thumbnail","hentry"],"acf":[],"yoast_head":"<!-- This site is optimized with the Yoast SEO plugin v27.4 - https:\/\/yoast.com\/product\/yoast-seo-wordpress\/ -->\n<title>FAST-Required Documentation - SideBurn<\/title>\n<meta name=\"robots\" content=\"index, follow, max-snippet:-1, max-image-preview:large, max-video-preview:-1\" \/>\n<link rel=\"canonical\" href=\"https:\/\/sideburn.ca\/fr\/fast-documentation\/\" \/>\n<meta property=\"og:locale\" content=\"fr_CA\" \/>\n<meta property=\"og:type\" content=\"article\" \/>\n<meta property=\"og:title\" content=\"FAST-Required Documentation - SideBurn\" \/>\n<meta property=\"og:description\" content=\"Learn how to create a Burn Plan and review the FAST-required documentation for planned art burns in our comprehensive guide.\" \/>\n<meta property=\"og:url\" content=\"https:\/\/sideburn.ca\/fr\/fast-documentation\/\" \/>\n<meta property=\"og:site_name\" content=\"SideBurn\" \/>\n<meta property=\"article:publisher\" content=\"https:\/\/www.facebook.com\/groups\/145939082634753\" \/>\n<meta property=\"article:modified_time\" content=\"2024-12-23T17:09:39+00:00\" \/>\n<meta property=\"og:image\" content=\"https:\/\/i0.wp.com\/sideburn.ca\/wp-content\/uploads\/2024\/12\/header-fast.jpg?fit=1400%2C758&ssl=1\" \/>\n\t<meta property=\"og:image:width\" content=\"1400\" \/>\n\t<meta property=\"og:image:height\" content=\"758\" \/>\n\t<meta property=\"og:image:type\" content=\"image\/jpeg\" \/>\n<meta name=\"twitter:card\" content=\"summary_large_image\" \/>\n<meta name=\"twitter:label1\" content=\"Est. reading time\" \/>\n\t<meta name=\"twitter:data1\" content=\"5 minutes\" \/>\n<script type=\"application\/ld+json\" class=\"yoast-schema-graph\">{\"@context\":\"https:\\\/\\\/schema.org\",\"@graph\":[{\"@type\":\"WebPage\",\"@id\":\"https:\\\/\\\/sideburn.ca\\\/fast-documentation\\\/\",\"url\":\"https:\\\/\\\/sideburn.ca\\\/fast-documentation\\\/\",\"name\":\"FAST-Required Documentation - SideBurn\",\"isPartOf\":{\"@id\":\"https:\\\/\\\/dbx.gdr.mybluehost.me\\\/#website\"},\"primaryImageOfPage\":{\"@id\":\"https:\\\/\\\/sideburn.ca\\\/fast-documentation\\\/#primaryimage\"},\"image\":{\"@id\":\"https:\\\/\\\/sideburn.ca\\\/fast-documentation\\\/#primaryimage\"},\"thumbnailUrl\":\"https:\\\/\\\/sideburn.ca\\\/wp-content\\\/uploads\\\/2024\\\/12\\\/header-fast.jpg\",\"datePublished\":\"2024-12-23T16:28:38+00:00\",\"dateModified\":\"2024-12-23T17:09:39+00:00\",\"breadcrumb\":{\"@id\":\"https:\\\/\\\/sideburn.ca\\\/fast-documentation\\\/#breadcrumb\"},\"inLanguage\":\"fr-CA\",\"potentialAction\":[{\"@type\":\"ReadAction\",\"target\":[\"https:\\\/\\\/sideburn.ca\\\/fast-documentation\\\/\"]}]},{\"@type\":\"ImageObject\",\"inLanguage\":\"fr-CA\",\"@id\":\"https:\\\/\\\/sideburn.ca\\\/fast-documentation\\\/#primaryimage\",\"url\":\"https:\\\/\\\/sideburn.ca\\\/wp-content\\\/uploads\\\/2024\\\/12\\\/header-fast.jpg\",\"contentUrl\":\"https:\\\/\\\/sideburn.ca\\\/wp-content\\\/uploads\\\/2024\\\/12\\\/header-fast.jpg\",\"width\":1400,\"height\":758},{\"@type\":\"BreadcrumbList\",\"@id\":\"https:\\\/\\\/sideburn.ca\\\/fast-documentation\\\/#breadcrumb\",\"itemListElement\":[{\"@type\":\"ListItem\",\"position\":1,\"name\":\"Home\",\"item\":\"https:\\\/\\\/sideburn.ca\\\/\"},{\"@type\":\"ListItem\",\"position\":2,\"name\":\"FAST-Required Documentation\"}]},{\"@type\":\"WebSite\",\"@id\":\"https:\\\/\\\/dbx.gdr.mybluehost.me\\\/#website\",\"url\":\"https:\\\/\\\/dbx.gdr.mybluehost.me\\\/\",\"name\":\"SideBurn\",\"description\":\"Chromatic Carnival\",\"publisher\":{\"@id\":\"https:\\\/\\\/dbx.gdr.mybluehost.me\\\/#organization\"},\"potentialAction\":[{\"@type\":\"SearchAction\",\"target\":{\"@type\":\"EntryPoint\",\"urlTemplate\":\"https:\\\/\\\/dbx.gdr.mybluehost.me\\\/?s={search_term_string}\"},\"query-input\":{\"@type\":\"PropertyValueSpecification\",\"valueRequired\":true,\"valueName\":\"search_term_string\"}}],\"inLanguage\":\"fr-CA\"},{\"@type\":\"Organization\",\"@id\":\"https:\\\/\\\/dbx.gdr.mybluehost.me\\\/#organization\",\"name\":\"SideBurn\",\"url\":\"https:\\\/\\\/dbx.gdr.mybluehost.me\\\/\",\"logo\":{\"@type\":\"ImageObject\",\"inLanguage\":\"fr-CA\",\"@id\":\"https:\\\/\\\/dbx.gdr.mybluehost.me\\\/#\\\/schema\\\/logo\\\/image\\\/\",\"url\":\"https:\\\/\\\/i0.wp.com\\\/sideburn.ca\\\/wp-content\\\/uploads\\\/2024\\\/12\\\/logo-sideburn-full-1.png?fit=1259%2C496&ssl=1\",\"contentUrl\":\"https:\\\/\\\/i0.wp.com\\\/sideburn.ca\\\/wp-content\\\/uploads\\\/2024\\\/12\\\/logo-sideburn-full-1.png?fit=1259%2C496&ssl=1\",\"width\":1259,\"height\":496,\"caption\":\"SideBurn\"},\"image\":{\"@id\":\"https:\\\/\\\/dbx.gdr.mybluehost.me\\\/#\\\/schema\\\/logo\\\/image\\\/\"},\"sameAs\":[\"https:\\\/\\\/www.facebook.com\\\/groups\\\/145939082634753\",\"https:\\\/\\\/www.instagram.com\\\/sideburnregional\\\/\"]}]}<\/script>\n<!-- \/ Yoast SEO plugin. -->","yoast_head_json":{"title":"FAST-Required Documentation - SideBurn","robots":{"index":"index","follow":"follow","max-snippet":"max-snippet:-1","max-image-preview":"max-image-preview:large","max-video-preview":"max-video-preview:-1"},"canonical":"https:\/\/sideburn.ca\/fr\/fast-documentation\/","og_locale":"fr_CA","og_type":"article","og_title":"FAST-Required Documentation - SideBurn","og_description":"Learn how to create a Burn Plan and review the FAST-required documentation for planned art burns in our comprehensive guide.","og_url":"https:\/\/sideburn.ca\/fr\/fast-documentation\/","og_site_name":"SideBurn","article_publisher":"https:\/\/www.facebook.com\/groups\/145939082634753","article_modified_time":"2024-12-23T17:09:39+00:00","og_image":[{"width":1400,"height":758,"url":"https:\/\/i0.wp.com\/sideburn.ca\/wp-content\/uploads\/2024\/12\/header-fast.jpg?fit=1400%2C758&ssl=1","type":"image\/jpeg"}],"twitter_card":"summary_large_image","twitter_misc":{"Est. reading time":"5 minutes"},"schema":{"@context":"https:\/\/schema.org","@graph":[{"@type":"WebPage","@id":"https:\/\/sideburn.ca\/fast-documentation\/","url":"https:\/\/sideburn.ca\/fast-documentation\/","name":"FAST-Required Documentation - SideBurn","isPartOf":{"@id":"https:\/\/dbx.gdr.mybluehost.me\/#website"},"primaryImageOfPage":{"@id":"https:\/\/sideburn.ca\/fast-documentation\/#primaryimage"},"image":{"@id":"https:\/\/sideburn.ca\/fast-documentation\/#primaryimage"},"thumbnailUrl":"https:\/\/sideburn.ca\/wp-content\/uploads\/2024\/12\/header-fast.jpg","datePublished":"2024-12-23T16:28:38+00:00","dateModified":"2024-12-23T17:09:39+00:00","breadcrumb":{"@id":"https:\/\/sideburn.ca\/fast-documentation\/#breadcrumb"},"inLanguage":"fr-CA","potentialAction":[{"@type":"ReadAction","target":["https:\/\/sideburn.ca\/fast-documentation\/"]}]},{"@type":"ImageObject","inLanguage":"fr-CA","@id":"https:\/\/sideburn.ca\/fast-documentation\/#primaryimage","url":"https:\/\/sideburn.ca\/wp-content\/uploads\/2024\/12\/header-fast.jpg","contentUrl":"https:\/\/sideburn.ca\/wp-content\/uploads\/2024\/12\/header-fast.jpg","width":1400,"height":758},{"@type":"BreadcrumbList","@id":"https:\/\/sideburn.ca\/fast-documentation\/#breadcrumb","itemListElement":[{"@type":"ListItem","position":1,"name":"Home","item":"https:\/\/sideburn.ca\/"},{"@type":"ListItem","position":2,"name":"FAST-Required Documentation"}]},{"@type":"WebSite","@id":"https:\/\/dbx.gdr.mybluehost.me\/#website","url":"https:\/\/dbx.gdr.mybluehost.me\/","name":"SideBurn","description":"Carnaval chromatique","publisher":{"@id":"https:\/\/dbx.gdr.mybluehost.me\/#organization"},"potentialAction":[{"@type":"SearchAction","target":{"@type":"EntryPoint","urlTemplate":"https:\/\/dbx.gdr.mybluehost.me\/?s={search_term_string}"},"query-input":{"@type":"PropertyValueSpecification","valueRequired":true,"valueName":"search_term_string"}}],"inLanguage":"fr-CA"},{"@type":"Organization","@id":"https:\/\/dbx.gdr.mybluehost.me\/#organization","name":"SideBurn","url":"https:\/\/dbx.gdr.mybluehost.me\/","logo":{"@type":"ImageObject","inLanguage":"fr-CA","@id":"https:\/\/dbx.gdr.mybluehost.me\/#\/schema\/logo\/image\/","url":"https:\/\/i0.wp.com\/sideburn.ca\/wp-content\/uploads\/2024\/12\/logo-sideburn-full-1.png?fit=1259%2C496&ssl=1","contentUrl":"https:\/\/i0.wp.com\/sideburn.ca\/wp-content\/uploads\/2024\/12\/logo-sideburn-full-1.png?fit=1259%2C496&ssl=1","width":1259,"height":496,"caption":"SideBurn"},"image":{"@id":"https:\/\/dbx.gdr.mybluehost.me\/#\/schema\/logo\/image\/"},"sameAs":["https:\/\/www.facebook.com\/groups\/145939082634753","https:\/\/www.instagram.com\/sideburnregional\/"]}]}},"_links":{"self":[{"href":"https:\/\/sideburn.ca\/fr\/wp-json\/wp\/v2\/pages\/747","targetHints":{"allow":["GET"]}}],"collection":[{"href":"https:\/\/sideburn.ca\/fr\/wp-json\/wp\/v2\/pages"}],"about":[{"href":"https:\/\/sideburn.ca\/fr\/wp-json\/wp\/v2\/types\/page"}],"author":[{"embeddable":true,"href":"https:\/\/sideburn.ca\/fr\/wp-json\/wp\/v2\/users\/2"}],"replies":[{"embeddable":true,"href":"https:\/\/sideburn.ca\/fr\/wp-json\/wp\/v2\/comments?post=747"}],"version-history":[{"count":7,"href":"https:\/\/sideburn.ca\/fr\/wp-json\/wp\/v2\/pages\/747\/revisions"}],"predecessor-version":[{"id":780,"href":"https:\/\/sideburn.ca\/fr\/wp-json\/wp\/v2\/pages\/747\/revisions\/780"}],"wp:featuredmedia":[{"embeddable":true,"href":"https:\/\/sideburn.ca\/fr\/wp-json\/wp\/v2\/media\/773"}],"wp:attachment":[{"href":"https:\/\/sideburn.ca\/fr\/wp-json\/wp\/v2\/media?parent=747"}],"curies":[{"name":"wp","href":"https:\/\/api.w.org\/{rel}","templated":true}]}}