{"id":65,"date":"2024-10-17T19:11:46","date_gmt":"2024-10-17T19:11:46","guid":{"rendered":"https:\/\/dbx.gdr.mybluehost.me\/?page_id=65"},"modified":"2026-04-14T15:24:27","modified_gmt":"2026-04-14T15:24:27","slug":"ticketing","status":"publish","type":"page","link":"https:\/\/sideburn.ca\/fr\/the-event\/ticketing\/","title":{"rendered":"Billetterie"},"content":{"rendered":"<p><!-- TICKETING GENERAL MESSAGE --><\/p>\n<div>\n<h2><b>Mise \u00e0 jour de la billetterie de SideBurn<\/b>!<\/h2>\n<\/div>\n<p><!-- TICKETING DROPS SOON --><\/p>\n<div class=\"boxit d-none\">\n<p class=\"lead\"><strong>La billetterie SideBurn sera disponible d\u00e9but mars 2026 ! <i class=\"fa-solid fa-party-horn ms-2\" aria-hidden=\"true\"><\/i><\/strong><\/p>\n<p>Notez la date dans votre agenda et consultez r\u00e9guli\u00e8rement cette page au cours des prochains mois pour conna\u00eetre les dates de sortie exactes.<\/p>\n<\/div>\n<p><!-- TICKETING IS OPEN --><\/p>\n<div class=\"boxit d-none\">\n<h2>Statut actuel : \u00c9puis\u00e9<\/h2>\n<h2>Dates cl\u00e9s \u00e0 venir<\/h2>\n<ul class=\"mb-0\">\n<li><span style=\"font-weight: 400;\"><strong>Le 6 avril :<\/strong> Loterie de laissez-passer pour v\u00e9hicules de loisirs<\/span><\/li>\n<li><span style=\"font-weight: 400;\"><strong>Le 7 mai \u00e0 18 heures EDT :<\/strong> Date limite de remboursement (sans exception)<\/span><\/li>\n<\/ul>\n<\/div>\n<p><!-- TICKETING IS CLOSED --><\/p>\n<div class=\"boxit d-block\">\n<p class=\"lead\"><strong>Les billets sont \u00e9puis\u00e9s !<\/strong> \ud83c\udf89 Nous sommes submerg\u00e9s par l'amour et tellement excit\u00e9s de vous voir tous l\u00e0 ! Les inscriptions sont d\u00e9sormais officiellement closes.<\/p>\n<p><strong>Dates cl\u00e9s \u00e0 venir<\/strong><\/p>\n<ul>\n<li><strong>Le 6 avril :<\/strong> Loterie de laissez-passer pour v\u00e9hicules de loisirs<\/li>\n<li><strong>Le 7 mai \u00e0 18 heures EDT :<\/strong> Date limite de remboursement (sans exception)<\/li>\n<\/ul>\n<\/div>\n<h3><i class=\"fa-solid fa-ticket me-2\"><\/i>Vente principale<\/h3>\n<p><span style=\"font-weight: 400;\">Inscrivez-vous \u00e0 la loterie de billets en cr\u00e9ant un compte sur le portail de la billetterie. Si vous avez achet\u00e9 un billet l'ann\u00e9e derni\u00e8re, vous pouvez utiliser votre compte existant. Les billets de la liste d'attente deviennent disponibles apr\u00e8s la cl\u00f4ture de la p\u00e9riode d'inscription et la tenue de la loterie.<\/span><\/p>\n<h3><i class=\"fa-solid fa-rv me-2\"><\/i>Pass pour camping-cars<\/h3>\n<p>La loterie des laissez-passer pour camping-cars <strong>aura lieu le 6 avril 2026<\/strong>. Nous informerons les personnes s\u00e9lectionn\u00e9es au premier tour \u00e0 cette date. <a href=\"https:\/\/sideburn.ca\/fr\/faq\/how-do-i-get-an-rv-pass\/\">En savoir plus.<\/a><\/p>\n<p><!-- EQUITY TICKETING CAMPAIGN --><\/p>\n<hr \/>\n<h2>Co\u00fbts<\/h2>\n<div class=\"table-responsive\">\n<table class=\"table table-sm\">\n<thead>\n<tr>\n<th scope=\"col\">Type<\/th>\n<th scope=\"col\">Co\u00fbt<\/th>\n<\/tr>\n<\/thead>\n<tbody>\n<tr>\n<th scope=\"row\">Tous les participants de 18 ans et plus<\/th>\n<td>$160 + frais<\/td>\n<\/tr>\n<tr>\n<th scope=\"row\">Mineurs de 13 \u00e0 17 ans<\/th>\n<td>$80 + frais<\/td>\n<\/tr>\n<tr>\n<th scope=\"row\">Enfants de 12 ans et moins<\/th>\n<td>Gratuit (un billet est tout de m\u00eame n\u00e9cessaire)<\/td>\n<\/tr>\n<\/tbody>\n<\/table>\n<\/div>\n<div class=\"row\">\n<div class=\"col-12 col-lg-6\">\n<div>Lors de l'achat, vous pouvez ajouter une contribution de $25 (ou plus) pour aider \u00e0 financer des billets suppl\u00e9mentaires \u00e0 prix r\u00e9duit pour ceux qui en ont besoin.<\/div>\n<div class=\"boxit text-center\">\n<h3>Vous n'avez pas les moyens d'acheter votre billet ?<\/h3>\n<p>Des billets d'entr\u00e9e sont disponibles \u00e0 prix r\u00e9duit pour les personnes ayant des difficult\u00e9s financi\u00e8res \u00e0 participer. <a href=\"https:\/\/sideburn.ca\/fr\/the-event\/ticketing\/equity-ticketing\/\">En savoir plus sur les billets \u00e9quitables et sur la fa\u00e7on de faire une demande.<\/a><\/p>\n<\/div>\n<\/div>\n<div class=\"col-12 col-lg-6\">\n<div class=\"boxit text-center\">\n<div><\/div>\n<h3>Besoin d\u2019assistance pour participer ?<\/h3>\n<p>Si vous avez besoin d'aide pour vous d\u00e9placer ou pour vos soins personnels, le programme d' <strong>Aide \u00e0 l'\u00e9quit\u00e9<\/strong> garantit un deuxi\u00e8me billet pour votre accompagnateur si vous recevez une offre de billet. <a href=\"https:\/\/sideburn.ca\/fr\/the-event\/ticketing\/equity-ticketing\/\">En savoir plus et postuler.<\/a><\/p>\n<\/div>\n<\/div>\n<\/div>\n<h3>Laissez-passer pour les v\u00e9hicules<\/h3>\n<div class=\"table-responsive\">\n<table class=\"table table-sm\">\n<thead>\n<tr>\n<th scope=\"col\" width=\"75%\">Type<\/th>\n<th class=\"text-center\" scope=\"col\" width=\"25%\">Co\u00fbt<\/th>\n<\/tr>\n<\/thead>\n<tbody>\n<tr>\n<th scope=\"row\">\n<div class=\"fs-5 mt-2\">V\u00e9hicules particuliers<\/div>\n<div class=\"my-1\"><small class=\"fw-normal\"><em>Comprend les voitures, camions, minibus, SUV ou camions cubes de toutes tailles, \u00e0 condition que les camions cubes soient sp\u00e9cifiquement utilis\u00e9s pour soutenir les op\u00e9rations d'un camp th\u00e9matique (sous r\u00e9serve de l'approbation municipale).<\/em><\/small><\/div>\n<p><i class=\"fa-solid fa-car me-2\"><\/i><strong>Ai-je besoin d'un laissez-passer pour v\u00e9hicule ?<\/strong> <a href=\"https:\/\/sideburn.ca\/fr\/faq\/do-i-need-a-vehicle-pass\/\">En savoir plus.<\/a><\/th>\n<td class=\"text-center\" valign=\"middle\">$40 + frais<\/td>\n<\/tr>\n<tr>\n<th scope=\"row\">\n<div class=\"fs-5 mt-2\">V\u00e9hicules r\u00e9cr\u00e9atifs (VR)<\/div>\n<div class=\"my-1\"><small class=\"fw-normal\"><em>Comprend tous les v\u00e9hicules destin\u00e9s \u00e0 l'habitation : autobus am\u00e9nag\u00e9s, caravanes, caravanes teardrop, caravanes pliantes, caravanes hybrides, camping-cars\/v\u00e9hicules r\u00e9cr\u00e9atifs (VR), fourgons am\u00e9nag\u00e9s (VR de classe B), VR de classe C ou camions cubes non utilis\u00e9s pour soutenir les op\u00e9rations des camps th\u00e9matiques.<\/em><\/small><\/div>\n<p><i class=\"fa-solid fa-rv me-2\"><\/i><strong>Comment obtenir un laissez-passer pour VR ?<\/strong> <a href=\"https:\/\/sideburn.ca\/fr\/faq\/how-do-i-get-an-rv-pass\/\">En savoir plus.<\/a><\/th>\n<td class=\"text-center\" valign=\"middle\">$200 + frais<\/td>\n<\/tr>\n<\/tbody>\n<\/table>\n<\/div>\n<hr \/>\n<h2>Obtenir un billet<\/h2>\n<div class=\"boxit\">\n<div class=\"row\">\n<div class=\"col-3 col-md-2\"><img decoding=\"async\" loading=\"lazy\" class=\"alignnone size-thumbnail wp-image-588 mb-3\" src=\"https:\/\/sideburn.ca\/wp-content\/uploads\/2024\/12\/1sb-icon-1-150x150.png\" alt=\"Circle icon with the number 1 on it\" width=\"150\" height=\"150\" srcset=\"https:\/\/sideburn.ca\/wp-content\/uploads\/2024\/12\/1sb-icon-1-150x150.png 150w, https:\/\/sideburn.ca\/wp-content\/uploads\/2024\/12\/1sb-icon-1-300x300.png 300w, https:\/\/sideburn.ca\/wp-content\/uploads\/2024\/12\/1sb-icon-1.png 401w\" sizes=\"auto, (max-width: 150px) 100vw, 150px\" \/><\/div>\n<div class=\"col-12 col-md-10\">\n<h3>\u00c9tape 1 : Inscription \u00e0 la loterie des billets<\/h3>\n<p><!-- TICKETS SOLD OUT --><\/p>\n<div class=\"border-top border-bottom py-3 my-3 d-none\"><em><strong><i class=\"fa-solid fa-circle-exclamation me-2\"><\/i>Mise \u00e0 jour :<\/strong> Toutes les personnes qui se sont inscrites pendant la p\u00e9riode d'inscription ont d\u00e9sormais re\u00e7u une offre d'achat de billets. <strong>\u00c0 ce stade, nous sommes compl\u00e8tement en rupture de stock !<\/strong><\/em><\/div>\n<p><strong>La p\u00e9riode d'inscription est du 10 au 14 mars 2026.<\/strong> En vous inscrivant pendant cette p\u00e9riode, vous vous assurez d'\u00eatre inclus dans le premier tour de la loterie.<\/p>\n<p>Inscrivez-vous en utilisant le nom figurant sur votre carte d'identit\u00e9 gouvernementale, activez votre compte, puis <a href=\"https:\/\/tickets.sideburn.ca\/sideburn\/account\/login\" target=\"_blank\" rel=\"noopener\">connectez-vous<\/a> et cliquez sur S'inscrire ici pour participer \u00e0 la loterie de billets al\u00e9atoires.<\/p>\n<p><strong>Vous avez des probl\u00e8mes ?<\/strong> Si vous n'\u00eates pas s\u00fbr d'\u00eatre inscrit ou si vous rencontrez des probl\u00e8mes, ne cr\u00e9ez pas un deuxi\u00e8me compte ou n'utilisez pas une autre adresse \u00e9lectronique. Contactez <a href=\"mailto:ticketing@sideburn.ca\">ticketing@sideburn.ca<\/a>, et nous vous aiderons \u00e0 r\u00e9soudre le probl\u00e8me.<\/p>\n<p><a class=\"btn btn-primary\" href=\"https:\/\/tickets.sideburn.ca\/sideburn\/account\/login\" target=\"_blank\" rel=\"noopener\">Se connecter ou cr\u00e9er un compte<\/a><\/p>\n<\/div>\n<\/div>\n<\/div>\n<div class=\"boxit\">\n<div class=\"row\">\n<div class=\"col-3 col-md-2 text-center text-md-start\"><img decoding=\"async\" loading=\"lazy\" class=\"alignnone size-thumbnail wp-image-589 mb-3\" src=\"https:\/\/sideburn.ca\/wp-content\/uploads\/2024\/12\/1sb-icon-2-150x150.png\" alt=\"Circle icon with the number 2 on it\" width=\"150\" height=\"150\" srcset=\"https:\/\/sideburn.ca\/wp-content\/uploads\/2024\/12\/1sb-icon-2-150x150.png 150w, https:\/\/sideburn.ca\/wp-content\/uploads\/2024\/12\/1sb-icon-2-300x300.png 300w, https:\/\/sideburn.ca\/wp-content\/uploads\/2024\/12\/1sb-icon-2.png 401w\" sizes=\"auto, (max-width: 150px) 100vw, 150px\" \/><\/div>\n<div class=\"col-12 col-md-10\">\n<h3>\u00c9tape 2 : R\u00e9sultats de la loterie et achat de billets<\/h3>\n<p><strong>Vous avez \u00e9t\u00e9 s\u00e9lectionn\u00e9 ! Et maintenant ?<\/strong> Si vous \u00eates s\u00e9lectionn\u00e9(e) pour la loterie, vous recevrez un courriel de notification le <strong>15 mars 2026<\/strong>. Vous pouvez d\u00e9sormais acheter un (1) billet et un (1) laissez-passer pour vous-m\u00eame dans les 72 heures suivant la r\u00e9ception du courriel, y compris les billets pour les mineurs sous votre responsabilit\u00e9.<\/p>\n<p><strong>Pour confirmer que votre achat a \u00e9t\u00e9 effectu\u00e9 avec succ\u00e8s, assurez-vous que<\/strong><\/p>\n<p><i class=\"fa-solid fa-check me-2 text-success\"><\/i>Votre carte de cr\u00e9dit a \u00e9t\u00e9 d\u00e9bit\u00e9e<br \/>\n<i class=\"fa-solid fa-check me-2 text-success\"><\/i>Vous avez re\u00e7u un courriel de confirmation<br \/>\n<i class=\"fa-solid fa-check me-2 text-success\"><\/i>Votre billet appara\u00eet dans Pretix<\/p>\n<p><strong>Si vous n'achetez pas votre billet dans les 72 heures,<\/strong> il sera remis en circulation. Vous pouvez vous r\u00e9inscrire sur la liste d'attente en <a href=\"https:\/\/tickets.sideburn.ca\/sideburn\/account\/login\" target=\"_blank\" rel=\"noopener\">vous reconnectant<\/a> et en suivant les m\u00eames \u00e9tapes d'enregistrement.<\/p>\n<p><strong>Oh non ! Je n'ai pas \u00e9t\u00e9 s\u00e9lectionn\u00e9 !<\/strong> Si vous n'\u00eates pas s\u00e9lectionn\u00e9 au premier tour de la loterie, pas de panique ! Vous serez inscrit sur la liste d'attente. Les billets refus\u00e9s ou rembours\u00e9s seront propos\u00e9s aux personnes inscrites sur la liste d'attente.<\/p>\n<\/div>\n<\/div>\n<\/div>\n<div class=\"boxit\">\n<div class=\"row\">\n<div class=\"col-3 col-md-2 text-center text-md-start\"><img decoding=\"async\" loading=\"lazy\" class=\"alignnone size-thumbnail wp-image-590 mb-3\" src=\"https:\/\/sideburn.ca\/wp-content\/uploads\/2024\/12\/1sb-icon-3-150x150.png\" alt=\"Circle icon with the number 3 on it\" width=\"150\" height=\"150\" srcset=\"https:\/\/sideburn.ca\/wp-content\/uploads\/2024\/12\/1sb-icon-3-150x150.png 150w, https:\/\/sideburn.ca\/wp-content\/uploads\/2024\/12\/1sb-icon-3-300x300.png 300w, https:\/\/sideburn.ca\/wp-content\/uploads\/2024\/12\/1sb-icon-3.png 400w\" sizes=\"auto, (max-width: 150px) 100vw, 150px\" \/><\/div>\n<div class=\"col-12 col-md-10\">\n<h3>\u00c9tape 3 : T\u00e9l\u00e9chargez votre billet<\/h3>\n<p>Vous recevrez un PDF de votre billet par courriel apr\u00e8s l'achat. Si vous ne le voyez pas, v\u00e9rifiez votre dossier de spam ou de courrier ind\u00e9sirable ou contactez <a href=\"mailto:ticketing@sideburn.ca\">ticketing@sideburn.ca<\/a> pour obtenir de l'aide.<\/p>\n<p>Aucune vente de billets ne sera effectu\u00e9e \u00e0 l\u2019entr\u00e9e<\/p>\n<\/div>\n<\/div>\n<\/div>","protected":false},"excerpt":{"rendered":"<p>Vous trouverez tous les d\u00e9tails essentiels sur les types de billets, les dates d'inscription, la billetterie \u00e9quitable et comment r\u00e9server votre place \u00e0 l'\u00e9v\u00e9nement.<\/p>","protected":false},"author":2,"featured_media":625,"parent":63,"menu_order":20,"comment_status":"closed","ping_status":"closed","template":"","meta":{"_acf_changed":false,"nf_dc_page":"","footnotes":""},"class_list":["post-65","page","type-page","status-publish","has-post-thumbnail","hentry"],"acf":[],"yoast_head":"<!-- This site is optimized with the Yoast SEO plugin v27.4 - https:\/\/yoast.com\/product\/yoast-seo-wordpress\/ -->\n<title>Ticketing - SideBurn<\/title>\n<meta name=\"robots\" content=\"index, follow, max-snippet:-1, max-image-preview:large, max-video-preview:-1\" \/>\n<link rel=\"canonical\" href=\"https:\/\/sideburn.ca\/fr\/the-event\/ticketing\/\" \/>\n<meta property=\"og:locale\" content=\"fr_CA\" \/>\n<meta property=\"og:type\" content=\"article\" \/>\n<meta property=\"og:title\" content=\"Ticketing - SideBurn\" \/>\n<meta property=\"og:description\" content=\"Find all the essential details on ticket types, registration dates, equity ticketing, and how to secure your spot at the event.\" \/>\n<meta property=\"og:url\" content=\"https:\/\/sideburn.ca\/fr\/the-event\/ticketing\/\" \/>\n<meta property=\"og:site_name\" content=\"SideBurn\" \/>\n<meta property=\"article:publisher\" content=\"https:\/\/www.facebook.com\/groups\/145939082634753\" \/>\n<meta property=\"article:modified_time\" content=\"2026-04-14T15:24:27+00:00\" \/>\n<meta property=\"og:image\" content=\"https:\/\/sideburn.ca\/wp-content\/uploads\/2024\/12\/header-ticketing.jpg\" \/>\n\t<meta property=\"og:image:width\" content=\"1200\" \/>\n\t<meta property=\"og:image:height\" content=\"599\" \/>\n\t<meta property=\"og:image:type\" content=\"image\/jpeg\" \/>\n<meta name=\"twitter:card\" content=\"summary_large_image\" \/>\n<meta name=\"twitter:label1\" content=\"Est. reading time\" \/>\n\t<meta name=\"twitter:data1\" content=\"4 minutes\" \/>\n<script type=\"application\/ld+json\" class=\"yoast-schema-graph\">{\"@context\":\"https:\\\/\\\/schema.org\",\"@graph\":[{\"@type\":\"WebPage\",\"@id\":\"https:\\\/\\\/sideburn.ca\\\/the-event\\\/ticketing\\\/\",\"url\":\"https:\\\/\\\/sideburn.ca\\\/the-event\\\/ticketing\\\/\",\"name\":\"Ticketing - SideBurn\",\"isPartOf\":{\"@id\":\"https:\\\/\\\/dbx.gdr.mybluehost.me\\\/#website\"},\"primaryImageOfPage\":{\"@id\":\"https:\\\/\\\/sideburn.ca\\\/the-event\\\/ticketing\\\/#primaryimage\"},\"image\":{\"@id\":\"https:\\\/\\\/sideburn.ca\\\/the-event\\\/ticketing\\\/#primaryimage\"},\"thumbnailUrl\":\"https:\\\/\\\/sideburn.ca\\\/wp-content\\\/uploads\\\/2024\\\/12\\\/header-ticketing.jpg\",\"datePublished\":\"2024-10-17T19:11:46+00:00\",\"dateModified\":\"2026-04-14T15:24:27+00:00\",\"breadcrumb\":{\"@id\":\"https:\\\/\\\/sideburn.ca\\\/the-event\\\/ticketing\\\/#breadcrumb\"},\"inLanguage\":\"fr-CA\",\"potentialAction\":[{\"@type\":\"ReadAction\",\"target\":[\"https:\\\/\\\/sideburn.ca\\\/the-event\\\/ticketing\\\/\"]}]},{\"@type\":\"ImageObject\",\"inLanguage\":\"fr-CA\",\"@id\":\"https:\\\/\\\/sideburn.ca\\\/the-event\\\/ticketing\\\/#primaryimage\",\"url\":\"https:\\\/\\\/sideburn.ca\\\/wp-content\\\/uploads\\\/2024\\\/12\\\/header-ticketing.jpg\",\"contentUrl\":\"https:\\\/\\\/sideburn.ca\\\/wp-content\\\/uploads\\\/2024\\\/12\\\/header-ticketing.jpg\",\"width\":1200,\"height\":599,\"caption\":\"Image of a small vintage RV in a field of grass against a backdrop of trees.\"},{\"@type\":\"BreadcrumbList\",\"@id\":\"https:\\\/\\\/sideburn.ca\\\/the-event\\\/ticketing\\\/#breadcrumb\",\"itemListElement\":[{\"@type\":\"ListItem\",\"position\":1,\"name\":\"Home\",\"item\":\"https:\\\/\\\/sideburn.ca\\\/\"},{\"@type\":\"ListItem\",\"position\":2,\"name\":\"The Event\",\"item\":\"https:\\\/\\\/sideburn.ca\\\/the-event\\\/\"},{\"@type\":\"ListItem\",\"position\":3,\"name\":\"Ticketing\"}]},{\"@type\":\"WebSite\",\"@id\":\"https:\\\/\\\/dbx.gdr.mybluehost.me\\\/#website\",\"url\":\"https:\\\/\\\/dbx.gdr.mybluehost.me\\\/\",\"name\":\"SideBurn\",\"description\":\"Chromatic Carnival\",\"publisher\":{\"@id\":\"https:\\\/\\\/dbx.gdr.mybluehost.me\\\/#organization\"},\"potentialAction\":[{\"@type\":\"SearchAction\",\"target\":{\"@type\":\"EntryPoint\",\"urlTemplate\":\"https:\\\/\\\/dbx.gdr.mybluehost.me\\\/?s={search_term_string}\"},\"query-input\":{\"@type\":\"PropertyValueSpecification\",\"valueRequired\":true,\"valueName\":\"search_term_string\"}}],\"inLanguage\":\"fr-CA\"},{\"@type\":\"Organization\",\"@id\":\"https:\\\/\\\/dbx.gdr.mybluehost.me\\\/#organization\",\"name\":\"SideBurn\",\"url\":\"https:\\\/\\\/dbx.gdr.mybluehost.me\\\/\",\"logo\":{\"@type\":\"ImageObject\",\"inLanguage\":\"fr-CA\",\"@id\":\"https:\\\/\\\/dbx.gdr.mybluehost.me\\\/#\\\/schema\\\/logo\\\/image\\\/\",\"url\":\"https:\\\/\\\/i0.wp.com\\\/sideburn.ca\\\/wp-content\\\/uploads\\\/2024\\\/12\\\/logo-sideburn-full-1.png?fit=1259%2C496&ssl=1\",\"contentUrl\":\"https:\\\/\\\/i0.wp.com\\\/sideburn.ca\\\/wp-content\\\/uploads\\\/2024\\\/12\\\/logo-sideburn-full-1.png?fit=1259%2C496&ssl=1\",\"width\":1259,\"height\":496,\"caption\":\"SideBurn\"},\"image\":{\"@id\":\"https:\\\/\\\/dbx.gdr.mybluehost.me\\\/#\\\/schema\\\/logo\\\/image\\\/\"},\"sameAs\":[\"https:\\\/\\\/www.facebook.com\\\/groups\\\/145939082634753\",\"https:\\\/\\\/www.instagram.com\\\/sideburnregional\\\/\"]}]}<\/script>\n<!-- \/ Yoast SEO plugin. -->","yoast_head_json":{"title":"Ticketing - SideBurn","robots":{"index":"index","follow":"follow","max-snippet":"max-snippet:-1","max-image-preview":"max-image-preview:large","max-video-preview":"max-video-preview:-1"},"canonical":"https:\/\/sideburn.ca\/fr\/the-event\/ticketing\/","og_locale":"fr_CA","og_type":"article","og_title":"Ticketing - SideBurn","og_description":"Find all the essential details on ticket types, registration dates, equity ticketing, and how to secure your spot at the event.","og_url":"https:\/\/sideburn.ca\/fr\/the-event\/ticketing\/","og_site_name":"SideBurn","article_publisher":"https:\/\/www.facebook.com\/groups\/145939082634753","article_modified_time":"2026-04-14T15:24:27+00:00","og_image":[{"width":1200,"height":599,"url":"https:\/\/sideburn.ca\/wp-content\/uploads\/2024\/12\/header-ticketing.jpg","type":"image\/jpeg"}],"twitter_card":"summary_large_image","twitter_misc":{"Est. reading time":"4 minutes"},"schema":{"@context":"https:\/\/schema.org","@graph":[{"@type":"WebPage","@id":"https:\/\/sideburn.ca\/the-event\/ticketing\/","url":"https:\/\/sideburn.ca\/the-event\/ticketing\/","name":"Ticketing - SideBurn","isPartOf":{"@id":"https:\/\/dbx.gdr.mybluehost.me\/#website"},"primaryImageOfPage":{"@id":"https:\/\/sideburn.ca\/the-event\/ticketing\/#primaryimage"},"image":{"@id":"https:\/\/sideburn.ca\/the-event\/ticketing\/#primaryimage"},"thumbnailUrl":"https:\/\/sideburn.ca\/wp-content\/uploads\/2024\/12\/header-ticketing.jpg","datePublished":"2024-10-17T19:11:46+00:00","dateModified":"2026-04-14T15:24:27+00:00","breadcrumb":{"@id":"https:\/\/sideburn.ca\/the-event\/ticketing\/#breadcrumb"},"inLanguage":"fr-CA","potentialAction":[{"@type":"ReadAction","target":["https:\/\/sideburn.ca\/the-event\/ticketing\/"]}]},{"@type":"ImageObject","inLanguage":"fr-CA","@id":"https:\/\/sideburn.ca\/the-event\/ticketing\/#primaryimage","url":"https:\/\/sideburn.ca\/wp-content\/uploads\/2024\/12\/header-ticketing.jpg","contentUrl":"https:\/\/sideburn.ca\/wp-content\/uploads\/2024\/12\/header-ticketing.jpg","width":1200,"height":599,"caption":"Image of a small vintage RV in a field of grass against a backdrop of trees."},{"@type":"BreadcrumbList","@id":"https:\/\/sideburn.ca\/the-event\/ticketing\/#breadcrumb","itemListElement":[{"@type":"ListItem","position":1,"name":"Home","item":"https:\/\/sideburn.ca\/"},{"@type":"ListItem","position":2,"name":"The Event","item":"https:\/\/sideburn.ca\/the-event\/"},{"@type":"ListItem","position":3,"name":"Ticketing"}]},{"@type":"WebSite","@id":"https:\/\/dbx.gdr.mybluehost.me\/#website","url":"https:\/\/dbx.gdr.mybluehost.me\/","name":"SideBurn","description":"Carnaval chromatique","publisher":{"@id":"https:\/\/dbx.gdr.mybluehost.me\/#organization"},"potentialAction":[{"@type":"SearchAction","target":{"@type":"EntryPoint","urlTemplate":"https:\/\/dbx.gdr.mybluehost.me\/?s={search_term_string}"},"query-input":{"@type":"PropertyValueSpecification","valueRequired":true,"valueName":"search_term_string"}}],"inLanguage":"fr-CA"},{"@type":"Organization","@id":"https:\/\/dbx.gdr.mybluehost.me\/#organization","name":"SideBurn","url":"https:\/\/dbx.gdr.mybluehost.me\/","logo":{"@type":"ImageObject","inLanguage":"fr-CA","@id":"https:\/\/dbx.gdr.mybluehost.me\/#\/schema\/logo\/image\/","url":"https:\/\/i0.wp.com\/sideburn.ca\/wp-content\/uploads\/2024\/12\/logo-sideburn-full-1.png?fit=1259%2C496&ssl=1","contentUrl":"https:\/\/i0.wp.com\/sideburn.ca\/wp-content\/uploads\/2024\/12\/logo-sideburn-full-1.png?fit=1259%2C496&ssl=1","width":1259,"height":496,"caption":"SideBurn"},"image":{"@id":"https:\/\/dbx.gdr.mybluehost.me\/#\/schema\/logo\/image\/"},"sameAs":["https:\/\/www.facebook.com\/groups\/145939082634753","https:\/\/www.instagram.com\/sideburnregional\/"]}]}},"_links":{"self":[{"href":"https:\/\/sideburn.ca\/fr\/wp-json\/wp\/v2\/pages\/65","targetHints":{"allow":["GET"]}}],"collection":[{"href":"https:\/\/sideburn.ca\/fr\/wp-json\/wp\/v2\/pages"}],"about":[{"href":"https:\/\/sideburn.ca\/fr\/wp-json\/wp\/v2\/types\/page"}],"author":[{"embeddable":true,"href":"https:\/\/sideburn.ca\/fr\/wp-json\/wp\/v2\/users\/2"}],"replies":[{"embeddable":true,"href":"https:\/\/sideburn.ca\/fr\/wp-json\/wp\/v2\/comments?post=65"}],"version-history":[{"count":20,"href":"https:\/\/sideburn.ca\/fr\/wp-json\/wp\/v2\/pages\/65\/revisions"}],"predecessor-version":[{"id":2666,"href":"https:\/\/sideburn.ca\/fr\/wp-json\/wp\/v2\/pages\/65\/revisions\/2666"}],"up":[{"embeddable":true,"href":"https:\/\/sideburn.ca\/fr\/wp-json\/wp\/v2\/pages\/63"}],"wp:featuredmedia":[{"embeddable":true,"href":"https:\/\/sideburn.ca\/fr\/wp-json\/wp\/v2\/media\/625"}],"wp:attachment":[{"href":"https:\/\/sideburn.ca\/fr\/wp-json\/wp\/v2\/media?parent=65"}],"curies":[{"name":"wp","href":"https:\/\/api.w.org\/{rel}","templated":true}]}}