{"id":63,"date":"2024-10-17T19:11:56","date_gmt":"2024-10-17T19:11:56","guid":{"rendered":"https:\/\/dbx.gdr.mybluehost.me\/?page_id=63"},"modified":"2026-03-04T00:05:48","modified_gmt":"2026-03-04T00:05:48","slug":"the-event","status":"publish","type":"page","link":"https:\/\/sideburn.ca\/fr\/the-event\/","title":{"rendered":"L'\u00e9v\u00e9nement"},"content":{"rendered":"<h2>Nous accueillons l'\u00e9tranger<\/h2>\n<p class=\"lead\">SideBurn est un \u00e9v\u00e9nement artistique, culturel et de camping dynamique qui se tient pr\u00e8s de Stone Mills, en Ontario, <strong>du 14 au 18 mai 2026<\/strong>. En tant qu'\u00e9v\u00e9nement r\u00e9gional Burning Man en Ontario, il rassemble des personnes cr\u00e9atives afin de s'exprimer librement, partager leur art et leurs offrandes, et fa\u00e7onner ensemble une exp\u00e9rience unique pour chacun.<\/p>\n<p><strong>Nouveau dans la communaut\u00e9 ?<\/strong> Nous sommes ravis de vous accueillir ! Les \u00e9v\u00e9nements Burning Man reposent sur le principe suivant : \u00eatre <strong>Radicalement inclusif<\/strong>, accueillant toutes les personnes qui souhaitent se joindre \u00e0 nous et passer un moment formidable ensemble. En tant que membre de notre communaut\u00e9, nous vous demandons d'assumer la responsabilit\u00e9 de la s\u00e9curit\u00e9 et du bien-\u00eatre de chacun. Nous avons \u00e9tabli des directives et des politiques de s\u00e9curit\u00e9 afin de garantir \u00e0 toutes les personnes participantes une exp\u00e9rience aussi s\u00fbre et agr\u00e9able que possible.<\/p>\n<div class=\"boxit text-center\">\n<h3><i class=\"fa-solid fa-clock-twelve me-2\"><\/i>Votre parcours SideBurn : de l'arriv\u00e9e aux adieux<\/h3>\n<p><strong>SideBurn commence le jeudi 14 mai \u00e0 12 h (midi) et se termine officiellement le lundi 18 mai \u00e0 12 h (midi).<\/strong> Tous les v\u00e9hicules doivent avoir quitt\u00e9 les lieux au plus tard \u00e0 15 h le lundi, soit trois heures apr\u00e8s la fin de l'\u00e9v\u00e9nement.<\/p>\n<\/div>\n<h2 id=\"theme\">Pr\u00e9sentation du th\u00e8me de cette ann\u00e9e<\/h2>\n<h3>Le Grand r\u00e9ensauvagement<\/h3>\n<p>Le grand r\u00e9ensauvagement nous appelle \u00e0 revenir \u00e0 nos racines, \u00e0 la nature sauvage qui est en nous et qui nous entoure. Un retour \u00e0 l'instinct, \u00e0 l'imagination et au jeu. C'est une c\u00e9l\u00e9bration du chaos de la nature, de la cr\u00e9ativit\u00e9 humaine, de notre lien profond et de notre respect pour la terre qui nous porte. Ensemble, nous devenons des esprits de la for\u00eat, des champignons lumineux, des cr\u00e9atures de lumi\u00e8re et de rire, co-cr\u00e9ant avec la terre plut\u00f4t que sur elle. Le grand reboisement est un rappel vivant que la nature sauvage n'a jamais \u00e9t\u00e9 perdue, mais qu'elle n'attend que notre r\u00e9veil.<\/p>\n<div class=\"content-img\"><img decoding=\"async\" loading=\"lazy\" class=\"alignnone size-full wp-image-720\" src=\"https:\/\/sideburn.ca\/wp-content\/uploads\/2024\/12\/header-theevent.jpg\" alt=\"\" width=\"1200\" height=\"520\" srcset=\"https:\/\/sideburn.ca\/wp-content\/uploads\/2024\/12\/header-theevent.jpg 1200w, https:\/\/sideburn.ca\/wp-content\/uploads\/2024\/12\/header-theevent-300x130.jpg 300w, https:\/\/sideburn.ca\/wp-content\/uploads\/2024\/12\/header-theevent-1024x444.jpg 1024w, https:\/\/sideburn.ca\/wp-content\/uploads\/2024\/12\/header-theevent-768x333.jpg 768w\" sizes=\"auto, (max-width: 1200px) 100vw, 1200px\" \/><\/div>\n<h2>D\u00e9couvrez comment SideBurn donne vie aux 10 principes du Burning Man<\/h2>\n<div id=\"accordionContent\" class=\"accordion\">\n<div class=\"accordion-item\">\n<h2 class=\"accordion-header\"><button class=\"accordion-button collapsed\" type=\"button\" data-bs-toggle=\"collapse\" data-bs-target=\"#collapse1\" aria-expanded=\"false\" aria-controls=\"collapse1\">Inclusion radicale<\/button><\/h2>\n<div id=\"collapse1\" class=\"accordion-collapse collapse\" data-bs-parent=\"#accordionContent\">\n<div class=\"accordion-body\">Tout le monde peut faire partie de SideBurn. Nous accueillons et respectons l'\u00e9tranger. L'inclusion radicale signifie accepter les formes d'expression personnelle et les divergences d'opinion des autres. Nous attendons de toutes les personnes participantes qu\u2019elles se traitent mutuellement avec respect. Veillez vous <a href=\"https:\/\/sideburn.ca\/fr\/the-event\/policies\/conduct\/\">familiarisez avec notre code de conduite<\/a>.<\/div>\n<\/div>\n<\/div>\n<div class=\"accordion-item\">\n<h2 class=\"accordion-header\"><button class=\"accordion-button collapsed\" type=\"button\" data-bs-toggle=\"collapse\" data-bs-target=\"#collapse2\" aria-expanded=\"false\" aria-controls=\"collapse2\">Cadeaux<\/button><\/h2>\n<div id=\"collapse2\" class=\"accordion-collapse collapse\" data-bs-parent=\"#accordionContent\">\n<div class=\"accordion-body\">SideBurn est d\u00e9di\u00e9 \u00e0 l\u2019esprit du don. La valeur d'un cadeau est inconditionnelle. Offrir un cadeau n'implique pas de retour ou d'\u00e9change contre quelque chose de valeur \u00e9quivalente. Un cadeau peut \u00eatre tout ce que vous partagez avec les autres participants. Le don est ce qui fait l\u2019\u00e9v\u00e9nement, puisqu'il n'y a pas de programme centralis\u00e9. Un cadeau peut \u00eatre grand ou petit, futile ou s\u00e9rieux. Il peut s'agir de n'importe quoi : <a href=\"https:\/\/sideburn.ca\/fr\/participate\/theme-camps\/\">un camp th\u00e8matique<\/a>, une performance, <a href=\"https:\/\/sideburn.ca\/fr\/the-event\/www\/\">une exp\u00e9rience \u00e9ph\u00e9m\u00e8re\/itin\u00e9rante ou une offre de nourriture<\/a>; des objets faits \u00e0 la main ou pratiques \u00e0 offrir ; un mot gentil, passer du temps avec quelqu'un ou faire en sorte que tout le monde se sente inclus. Que signifie pour vous le fait d'offrir un cadeau ? Qu'aimeriez-vous offrir aux autres ?<\/div>\n<\/div>\n<\/div>\n<div class=\"accordion-item\">\n<h2 class=\"accordion-header\"><button class=\"accordion-button collapsed\" type=\"button\" data-bs-toggle=\"collapse\" data-bs-target=\"#collapse3\" aria-expanded=\"false\" aria-controls=\"collapse3\">D\u00e9modification<\/button><\/h2>\n<div id=\"collapse3\" class=\"accordion-collapse collapse\" data-bs-parent=\"#accordionContent\">\n<div class=\"accordion-body\">Afin de pr\u00e9server l'esprit du don, notre communaut\u00e9 cherche \u00e0 cr\u00e9er des environnements sp\u00e9ciaux qui ne sont pas influenc\u00e9s par des parrainages commerciaux, des transactions ou de la publicit\u00e9. Nous sommes pr\u00eats \u00e0 prot\u00e9ger notre culture contre toute exploitation. Nous refusons que la consommation remplace l'exp\u00e9rience participative.<strong>Rien n'est \u00e0 vendre chez SideBurn !<\/strong> Vous pouvez recevoir de la nourriture ou des boissons en cadeau, mais elles ne sont pas \u00e0 vendre. Nous n'autorisons pas la promotion d'\u00e9v\u00e9nements commerciaux, de marques\/produits ou d'activit\u00e9s lucratives lors de l'\u00e9v\u00e9nement. Dans un esprit de d\u00e9commodification, nous vous encourageons \u00e0 fabriquer vos propres tenues\/costumes, \u00e0 r\u00e9utiliser des objets et \u00e0 utiliser des objets trouv\u00e9s ou d'occasion dans vos costumes\/arts\/cadeaux !<\/p>\n<\/div>\n<\/div>\n<\/div>\n<div class=\"accordion-item\">\n<h2 class=\"accordion-header\"><button class=\"accordion-button collapsed\" type=\"button\" data-bs-toggle=\"collapse\" data-bs-target=\"#collapse4\" aria-expanded=\"false\" aria-controls=\"collapse4\">Autonomie radicale<\/button><\/h2>\n<div id=\"collapse4\" class=\"accordion-collapse collapse\" data-bs-parent=\"#accordionContent\">\n<div class=\"accordion-body\">SideBurn encourage les individus \u00e0 d\u00e9couvrir, exercer et compter sur leurs ressources int\u00e9rieures. Venez avec tout ce dont vous avez besoin pour l'\u00e9v\u00e9nement, et m\u00eame plus si vous le pouvez, afin de partager ou d'offrir ! Lisez nos guides ci-dessous pour vous aider \u00e0 vous pr\u00e9parer, et le <a href=\"https:\/\/sideburn.ca\/fr\/the-event\/survival-guide\/\">Guide de survie<\/a> lorsqu\u2019il sera publi\u00e9.<\/div>\n<\/div>\n<\/div>\n<div class=\"accordion-item\">\n<h2 class=\"accordion-header\"><button class=\"accordion-button collapsed\" type=\"button\" data-bs-toggle=\"collapse\" data-bs-target=\"#collapse5\" aria-expanded=\"false\" aria-controls=\"collapse5\">Expression radicale de soi<\/button><\/h2>\n<div id=\"collapse5\" class=\"accordion-collapse collapse\" data-bs-parent=\"#accordionContent\">\n<div class=\"accordion-body\">L'expression radicale de soi na\u00eet des dons uniques de l'individu. Personne d'autre que l'individu ou le groupe collaborateur ne peut en d\u00e9terminer le contenu. Elle est offerte comme un cadeau aux autres. L'expression personnelle radicale se manifeste souvent dans la mani\u00e8re dont nous nous pr\u00e9sentons aux autres - comment nous parlons, agissons et choisissons notre apparence. Nous voulons que vous soyez VOUS et que vous soyez authentique avec vous-m\u00eame, quelle que soit la forme que cela prend !<\/p>\n<\/div>\n<\/div>\n<\/div>\n<div class=\"accordion-item\">\n<h2 class=\"accordion-header\"><button class=\"accordion-button collapsed\" type=\"button\" data-bs-toggle=\"collapse\" data-bs-target=\"#collapse6\" aria-expanded=\"false\" aria-controls=\"collapse6\">Effort collectif<\/button><\/h2>\n<div id=\"collapse6\" class=\"accordion-collapse collapse\" data-bs-parent=\"#accordionContent\">\n<div class=\"accordion-body\">Notre communaut\u00e9 valorise la coop\u00e9ration et la collaboration cr\u00e9atives. Nous nous effor\u00e7ons de produire, de promouvoir et de prot\u00e9ger les r\u00e9seaux sociaux, les espaces publics, les \u0153uvres d'art et les m\u00e9thodes de communication qui favorisent ce type d'interaction. Il s'agit de VOTRE \u00e9v\u00e9nement, alors aidez-nous \u00e0 en faire l'\u00e9v\u00e9nement que vous voulez voir ! Vous pouvez contribuer en <a href=\"https:\/\/sideburn.ca\/fr\/participate\/volunteer\/\">b\u00e9n\u00e9volat<\/a>, en participant \u00e0 un <a href=\"https:\/\/sideburn.ca\/fr\/participate\/theme-camps\/\">camp th\u00e9matique<\/a>, <a href=\"https:\/\/sideburn.ca\/fr\/participate\/art\/\">en partagant votre art<\/a> sous quelque forme que ce soit, ou simplement en en faisant preuve d\u2019attention envers vous-m\u00eame et les autres et en sachant comment rendre l'\u00e9v\u00e9nement plus agr\u00e9able pour tous.<\/p>\n<\/div>\n<\/div>\n<\/div>\n<div class=\"accordion-item\">\n<h2 class=\"accordion-header\"><button class=\"accordion-button collapsed\" type=\"button\" data-bs-toggle=\"collapse\" data-bs-target=\"#collapse7\" aria-expanded=\"false\" aria-controls=\"collapse7\">Responsabilit\u00e9 civique<\/button><\/h2>\n<div id=\"collapse7\" class=\"accordion-collapse collapse\" data-bs-parent=\"#accordionContent\">\n<div class=\"accordion-body\">Nous accordons une grande importance \u00e0 la soci\u00e9t\u00e9 civile. Les membres de la communaut\u00e9 qui organisent des \u00e9v\u00e9nements doivent assumer la responsabilit\u00e9 du bien-\u00eatre public et s\u2019efforcer de communiquer les <a href=\"https:\/\/sideburn.ca\/fr\/the-event\/policies\/\">responsabilit\u00e9s civiques<\/a> aux participants. Ils doivent \u00e9galement assumer la responsabilit\u00e9 de l'organisation d'\u00e9v\u00e9nements conform\u00e9ment aux lois locales, nationales et f\u00e9d\u00e9rales.<\/div>\n<\/div>\n<\/div>\n<div class=\"accordion-item\">\n<h2 class=\"accordion-header\"><button class=\"accordion-button collapsed\" type=\"button\" data-bs-toggle=\"collapse\" data-bs-target=\"#collapse8\" aria-expanded=\"false\" aria-controls=\"collapse8\">Ne laissez aucune trace (LNT)<\/button><\/h2>\n<div id=\"collapse8\" class=\"accordion-collapse collapse\" data-bs-parent=\"#accordionContent\">\n<div class=\"accordion-body\">Notre communaut\u00e9 respecte l'environnement. Nous nous engageons \u00e0 ne laisser aucune trace physique de nos activit\u00e9s, quel que soit l'endroit o\u00f9 nous nous rassemblons. Nous nettoyons derri\u00e8re nous et, dans la mesure du possible, nous laissons ces endroits dans un meilleur \u00e9tat que lorsque nous les avons trouv\u00e9s. Il n'y a pas de ramassage d'ordures \u00e0 SideBurn, c'est donc \u00e0 nous tous d'\u00e9liminer les mati\u00e8res hors de l'endroit (MOOP). <strong>Tout ce que vous apportez, vous le reprenez.<\/strong> Cela inclut tout ce qui pourrait \u00eatre consid\u00e9r\u00e9 comme des d\u00e9chets : bouteilles, cordes, d\u00e9bris, \u00e9pluchures de fruits, m\u00e9gots de cigarettes, paillettes, et tout le reste. (Conseil pratique : pour faciliter ce processus pour vous-m\u00eame et pour la communaut\u00e9, vous pouvez envisager de laisser chez vous les objets particuli\u00e8rement \u201c salissants \u201d, comme ce boa en plumes \u00e9bouriff\u00e9 que vous aimez tant.)<\/p>\n<\/div>\n<\/div>\n<\/div>\n<div class=\"accordion-item\">\n<h2 class=\"accordion-header\"><button class=\"accordion-button collapsed\" type=\"button\" data-bs-toggle=\"collapse\" data-bs-target=\"#collapse9\" aria-expanded=\"false\" aria-controls=\"collapse9\">La participation<\/button><\/h2>\n<div id=\"collapse9\" class=\"accordion-collapse collapse\" data-bs-parent=\"#accordionContent\">\n<div class=\"accordion-body\">Notre communaut\u00e9 s'engage \u00e0 <a href=\"https:\/\/sideburn.ca\/fr\/participate\/\">une \u00e9thique de participation radicale<\/a>. Nous croyons que le changement transformateur, qu'il soit individuel ou social, ne peut se produire que par le biais d'une participation profond\u00e9ment personnelle. Nous nous r\u00e9alisons par l\u2019action. Tout le monde est invit\u00e9 \u00e0 travailler. Tout le monde est invit\u00e9 \u00e0 jouer. Nous rendons le monde r\u00e9el par des actions qui ouvrent le c\u0153ur.<\/div>\n<\/div>\n<\/div>\n<div class=\"accordion-item\">\n<h2 class=\"accordion-header\"><button class=\"accordion-button collapsed\" type=\"button\" data-bs-toggle=\"collapse\" data-bs-target=\"#collapse10\" aria-expanded=\"false\" aria-controls=\"collapse10\">Imm\u00e9diatet\u00e9<\/button><\/h2>\n<div id=\"collapse10\" class=\"accordion-collapse collapse\" data-bs-parent=\"#accordionContent\">\n<div class=\"accordion-body\">L'exp\u00e9rience imm\u00e9diate est la valeur fondamentale de notre culture. Nous cherchons \u00e0 surmonter les obstacles qui nous s\u00e9parent de la reconnaissance de notre moi int\u00e9rieur, de la r\u00e9alit\u00e9 de ceux qui nous entourent, de la participation \u00e0 la soci\u00e9t\u00e9 et du contact avec un monde naturel qui d\u00e9passe les pouvoirs humains. Aucune id\u00e9e ne peut remplacer cette exp\u00e9rience.<\/div>\n<\/div>\n<\/div>\n<\/div>","protected":false},"excerpt":{"rendered":"<p>Discover how this year\u2019s Chromatic Carnival theme will create an unforgettable experience\u2014get details on ticketing, key dates, and arrival information to ensure you&#8217;re ready!<\/p>","protected":false},"author":2,"featured_media":985,"parent":0,"menu_order":7,"comment_status":"closed","ping_status":"closed","template":"","meta":{"_acf_changed":false,"nf_dc_page":"","footnotes":""},"class_list":["post-63","page","type-page","status-publish","has-post-thumbnail","hentry"],"acf":[],"yoast_head":"<!-- This site is optimized with the Yoast SEO plugin v27.4 - https:\/\/yoast.com\/product\/yoast-seo-wordpress\/ -->\n<title>The Event - SideBurn<\/title>\n<meta name=\"robots\" content=\"index, follow, max-snippet:-1, max-image-preview:large, max-video-preview:-1\" \/>\n<link rel=\"canonical\" href=\"https:\/\/sideburn.ca\/fr\/the-event\/\" \/>\n<meta property=\"og:locale\" content=\"fr_CA\" \/>\n<meta property=\"og:type\" content=\"article\" \/>\n<meta property=\"og:title\" content=\"The Event - SideBurn\" \/>\n<meta property=\"og:description\" content=\"Discover how this year\u2019s Chromatic Carnival theme will create an unforgettable experience\u2014get details on ticketing, key dates, and arrival information to ensure you&#039;re ready!\" \/>\n<meta property=\"og:url\" content=\"https:\/\/sideburn.ca\/fr\/the-event\/\" \/>\n<meta property=\"og:site_name\" content=\"SideBurn\" \/>\n<meta property=\"article:publisher\" content=\"https:\/\/www.facebook.com\/groups\/145939082634753\" \/>\n<meta property=\"article:modified_time\" content=\"2026-03-04T00:05:48+00:00\" \/>\n<meta property=\"og:image\" content=\"https:\/\/sideburn.ca\/wp-content\/uploads\/2024\/12\/header-theevent01.jpg\" \/>\n\t<meta property=\"og:image:width\" content=\"1400\" \/>\n\t<meta property=\"og:image:height\" content=\"612\" \/>\n\t<meta property=\"og:image:type\" content=\"image\/jpeg\" \/>\n<meta name=\"twitter:card\" content=\"summary_large_image\" \/>\n<meta name=\"twitter:label1\" content=\"Est. reading time\" \/>\n\t<meta name=\"twitter:data1\" content=\"5 minutes\" \/>\n<script type=\"application\/ld+json\" class=\"yoast-schema-graph\">{\"@context\":\"https:\\\/\\\/schema.org\",\"@graph\":[{\"@type\":\"WebPage\",\"@id\":\"https:\\\/\\\/sideburn.ca\\\/the-event\\\/\",\"url\":\"https:\\\/\\\/sideburn.ca\\\/the-event\\\/\",\"name\":\"The Event - SideBurn\",\"isPartOf\":{\"@id\":\"https:\\\/\\\/dbx.gdr.mybluehost.me\\\/#website\"},\"primaryImageOfPage\":{\"@id\":\"https:\\\/\\\/sideburn.ca\\\/the-event\\\/#primaryimage\"},\"image\":{\"@id\":\"https:\\\/\\\/sideburn.ca\\\/the-event\\\/#primaryimage\"},\"thumbnailUrl\":\"https:\\\/\\\/sideburn.ca\\\/wp-content\\\/uploads\\\/2024\\\/12\\\/header-theevent01.jpg\",\"datePublished\":\"2024-10-17T19:11:56+00:00\",\"dateModified\":\"2026-03-04T00:05:48+00:00\",\"breadcrumb\":{\"@id\":\"https:\\\/\\\/sideburn.ca\\\/the-event\\\/#breadcrumb\"},\"inLanguage\":\"fr-CA\",\"potentialAction\":[{\"@type\":\"ReadAction\",\"target\":[\"https:\\\/\\\/sideburn.ca\\\/the-event\\\/\"]}]},{\"@type\":\"ImageObject\",\"inLanguage\":\"fr-CA\",\"@id\":\"https:\\\/\\\/sideburn.ca\\\/the-event\\\/#primaryimage\",\"url\":\"https:\\\/\\\/sideburn.ca\\\/wp-content\\\/uploads\\\/2024\\\/12\\\/header-theevent01.jpg\",\"contentUrl\":\"https:\\\/\\\/sideburn.ca\\\/wp-content\\\/uploads\\\/2024\\\/12\\\/header-theevent01.jpg\",\"width\":1400,\"height\":612},{\"@type\":\"BreadcrumbList\",\"@id\":\"https:\\\/\\\/sideburn.ca\\\/the-event\\\/#breadcrumb\",\"itemListElement\":[{\"@type\":\"ListItem\",\"position\":1,\"name\":\"Home\",\"item\":\"https:\\\/\\\/sideburn.ca\\\/\"},{\"@type\":\"ListItem\",\"position\":2,\"name\":\"The Event\"}]},{\"@type\":\"WebSite\",\"@id\":\"https:\\\/\\\/dbx.gdr.mybluehost.me\\\/#website\",\"url\":\"https:\\\/\\\/dbx.gdr.mybluehost.me\\\/\",\"name\":\"SideBurn\",\"description\":\"Chromatic Carnival\",\"publisher\":{\"@id\":\"https:\\\/\\\/dbx.gdr.mybluehost.me\\\/#organization\"},\"potentialAction\":[{\"@type\":\"SearchAction\",\"target\":{\"@type\":\"EntryPoint\",\"urlTemplate\":\"https:\\\/\\\/dbx.gdr.mybluehost.me\\\/?s={search_term_string}\"},\"query-input\":{\"@type\":\"PropertyValueSpecification\",\"valueRequired\":true,\"valueName\":\"search_term_string\"}}],\"inLanguage\":\"fr-CA\"},{\"@type\":\"Organization\",\"@id\":\"https:\\\/\\\/dbx.gdr.mybluehost.me\\\/#organization\",\"name\":\"SideBurn\",\"url\":\"https:\\\/\\\/dbx.gdr.mybluehost.me\\\/\",\"logo\":{\"@type\":\"ImageObject\",\"inLanguage\":\"fr-CA\",\"@id\":\"https:\\\/\\\/dbx.gdr.mybluehost.me\\\/#\\\/schema\\\/logo\\\/image\\\/\",\"url\":\"https:\\\/\\\/i0.wp.com\\\/sideburn.ca\\\/wp-content\\\/uploads\\\/2024\\\/12\\\/logo-sideburn-full-1.png?fit=1259%2C496&ssl=1\",\"contentUrl\":\"https:\\\/\\\/i0.wp.com\\\/sideburn.ca\\\/wp-content\\\/uploads\\\/2024\\\/12\\\/logo-sideburn-full-1.png?fit=1259%2C496&ssl=1\",\"width\":1259,\"height\":496,\"caption\":\"SideBurn\"},\"image\":{\"@id\":\"https:\\\/\\\/dbx.gdr.mybluehost.me\\\/#\\\/schema\\\/logo\\\/image\\\/\"},\"sameAs\":[\"https:\\\/\\\/www.facebook.com\\\/groups\\\/145939082634753\",\"https:\\\/\\\/www.instagram.com\\\/sideburnregional\\\/\"]}]}<\/script>\n<!-- \/ Yoast SEO plugin. -->","yoast_head_json":{"title":"The Event - SideBurn","robots":{"index":"index","follow":"follow","max-snippet":"max-snippet:-1","max-image-preview":"max-image-preview:large","max-video-preview":"max-video-preview:-1"},"canonical":"https:\/\/sideburn.ca\/fr\/the-event\/","og_locale":"fr_CA","og_type":"article","og_title":"The Event - SideBurn","og_description":"Discover how this year\u2019s Chromatic Carnival theme will create an unforgettable experience\u2014get details on ticketing, key dates, and arrival information to ensure you're ready!","og_url":"https:\/\/sideburn.ca\/fr\/the-event\/","og_site_name":"SideBurn","article_publisher":"https:\/\/www.facebook.com\/groups\/145939082634753","article_modified_time":"2026-03-04T00:05:48+00:00","og_image":[{"width":1400,"height":612,"url":"https:\/\/sideburn.ca\/wp-content\/uploads\/2024\/12\/header-theevent01.jpg","type":"image\/jpeg"}],"twitter_card":"summary_large_image","twitter_misc":{"Est. reading time":"5 minutes"},"schema":{"@context":"https:\/\/schema.org","@graph":[{"@type":"WebPage","@id":"https:\/\/sideburn.ca\/the-event\/","url":"https:\/\/sideburn.ca\/the-event\/","name":"The Event - SideBurn","isPartOf":{"@id":"https:\/\/dbx.gdr.mybluehost.me\/#website"},"primaryImageOfPage":{"@id":"https:\/\/sideburn.ca\/the-event\/#primaryimage"},"image":{"@id":"https:\/\/sideburn.ca\/the-event\/#primaryimage"},"thumbnailUrl":"https:\/\/sideburn.ca\/wp-content\/uploads\/2024\/12\/header-theevent01.jpg","datePublished":"2024-10-17T19:11:56+00:00","dateModified":"2026-03-04T00:05:48+00:00","breadcrumb":{"@id":"https:\/\/sideburn.ca\/the-event\/#breadcrumb"},"inLanguage":"fr-CA","potentialAction":[{"@type":"ReadAction","target":["https:\/\/sideburn.ca\/the-event\/"]}]},{"@type":"ImageObject","inLanguage":"fr-CA","@id":"https:\/\/sideburn.ca\/the-event\/#primaryimage","url":"https:\/\/sideburn.ca\/wp-content\/uploads\/2024\/12\/header-theevent01.jpg","contentUrl":"https:\/\/sideburn.ca\/wp-content\/uploads\/2024\/12\/header-theevent01.jpg","width":1400,"height":612},{"@type":"BreadcrumbList","@id":"https:\/\/sideburn.ca\/the-event\/#breadcrumb","itemListElement":[{"@type":"ListItem","position":1,"name":"Home","item":"https:\/\/sideburn.ca\/"},{"@type":"ListItem","position":2,"name":"The Event"}]},{"@type":"WebSite","@id":"https:\/\/dbx.gdr.mybluehost.me\/#website","url":"https:\/\/dbx.gdr.mybluehost.me\/","name":"SideBurn","description":"Carnaval chromatique","publisher":{"@id":"https:\/\/dbx.gdr.mybluehost.me\/#organization"},"potentialAction":[{"@type":"SearchAction","target":{"@type":"EntryPoint","urlTemplate":"https:\/\/dbx.gdr.mybluehost.me\/?s={search_term_string}"},"query-input":{"@type":"PropertyValueSpecification","valueRequired":true,"valueName":"search_term_string"}}],"inLanguage":"fr-CA"},{"@type":"Organization","@id":"https:\/\/dbx.gdr.mybluehost.me\/#organization","name":"SideBurn","url":"https:\/\/dbx.gdr.mybluehost.me\/","logo":{"@type":"ImageObject","inLanguage":"fr-CA","@id":"https:\/\/dbx.gdr.mybluehost.me\/#\/schema\/logo\/image\/","url":"https:\/\/i0.wp.com\/sideburn.ca\/wp-content\/uploads\/2024\/12\/logo-sideburn-full-1.png?fit=1259%2C496&ssl=1","contentUrl":"https:\/\/i0.wp.com\/sideburn.ca\/wp-content\/uploads\/2024\/12\/logo-sideburn-full-1.png?fit=1259%2C496&ssl=1","width":1259,"height":496,"caption":"SideBurn"},"image":{"@id":"https:\/\/dbx.gdr.mybluehost.me\/#\/schema\/logo\/image\/"},"sameAs":["https:\/\/www.facebook.com\/groups\/145939082634753","https:\/\/www.instagram.com\/sideburnregional\/"]}]}},"_links":{"self":[{"href":"https:\/\/sideburn.ca\/fr\/wp-json\/wp\/v2\/pages\/63","targetHints":{"allow":["GET"]}}],"collection":[{"href":"https:\/\/sideburn.ca\/fr\/wp-json\/wp\/v2\/pages"}],"about":[{"href":"https:\/\/sideburn.ca\/fr\/wp-json\/wp\/v2\/types\/page"}],"author":[{"embeddable":true,"href":"https:\/\/sideburn.ca\/fr\/wp-json\/wp\/v2\/users\/2"}],"replies":[{"embeddable":true,"href":"https:\/\/sideburn.ca\/fr\/wp-json\/wp\/v2\/comments?post=63"}],"version-history":[{"count":20,"href":"https:\/\/sideburn.ca\/fr\/wp-json\/wp\/v2\/pages\/63\/revisions"}],"predecessor-version":[{"id":2479,"href":"https:\/\/sideburn.ca\/fr\/wp-json\/wp\/v2\/pages\/63\/revisions\/2479"}],"wp:featuredmedia":[{"embeddable":true,"href":"https:\/\/sideburn.ca\/fr\/wp-json\/wp\/v2\/media\/985"}],"wp:attachment":[{"href":"https:\/\/sideburn.ca\/fr\/wp-json\/wp\/v2\/media?parent=63"}],"curies":[{"name":"wp","href":"https:\/\/api.w.org\/{rel}","templated":true}]}}