{"id":61,"date":"2024-10-17T19:11:26","date_gmt":"2024-10-17T19:11:26","guid":{"rendered":"https:\/\/dbx.gdr.mybluehost.me\/?page_id=61"},"modified":"2026-03-23T14:02:51","modified_gmt":"2026-03-23T14:02:51","slug":"homepage","status":"publish","type":"page","link":"https:\/\/sideburn.ca\/fr\/","title":{"rendered":"Page d'accueil"},"content":{"rendered":"<p><!-- EVENT STARTING SOON --><\/p>\n<div class=\"boxit text-center d-none\">\n<h3><i class=\"fa-solid fa-fire-flame-curved me-2\"><\/i>Pr\u00e9parez-vous, SideBurn commence bient\u00f4t !<\/h3>\n<p>Avant d'arriver, <strong>Assurez-vous d'\u00eatre pr\u00eat pour tout ce que SideBurn a \u00e0 offrir.<\/strong> Commencez par le <a href=\"https:\/\/sideburn.ca\/fr\/the-event\/www\/\">guide Quoi, o\u00f9, quand (WWW)<\/a>\u2014votre r\u00e9f\u00e9rence pour savoir ce qui se passe, o\u00f9 et quand. N'oubliez pas de lire notre <a href=\"https:\/\/sideburn.ca\/fr\/the-event\/survival-guide\/\">Guides de survie<\/a>, qui comprend des conseils essentiels sur la mani\u00e8re de <a href=\"https:\/\/sideburn.ca\/fr\/the-event\/survival-guide\/the-survival-guide\/preparing-for-sideburn\/\">Pr\u00e9parez-vous, prosp\u00e9rez et emportez tout ce dont vous aurez besoin.<\/a>. De plus, examinez <a href=\"https:\/\/sideburn.ca\/fr\/the-event\/survival-guide\/the-survival-guide\/getting-here\/\">Comment s'y rendre<\/a> pour conna\u00eetre l'emplacement, les informations d'arriv\u00e9e, les horaires d'ouverture des portes et les d\u00e9tails concernant le stationnement, et ne manquez pas le <a href=\"https:\/\/sideburn.ca\/fr\/the-event\/\">calendrier<\/a> pour que vous sachiez exactement quand le plaisir commence... et quand il est temps de dire au revoir.\n<\/div>\n<p><!-- EVENT REGISTRATION OPEN --><\/p>\n<div class=\"d-none\">\n<p class=\"lead\">L'enregistrement des billets pour la vente principale est maintenant ouvert !<\/p>\n<p><a class=\"btn btn-primary\" href=\"https:\/\/sideburn.ca\/fr\/the-event\/ticketing\/\">S'inscrire<\/a>\n<\/div>\n<p><!-- EVENT REGISTRATION CLOSED --><\/p>\n<div class=\"d-block\">\n<p class=\"lead\"><strong>L'enregistrement pour la vente principale de billets  est maintenant termin\u00e9.<\/strong> Rendez-vous en mai !<\/p>\n<\/div>","protected":false},"excerpt":{"rendered":"<p>Pr\u00e9parez-vous - SideBurn commence bient\u00f4t ! Avant de vous lancer, assurez-vous d'\u00eatre pr\u00eat pour tout ce que SideBurn a \u00e0 offrir. Commencez par le Guide WWW, votre r\u00e9f\u00e9rence pour savoir ce qui se passe, o\u00f9 et quand. N'oubliez pas de lire nos guides de survie, qui contiennent des conseils essentiels sur la fa\u00e7on de se pr\u00e9parer, de prosp\u00e9rer et de pr\u00e9parer tout ce dont vous aurez besoin. Consultez \u00e9galement le guide Getting Here...<\/p>","protected":false},"author":2,"featured_media":1054,"parent":0,"menu_order":21,"comment_status":"closed","ping_status":"closed","template":"page-homepage.php","meta":{"_acf_changed":false,"nf_dc_page":"","footnotes":""},"class_list":["post-61","page","type-page","status-publish","has-post-thumbnail","hentry"],"acf":[],"yoast_head":"<!-- This site is optimized with the Yoast SEO plugin v27.4 - https:\/\/yoast.com\/product\/yoast-seo-wordpress\/ -->\n<title>Homepage - SideBurn<\/title>\n<meta name=\"robots\" content=\"index, follow, max-snippet:-1, max-image-preview:large, max-video-preview:-1\" \/>\n<link rel=\"canonical\" href=\"https:\/\/sideburn.ca\/fr\/\" \/>\n<meta property=\"og:locale\" content=\"fr_CA\" \/>\n<meta property=\"og:type\" content=\"article\" \/>\n<meta property=\"og:title\" content=\"Homepage - SideBurn\" \/>\n<meta property=\"og:description\" content=\"Get Ready\u2014SideBurn Starts Soon! Before you roll in, make sure you&#8217;re ready for everything SideBurn has to offer. Start with the WWW Guide\u2014your go-to for what\u2019s happening, where, and when. Be sure to read our Survival Guides, which includes essential tips on how to prepare, thrive, and pack everything you&#8217;ll need. Also, review Getting Here...\" \/>\n<meta property=\"og:url\" content=\"https:\/\/sideburn.ca\/fr\/\" \/>\n<meta property=\"og:site_name\" content=\"SideBurn\" \/>\n<meta property=\"article:publisher\" content=\"https:\/\/www.facebook.com\/groups\/145939082634753\" \/>\n<meta property=\"article:modified_time\" content=\"2026-03-23T14:02:51+00:00\" \/>\n<meta property=\"og:image\" content=\"https:\/\/sideburn.ca\/wp-content\/uploads\/2024\/12\/hero-image01.jpg\" \/>\n\t<meta property=\"og:image:width\" content=\"1469\" \/>\n\t<meta property=\"og:image:height\" content=\"980\" \/>\n\t<meta property=\"og:image:type\" content=\"image\/jpeg\" \/>\n<meta name=\"twitter:card\" content=\"summary_large_image\" \/>\n<meta name=\"twitter:label1\" content=\"Est. reading time\" \/>\n\t<meta name=\"twitter:data1\" content=\"1 minute\" \/>\n<script type=\"application\/ld+json\" class=\"yoast-schema-graph\">{\"@context\":\"https:\\\/\\\/schema.org\",\"@graph\":[{\"@type\":\"WebPage\",\"@id\":\"https:\\\/\\\/sideburn.ca\\\/\",\"url\":\"https:\\\/\\\/sideburn.ca\\\/\",\"name\":\"Homepage - SideBurn\",\"isPartOf\":{\"@id\":\"https:\\\/\\\/dbx.gdr.mybluehost.me\\\/#website\"},\"primaryImageOfPage\":{\"@id\":\"https:\\\/\\\/sideburn.ca\\\/#primaryimage\"},\"image\":{\"@id\":\"https:\\\/\\\/sideburn.ca\\\/#primaryimage\"},\"thumbnailUrl\":\"https:\\\/\\\/sideburn.ca\\\/wp-content\\\/uploads\\\/2024\\\/12\\\/hero-image01.jpg\",\"datePublished\":\"2024-10-17T19:11:26+00:00\",\"dateModified\":\"2026-03-23T14:02:51+00:00\",\"breadcrumb\":{\"@id\":\"https:\\\/\\\/sideburn.ca\\\/#breadcrumb\"},\"inLanguage\":\"fr-CA\",\"potentialAction\":[{\"@type\":\"ReadAction\",\"target\":[\"https:\\\/\\\/sideburn.ca\\\/\"]}]},{\"@type\":\"ImageObject\",\"inLanguage\":\"fr-CA\",\"@id\":\"https:\\\/\\\/sideburn.ca\\\/#primaryimage\",\"url\":\"https:\\\/\\\/sideburn.ca\\\/wp-content\\\/uploads\\\/2024\\\/12\\\/hero-image01.jpg\",\"contentUrl\":\"https:\\\/\\\/sideburn.ca\\\/wp-content\\\/uploads\\\/2024\\\/12\\\/hero-image01.jpg\",\"width\":1469,\"height\":980},{\"@type\":\"BreadcrumbList\",\"@id\":\"https:\\\/\\\/sideburn.ca\\\/#breadcrumb\",\"itemListElement\":[{\"@type\":\"ListItem\",\"position\":1,\"name\":\"Home\",\"item\":\"https:\\\/\\\/sideburn.ca\\\/\"},{\"@type\":\"ListItem\",\"position\":2,\"name\":\"Homepage\"}]},{\"@type\":\"WebSite\",\"@id\":\"https:\\\/\\\/dbx.gdr.mybluehost.me\\\/#website\",\"url\":\"https:\\\/\\\/dbx.gdr.mybluehost.me\\\/\",\"name\":\"SideBurn\",\"description\":\"Chromatic Carnival\",\"publisher\":{\"@id\":\"https:\\\/\\\/dbx.gdr.mybluehost.me\\\/#organization\"},\"potentialAction\":[{\"@type\":\"SearchAction\",\"target\":{\"@type\":\"EntryPoint\",\"urlTemplate\":\"https:\\\/\\\/dbx.gdr.mybluehost.me\\\/?s={search_term_string}\"},\"query-input\":{\"@type\":\"PropertyValueSpecification\",\"valueRequired\":true,\"valueName\":\"search_term_string\"}}],\"inLanguage\":\"fr-CA\"},{\"@type\":\"Organization\",\"@id\":\"https:\\\/\\\/dbx.gdr.mybluehost.me\\\/#organization\",\"name\":\"SideBurn\",\"url\":\"https:\\\/\\\/dbx.gdr.mybluehost.me\\\/\",\"logo\":{\"@type\":\"ImageObject\",\"inLanguage\":\"fr-CA\",\"@id\":\"https:\\\/\\\/dbx.gdr.mybluehost.me\\\/#\\\/schema\\\/logo\\\/image\\\/\",\"url\":\"https:\\\/\\\/i0.wp.com\\\/sideburn.ca\\\/wp-content\\\/uploads\\\/2024\\\/12\\\/logo-sideburn-full-1.png?fit=1259%2C496&ssl=1\",\"contentUrl\":\"https:\\\/\\\/i0.wp.com\\\/sideburn.ca\\\/wp-content\\\/uploads\\\/2024\\\/12\\\/logo-sideburn-full-1.png?fit=1259%2C496&ssl=1\",\"width\":1259,\"height\":496,\"caption\":\"SideBurn\"},\"image\":{\"@id\":\"https:\\\/\\\/dbx.gdr.mybluehost.me\\\/#\\\/schema\\\/logo\\\/image\\\/\"},\"sameAs\":[\"https:\\\/\\\/www.facebook.com\\\/groups\\\/145939082634753\",\"https:\\\/\\\/www.instagram.com\\\/sideburnregional\\\/\"]}]}<\/script>\n<!-- \/ Yoast SEO plugin. -->","yoast_head_json":{"title":"Page d'accueil - SideBurn","robots":{"index":"index","follow":"follow","max-snippet":"max-snippet:-1","max-image-preview":"max-image-preview:large","max-video-preview":"max-video-preview:-1"},"canonical":"https:\/\/sideburn.ca\/fr\/","og_locale":"fr_CA","og_type":"article","og_title":"Homepage - SideBurn","og_description":"Get Ready\u2014SideBurn Starts Soon! Before you roll in, make sure you&#8217;re ready for everything SideBurn has to offer. Start with the WWW Guide\u2014your go-to for what\u2019s happening, where, and when. Be sure to read our Survival Guides, which includes essential tips on how to prepare, thrive, and pack everything you&#8217;ll need. Also, review Getting Here...","og_url":"https:\/\/sideburn.ca\/fr\/","og_site_name":"SideBurn","article_publisher":"https:\/\/www.facebook.com\/groups\/145939082634753","article_modified_time":"2026-03-23T14:02:51+00:00","og_image":[{"width":1469,"height":980,"url":"https:\/\/sideburn.ca\/wp-content\/uploads\/2024\/12\/hero-image01.jpg","type":"image\/jpeg"}],"twitter_card":"summary_large_image","twitter_misc":{"Est. reading time":"1 minute"},"schema":{"@context":"https:\/\/schema.org","@graph":[{"@type":"WebPage","@id":"https:\/\/sideburn.ca\/","url":"https:\/\/sideburn.ca\/","name":"Page d'accueil - SideBurn","isPartOf":{"@id":"https:\/\/dbx.gdr.mybluehost.me\/#website"},"primaryImageOfPage":{"@id":"https:\/\/sideburn.ca\/#primaryimage"},"image":{"@id":"https:\/\/sideburn.ca\/#primaryimage"},"thumbnailUrl":"https:\/\/sideburn.ca\/wp-content\/uploads\/2024\/12\/hero-image01.jpg","datePublished":"2024-10-17T19:11:26+00:00","dateModified":"2026-03-23T14:02:51+00:00","breadcrumb":{"@id":"https:\/\/sideburn.ca\/#breadcrumb"},"inLanguage":"fr-CA","potentialAction":[{"@type":"ReadAction","target":["https:\/\/sideburn.ca\/"]}]},{"@type":"ImageObject","inLanguage":"fr-CA","@id":"https:\/\/sideburn.ca\/#primaryimage","url":"https:\/\/sideburn.ca\/wp-content\/uploads\/2024\/12\/hero-image01.jpg","contentUrl":"https:\/\/sideburn.ca\/wp-content\/uploads\/2024\/12\/hero-image01.jpg","width":1469,"height":980},{"@type":"BreadcrumbList","@id":"https:\/\/sideburn.ca\/#breadcrumb","itemListElement":[{"@type":"ListItem","position":1,"name":"Home","item":"https:\/\/sideburn.ca\/"},{"@type":"ListItem","position":2,"name":"Homepage"}]},{"@type":"WebSite","@id":"https:\/\/dbx.gdr.mybluehost.me\/#website","url":"https:\/\/dbx.gdr.mybluehost.me\/","name":"SideBurn","description":"Carnaval chromatique","publisher":{"@id":"https:\/\/dbx.gdr.mybluehost.me\/#organization"},"potentialAction":[{"@type":"SearchAction","target":{"@type":"EntryPoint","urlTemplate":"https:\/\/dbx.gdr.mybluehost.me\/?s={search_term_string}"},"query-input":{"@type":"PropertyValueSpecification","valueRequired":true,"valueName":"search_term_string"}}],"inLanguage":"fr-CA"},{"@type":"Organization","@id":"https:\/\/dbx.gdr.mybluehost.me\/#organization","name":"SideBurn","url":"https:\/\/dbx.gdr.mybluehost.me\/","logo":{"@type":"ImageObject","inLanguage":"fr-CA","@id":"https:\/\/dbx.gdr.mybluehost.me\/#\/schema\/logo\/image\/","url":"https:\/\/i0.wp.com\/sideburn.ca\/wp-content\/uploads\/2024\/12\/logo-sideburn-full-1.png?fit=1259%2C496&ssl=1","contentUrl":"https:\/\/i0.wp.com\/sideburn.ca\/wp-content\/uploads\/2024\/12\/logo-sideburn-full-1.png?fit=1259%2C496&ssl=1","width":1259,"height":496,"caption":"SideBurn"},"image":{"@id":"https:\/\/dbx.gdr.mybluehost.me\/#\/schema\/logo\/image\/"},"sameAs":["https:\/\/www.facebook.com\/groups\/145939082634753","https:\/\/www.instagram.com\/sideburnregional\/"]}]}},"_links":{"self":[{"href":"https:\/\/sideburn.ca\/fr\/wp-json\/wp\/v2\/pages\/61","targetHints":{"allow":["GET"]}}],"collection":[{"href":"https:\/\/sideburn.ca\/fr\/wp-json\/wp\/v2\/pages"}],"about":[{"href":"https:\/\/sideburn.ca\/fr\/wp-json\/wp\/v2\/types\/page"}],"author":[{"embeddable":true,"href":"https:\/\/sideburn.ca\/fr\/wp-json\/wp\/v2\/users\/2"}],"replies":[{"embeddable":true,"href":"https:\/\/sideburn.ca\/fr\/wp-json\/wp\/v2\/comments?post=61"}],"version-history":[{"count":19,"href":"https:\/\/sideburn.ca\/fr\/wp-json\/wp\/v2\/pages\/61\/revisions"}],"predecessor-version":[{"id":2619,"href":"https:\/\/sideburn.ca\/fr\/wp-json\/wp\/v2\/pages\/61\/revisions\/2619"}],"wp:featuredmedia":[{"embeddable":true,"href":"https:\/\/sideburn.ca\/fr\/wp-json\/wp\/v2\/media\/1054"}],"wp:attachment":[{"href":"https:\/\/sideburn.ca\/fr\/wp-json\/wp\/v2\/media?parent=61"}],"curies":[{"name":"wp","href":"https:\/\/api.w.org\/{rel}","templated":true}]}}