{"id":600,"date":"2024-12-22T20:52:53","date_gmt":"2024-12-22T20:52:53","guid":{"rendered":"https:\/\/dbx.gdr.mybluehost.me\/?page_id=600"},"modified":"2026-03-21T18:54:09","modified_gmt":"2026-03-21T18:54:09","slug":"equity-ticketing","status":"publish","type":"page","link":"https:\/\/sideburn.ca\/fr\/the-event\/ticketing\/equity-ticketing\/","title":{"rendered":"Billetterie \u00e9quitable"},"content":{"rendered":"<p class=\"lead\">SideBurn s'efforce d'\u00eatre accessible et inclusif. Notre programme de billetterie \u00e9quitable offre deux volets distincts afin de r\u00e9duire les obstacles \u00e0 la participation. Vous pouvez faire une demande pour l'un ou les deux en utilisant le formulaire ci-dessous.<\/p>\n<div class=\"boxit text-center d-none\"><\/div>\n<h3>Les volets sont les suivants :<\/h3>\n<div class=\"boxit\">\n<div class=\"row align-items-center\">\n<div class=\"col-3 col-md-2\"><img decoding=\"async\" loading=\"lazy\" class=\"alignnone size-thumbnail wp-image-618\" src=\"https:\/\/sideburn.ca\/wp-content\/uploads\/2024\/12\/1icon-heart-150x150.png\" alt=\"\" width=\"150\" height=\"150\" srcset=\"https:\/\/sideburn.ca\/wp-content\/uploads\/2024\/12\/1icon-heart-150x150.png 150w, https:\/\/sideburn.ca\/wp-content\/uploads\/2024\/12\/1icon-heart-300x300.png 300w, https:\/\/sideburn.ca\/wp-content\/uploads\/2024\/12\/1icon-heart.png 401w\" sizes=\"auto, (max-width: 150px) 100vw, 150px\" \/><\/div>\n<div class=\"col-12 col-md-10\">\n<h3>Billets \u00e0 prix r\u00e9duit<\/h3>\n<p>Si vous avez des difficult\u00e9s financi\u00e8res, demandez une r\u00e9duction 75% sur votre billet.<\/p>\n<ul>\n<li>Faites votre demande t\u00f4t : les demandes doivent \u00eatre approuv\u00e9es avant la vente des billets (pour la vente group\u00e9e dirig\u00e9e, soumettez votre demande avant le 25 f\u00e9vrier).<\/li>\n<li>Vous devrez tout de m\u00eame participer \u00e0 la loterie de billets (ou \u00e0 la vente group\u00e9e dirig\u00e9e pour les b\u00e9n\u00e9ficiaires de bourses artistiques, les camps th\u00e9matiques et certains b\u00e9n\u00e9voles).<\/li>\n<li>Cette r\u00e9duction ne s'applique pas aux laissez-passer de stationnement.<\/li>\n<li>Le prix des billets ne peut pas \u00eatre modifi\u00e9 apr\u00e8s leur envoi.<\/li>\n<\/ul>\n<p><strong>Date limite pour postuler :<\/strong> COMPLET<\/p>\n<\/div>\n<\/div>\n<\/div>\n<div class=\"boxit\">\n<div class=\"row align-items-center\">\n<div class=\"col-3 col-md-2\"><img decoding=\"async\" loading=\"lazy\" class=\"alignnone size-thumbnail wp-image-620\" src=\"https:\/\/sideburn.ca\/wp-content\/uploads\/2024\/12\/1icon-equity-150x150.png\" alt=\"\" width=\"150\" height=\"150\" srcset=\"https:\/\/sideburn.ca\/wp-content\/uploads\/2024\/12\/1icon-equity-150x150.png 150w, https:\/\/sideburn.ca\/wp-content\/uploads\/2024\/12\/1icon-equity-300x300.png 300w, https:\/\/sideburn.ca\/wp-content\/uploads\/2024\/12\/1icon-equity.png 400w\" sizes=\"auto, (max-width: 150px) 100vw, 150px\" \/><\/div>\n<div class=\"col-12 col-md-10\">\n<h3>Aide \u00e0 l'\u00e9quit\u00e9<\/h3>\n<p>Si vous avez besoin d'une assistance pour les activit\u00e9s de la vie quotidienne (par exemple, les soins personnels, la mobilit\u00e9), le programme d'Aide \u00e0 l\u2019\u00e9quit\u00e9 permet d'obtenir un billet pour une personne qui vous accompagne, en plus de votre offre de billet.<\/p>\n<p>Vous devrez tout de m\u00eame participer \u00e0 la loterie de billets (ou \u00e0 la vente group\u00e9e dirig\u00e9e pour les b\u00e9n\u00e9ficiaires de bourses d'art, les membres de camps th\u00e9matiques ou certains b\u00e9n\u00e9voles).<\/p>\n<p><strong>Date limite pour postuler : <\/strong>COMPLET<\/p>\n<\/div>\n<\/div>\n<\/div>\n<p>&nbsp;<\/p>\n<p>Les candidatures sont g\u00e9n\u00e9ralement examin\u00e9es dans un d\u00e9lai de 72 heures ; les d\u00e9cisions sont communiqu\u00e9es par courriel. Toutes les candidatures sont confidentielles. Pour toute question ou demande d\u2019accommodement, veuillez contacter <a href=\"mailto:equity@sideburn.ca\">equity@sideburn.ca<\/a>.<\/p>\n<hr \/>\n<h2 id=\"anchor-form\">Faire une demande<\/h2>\n<p><!-- APPLICATIONS CLOSED --><\/p>\n<div class=\"d-none\"><strong>Remarque :<\/strong> Les demandes de billets \u00e0 prix r\u00e9duit sont d\u00e9sormais closes, mais <strong>Vous pouvez encore postuler \u00e0 Equity Assist jusqu'au 6 mai.<\/strong><\/div>\n<div class=\"boxit\"><\/div>","protected":false},"excerpt":{"rendered":"<p>Vous n\u2019avez pas les moyens d\u2019acheter votre billet ? Pas d\u2019inqui\u00e9tude : des billets \u00e9quitables sont offerts aux personnes qui rencontrent des obstacles \u00e0 la participation.<\/p>","protected":false},"author":2,"featured_media":642,"parent":65,"menu_order":0,"comment_status":"closed","ping_status":"closed","template":"","meta":{"_acf_changed":false,"nf_dc_page":"","footnotes":""},"class_list":["post-600","page","type-page","status-publish","has-post-thumbnail","hentry"],"acf":[],"yoast_head":"<!-- This site is optimized with the Yoast SEO plugin v27.4 - https:\/\/yoast.com\/product\/yoast-seo-wordpress\/ -->\n<title>Equity Ticketing - SideBurn<\/title>\n<meta name=\"robots\" content=\"index, follow, max-snippet:-1, max-image-preview:large, max-video-preview:-1\" \/>\n<link rel=\"canonical\" href=\"https:\/\/sideburn.ca\/fr\/the-event\/ticketing\/equity-ticketing\/\" \/>\n<meta property=\"og:locale\" content=\"fr_CA\" \/>\n<meta property=\"og:type\" content=\"article\" \/>\n<meta property=\"og:title\" content=\"Equity Ticketing - SideBurn\" \/>\n<meta property=\"og:description\" content=\"Can\u2019t afford your ticket? Don\u2019t worry, equity tickets are available to those who are experiencing barriers to participation.\" \/>\n<meta property=\"og:url\" content=\"https:\/\/sideburn.ca\/fr\/the-event\/ticketing\/equity-ticketing\/\" \/>\n<meta property=\"og:site_name\" content=\"SideBurn\" \/>\n<meta property=\"article:publisher\" content=\"https:\/\/www.facebook.com\/groups\/145939082634753\" \/>\n<meta property=\"article:modified_time\" content=\"2026-03-21T18:54:09+00:00\" \/>\n<meta property=\"og:image\" content=\"https:\/\/sideburn.ca\/wp-content\/uploads\/2024\/12\/header-equityticketing.jpg\" \/>\n\t<meta property=\"og:image:width\" content=\"1200\" \/>\n\t<meta property=\"og:image:height\" content=\"569\" \/>\n\t<meta property=\"og:image:type\" content=\"image\/jpeg\" \/>\n<meta name=\"twitter:card\" content=\"summary_large_image\" \/>\n<meta name=\"twitter:label1\" content=\"Est. reading time\" \/>\n\t<meta name=\"twitter:data1\" content=\"2 minutes\" \/>\n<script type=\"application\/ld+json\" class=\"yoast-schema-graph\">{\"@context\":\"https:\\\/\\\/schema.org\",\"@graph\":[{\"@type\":\"WebPage\",\"@id\":\"https:\\\/\\\/sideburn.ca\\\/the-event\\\/ticketing\\\/equity-ticketing\\\/\",\"url\":\"https:\\\/\\\/sideburn.ca\\\/the-event\\\/ticketing\\\/equity-ticketing\\\/\",\"name\":\"Equity Ticketing - SideBurn\",\"isPartOf\":{\"@id\":\"https:\\\/\\\/dbx.gdr.mybluehost.me\\\/#website\"},\"primaryImageOfPage\":{\"@id\":\"https:\\\/\\\/sideburn.ca\\\/the-event\\\/ticketing\\\/equity-ticketing\\\/#primaryimage\"},\"image\":{\"@id\":\"https:\\\/\\\/sideburn.ca\\\/the-event\\\/ticketing\\\/equity-ticketing\\\/#primaryimage\"},\"thumbnailUrl\":\"https:\\\/\\\/sideburn.ca\\\/wp-content\\\/uploads\\\/2024\\\/12\\\/header-equityticketing.jpg\",\"datePublished\":\"2024-12-22T20:52:53+00:00\",\"dateModified\":\"2026-03-21T18:54:09+00:00\",\"breadcrumb\":{\"@id\":\"https:\\\/\\\/sideburn.ca\\\/the-event\\\/ticketing\\\/equity-ticketing\\\/#breadcrumb\"},\"inLanguage\":\"fr-CA\",\"potentialAction\":[{\"@type\":\"ReadAction\",\"target\":[\"https:\\\/\\\/sideburn.ca\\\/the-event\\\/ticketing\\\/equity-ticketing\\\/\"]}]},{\"@type\":\"ImageObject\",\"inLanguage\":\"fr-CA\",\"@id\":\"https:\\\/\\\/sideburn.ca\\\/the-event\\\/ticketing\\\/equity-ticketing\\\/#primaryimage\",\"url\":\"https:\\\/\\\/sideburn.ca\\\/wp-content\\\/uploads\\\/2024\\\/12\\\/header-equityticketing.jpg\",\"contentUrl\":\"https:\\\/\\\/sideburn.ca\\\/wp-content\\\/uploads\\\/2024\\\/12\\\/header-equityticketing.jpg\",\"width\":1200,\"height\":569},{\"@type\":\"BreadcrumbList\",\"@id\":\"https:\\\/\\\/sideburn.ca\\\/the-event\\\/ticketing\\\/equity-ticketing\\\/#breadcrumb\",\"itemListElement\":[{\"@type\":\"ListItem\",\"position\":1,\"name\":\"Home\",\"item\":\"https:\\\/\\\/sideburn.ca\\\/\"},{\"@type\":\"ListItem\",\"position\":2,\"name\":\"The Event\",\"item\":\"https:\\\/\\\/sideburn.ca\\\/the-event\\\/\"},{\"@type\":\"ListItem\",\"position\":3,\"name\":\"Ticketing\",\"item\":\"https:\\\/\\\/sideburn.ca\\\/the-event\\\/ticketing\\\/\"},{\"@type\":\"ListItem\",\"position\":4,\"name\":\"Equity Ticketing\"}]},{\"@type\":\"WebSite\",\"@id\":\"https:\\\/\\\/dbx.gdr.mybluehost.me\\\/#website\",\"url\":\"https:\\\/\\\/dbx.gdr.mybluehost.me\\\/\",\"name\":\"SideBurn\",\"description\":\"Chromatic Carnival\",\"publisher\":{\"@id\":\"https:\\\/\\\/dbx.gdr.mybluehost.me\\\/#organization\"},\"potentialAction\":[{\"@type\":\"SearchAction\",\"target\":{\"@type\":\"EntryPoint\",\"urlTemplate\":\"https:\\\/\\\/dbx.gdr.mybluehost.me\\\/?s={search_term_string}\"},\"query-input\":{\"@type\":\"PropertyValueSpecification\",\"valueRequired\":true,\"valueName\":\"search_term_string\"}}],\"inLanguage\":\"fr-CA\"},{\"@type\":\"Organization\",\"@id\":\"https:\\\/\\\/dbx.gdr.mybluehost.me\\\/#organization\",\"name\":\"SideBurn\",\"url\":\"https:\\\/\\\/dbx.gdr.mybluehost.me\\\/\",\"logo\":{\"@type\":\"ImageObject\",\"inLanguage\":\"fr-CA\",\"@id\":\"https:\\\/\\\/dbx.gdr.mybluehost.me\\\/#\\\/schema\\\/logo\\\/image\\\/\",\"url\":\"https:\\\/\\\/i0.wp.com\\\/sideburn.ca\\\/wp-content\\\/uploads\\\/2024\\\/12\\\/logo-sideburn-full-1.png?fit=1259%2C496&ssl=1\",\"contentUrl\":\"https:\\\/\\\/i0.wp.com\\\/sideburn.ca\\\/wp-content\\\/uploads\\\/2024\\\/12\\\/logo-sideburn-full-1.png?fit=1259%2C496&ssl=1\",\"width\":1259,\"height\":496,\"caption\":\"SideBurn\"},\"image\":{\"@id\":\"https:\\\/\\\/dbx.gdr.mybluehost.me\\\/#\\\/schema\\\/logo\\\/image\\\/\"},\"sameAs\":[\"https:\\\/\\\/www.facebook.com\\\/groups\\\/145939082634753\",\"https:\\\/\\\/www.instagram.com\\\/sideburnregional\\\/\"]}]}<\/script>\n<!-- \/ Yoast SEO plugin. -->","yoast_head_json":{"title":"Equity Ticketing - SideBurn","robots":{"index":"index","follow":"follow","max-snippet":"max-snippet:-1","max-image-preview":"max-image-preview:large","max-video-preview":"max-video-preview:-1"},"canonical":"https:\/\/sideburn.ca\/fr\/the-event\/ticketing\/equity-ticketing\/","og_locale":"fr_CA","og_type":"article","og_title":"Equity Ticketing - SideBurn","og_description":"Can\u2019t afford your ticket? Don\u2019t worry, equity tickets are available to those who are experiencing barriers to participation.","og_url":"https:\/\/sideburn.ca\/fr\/the-event\/ticketing\/equity-ticketing\/","og_site_name":"SideBurn","article_publisher":"https:\/\/www.facebook.com\/groups\/145939082634753","article_modified_time":"2026-03-21T18:54:09+00:00","og_image":[{"width":1200,"height":569,"url":"https:\/\/sideburn.ca\/wp-content\/uploads\/2024\/12\/header-equityticketing.jpg","type":"image\/jpeg"}],"twitter_card":"summary_large_image","twitter_misc":{"Est. reading time":"2 minutes"},"schema":{"@context":"https:\/\/schema.org","@graph":[{"@type":"WebPage","@id":"https:\/\/sideburn.ca\/the-event\/ticketing\/equity-ticketing\/","url":"https:\/\/sideburn.ca\/the-event\/ticketing\/equity-ticketing\/","name":"Equity Ticketing - SideBurn","isPartOf":{"@id":"https:\/\/dbx.gdr.mybluehost.me\/#website"},"primaryImageOfPage":{"@id":"https:\/\/sideburn.ca\/the-event\/ticketing\/equity-ticketing\/#primaryimage"},"image":{"@id":"https:\/\/sideburn.ca\/the-event\/ticketing\/equity-ticketing\/#primaryimage"},"thumbnailUrl":"https:\/\/sideburn.ca\/wp-content\/uploads\/2024\/12\/header-equityticketing.jpg","datePublished":"2024-12-22T20:52:53+00:00","dateModified":"2026-03-21T18:54:09+00:00","breadcrumb":{"@id":"https:\/\/sideburn.ca\/the-event\/ticketing\/equity-ticketing\/#breadcrumb"},"inLanguage":"fr-CA","potentialAction":[{"@type":"ReadAction","target":["https:\/\/sideburn.ca\/the-event\/ticketing\/equity-ticketing\/"]}]},{"@type":"ImageObject","inLanguage":"fr-CA","@id":"https:\/\/sideburn.ca\/the-event\/ticketing\/equity-ticketing\/#primaryimage","url":"https:\/\/sideburn.ca\/wp-content\/uploads\/2024\/12\/header-equityticketing.jpg","contentUrl":"https:\/\/sideburn.ca\/wp-content\/uploads\/2024\/12\/header-equityticketing.jpg","width":1200,"height":569},{"@type":"BreadcrumbList","@id":"https:\/\/sideburn.ca\/the-event\/ticketing\/equity-ticketing\/#breadcrumb","itemListElement":[{"@type":"ListItem","position":1,"name":"Home","item":"https:\/\/sideburn.ca\/"},{"@type":"ListItem","position":2,"name":"The Event","item":"https:\/\/sideburn.ca\/the-event\/"},{"@type":"ListItem","position":3,"name":"Ticketing","item":"https:\/\/sideburn.ca\/the-event\/ticketing\/"},{"@type":"ListItem","position":4,"name":"Equity Ticketing"}]},{"@type":"WebSite","@id":"https:\/\/dbx.gdr.mybluehost.me\/#website","url":"https:\/\/dbx.gdr.mybluehost.me\/","name":"SideBurn","description":"Carnaval chromatique","publisher":{"@id":"https:\/\/dbx.gdr.mybluehost.me\/#organization"},"potentialAction":[{"@type":"SearchAction","target":{"@type":"EntryPoint","urlTemplate":"https:\/\/dbx.gdr.mybluehost.me\/?s={search_term_string}"},"query-input":{"@type":"PropertyValueSpecification","valueRequired":true,"valueName":"search_term_string"}}],"inLanguage":"fr-CA"},{"@type":"Organization","@id":"https:\/\/dbx.gdr.mybluehost.me\/#organization","name":"SideBurn","url":"https:\/\/dbx.gdr.mybluehost.me\/","logo":{"@type":"ImageObject","inLanguage":"fr-CA","@id":"https:\/\/dbx.gdr.mybluehost.me\/#\/schema\/logo\/image\/","url":"https:\/\/i0.wp.com\/sideburn.ca\/wp-content\/uploads\/2024\/12\/logo-sideburn-full-1.png?fit=1259%2C496&ssl=1","contentUrl":"https:\/\/i0.wp.com\/sideburn.ca\/wp-content\/uploads\/2024\/12\/logo-sideburn-full-1.png?fit=1259%2C496&ssl=1","width":1259,"height":496,"caption":"SideBurn"},"image":{"@id":"https:\/\/dbx.gdr.mybluehost.me\/#\/schema\/logo\/image\/"},"sameAs":["https:\/\/www.facebook.com\/groups\/145939082634753","https:\/\/www.instagram.com\/sideburnregional\/"]}]}},"_links":{"self":[{"href":"https:\/\/sideburn.ca\/fr\/wp-json\/wp\/v2\/pages\/600","targetHints":{"allow":["GET"]}}],"collection":[{"href":"https:\/\/sideburn.ca\/fr\/wp-json\/wp\/v2\/pages"}],"about":[{"href":"https:\/\/sideburn.ca\/fr\/wp-json\/wp\/v2\/types\/page"}],"author":[{"embeddable":true,"href":"https:\/\/sideburn.ca\/fr\/wp-json\/wp\/v2\/users\/2"}],"replies":[{"embeddable":true,"href":"https:\/\/sideburn.ca\/fr\/wp-json\/wp\/v2\/comments?post=600"}],"version-history":[{"count":20,"href":"https:\/\/sideburn.ca\/fr\/wp-json\/wp\/v2\/pages\/600\/revisions"}],"predecessor-version":[{"id":2607,"href":"https:\/\/sideburn.ca\/fr\/wp-json\/wp\/v2\/pages\/600\/revisions\/2607"}],"up":[{"embeddable":true,"href":"https:\/\/sideburn.ca\/fr\/wp-json\/wp\/v2\/pages\/65"}],"wp:featuredmedia":[{"embeddable":true,"href":"https:\/\/sideburn.ca\/fr\/wp-json\/wp\/v2\/media\/642"}],"wp:attachment":[{"href":"https:\/\/sideburn.ca\/fr\/wp-json\/wp\/v2\/media?parent=600"}],"curies":[{"name":"wp","href":"https:\/\/api.w.org\/{rel}","templated":true}]}}