{"id":2342,"date":"2026-01-05T02:44:25","date_gmt":"2026-01-05T02:44:25","guid":{"rendered":"https:\/\/sideburn.ca\/?page_id=2342"},"modified":"2026-01-06T13:48:58","modified_gmt":"2026-01-06T13:48:58","slug":"call-for-art-grant-committee-members","status":"publish","type":"page","link":"https:\/\/sideburn.ca\/fr\/participate\/volunteer\/call-for-art-grant-committee-members\/","title":{"rendered":"Appel \u00e0 candidatures pour les membres du comit\u00e9 des bourses artistiques"},"content":{"rendered":"<p class=\"lead\">Nous recherchons des b\u00e9n\u00e9voles pour rejoindre le comit\u00e9 d'\u00e9valuation des subventions artistiques de cette ann\u00e9e !<\/p>\n<p>Les responsabilit\u00e9s comprennent une r\u00e9union virtuelle fin janvier pour examiner le processus d'octroi des subventions, suivie d'examens ind\u00e9pendants \u00e0 l'aveugle des candidatures. Les membres du comit\u00e9 participeront ensuite \u00e0 des r\u00e9unions virtuelles en f\u00e9vrier pour d\u00e9terminer l'attribution des subventions.<\/p>\n<h2>Faire une demande<\/h2>\n<div class=\"boxit\"><\/div>","protected":false},"excerpt":{"rendered":"<p>We\u2019re looking for volunteers to join this year&#8217;s Art Grant Review Committee! Responsibilities include a virtual meeting in late January to review the grant process, followed by independent blind reviews of applications. Committee members will then participate in virtual meetings in February to determine the grant awards. Apply<\/p>","protected":false},"author":2,"featured_media":2122,"parent":105,"menu_order":0,"comment_status":"closed","ping_status":"closed","template":"","meta":{"_acf_changed":false,"nf_dc_page":"","footnotes":""},"class_list":["post-2342","page","type-page","status-publish","has-post-thumbnail","hentry"],"acf":[],"yoast_head":"<!-- This site is optimized with the Yoast SEO plugin v27.4 - https:\/\/yoast.com\/product\/yoast-seo-wordpress\/ -->\n<title>Call for Art Grant Committee Members - SideBurn<\/title>\n<meta name=\"robots\" content=\"index, follow, max-snippet:-1, max-image-preview:large, max-video-preview:-1\" \/>\n<link rel=\"canonical\" href=\"https:\/\/sideburn.ca\/fr\/participate\/volunteer\/call-for-art-grant-committee-members\/\" \/>\n<meta property=\"og:locale\" content=\"fr_CA\" \/>\n<meta property=\"og:type\" content=\"article\" \/>\n<meta property=\"og:title\" content=\"Call for Art Grant Committee Members - SideBurn\" \/>\n<meta property=\"og:description\" content=\"We\u2019re looking for volunteers to join this year&#8217;s Art Grant Review Committee! Responsibilities include a virtual meeting in late January to review the grant process, followed by independent blind reviews of applications. Committee members will then participate in virtual meetings in February to determine the grant awards. Apply\" \/>\n<meta property=\"og:url\" content=\"https:\/\/sideburn.ca\/fr\/participate\/volunteer\/call-for-art-grant-committee-members\/\" \/>\n<meta property=\"og:site_name\" content=\"SideBurn\" \/>\n<meta property=\"article:publisher\" content=\"https:\/\/www.facebook.com\/groups\/145939082634753\" \/>\n<meta property=\"article:modified_time\" content=\"2026-01-06T13:48:58+00:00\" \/>\n<meta property=\"og:image\" content=\"https:\/\/sideburn.ca\/wp-content\/uploads\/2025\/10\/header-volunteers-3.jpg\" \/>\n\t<meta property=\"og:image:width\" content=\"1400\" \/>\n\t<meta property=\"og:image:height\" content=\"772\" \/>\n\t<meta property=\"og:image:type\" content=\"image\/jpeg\" \/>\n<meta name=\"twitter:card\" content=\"summary_large_image\" \/>\n<meta name=\"twitter:label1\" content=\"Est. reading time\" \/>\n\t<meta name=\"twitter:data1\" content=\"1 minute\" \/>\n<script type=\"application\/ld+json\" class=\"yoast-schema-graph\">{\"@context\":\"https:\\\/\\\/schema.org\",\"@graph\":[{\"@type\":\"WebPage\",\"@id\":\"https:\\\/\\\/sideburn.ca\\\/participate\\\/volunteer\\\/call-for-art-grant-committee-members\\\/\",\"url\":\"https:\\\/\\\/sideburn.ca\\\/participate\\\/volunteer\\\/call-for-art-grant-committee-members\\\/\",\"name\":\"Call for Art Grant Committee Members - SideBurn\",\"isPartOf\":{\"@id\":\"https:\\\/\\\/dbx.gdr.mybluehost.me\\\/#website\"},\"primaryImageOfPage\":{\"@id\":\"https:\\\/\\\/sideburn.ca\\\/participate\\\/volunteer\\\/call-for-art-grant-committee-members\\\/#primaryimage\"},\"image\":{\"@id\":\"https:\\\/\\\/sideburn.ca\\\/participate\\\/volunteer\\\/call-for-art-grant-committee-members\\\/#primaryimage\"},\"thumbnailUrl\":\"https:\\\/\\\/sideburn.ca\\\/wp-content\\\/uploads\\\/2025\\\/10\\\/header-volunteers-3.jpg\",\"datePublished\":\"2026-01-05T02:44:25+00:00\",\"dateModified\":\"2026-01-06T13:48:58+00:00\",\"breadcrumb\":{\"@id\":\"https:\\\/\\\/sideburn.ca\\\/participate\\\/volunteer\\\/call-for-art-grant-committee-members\\\/#breadcrumb\"},\"inLanguage\":\"fr-CA\",\"potentialAction\":[{\"@type\":\"ReadAction\",\"target\":[\"https:\\\/\\\/sideburn.ca\\\/participate\\\/volunteer\\\/call-for-art-grant-committee-members\\\/\"]}]},{\"@type\":\"ImageObject\",\"inLanguage\":\"fr-CA\",\"@id\":\"https:\\\/\\\/sideburn.ca\\\/participate\\\/volunteer\\\/call-for-art-grant-committee-members\\\/#primaryimage\",\"url\":\"https:\\\/\\\/sideburn.ca\\\/wp-content\\\/uploads\\\/2025\\\/10\\\/header-volunteers-3.jpg\",\"contentUrl\":\"https:\\\/\\\/sideburn.ca\\\/wp-content\\\/uploads\\\/2025\\\/10\\\/header-volunteers-3.jpg\",\"width\":1400,\"height\":772},{\"@type\":\"BreadcrumbList\",\"@id\":\"https:\\\/\\\/sideburn.ca\\\/participate\\\/volunteer\\\/call-for-art-grant-committee-members\\\/#breadcrumb\",\"itemListElement\":[{\"@type\":\"ListItem\",\"position\":1,\"name\":\"Home\",\"item\":\"https:\\\/\\\/sideburn.ca\\\/\"},{\"@type\":\"ListItem\",\"position\":2,\"name\":\"Participate\",\"item\":\"https:\\\/\\\/sideburn.ca\\\/participate\\\/\"},{\"@type\":\"ListItem\",\"position\":3,\"name\":\"Volunteer\",\"item\":\"https:\\\/\\\/sideburn.ca\\\/participate\\\/volunteer\\\/\"},{\"@type\":\"ListItem\",\"position\":4,\"name\":\"Call for Art Grant Committee Members\"}]},{\"@type\":\"WebSite\",\"@id\":\"https:\\\/\\\/dbx.gdr.mybluehost.me\\\/#website\",\"url\":\"https:\\\/\\\/dbx.gdr.mybluehost.me\\\/\",\"name\":\"SideBurn\",\"description\":\"Chromatic Carnival\",\"publisher\":{\"@id\":\"https:\\\/\\\/dbx.gdr.mybluehost.me\\\/#organization\"},\"potentialAction\":[{\"@type\":\"SearchAction\",\"target\":{\"@type\":\"EntryPoint\",\"urlTemplate\":\"https:\\\/\\\/dbx.gdr.mybluehost.me\\\/?s={search_term_string}\"},\"query-input\":{\"@type\":\"PropertyValueSpecification\",\"valueRequired\":true,\"valueName\":\"search_term_string\"}}],\"inLanguage\":\"fr-CA\"},{\"@type\":\"Organization\",\"@id\":\"https:\\\/\\\/dbx.gdr.mybluehost.me\\\/#organization\",\"name\":\"SideBurn\",\"url\":\"https:\\\/\\\/dbx.gdr.mybluehost.me\\\/\",\"logo\":{\"@type\":\"ImageObject\",\"inLanguage\":\"fr-CA\",\"@id\":\"https:\\\/\\\/dbx.gdr.mybluehost.me\\\/#\\\/schema\\\/logo\\\/image\\\/\",\"url\":\"https:\\\/\\\/i0.wp.com\\\/sideburn.ca\\\/wp-content\\\/uploads\\\/2024\\\/12\\\/logo-sideburn-full-1.png?fit=1259%2C496&ssl=1\",\"contentUrl\":\"https:\\\/\\\/i0.wp.com\\\/sideburn.ca\\\/wp-content\\\/uploads\\\/2024\\\/12\\\/logo-sideburn-full-1.png?fit=1259%2C496&ssl=1\",\"width\":1259,\"height\":496,\"caption\":\"SideBurn\"},\"image\":{\"@id\":\"https:\\\/\\\/dbx.gdr.mybluehost.me\\\/#\\\/schema\\\/logo\\\/image\\\/\"},\"sameAs\":[\"https:\\\/\\\/www.facebook.com\\\/groups\\\/145939082634753\",\"https:\\\/\\\/www.instagram.com\\\/sideburnregional\\\/\"]}]}<\/script>\n<!-- \/ Yoast SEO plugin. -->","yoast_head_json":{"title":"Call for Art Grant Committee Members - SideBurn","robots":{"index":"index","follow":"follow","max-snippet":"max-snippet:-1","max-image-preview":"max-image-preview:large","max-video-preview":"max-video-preview:-1"},"canonical":"https:\/\/sideburn.ca\/fr\/participate\/volunteer\/call-for-art-grant-committee-members\/","og_locale":"fr_CA","og_type":"article","og_title":"Call for Art Grant Committee Members - SideBurn","og_description":"We\u2019re looking for volunteers to join this year&#8217;s Art Grant Review Committee! Responsibilities include a virtual meeting in late January to review the grant process, followed by independent blind reviews of applications. Committee members will then participate in virtual meetings in February to determine the grant awards. Apply","og_url":"https:\/\/sideburn.ca\/fr\/participate\/volunteer\/call-for-art-grant-committee-members\/","og_site_name":"SideBurn","article_publisher":"https:\/\/www.facebook.com\/groups\/145939082634753","article_modified_time":"2026-01-06T13:48:58+00:00","og_image":[{"width":1400,"height":772,"url":"https:\/\/sideburn.ca\/wp-content\/uploads\/2025\/10\/header-volunteers-3.jpg","type":"image\/jpeg"}],"twitter_card":"summary_large_image","twitter_misc":{"Est. reading time":"1 minute"},"schema":{"@context":"https:\/\/schema.org","@graph":[{"@type":"WebPage","@id":"https:\/\/sideburn.ca\/participate\/volunteer\/call-for-art-grant-committee-members\/","url":"https:\/\/sideburn.ca\/participate\/volunteer\/call-for-art-grant-committee-members\/","name":"Call for Art Grant Committee Members - SideBurn","isPartOf":{"@id":"https:\/\/dbx.gdr.mybluehost.me\/#website"},"primaryImageOfPage":{"@id":"https:\/\/sideburn.ca\/participate\/volunteer\/call-for-art-grant-committee-members\/#primaryimage"},"image":{"@id":"https:\/\/sideburn.ca\/participate\/volunteer\/call-for-art-grant-committee-members\/#primaryimage"},"thumbnailUrl":"https:\/\/sideburn.ca\/wp-content\/uploads\/2025\/10\/header-volunteers-3.jpg","datePublished":"2026-01-05T02:44:25+00:00","dateModified":"2026-01-06T13:48:58+00:00","breadcrumb":{"@id":"https:\/\/sideburn.ca\/participate\/volunteer\/call-for-art-grant-committee-members\/#breadcrumb"},"inLanguage":"fr-CA","potentialAction":[{"@type":"ReadAction","target":["https:\/\/sideburn.ca\/participate\/volunteer\/call-for-art-grant-committee-members\/"]}]},{"@type":"ImageObject","inLanguage":"fr-CA","@id":"https:\/\/sideburn.ca\/participate\/volunteer\/call-for-art-grant-committee-members\/#primaryimage","url":"https:\/\/sideburn.ca\/wp-content\/uploads\/2025\/10\/header-volunteers-3.jpg","contentUrl":"https:\/\/sideburn.ca\/wp-content\/uploads\/2025\/10\/header-volunteers-3.jpg","width":1400,"height":772},{"@type":"BreadcrumbList","@id":"https:\/\/sideburn.ca\/participate\/volunteer\/call-for-art-grant-committee-members\/#breadcrumb","itemListElement":[{"@type":"ListItem","position":1,"name":"Home","item":"https:\/\/sideburn.ca\/"},{"@type":"ListItem","position":2,"name":"Participate","item":"https:\/\/sideburn.ca\/participate\/"},{"@type":"ListItem","position":3,"name":"Volunteer","item":"https:\/\/sideburn.ca\/participate\/volunteer\/"},{"@type":"ListItem","position":4,"name":"Call for Art Grant Committee Members"}]},{"@type":"WebSite","@id":"https:\/\/dbx.gdr.mybluehost.me\/#website","url":"https:\/\/dbx.gdr.mybluehost.me\/","name":"SideBurn","description":"Carnaval chromatique","publisher":{"@id":"https:\/\/dbx.gdr.mybluehost.me\/#organization"},"potentialAction":[{"@type":"SearchAction","target":{"@type":"EntryPoint","urlTemplate":"https:\/\/dbx.gdr.mybluehost.me\/?s={search_term_string}"},"query-input":{"@type":"PropertyValueSpecification","valueRequired":true,"valueName":"search_term_string"}}],"inLanguage":"fr-CA"},{"@type":"Organization","@id":"https:\/\/dbx.gdr.mybluehost.me\/#organization","name":"SideBurn","url":"https:\/\/dbx.gdr.mybluehost.me\/","logo":{"@type":"ImageObject","inLanguage":"fr-CA","@id":"https:\/\/dbx.gdr.mybluehost.me\/#\/schema\/logo\/image\/","url":"https:\/\/i0.wp.com\/sideburn.ca\/wp-content\/uploads\/2024\/12\/logo-sideburn-full-1.png?fit=1259%2C496&ssl=1","contentUrl":"https:\/\/i0.wp.com\/sideburn.ca\/wp-content\/uploads\/2024\/12\/logo-sideburn-full-1.png?fit=1259%2C496&ssl=1","width":1259,"height":496,"caption":"SideBurn"},"image":{"@id":"https:\/\/dbx.gdr.mybluehost.me\/#\/schema\/logo\/image\/"},"sameAs":["https:\/\/www.facebook.com\/groups\/145939082634753","https:\/\/www.instagram.com\/sideburnregional\/"]}]}},"_links":{"self":[{"href":"https:\/\/sideburn.ca\/fr\/wp-json\/wp\/v2\/pages\/2342","targetHints":{"allow":["GET"]}}],"collection":[{"href":"https:\/\/sideburn.ca\/fr\/wp-json\/wp\/v2\/pages"}],"about":[{"href":"https:\/\/sideburn.ca\/fr\/wp-json\/wp\/v2\/types\/page"}],"author":[{"embeddable":true,"href":"https:\/\/sideburn.ca\/fr\/wp-json\/wp\/v2\/users\/2"}],"replies":[{"embeddable":true,"href":"https:\/\/sideburn.ca\/fr\/wp-json\/wp\/v2\/comments?post=2342"}],"version-history":[{"count":3,"href":"https:\/\/sideburn.ca\/fr\/wp-json\/wp\/v2\/pages\/2342\/revisions"}],"predecessor-version":[{"id":2369,"href":"https:\/\/sideburn.ca\/fr\/wp-json\/wp\/v2\/pages\/2342\/revisions\/2369"}],"up":[{"embeddable":true,"href":"https:\/\/sideburn.ca\/fr\/wp-json\/wp\/v2\/pages\/105"}],"wp:featuredmedia":[{"embeddable":true,"href":"https:\/\/sideburn.ca\/fr\/wp-json\/wp\/v2\/media\/2122"}],"wp:attachment":[{"href":"https:\/\/sideburn.ca\/fr\/wp-json\/wp\/v2\/media?parent=2342"}],"curies":[{"name":"wp","href":"https:\/\/api.w.org\/{rel}","templated":true}]}}