{"id":2155,"date":"2025-10-21T23:40:46","date_gmt":"2025-10-21T23:40:46","guid":{"rendered":"https:\/\/sideburn.ca\/?page_id=2155"},"modified":"2025-10-22T21:47:53","modified_gmt":"2025-10-22T21:47:53","slug":"cast-your-vote","status":"publish","type":"page","link":"https:\/\/sideburn.ca\/fr\/participate\/cast-your-vote\/","title":{"rendered":"Les propositions de th\u00e8mes pour 2026 sont arriv\u00e9es !"},"content":{"rendered":"<p class=\"lead\">Quelle ann\u00e9e fantastique pour la cr\u00e9ativit\u00e9 ! Nous sommes ravis de vous pr\u00e9senter les propositions de th\u00e8mes pour 2026 SideBurn, et ce ne sont pas les id\u00e9es incroyables qui manquent. C'est maintenant \u00e0 votre tour d'aider \u00e0 fa\u00e7onner la magie de SideBurn. Prenez le temps d'examiner les th\u00e8mes soumis par notre communaut\u00e9 et de vous familiariser avec eux. <strong>voter pour un maximum de cinq<\/strong> qui refl\u00e8tent l'esprit que vous souhaitez voir dans l'\u00e9v\u00e9nement de l'ann\u00e9e prochaine.<\/div>\n<p>Le vote se termine \u00e0 <strong>le 5 novembre 2025 \u00e0 minuit<\/strong>, Ne manquez pas l'occasion de faire entendre votre voix ! <\/p>\n<hr>\n<h2>Votez !<\/h2>\n<p><em>Tous les th\u00e8mes \u00e9num\u00e9r\u00e9s sont pr\u00e9sent\u00e9s tels qu'ils ont \u00e9t\u00e9 soumis par les participants. Les votes multiples provenant d'une m\u00eame adresse IP ne compteront qu'une seule fois afin de garantir l'\u00e9quit\u00e9 du vote.<\/em><\/p>\n<div class=\"boxit\"><\/div>","protected":false},"excerpt":{"rendered":"<p>What a fantastic year for creativity! We are excited to present the 2026 SideBurn theme submissions, and there\u2019s no shortage of incredible ideas. Now it\u2019s your turn to help shape the magic of SideBurn. Please take a moment to review the themes submitted by our community and vote for up to five that capture the&#8230;<\/p>","protected":false},"author":2,"featured_media":2162,"parent":91,"menu_order":0,"comment_status":"closed","ping_status":"closed","template":"","meta":{"_acf_changed":false,"nf_dc_page":"","footnotes":""},"class_list":["post-2155","page","type-page","status-publish","has-post-thumbnail","hentry"],"acf":[],"yoast_head":"<!-- This site is optimized with the Yoast SEO plugin v27.4 - https:\/\/yoast.com\/product\/yoast-seo-wordpress\/ -->\n<title>2026 Theme Submissions Are In! - SideBurn<\/title>\n<meta name=\"robots\" content=\"index, follow, max-snippet:-1, max-image-preview:large, max-video-preview:-1\" \/>\n<link rel=\"canonical\" href=\"https:\/\/sideburn.ca\/fr\/participate\/cast-your-vote\/\" \/>\n<meta property=\"og:locale\" content=\"fr_CA\" \/>\n<meta property=\"og:type\" content=\"article\" \/>\n<meta property=\"og:title\" content=\"2026 Theme Submissions Are In! - SideBurn\" \/>\n<meta property=\"og:description\" content=\"What a fantastic year for creativity! We are excited to present the 2026 SideBurn theme submissions, and there\u2019s no shortage of incredible ideas. Now it\u2019s your turn to help shape the magic of SideBurn. Please take a moment to review the themes submitted by our community and vote for up to five that capture the...\" \/>\n<meta property=\"og:url\" content=\"https:\/\/sideburn.ca\/fr\/participate\/cast-your-vote\/\" \/>\n<meta property=\"og:site_name\" content=\"SideBurn\" \/>\n<meta property=\"article:publisher\" content=\"https:\/\/www.facebook.com\/groups\/145939082634753\" \/>\n<meta property=\"article:modified_time\" content=\"2025-10-22T21:47:53+00:00\" \/>\n<meta property=\"og:image\" content=\"https:\/\/sideburn.ca\/wp-content\/uploads\/2025\/10\/header-voting.jpg\" \/>\n\t<meta property=\"og:image:width\" content=\"1400\" \/>\n\t<meta property=\"og:image:height\" content=\"753\" \/>\n\t<meta property=\"og:image:type\" content=\"image\/jpeg\" \/>\n<meta name=\"twitter:card\" content=\"summary_large_image\" \/>\n<meta name=\"twitter:label1\" content=\"Est. reading time\" \/>\n\t<meta name=\"twitter:data1\" content=\"1 minute\" \/>\n<script type=\"application\/ld+json\" class=\"yoast-schema-graph\">{\"@context\":\"https:\\\/\\\/schema.org\",\"@graph\":[{\"@type\":\"WebPage\",\"@id\":\"https:\\\/\\\/sideburn.ca\\\/participate\\\/cast-your-vote\\\/\",\"url\":\"https:\\\/\\\/sideburn.ca\\\/participate\\\/cast-your-vote\\\/\",\"name\":\"2026 Theme Submissions Are In! - SideBurn\",\"isPartOf\":{\"@id\":\"https:\\\/\\\/dbx.gdr.mybluehost.me\\\/#website\"},\"primaryImageOfPage\":{\"@id\":\"https:\\\/\\\/sideburn.ca\\\/participate\\\/cast-your-vote\\\/#primaryimage\"},\"image\":{\"@id\":\"https:\\\/\\\/sideburn.ca\\\/participate\\\/cast-your-vote\\\/#primaryimage\"},\"thumbnailUrl\":\"https:\\\/\\\/sideburn.ca\\\/wp-content\\\/uploads\\\/2025\\\/10\\\/header-voting.jpg\",\"datePublished\":\"2025-10-21T23:40:46+00:00\",\"dateModified\":\"2025-10-22T21:47:53+00:00\",\"breadcrumb\":{\"@id\":\"https:\\\/\\\/sideburn.ca\\\/participate\\\/cast-your-vote\\\/#breadcrumb\"},\"inLanguage\":\"fr-CA\",\"potentialAction\":[{\"@type\":\"ReadAction\",\"target\":[\"https:\\\/\\\/sideburn.ca\\\/participate\\\/cast-your-vote\\\/\"]}]},{\"@type\":\"ImageObject\",\"inLanguage\":\"fr-CA\",\"@id\":\"https:\\\/\\\/sideburn.ca\\\/participate\\\/cast-your-vote\\\/#primaryimage\",\"url\":\"https:\\\/\\\/sideburn.ca\\\/wp-content\\\/uploads\\\/2025\\\/10\\\/header-voting.jpg\",\"contentUrl\":\"https:\\\/\\\/sideburn.ca\\\/wp-content\\\/uploads\\\/2025\\\/10\\\/header-voting.jpg\",\"width\":1400,\"height\":753},{\"@type\":\"BreadcrumbList\",\"@id\":\"https:\\\/\\\/sideburn.ca\\\/participate\\\/cast-your-vote\\\/#breadcrumb\",\"itemListElement\":[{\"@type\":\"ListItem\",\"position\":1,\"name\":\"Home\",\"item\":\"https:\\\/\\\/sideburn.ca\\\/\"},{\"@type\":\"ListItem\",\"position\":2,\"name\":\"Participate\",\"item\":\"https:\\\/\\\/sideburn.ca\\\/participate\\\/\"},{\"@type\":\"ListItem\",\"position\":3,\"name\":\"2026 Theme Submissions Are In!\"}]},{\"@type\":\"WebSite\",\"@id\":\"https:\\\/\\\/dbx.gdr.mybluehost.me\\\/#website\",\"url\":\"https:\\\/\\\/dbx.gdr.mybluehost.me\\\/\",\"name\":\"SideBurn\",\"description\":\"Chromatic Carnival\",\"publisher\":{\"@id\":\"https:\\\/\\\/dbx.gdr.mybluehost.me\\\/#organization\"},\"potentialAction\":[{\"@type\":\"SearchAction\",\"target\":{\"@type\":\"EntryPoint\",\"urlTemplate\":\"https:\\\/\\\/dbx.gdr.mybluehost.me\\\/?s={search_term_string}\"},\"query-input\":{\"@type\":\"PropertyValueSpecification\",\"valueRequired\":true,\"valueName\":\"search_term_string\"}}],\"inLanguage\":\"fr-CA\"},{\"@type\":\"Organization\",\"@id\":\"https:\\\/\\\/dbx.gdr.mybluehost.me\\\/#organization\",\"name\":\"SideBurn\",\"url\":\"https:\\\/\\\/dbx.gdr.mybluehost.me\\\/\",\"logo\":{\"@type\":\"ImageObject\",\"inLanguage\":\"fr-CA\",\"@id\":\"https:\\\/\\\/dbx.gdr.mybluehost.me\\\/#\\\/schema\\\/logo\\\/image\\\/\",\"url\":\"https:\\\/\\\/i0.wp.com\\\/sideburn.ca\\\/wp-content\\\/uploads\\\/2024\\\/12\\\/logo-sideburn-full-1.png?fit=1259%2C496&ssl=1\",\"contentUrl\":\"https:\\\/\\\/i0.wp.com\\\/sideburn.ca\\\/wp-content\\\/uploads\\\/2024\\\/12\\\/logo-sideburn-full-1.png?fit=1259%2C496&ssl=1\",\"width\":1259,\"height\":496,\"caption\":\"SideBurn\"},\"image\":{\"@id\":\"https:\\\/\\\/dbx.gdr.mybluehost.me\\\/#\\\/schema\\\/logo\\\/image\\\/\"},\"sameAs\":[\"https:\\\/\\\/www.facebook.com\\\/groups\\\/145939082634753\",\"https:\\\/\\\/www.instagram.com\\\/sideburnregional\\\/\"]}]}<\/script>\n<!-- \/ Yoast SEO plugin. -->","yoast_head_json":{"title":"2026 Theme Submissions Are In! - SideBurn","robots":{"index":"index","follow":"follow","max-snippet":"max-snippet:-1","max-image-preview":"max-image-preview:large","max-video-preview":"max-video-preview:-1"},"canonical":"https:\/\/sideburn.ca\/fr\/participate\/cast-your-vote\/","og_locale":"fr_CA","og_type":"article","og_title":"2026 Theme Submissions Are In! - SideBurn","og_description":"What a fantastic year for creativity! We are excited to present the 2026 SideBurn theme submissions, and there\u2019s no shortage of incredible ideas. Now it\u2019s your turn to help shape the magic of SideBurn. Please take a moment to review the themes submitted by our community and vote for up to five that capture the...","og_url":"https:\/\/sideburn.ca\/fr\/participate\/cast-your-vote\/","og_site_name":"SideBurn","article_publisher":"https:\/\/www.facebook.com\/groups\/145939082634753","article_modified_time":"2025-10-22T21:47:53+00:00","og_image":[{"width":1400,"height":753,"url":"https:\/\/sideburn.ca\/wp-content\/uploads\/2025\/10\/header-voting.jpg","type":"image\/jpeg"}],"twitter_card":"summary_large_image","twitter_misc":{"Est. reading time":"1 minute"},"schema":{"@context":"https:\/\/schema.org","@graph":[{"@type":"WebPage","@id":"https:\/\/sideburn.ca\/participate\/cast-your-vote\/","url":"https:\/\/sideburn.ca\/participate\/cast-your-vote\/","name":"2026 Theme Submissions Are In! - SideBurn","isPartOf":{"@id":"https:\/\/dbx.gdr.mybluehost.me\/#website"},"primaryImageOfPage":{"@id":"https:\/\/sideburn.ca\/participate\/cast-your-vote\/#primaryimage"},"image":{"@id":"https:\/\/sideburn.ca\/participate\/cast-your-vote\/#primaryimage"},"thumbnailUrl":"https:\/\/sideburn.ca\/wp-content\/uploads\/2025\/10\/header-voting.jpg","datePublished":"2025-10-21T23:40:46+00:00","dateModified":"2025-10-22T21:47:53+00:00","breadcrumb":{"@id":"https:\/\/sideburn.ca\/participate\/cast-your-vote\/#breadcrumb"},"inLanguage":"fr-CA","potentialAction":[{"@type":"ReadAction","target":["https:\/\/sideburn.ca\/participate\/cast-your-vote\/"]}]},{"@type":"ImageObject","inLanguage":"fr-CA","@id":"https:\/\/sideburn.ca\/participate\/cast-your-vote\/#primaryimage","url":"https:\/\/sideburn.ca\/wp-content\/uploads\/2025\/10\/header-voting.jpg","contentUrl":"https:\/\/sideburn.ca\/wp-content\/uploads\/2025\/10\/header-voting.jpg","width":1400,"height":753},{"@type":"BreadcrumbList","@id":"https:\/\/sideburn.ca\/participate\/cast-your-vote\/#breadcrumb","itemListElement":[{"@type":"ListItem","position":1,"name":"Home","item":"https:\/\/sideburn.ca\/"},{"@type":"ListItem","position":2,"name":"Participate","item":"https:\/\/sideburn.ca\/participate\/"},{"@type":"ListItem","position":3,"name":"2026 Theme Submissions Are In!"}]},{"@type":"WebSite","@id":"https:\/\/dbx.gdr.mybluehost.me\/#website","url":"https:\/\/dbx.gdr.mybluehost.me\/","name":"SideBurn","description":"Carnaval chromatique","publisher":{"@id":"https:\/\/dbx.gdr.mybluehost.me\/#organization"},"potentialAction":[{"@type":"SearchAction","target":{"@type":"EntryPoint","urlTemplate":"https:\/\/dbx.gdr.mybluehost.me\/?s={search_term_string}"},"query-input":{"@type":"PropertyValueSpecification","valueRequired":true,"valueName":"search_term_string"}}],"inLanguage":"fr-CA"},{"@type":"Organization","@id":"https:\/\/dbx.gdr.mybluehost.me\/#organization","name":"SideBurn","url":"https:\/\/dbx.gdr.mybluehost.me\/","logo":{"@type":"ImageObject","inLanguage":"fr-CA","@id":"https:\/\/dbx.gdr.mybluehost.me\/#\/schema\/logo\/image\/","url":"https:\/\/i0.wp.com\/sideburn.ca\/wp-content\/uploads\/2024\/12\/logo-sideburn-full-1.png?fit=1259%2C496&ssl=1","contentUrl":"https:\/\/i0.wp.com\/sideburn.ca\/wp-content\/uploads\/2024\/12\/logo-sideburn-full-1.png?fit=1259%2C496&ssl=1","width":1259,"height":496,"caption":"SideBurn"},"image":{"@id":"https:\/\/dbx.gdr.mybluehost.me\/#\/schema\/logo\/image\/"},"sameAs":["https:\/\/www.facebook.com\/groups\/145939082634753","https:\/\/www.instagram.com\/sideburnregional\/"]}]}},"_links":{"self":[{"href":"https:\/\/sideburn.ca\/fr\/wp-json\/wp\/v2\/pages\/2155","targetHints":{"allow":["GET"]}}],"collection":[{"href":"https:\/\/sideburn.ca\/fr\/wp-json\/wp\/v2\/pages"}],"about":[{"href":"https:\/\/sideburn.ca\/fr\/wp-json\/wp\/v2\/types\/page"}],"author":[{"embeddable":true,"href":"https:\/\/sideburn.ca\/fr\/wp-json\/wp\/v2\/users\/2"}],"replies":[{"embeddable":true,"href":"https:\/\/sideburn.ca\/fr\/wp-json\/wp\/v2\/comments?post=2155"}],"version-history":[{"count":12,"href":"https:\/\/sideburn.ca\/fr\/wp-json\/wp\/v2\/pages\/2155\/revisions"}],"predecessor-version":[{"id":2174,"href":"https:\/\/sideburn.ca\/fr\/wp-json\/wp\/v2\/pages\/2155\/revisions\/2174"}],"up":[{"embeddable":true,"href":"https:\/\/sideburn.ca\/fr\/wp-json\/wp\/v2\/pages\/91"}],"wp:featuredmedia":[{"embeddable":true,"href":"https:\/\/sideburn.ca\/fr\/wp-json\/wp\/v2\/media\/2162"}],"wp:attachment":[{"href":"https:\/\/sideburn.ca\/fr\/wp-json\/wp\/v2\/media?parent=2155"}],"curies":[{"name":"wp","href":"https:\/\/api.w.org\/{rel}","templated":true}]}}