{"id":2103,"date":"2025-10-10T15:55:20","date_gmt":"2025-10-10T15:55:20","guid":{"rendered":"https:\/\/sideburn.ca\/?page_id=2103"},"modified":"2026-03-05T00:44:25","modified_gmt":"2026-03-05T00:44:25","slug":"good-standing","status":"publish","type":"page","link":"https:\/\/sideburn.ca\/fr\/the-event\/policies\/good-standing\/","title":{"rendered":"En r\u00e8gle"},"content":{"rendered":"<p class=\"lead\">Cette politique d\u00e9crit comment maintenir ce statut \u00e0 SideBurn. Nous sommes l\u00e0 pour soutenir les efforts de chaque participant pour \u00eatre en r\u00e8gle et pour honorer la communaut\u00e9 en donnant de la r\u00e9troaction aux camps ou aux participants qui ne sont plus en r\u00e8gle.<\/p>\n<p><strong>Par d\u00e9faut, tous les participants sont consid\u00e9r\u00e9s comme \u00e9tant en r\u00e8gle.<\/strong> Parce que SideBurn est un \u00e9v\u00e9nement intime et communautaire, les installations artistiques, les camps th\u00e9matiques et les participants individuels ont une influence importante sur notre culture et notre exp\u00e9rience partag\u00e9es.<\/p>\n<p>Le statut de membre en r\u00e8gle s'applique \u00e0 <strong>tous les artistes, les camps th\u00e9matiques et les participants individuels.<\/strong><\/p>\n<h3>Avantages d'\u00eatre en r\u00e8gle<\/h3>\n<ul>\n<li>\u00c9ligibilit\u00e9 aux billets dirig\u00e9s pour les participants admissibles<\/li>\n<li>Placement des camps th\u00e9matiques et des installations artistiques<\/li>\n<li>Possibilit\u00e9 d\u2019\u00eatre admissible \u00e0 des subventions<\/li>\n<li>Possibilit\u00e9 d\u2019assumer des r\u00f4les de b\u00e9n\u00e9voles principaux<\/li>\n<li>Soutien g\u00e9n\u00e9ral de l'organisation Flame Ontario Arts Collective et des d\u00e9partements associ\u00e9s \u00e0 SideBurn<\/li>\n<\/ul>\n<h2>Perte du statut de membre<\/h2>\n<p>Les artistes, les camps th\u00e9matiques et les participants individuels peuvent perdre leur statut pour l'une des raisons suivantes :<\/p>\n<ul>\n<li>Ne pas aviser Flame Ontario Arts Collective si une installation artistique ou un camp th\u00e9matique doit annuler sa participation \u00e0 SideBurn.<\/li>\n<li>Placer une installation artistique ou un camp \u00e0 th\u00e8me en dehors des limites pr\u00e9vues et refuser de collaborer avec l'\u00e9quipe charg\u00e9e du placement pour r\u00e9soudre le probl\u00e8me.<\/li>\n<li>Recevoir des plaintes concernant le bruit et ne pas vouloir travailler avec l'\u00e9quipe du son pour r\u00e9soudre le probl\u00e8me.<\/li>\n<li>Cr\u00e9er une pression excessive sur les ressources de SideBurn (par exemple, une d\u00e9pendance excessive envers les b\u00e9n\u00e9voles, l'absence d'infrastructures ou de fournitures ad\u00e9quates, la n\u00e9cessit\u00e9 d'une m\u00e9diation excessive ou d'une intervention logistique de la part de plusieurs d\u00e9partements).<\/li>\n<li>Ne pas r\u00e9pondre aux demandes raisonnables des b\u00e9n\u00e9voles de SideBurn.<\/li>\n<li>\u00catre signal\u00e9 par l'\u00e9quipe \"Leave No Trace\" (LNT) en raison d'un exc\u00e8s de \"Matter out of Place\" (MOOP).<\/li>\n<li>Se faire passer pour un b\u00e9n\u00e9vole de SideBurn ou repr\u00e9senter faussement son affiliation \u00e0 l'\u00e9quipe organisatrice de l'\u00e9v\u00e9nement.<\/li>\n<li>Adopter un comportement perturbateur \u00e0 tout moment de l\u2019\u00e9v\u00e9nement, y compris lors de l'acc\u00e8s anticip\u00e9. Veuillez vous r\u00e9f\u00e9rer \u00e0 notre <a href=\"https:\/\/sideburn.ca\/fr\/the-event\/ticketing\/code-of-conduct\/\">Code de conduite<\/a> pour plus de d\u00e9tails sur ce qui constitue un comportement perturbateur.<\/li>\n<li>Avoir fait l'objet d'un ou plusieurs rapports d'incidents.<\/li>\n<\/ul>\n<h2>Les participants qui ne sont pas en r\u00e8gle sont toujours les bienvenus<\/h2>\n<p>Les artistes, les camps th\u00e9matiques et les participants individuels qui perdent leur statut de membre en r\u00e8gle seront automatiquement remis en r\u00e8gle au bout d'un an, \u00e0 condition qu'il n'y ait pas d'autres incidents. <strong>En attendant, ils sont toujours les bienvenus \u00e0 SideBurn.<\/strong><\/p>\n<p>La communaut\u00e9 valorise la croissance, la responsabilit\u00e9 et les secondes chances, et tous les participants sont encourag\u00e9s \u00e0 profiter de l'ann\u00e9e pour r\u00e9pondre aux pr\u00e9occupations et d\u00e9montrer un engagement renouvel\u00e9 \u00e0 l\u2019\u00e9gard des principes de SideBurn. Il y a toujours de la place pour grandir, se reconnecter et se r\u00e9engager dans la communaut\u00e9.<\/p>","protected":false},"excerpt":{"rendered":"<p>This policy outlines how to maintain that standing at SideBurn. We\u2019re here to support each participant\u2019s efforts to be in good standing and honour the community by giving feedback to camps or participants who may fall out of good standing. By default, all participants are considered to be in good standing. Because SideBurn is an&#8230;<\/p>","protected":false},"author":5,"featured_media":2124,"parent":73,"menu_order":0,"comment_status":"closed","ping_status":"closed","template":"","meta":{"_acf_changed":false,"nf_dc_page":"","footnotes":""},"class_list":["post-2103","page","type-page","status-publish","has-post-thumbnail","hentry"],"acf":[],"yoast_head":"<!-- This site is optimized with the Yoast SEO plugin v27.4 - https:\/\/yoast.com\/product\/yoast-seo-wordpress\/ -->\n<title>Good Standing - SideBurn<\/title>\n<meta name=\"robots\" content=\"index, follow, max-snippet:-1, max-image-preview:large, max-video-preview:-1\" \/>\n<link rel=\"canonical\" href=\"https:\/\/sideburn.ca\/fr\/the-event\/policies\/good-standing\/\" \/>\n<meta property=\"og:locale\" content=\"fr_CA\" \/>\n<meta property=\"og:type\" content=\"article\" \/>\n<meta property=\"og:title\" content=\"Good Standing - SideBurn\" \/>\n<meta property=\"og:description\" content=\"This policy outlines how to maintain that standing at SideBurn. We\u2019re here to support each participant\u2019s efforts to be in good standing and honour the community by giving feedback to camps or participants who may fall out of good standing. By default, all participants are considered to be in good standing. Because SideBurn is an...\" \/>\n<meta property=\"og:url\" content=\"https:\/\/sideburn.ca\/fr\/the-event\/policies\/good-standing\/\" \/>\n<meta property=\"og:site_name\" content=\"SideBurn\" \/>\n<meta property=\"article:publisher\" content=\"https:\/\/www.facebook.com\/groups\/145939082634753\" \/>\n<meta property=\"article:modified_time\" content=\"2026-03-05T00:44:25+00:00\" \/>\n<meta property=\"og:image\" content=\"https:\/\/sideburn.ca\/wp-content\/uploads\/2025\/10\/header-good-standing.jpg\" \/>\n\t<meta property=\"og:image:width\" content=\"1400\" \/>\n\t<meta property=\"og:image:height\" content=\"670\" \/>\n\t<meta property=\"og:image:type\" content=\"image\/jpeg\" \/>\n<meta name=\"twitter:card\" content=\"summary_large_image\" \/>\n<meta name=\"twitter:label1\" content=\"Est. reading time\" \/>\n\t<meta name=\"twitter:data1\" content=\"2 minutes\" \/>\n<script type=\"application\/ld+json\" class=\"yoast-schema-graph\">{\"@context\":\"https:\\\/\\\/schema.org\",\"@graph\":[{\"@type\":\"WebPage\",\"@id\":\"https:\\\/\\\/sideburn.ca\\\/the-event\\\/policies\\\/good-standing\\\/\",\"url\":\"https:\\\/\\\/sideburn.ca\\\/the-event\\\/policies\\\/good-standing\\\/\",\"name\":\"Good Standing - SideBurn\",\"isPartOf\":{\"@id\":\"https:\\\/\\\/dbx.gdr.mybluehost.me\\\/#website\"},\"primaryImageOfPage\":{\"@id\":\"https:\\\/\\\/sideburn.ca\\\/the-event\\\/policies\\\/good-standing\\\/#primaryimage\"},\"image\":{\"@id\":\"https:\\\/\\\/sideburn.ca\\\/the-event\\\/policies\\\/good-standing\\\/#primaryimage\"},\"thumbnailUrl\":\"https:\\\/\\\/sideburn.ca\\\/wp-content\\\/uploads\\\/2025\\\/10\\\/header-good-standing.jpg\",\"datePublished\":\"2025-10-10T15:55:20+00:00\",\"dateModified\":\"2026-03-05T00:44:25+00:00\",\"breadcrumb\":{\"@id\":\"https:\\\/\\\/sideburn.ca\\\/the-event\\\/policies\\\/good-standing\\\/#breadcrumb\"},\"inLanguage\":\"fr-CA\",\"potentialAction\":[{\"@type\":\"ReadAction\",\"target\":[\"https:\\\/\\\/sideburn.ca\\\/the-event\\\/policies\\\/good-standing\\\/\"]}]},{\"@type\":\"ImageObject\",\"inLanguage\":\"fr-CA\",\"@id\":\"https:\\\/\\\/sideburn.ca\\\/the-event\\\/policies\\\/good-standing\\\/#primaryimage\",\"url\":\"https:\\\/\\\/sideburn.ca\\\/wp-content\\\/uploads\\\/2025\\\/10\\\/header-good-standing.jpg\",\"contentUrl\":\"https:\\\/\\\/sideburn.ca\\\/wp-content\\\/uploads\\\/2025\\\/10\\\/header-good-standing.jpg\",\"width\":1400,\"height\":670},{\"@type\":\"BreadcrumbList\",\"@id\":\"https:\\\/\\\/sideburn.ca\\\/the-event\\\/policies\\\/good-standing\\\/#breadcrumb\",\"itemListElement\":[{\"@type\":\"ListItem\",\"position\":1,\"name\":\"Home\",\"item\":\"https:\\\/\\\/sideburn.ca\\\/\"},{\"@type\":\"ListItem\",\"position\":2,\"name\":\"The Event\",\"item\":\"https:\\\/\\\/sideburn.ca\\\/the-event\\\/\"},{\"@type\":\"ListItem\",\"position\":3,\"name\":\"Policies\",\"item\":\"https:\\\/\\\/sideburn.ca\\\/the-event\\\/policies\\\/\"},{\"@type\":\"ListItem\",\"position\":4,\"name\":\"Good Standing\"}]},{\"@type\":\"WebSite\",\"@id\":\"https:\\\/\\\/dbx.gdr.mybluehost.me\\\/#website\",\"url\":\"https:\\\/\\\/dbx.gdr.mybluehost.me\\\/\",\"name\":\"SideBurn\",\"description\":\"Chromatic Carnival\",\"publisher\":{\"@id\":\"https:\\\/\\\/dbx.gdr.mybluehost.me\\\/#organization\"},\"potentialAction\":[{\"@type\":\"SearchAction\",\"target\":{\"@type\":\"EntryPoint\",\"urlTemplate\":\"https:\\\/\\\/dbx.gdr.mybluehost.me\\\/?s={search_term_string}\"},\"query-input\":{\"@type\":\"PropertyValueSpecification\",\"valueRequired\":true,\"valueName\":\"search_term_string\"}}],\"inLanguage\":\"fr-CA\"},{\"@type\":\"Organization\",\"@id\":\"https:\\\/\\\/dbx.gdr.mybluehost.me\\\/#organization\",\"name\":\"SideBurn\",\"url\":\"https:\\\/\\\/dbx.gdr.mybluehost.me\\\/\",\"logo\":{\"@type\":\"ImageObject\",\"inLanguage\":\"fr-CA\",\"@id\":\"https:\\\/\\\/dbx.gdr.mybluehost.me\\\/#\\\/schema\\\/logo\\\/image\\\/\",\"url\":\"https:\\\/\\\/i0.wp.com\\\/sideburn.ca\\\/wp-content\\\/uploads\\\/2024\\\/12\\\/logo-sideburn-full-1.png?fit=1259%2C496&ssl=1\",\"contentUrl\":\"https:\\\/\\\/i0.wp.com\\\/sideburn.ca\\\/wp-content\\\/uploads\\\/2024\\\/12\\\/logo-sideburn-full-1.png?fit=1259%2C496&ssl=1\",\"width\":1259,\"height\":496,\"caption\":\"SideBurn\"},\"image\":{\"@id\":\"https:\\\/\\\/dbx.gdr.mybluehost.me\\\/#\\\/schema\\\/logo\\\/image\\\/\"},\"sameAs\":[\"https:\\\/\\\/www.facebook.com\\\/groups\\\/145939082634753\",\"https:\\\/\\\/www.instagram.com\\\/sideburnregional\\\/\"]}]}<\/script>\n<!-- \/ Yoast SEO plugin. -->","yoast_head_json":{"title":"Good Standing - SideBurn","robots":{"index":"index","follow":"follow","max-snippet":"max-snippet:-1","max-image-preview":"max-image-preview:large","max-video-preview":"max-video-preview:-1"},"canonical":"https:\/\/sideburn.ca\/fr\/the-event\/policies\/good-standing\/","og_locale":"fr_CA","og_type":"article","og_title":"Good Standing - SideBurn","og_description":"This policy outlines how to maintain that standing at SideBurn. We\u2019re here to support each participant\u2019s efforts to be in good standing and honour the community by giving feedback to camps or participants who may fall out of good standing. By default, all participants are considered to be in good standing. Because SideBurn is an...","og_url":"https:\/\/sideburn.ca\/fr\/the-event\/policies\/good-standing\/","og_site_name":"SideBurn","article_publisher":"https:\/\/www.facebook.com\/groups\/145939082634753","article_modified_time":"2026-03-05T00:44:25+00:00","og_image":[{"width":1400,"height":670,"url":"https:\/\/sideburn.ca\/wp-content\/uploads\/2025\/10\/header-good-standing.jpg","type":"image\/jpeg"}],"twitter_card":"summary_large_image","twitter_misc":{"Est. reading time":"2 minutes"},"schema":{"@context":"https:\/\/schema.org","@graph":[{"@type":"WebPage","@id":"https:\/\/sideburn.ca\/the-event\/policies\/good-standing\/","url":"https:\/\/sideburn.ca\/the-event\/policies\/good-standing\/","name":"Good Standing - SideBurn","isPartOf":{"@id":"https:\/\/dbx.gdr.mybluehost.me\/#website"},"primaryImageOfPage":{"@id":"https:\/\/sideburn.ca\/the-event\/policies\/good-standing\/#primaryimage"},"image":{"@id":"https:\/\/sideburn.ca\/the-event\/policies\/good-standing\/#primaryimage"},"thumbnailUrl":"https:\/\/sideburn.ca\/wp-content\/uploads\/2025\/10\/header-good-standing.jpg","datePublished":"2025-10-10T15:55:20+00:00","dateModified":"2026-03-05T00:44:25+00:00","breadcrumb":{"@id":"https:\/\/sideburn.ca\/the-event\/policies\/good-standing\/#breadcrumb"},"inLanguage":"fr-CA","potentialAction":[{"@type":"ReadAction","target":["https:\/\/sideburn.ca\/the-event\/policies\/good-standing\/"]}]},{"@type":"ImageObject","inLanguage":"fr-CA","@id":"https:\/\/sideburn.ca\/the-event\/policies\/good-standing\/#primaryimage","url":"https:\/\/sideburn.ca\/wp-content\/uploads\/2025\/10\/header-good-standing.jpg","contentUrl":"https:\/\/sideburn.ca\/wp-content\/uploads\/2025\/10\/header-good-standing.jpg","width":1400,"height":670},{"@type":"BreadcrumbList","@id":"https:\/\/sideburn.ca\/the-event\/policies\/good-standing\/#breadcrumb","itemListElement":[{"@type":"ListItem","position":1,"name":"Home","item":"https:\/\/sideburn.ca\/"},{"@type":"ListItem","position":2,"name":"The Event","item":"https:\/\/sideburn.ca\/the-event\/"},{"@type":"ListItem","position":3,"name":"Policies","item":"https:\/\/sideburn.ca\/the-event\/policies\/"},{"@type":"ListItem","position":4,"name":"Good Standing"}]},{"@type":"WebSite","@id":"https:\/\/dbx.gdr.mybluehost.me\/#website","url":"https:\/\/dbx.gdr.mybluehost.me\/","name":"SideBurn","description":"Carnaval chromatique","publisher":{"@id":"https:\/\/dbx.gdr.mybluehost.me\/#organization"},"potentialAction":[{"@type":"SearchAction","target":{"@type":"EntryPoint","urlTemplate":"https:\/\/dbx.gdr.mybluehost.me\/?s={search_term_string}"},"query-input":{"@type":"PropertyValueSpecification","valueRequired":true,"valueName":"search_term_string"}}],"inLanguage":"fr-CA"},{"@type":"Organization","@id":"https:\/\/dbx.gdr.mybluehost.me\/#organization","name":"SideBurn","url":"https:\/\/dbx.gdr.mybluehost.me\/","logo":{"@type":"ImageObject","inLanguage":"fr-CA","@id":"https:\/\/dbx.gdr.mybluehost.me\/#\/schema\/logo\/image\/","url":"https:\/\/i0.wp.com\/sideburn.ca\/wp-content\/uploads\/2024\/12\/logo-sideburn-full-1.png?fit=1259%2C496&ssl=1","contentUrl":"https:\/\/i0.wp.com\/sideburn.ca\/wp-content\/uploads\/2024\/12\/logo-sideburn-full-1.png?fit=1259%2C496&ssl=1","width":1259,"height":496,"caption":"SideBurn"},"image":{"@id":"https:\/\/dbx.gdr.mybluehost.me\/#\/schema\/logo\/image\/"},"sameAs":["https:\/\/www.facebook.com\/groups\/145939082634753","https:\/\/www.instagram.com\/sideburnregional\/"]}]}},"_links":{"self":[{"href":"https:\/\/sideburn.ca\/fr\/wp-json\/wp\/v2\/pages\/2103","targetHints":{"allow":["GET"]}}],"collection":[{"href":"https:\/\/sideburn.ca\/fr\/wp-json\/wp\/v2\/pages"}],"about":[{"href":"https:\/\/sideburn.ca\/fr\/wp-json\/wp\/v2\/types\/page"}],"author":[{"embeddable":true,"href":"https:\/\/sideburn.ca\/fr\/wp-json\/wp\/v2\/users\/5"}],"replies":[{"embeddable":true,"href":"https:\/\/sideburn.ca\/fr\/wp-json\/wp\/v2\/comments?post=2103"}],"version-history":[{"count":5,"href":"https:\/\/sideburn.ca\/fr\/wp-json\/wp\/v2\/pages\/2103\/revisions"}],"predecessor-version":[{"id":2495,"href":"https:\/\/sideburn.ca\/fr\/wp-json\/wp\/v2\/pages\/2103\/revisions\/2495"}],"up":[{"embeddable":true,"href":"https:\/\/sideburn.ca\/fr\/wp-json\/wp\/v2\/pages\/73"}],"wp:featuredmedia":[{"embeddable":true,"href":"https:\/\/sideburn.ca\/fr\/wp-json\/wp\/v2\/media\/2124"}],"wp:attachment":[{"href":"https:\/\/sideburn.ca\/fr\/wp-json\/wp\/v2\/media?parent=2103"}],"curies":[{"name":"wp","href":"https:\/\/api.w.org\/{rel}","templated":true}]}}