{"id":2097,"date":"2025-10-09T18:32:17","date_gmt":"2025-10-09T18:32:17","guid":{"rendered":"https:\/\/sideburn.ca\/?page_id=2097"},"modified":"2025-10-10T23:07:20","modified_gmt":"2025-10-10T23:07:20","slug":"call-for-themes","status":"publish","type":"page","link":"https:\/\/sideburn.ca\/fr\/participate\/call-for-themes\/","title":{"rendered":"SideBurn 2026 : appel \u00e0 th\u00e8mes"},"content":{"rendered":"<p class=\"lead\">SideBurn repose sur la cr\u00e9ativit\u00e9, la communaut\u00e9 et les exp\u00e9riences partag\u00e9es, et le th\u00e8me est au c\u0153ur de tout cela. Chaque ann\u00e9e, nous invitons notre communaut\u00e9 \u00e0 nous aider \u00e0 fa\u00e7onner la vision qui inspire l'art, la performance et le jeu. C'est maintenant \u00e0 votre tour de soumettre vos id\u00e9es pour le th\u00e8me de SideBurn 2026 et de contribuer \u00e0 donner le ton \u00e0 l'\u00e9v\u00e9nement de l'ann\u00e9e prochaine.<\/p>\n<p><strong>P\u00e9riode de soumission :<\/strong> Du 7 au 21 octobre 2025<br \/>\n<strong>Vote communautaire :<\/strong> Du 22 octobre au 5 novembre 2025<\/p>\n<p><strong>Nous recherchons des id\u00e9es de th\u00e8mes qui :<\/strong><\/p>\n<ul>\n<li>sont visuellement inspirants et faciles \u00e0 mettre en \u0153uvre<\/li>\n<li>Susciter la cr\u00e9ativit\u00e9, le jeu et la participation<\/li>\n<li>Refl\u00e9ter la <a href=\"https:\/\/burningman.org\/about\/10-principles\/\" target=\"_blank\">10 principes de Burning Man<\/a><\/li>\n<\/ul>\n<p>Nous sommes impatients de voir la cr\u00e9ativit\u00e9 de notre communaut\u00e9.<\/p>\n<hr>\n<h2>Soumission<\/h2>\n<p>Les soumissions sont accept\u00e9es en anglais ou en fran\u00e7ais.<\/p>\n<div class=\"boxit\"><\/div>","protected":false},"excerpt":{"rendered":"<p>SideBurn is built on creativity, community, and shared experiences, and the theme is at the heart of it all. Every year, we invite our community to help shape the vision that inspires art, performance, and play. Now it is your turn to submit your ideas for the SideBurn 2026 theme and help set the tone&#8230;<\/p>","protected":false},"author":2,"featured_media":2137,"parent":91,"menu_order":0,"comment_status":"closed","ping_status":"closed","template":"","meta":{"_acf_changed":false,"nf_dc_page":"","footnotes":""},"class_list":["post-2097","page","type-page","status-publish","has-post-thumbnail","hentry"],"acf":[],"yoast_head":"<!-- This site is optimized with the Yoast SEO plugin v27.4 - https:\/\/yoast.com\/product\/yoast-seo-wordpress\/ -->\n<title>SideBurn 2026: Call for Themes - SideBurn<\/title>\n<meta name=\"robots\" content=\"index, follow, max-snippet:-1, max-image-preview:large, max-video-preview:-1\" \/>\n<link rel=\"canonical\" href=\"https:\/\/sideburn.ca\/fr\/participate\/call-for-themes\/\" \/>\n<meta property=\"og:locale\" content=\"fr_CA\" \/>\n<meta property=\"og:type\" content=\"article\" \/>\n<meta property=\"og:title\" content=\"SideBurn 2026: Call for Themes - SideBurn\" \/>\n<meta property=\"og:description\" content=\"SideBurn is built on creativity, community, and shared experiences, and the theme is at the heart of it all. Every year, we invite our community to help shape the vision that inspires art, performance, and play. Now it is your turn to submit your ideas for the SideBurn 2026 theme and help set the tone...\" \/>\n<meta property=\"og:url\" content=\"https:\/\/sideburn.ca\/fr\/participate\/call-for-themes\/\" \/>\n<meta property=\"og:site_name\" content=\"SideBurn\" \/>\n<meta property=\"article:publisher\" content=\"https:\/\/www.facebook.com\/groups\/145939082634753\" \/>\n<meta property=\"article:modified_time\" content=\"2025-10-10T23:07:20+00:00\" \/>\n<meta property=\"og:image\" content=\"https:\/\/sideburn.ca\/wp-content\/uploads\/2025\/10\/header-theme-submission.jpg\" \/>\n\t<meta property=\"og:image:width\" content=\"1400\" \/>\n\t<meta property=\"og:image:height\" content=\"654\" \/>\n\t<meta property=\"og:image:type\" content=\"image\/jpeg\" \/>\n<meta name=\"twitter:card\" content=\"summary_large_image\" \/>\n<meta name=\"twitter:label1\" content=\"Est. reading time\" \/>\n\t<meta name=\"twitter:data1\" content=\"1 minute\" \/>\n<script type=\"application\/ld+json\" class=\"yoast-schema-graph\">{\"@context\":\"https:\\\/\\\/schema.org\",\"@graph\":[{\"@type\":\"WebPage\",\"@id\":\"https:\\\/\\\/sideburn.ca\\\/participate\\\/call-for-themes\\\/\",\"url\":\"https:\\\/\\\/sideburn.ca\\\/participate\\\/call-for-themes\\\/\",\"name\":\"SideBurn 2026: Call for Themes - SideBurn\",\"isPartOf\":{\"@id\":\"https:\\\/\\\/dbx.gdr.mybluehost.me\\\/#website\"},\"primaryImageOfPage\":{\"@id\":\"https:\\\/\\\/sideburn.ca\\\/participate\\\/call-for-themes\\\/#primaryimage\"},\"image\":{\"@id\":\"https:\\\/\\\/sideburn.ca\\\/participate\\\/call-for-themes\\\/#primaryimage\"},\"thumbnailUrl\":\"https:\\\/\\\/sideburn.ca\\\/wp-content\\\/uploads\\\/2025\\\/10\\\/header-theme-submission.jpg\",\"datePublished\":\"2025-10-09T18:32:17+00:00\",\"dateModified\":\"2025-10-10T23:07:20+00:00\",\"breadcrumb\":{\"@id\":\"https:\\\/\\\/sideburn.ca\\\/participate\\\/call-for-themes\\\/#breadcrumb\"},\"inLanguage\":\"fr-CA\",\"potentialAction\":[{\"@type\":\"ReadAction\",\"target\":[\"https:\\\/\\\/sideburn.ca\\\/participate\\\/call-for-themes\\\/\"]}]},{\"@type\":\"ImageObject\",\"inLanguage\":\"fr-CA\",\"@id\":\"https:\\\/\\\/sideburn.ca\\\/participate\\\/call-for-themes\\\/#primaryimage\",\"url\":\"https:\\\/\\\/sideburn.ca\\\/wp-content\\\/uploads\\\/2025\\\/10\\\/header-theme-submission.jpg\",\"contentUrl\":\"https:\\\/\\\/sideburn.ca\\\/wp-content\\\/uploads\\\/2025\\\/10\\\/header-theme-submission.jpg\",\"width\":1400,\"height\":654},{\"@type\":\"BreadcrumbList\",\"@id\":\"https:\\\/\\\/sideburn.ca\\\/participate\\\/call-for-themes\\\/#breadcrumb\",\"itemListElement\":[{\"@type\":\"ListItem\",\"position\":1,\"name\":\"Home\",\"item\":\"https:\\\/\\\/sideburn.ca\\\/\"},{\"@type\":\"ListItem\",\"position\":2,\"name\":\"Participate\",\"item\":\"https:\\\/\\\/sideburn.ca\\\/participate\\\/\"},{\"@type\":\"ListItem\",\"position\":3,\"name\":\"SideBurn 2026: Call for Themes\"}]},{\"@type\":\"WebSite\",\"@id\":\"https:\\\/\\\/dbx.gdr.mybluehost.me\\\/#website\",\"url\":\"https:\\\/\\\/dbx.gdr.mybluehost.me\\\/\",\"name\":\"SideBurn\",\"description\":\"Chromatic Carnival\",\"publisher\":{\"@id\":\"https:\\\/\\\/dbx.gdr.mybluehost.me\\\/#organization\"},\"potentialAction\":[{\"@type\":\"SearchAction\",\"target\":{\"@type\":\"EntryPoint\",\"urlTemplate\":\"https:\\\/\\\/dbx.gdr.mybluehost.me\\\/?s={search_term_string}\"},\"query-input\":{\"@type\":\"PropertyValueSpecification\",\"valueRequired\":true,\"valueName\":\"search_term_string\"}}],\"inLanguage\":\"fr-CA\"},{\"@type\":\"Organization\",\"@id\":\"https:\\\/\\\/dbx.gdr.mybluehost.me\\\/#organization\",\"name\":\"SideBurn\",\"url\":\"https:\\\/\\\/dbx.gdr.mybluehost.me\\\/\",\"logo\":{\"@type\":\"ImageObject\",\"inLanguage\":\"fr-CA\",\"@id\":\"https:\\\/\\\/dbx.gdr.mybluehost.me\\\/#\\\/schema\\\/logo\\\/image\\\/\",\"url\":\"https:\\\/\\\/i0.wp.com\\\/sideburn.ca\\\/wp-content\\\/uploads\\\/2024\\\/12\\\/logo-sideburn-full-1.png?fit=1259%2C496&ssl=1\",\"contentUrl\":\"https:\\\/\\\/i0.wp.com\\\/sideburn.ca\\\/wp-content\\\/uploads\\\/2024\\\/12\\\/logo-sideburn-full-1.png?fit=1259%2C496&ssl=1\",\"width\":1259,\"height\":496,\"caption\":\"SideBurn\"},\"image\":{\"@id\":\"https:\\\/\\\/dbx.gdr.mybluehost.me\\\/#\\\/schema\\\/logo\\\/image\\\/\"},\"sameAs\":[\"https:\\\/\\\/www.facebook.com\\\/groups\\\/145939082634753\",\"https:\\\/\\\/www.instagram.com\\\/sideburnregional\\\/\"]}]}<\/script>\n<!-- \/ Yoast SEO plugin. -->","yoast_head_json":{"title":"SideBurn 2026: Call for Themes - SideBurn","robots":{"index":"index","follow":"follow","max-snippet":"max-snippet:-1","max-image-preview":"max-image-preview:large","max-video-preview":"max-video-preview:-1"},"canonical":"https:\/\/sideburn.ca\/fr\/participate\/call-for-themes\/","og_locale":"fr_CA","og_type":"article","og_title":"SideBurn 2026: Call for Themes - SideBurn","og_description":"SideBurn is built on creativity, community, and shared experiences, and the theme is at the heart of it all. Every year, we invite our community to help shape the vision that inspires art, performance, and play. Now it is your turn to submit your ideas for the SideBurn 2026 theme and help set the tone...","og_url":"https:\/\/sideburn.ca\/fr\/participate\/call-for-themes\/","og_site_name":"SideBurn","article_publisher":"https:\/\/www.facebook.com\/groups\/145939082634753","article_modified_time":"2025-10-10T23:07:20+00:00","og_image":[{"width":1400,"height":654,"url":"https:\/\/sideburn.ca\/wp-content\/uploads\/2025\/10\/header-theme-submission.jpg","type":"image\/jpeg"}],"twitter_card":"summary_large_image","twitter_misc":{"Est. reading time":"1 minute"},"schema":{"@context":"https:\/\/schema.org","@graph":[{"@type":"WebPage","@id":"https:\/\/sideburn.ca\/participate\/call-for-themes\/","url":"https:\/\/sideburn.ca\/participate\/call-for-themes\/","name":"SideBurn 2026: Call for Themes - SideBurn","isPartOf":{"@id":"https:\/\/dbx.gdr.mybluehost.me\/#website"},"primaryImageOfPage":{"@id":"https:\/\/sideburn.ca\/participate\/call-for-themes\/#primaryimage"},"image":{"@id":"https:\/\/sideburn.ca\/participate\/call-for-themes\/#primaryimage"},"thumbnailUrl":"https:\/\/sideburn.ca\/wp-content\/uploads\/2025\/10\/header-theme-submission.jpg","datePublished":"2025-10-09T18:32:17+00:00","dateModified":"2025-10-10T23:07:20+00:00","breadcrumb":{"@id":"https:\/\/sideburn.ca\/participate\/call-for-themes\/#breadcrumb"},"inLanguage":"fr-CA","potentialAction":[{"@type":"ReadAction","target":["https:\/\/sideburn.ca\/participate\/call-for-themes\/"]}]},{"@type":"ImageObject","inLanguage":"fr-CA","@id":"https:\/\/sideburn.ca\/participate\/call-for-themes\/#primaryimage","url":"https:\/\/sideburn.ca\/wp-content\/uploads\/2025\/10\/header-theme-submission.jpg","contentUrl":"https:\/\/sideburn.ca\/wp-content\/uploads\/2025\/10\/header-theme-submission.jpg","width":1400,"height":654},{"@type":"BreadcrumbList","@id":"https:\/\/sideburn.ca\/participate\/call-for-themes\/#breadcrumb","itemListElement":[{"@type":"ListItem","position":1,"name":"Home","item":"https:\/\/sideburn.ca\/"},{"@type":"ListItem","position":2,"name":"Participate","item":"https:\/\/sideburn.ca\/participate\/"},{"@type":"ListItem","position":3,"name":"SideBurn 2026: Call for Themes"}]},{"@type":"WebSite","@id":"https:\/\/dbx.gdr.mybluehost.me\/#website","url":"https:\/\/dbx.gdr.mybluehost.me\/","name":"SideBurn","description":"Carnaval chromatique","publisher":{"@id":"https:\/\/dbx.gdr.mybluehost.me\/#organization"},"potentialAction":[{"@type":"SearchAction","target":{"@type":"EntryPoint","urlTemplate":"https:\/\/dbx.gdr.mybluehost.me\/?s={search_term_string}"},"query-input":{"@type":"PropertyValueSpecification","valueRequired":true,"valueName":"search_term_string"}}],"inLanguage":"fr-CA"},{"@type":"Organization","@id":"https:\/\/dbx.gdr.mybluehost.me\/#organization","name":"SideBurn","url":"https:\/\/dbx.gdr.mybluehost.me\/","logo":{"@type":"ImageObject","inLanguage":"fr-CA","@id":"https:\/\/dbx.gdr.mybluehost.me\/#\/schema\/logo\/image\/","url":"https:\/\/i0.wp.com\/sideburn.ca\/wp-content\/uploads\/2024\/12\/logo-sideburn-full-1.png?fit=1259%2C496&ssl=1","contentUrl":"https:\/\/i0.wp.com\/sideburn.ca\/wp-content\/uploads\/2024\/12\/logo-sideburn-full-1.png?fit=1259%2C496&ssl=1","width":1259,"height":496,"caption":"SideBurn"},"image":{"@id":"https:\/\/dbx.gdr.mybluehost.me\/#\/schema\/logo\/image\/"},"sameAs":["https:\/\/www.facebook.com\/groups\/145939082634753","https:\/\/www.instagram.com\/sideburnregional\/"]}]}},"_links":{"self":[{"href":"https:\/\/sideburn.ca\/fr\/wp-json\/wp\/v2\/pages\/2097","targetHints":{"allow":["GET"]}}],"collection":[{"href":"https:\/\/sideburn.ca\/fr\/wp-json\/wp\/v2\/pages"}],"about":[{"href":"https:\/\/sideburn.ca\/fr\/wp-json\/wp\/v2\/types\/page"}],"author":[{"embeddable":true,"href":"https:\/\/sideburn.ca\/fr\/wp-json\/wp\/v2\/users\/2"}],"replies":[{"embeddable":true,"href":"https:\/\/sideburn.ca\/fr\/wp-json\/wp\/v2\/comments?post=2097"}],"version-history":[{"count":6,"href":"https:\/\/sideburn.ca\/fr\/wp-json\/wp\/v2\/pages\/2097\/revisions"}],"predecessor-version":[{"id":2140,"href":"https:\/\/sideburn.ca\/fr\/wp-json\/wp\/v2\/pages\/2097\/revisions\/2140"}],"up":[{"embeddable":true,"href":"https:\/\/sideburn.ca\/fr\/wp-json\/wp\/v2\/pages\/91"}],"wp:featuredmedia":[{"embeddable":true,"href":"https:\/\/sideburn.ca\/fr\/wp-json\/wp\/v2\/media\/2137"}],"wp:attachment":[{"href":"https:\/\/sideburn.ca\/fr\/wp-json\/wp\/v2\/media?parent=2097"}],"curies":[{"name":"wp","href":"https:\/\/api.w.org\/{rel}","templated":true}]}}