{"id":1857,"date":"2025-05-11T14:09:13","date_gmt":"2025-05-11T14:09:13","guid":{"rendered":"https:\/\/sideburn.ca\/?page_id=1857"},"modified":"2025-05-13T00:03:18","modified_gmt":"2025-05-13T00:03:18","slug":"map","status":"publish","type":"page","link":"https:\/\/sideburn.ca\/fr\/the-event\/www\/map\/","title":{"rendered":"Art et carte"},"content":{"rendered":"<p class=\"lead\">Cette page propose <strong>une vue d'ensemble de l'organisation de l'\u00e9v\u00e9nement SideBurn<\/strong> pour vous aider \u00e0 vous orienter. Pour une exp\u00e9rience compl\u00e8te de la carte interactive - y compris les camps, les \u0153uvres d'art, les principales installations et les mises \u00e0 jour en direct -, cliquez ici.<a href=\"https:\/\/dust.events\/\" target=\"_blank\">t\u00e9l\u00e9charger l'application DUST<\/a>. C'est le meilleur moyen de naviguer dans SideBurn lorsque vous \u00eates sur place.<\/p>\n<p><i class=\"fa-solid fa-hand-point-right me-2\"><\/i><strong>En savoir plus sur les incroyables installations artistiques de cette ann\u00e9e<\/strong> chez SideBurn en visitant le <a href=\"https:\/\/sideburn-2025.dust.events\/art\/\" target=\"_blank\">Section artistique de l'application DUST<\/a>.<\/p>\n<hr>\n<h2>L'art \u00e0 SideBurn<\/h2>\n<div class=\"boxit\">\n<img decoding=\"async\" loading=\"lazy\" src=\"https:\/\/sideburn.ca\/wp-content\/uploads\/2025\/05\/sideburn-map-30-scaled.webp\" alt=\"\" width=\"1423\" height=\"2560\" class=\"alignnone size-full wp-image-1878 mb-5\" srcset=\"https:\/\/sideburn.ca\/wp-content\/uploads\/2025\/05\/sideburn-map-30-scaled.webp 1423w, https:\/\/sideburn.ca\/wp-content\/uploads\/2025\/05\/sideburn-map-30-167x300.webp 167w, https:\/\/sideburn.ca\/wp-content\/uploads\/2025\/05\/sideburn-map-30-569x1024.webp 569w, https:\/\/sideburn.ca\/wp-content\/uploads\/2025\/05\/sideburn-map-30-768x1382.webp 768w, https:\/\/sideburn.ca\/wp-content\/uploads\/2025\/05\/sideburn-map-30-854x1536.webp 854w, https:\/\/sideburn.ca\/wp-content\/uploads\/2025\/05\/sideburn-map-30-1138x2048.webp 1138w\" sizes=\"auto, (max-width: 1423px) 100vw, 1423px\" \/><\/p>\n<h3>L\u00e9gende artistique<\/h3>\n<div class=\"row small art\">\n<div class=\"col-12 col-md-6 col-lg-4\">\n<div class=\"row align-items-center\">\n<div class=\"col-auto pe-0\"><span class=\"artlegend\">1<\/span><\/div>\n<div class=\"col ps-1\"> <a href=\"https:\/\/sideburn-2025.dust.events\/art\/u-1851\" target=\"_blank\">Pagayer sur la Haya<\/a><\/div>\n<\/div>\n<div class=\"row align-items-center\">\n<div class=\"col-auto pe-0\"><span class=\"artlegend\">2<\/span><\/div>\n<div class=\"col ps-1\"> <a href=\"https:\/\/sideburn-2025.dust.events\/art\/u-1809\">Prisme Trillium<\/a><\/div>\n<\/div>\n<div class=\"row align-items-center\">\n<div class=\"col-auto pe-0\"><span class=\"artlegend\">3<\/span><\/div>\n<div class=\"col ps-1\"> <a href=\"https:\/\/sideburn-2025.dust.events\/art\/u-1824\" target=\"_blank\">S'allonger et laisser le monde se dissoudre autour de soi<\/a><\/div>\n<\/div>\n<div class=\"row align-items-center\">\n<div class=\"col-auto pe-0\"><span class=\"artlegend\">4<\/span><\/div>\n<div class=\"col ps-1\"> <a href=\"https:\/\/sideburn-2025.dust.events\/art\/u-1848\" target=\"_blank\">Bo\u00eete ADVENT(ure)<\/a><\/div>\n<\/div>\n<div class=\"row align-items-center\">\n<div class=\"col-auto pe-0\"><span class=\"artlegend\">5<\/span><\/div>\n<div class=\"col ps-1\"> <a href=\"https:\/\/sideburn-2025.dust.events\/art\/u-1847\" target=\"_blank\">Arcane Arcade<\/a><\/div>\n<\/div>\n<div class=\"row align-items-center\">\n<div class=\"col-auto pe-0\"><span class=\"artlegend\">6<\/span><\/div>\n<div class=\"col ps-1\"> <a href=\"https:\/\/sideburn-2025.dust.events\/art\/u-1846\" target=\"_blank\">Club de combat pour b\u00e9b\u00e9s<\/a><\/div>\n<\/div>\n<div class=\"row align-items-center\">\n<div class=\"col-auto pe-0\"><span class=\"artlegend\">7<\/span><\/div>\n<div class=\"col ps-1\"> <a href=\"https:\/\/sideburn-2025.dust.events\/art\/u-1845\" target=\"_blank\">BATSU ! Un jeu t\u00e9l\u00e9vis\u00e9 \u00e0 la japonaise<\/a><\/div>\n<\/div>\n<div class=\"row align-items-center\">\n<div class=\"col-auto pe-0\"><span class=\"artlegend\">8<\/span><\/div>\n<div class=\"col ps-1\"> <a href=\"https:\/\/sideburn-2025.dust.events\/art\/u-1844\" target=\"_blank\">Blocs de combat<\/a><\/div>\n<\/div>\n<div class=\"row align-items-center\">\n<div class=\"col-auto pe-0\"><span class=\"artlegend\">9<\/span><\/div>\n<div class=\"col ps-1\"> <a href=\"https:\/\/sideburn-2025.dust.events\/art\/u-1853\" target=\"_blank\">Bonjour\/Hi<\/a><\/div>\n<\/div>\n<div class=\"row align-items-center\">\n<div class=\"col-auto pe-0\"><span class=\"artlegend\">10<\/span><\/div>\n<div class=\"col ps-1\"> <a href=\"https:\/\/sideburn-2025.dust.events\/art\/u-1843\" target=\"_blank\">Appeler maman<\/a><\/div>\n<\/div>\n<div class=\"row align-items-center\">\n<div class=\"col-auto pe-0\"><span class=\"artlegend\">11<\/span><\/div>\n<div class=\"col ps-1\"> <a href=\"https:\/\/sideburn-2025.dust.events\/art\/u-1842\" target=\"_blank\">Pouvez-vous l'\u00e9craser ?<\/a><\/div>\n<\/div>\n<div class=\"row align-items-center\">\n<div class=\"col-auto pe-0\"><span class=\"artlegend\">12<\/span><\/div>\n<div class=\"col ps-1\"> <a href=\"https:\/\/sideburn-2025.dust.events\/art\/u-1841\" target=\"_blank\">V\u00e9rifier le moteur<\/a><\/div>\n<\/div>\n<div class=\"row align-items-center\">\n<div class=\"col-auto pe-0\"><span class=\"artlegend\">13<\/span><\/div>\n<div class=\"col ps-1\"> <a href=\"https:\/\/sideburn-2025.dust.events\/art\/u-1840\" target=\"_blank\">Grotte chromatique<\/a><\/div>\n<\/div>\n<div class=\"row align-items-center\">\n<div class=\"col-auto pe-0\"><span class=\"artlegend\">14<\/span><\/div>\n<div class=\"col ps-1\"> <a href=\"https:\/\/sideburn-2025.dust.events\/art\/u-1839\" target=\"_blank\">Connexion chromatique<\/a><\/div>\n<\/div>\n<div class=\"row align-items-center\">\n<div class=\"col-auto pe-0\"><span class=\"artlegend\">15<\/span><\/div>\n<div class=\"col ps-1\"> <a href=\"https:\/\/sideburn-2025.dust.events\/art\/u-1830\" target=\"_blank\">Double pendule<\/a><\/div>\n<\/div>\n<div class=\"row align-items-center\">\n<div class=\"col-auto pe-0\"><span class=\"artlegend\">16<\/span><\/div>\n<div class=\"col ps-1\"> <a href=\"https:\/\/sideburn-2025.dust.events\/art\/u-1837\" target=\"_blank\">Dramaphone<\/a><\/div>\n<\/div>\n<div class=\"row align-items-center\">\n<div class=\"col-auto pe-0\"><span class=\"artlegend\">17<\/span><\/div>\n<div class=\"col ps-1\"><a href=\"https:\/\/sideburn-2025.dust.events\/art\/u-1836\" target=\"_blank\">Arbre enchant\u00e9<\/a><\/div>\n<\/div>\n<div class=\"row align-items-center\">\n<div class=\"col-auto pe-0\"><span class=\"artlegend\">18<\/span><\/div>\n<div class=\"col ps-1\"> <a href=\"https:\/\/sideburn-2025.dust.events\/art\/u-1835\" target=\"_blank\">Escargogo<\/a><\/div>\n<\/div>\n<\/div>\n<div class=\"col-12 col-md-6 col-lg-4\">\n<div class=\"row align-items-center\">\n<div class=\"col-auto pe-0\"><span class=\"artlegend\">19<\/span><\/div>\n<div class=\"col ps-1\"> <a href=\"https:\/\/sideburn-2025.dust.events\/art\/u-1834\" target=\"_blank\">Feu d'en haut<\/a><\/div>\n<\/div>\n<div class=\"row align-items-center\">\n<div class=\"col-auto pe-0\"><span class=\"artlegend\">20<\/span><\/div>\n<div class=\"col ps-1\"> <a href=\"https:\/\/sideburn-2025.dust.events\/art\/u-1832\" target=\"_blank\">Jenga de feu<\/a><\/div>\n<\/div>\n<div class=\"row align-items-center\">\n<div class=\"col-auto pe-0\"><span class=\"artlegend\">21<\/span><\/div>\n<div class=\"col ps-1\"> <a href=\"https:\/\/sideburn-2025.dust.events\/art\/u-1831\" target=\"_blank\">Tennis de feu<\/a><\/div>\n<\/div>\n<div class=\"row align-items-center\">\n<div class=\"col-auto pe-0\"><span class=\"artlegend\">22<\/span><\/div>\n<div class=\"col ps-1\"> <a href=\"https:\/\/sideburn-2025.dust.events\/art\/u-1838\" target=\"_blank\">Flame dit<\/a><\/div>\n<\/div>\n<div class=\"row align-items-center\">\n<div class=\"col-auto pe-0\"><span class=\"artlegend\">23<\/span><\/div>\n<div class=\"col ps-1\"> <a href=\"https:\/\/sideburn-2025.dust.events\/art\/u-1829\" target=\"_blank\">Fun House<\/a><\/div>\n<\/div>\n<div class=\"row align-items-center\">\n<div class=\"col-auto pe-0\"><span class=\"artlegend\">24<\/span><\/div>\n<div class=\"col ps-1\"> <a href=\"https:\/\/sideburn-2025.dust.events\/art\/u-1828\" target=\"_blank\">Boutique<\/a><\/div>\n<\/div>\n<div class=\"row align-items-center\">\n<div class=\"col-auto pe-0\"><span class=\"artlegend\">25<\/span><\/div>\n<div class=\"col ps-1\"> Hoop Shop<\/div>\n<\/div>\n<div class=\"row align-items-center\">\n<div class=\"col-auto pe-0\"><span class=\"artlegend\">26<\/span><\/div>\n<div class=\"col ps-1\"> <a href=\"https:\/\/sideburn-2025.dust.events\/art\/u-1825\" target=\"_blank\">Kromatic Shift<\/a><\/div>\n<\/div>\n<div class=\"row align-items-center\">\n<div class=\"col-auto pe-0\"><span class=\"artlegend\">27<\/span><\/div>\n<div class=\"col ps-1\"> <a href=\"https:\/\/sideburn-2025.dust.events\/art\/u-1823\" target=\"_blank\">Lumina : D\u00f4me sensoriel avec tissage interactif de tissus<\/a><\/div>\n<\/div>\n<div class=\"row align-items-center\">\n<div class=\"col-auto pe-0\"><span class=\"artlegend\">28<\/span><\/div>\n<div class=\"col ps-1\"> <a href=\"https:\/\/sideburn-2025.dust.events\/art\/u-1822\" target=\"_blank\">Cupcakes en m\u00e9tal<\/a><\/div>\n<\/div>\n<div class=\"row align-items-center\">\n<div class=\"col-auto pe-0\"><span class=\"artlegend\">29<\/span><\/div>\n<div class=\"col ps-1\"> <a href=\"https:\/\/sideburn-2025.dust.events\/art\/u-1821\" target=\"_blank\">Cercle f\u00e9\u00e9rique de champignons<\/a><\/div>\n<\/div>\n<div class=\"row align-items-center\">\n<div class=\"col-auto pe-0\"><span class=\"artlegend\">30<\/span><\/div>\n<div class=\"col ps-1\"> <a href=\"https:\/\/sideburn-2025.dust.events\/art\/u-1820\" target=\"_blank\">Ob\u00e9lisques de Haya<\/a><\/div>\n<\/div>\n<div class=\"row align-items-center\">\n<div class=\"col-auto pe-0\"><span class=\"artlegend\">31<\/span><\/div>\n<div class=\"col ps-1\"> Th\u00e9\u00e2tre d'ombres et de marionnettes<\/div>\n<\/div>\n<div class=\"row align-items-center\">\n<div class=\"col-auto pe-0\"><span class=\"artlegend\">32<\/span><\/div>\n<div class=\"col ps-1\"> <a href=\"https:\/\/sideburn-2025.dust.events\/art\/u-1819\" target=\"_blank\">Danse lente<\/a><\/div>\n<\/div>\n<div class=\"row align-items-center\">\n<div class=\"col-auto pe-0\"><span class=\"artlegend\">33<\/span><\/div>\n<div class=\"col ps-1\"> <a href=\"https:\/\/sideburn-2025.dust.events\/art\/u-1817\" target=\"_blank\">Patrouille de l'\u00e2me<\/a><\/div>\n<\/div>\n<div class=\"row align-items-center\">\n<div class=\"col-auto pe-0\"><span class=\"artlegend\">34<\/span><\/div>\n<div class=\"col ps-1\"> <a href=\"https:\/\/sideburn-2025.dust.events\/art\/u-1816\" target=\"_blank\">Synesth\u00e9sie<\/a><\/div>\n<\/div>\n<div class=\"row align-items-center\">\n<div class=\"col-auto pe-0\"><span class=\"artlegend\">35<\/span><\/div>\n<div class=\"col ps-1\"> <a href=\"https:\/\/sideburn-2025.dust.events\/art\/u-1815\" target=\"_blank\">Le miroir \u00e0 bulles<\/a><\/div>\n<\/div>\n<div class=\"row align-items-center\">\n<div class=\"col-auto pe-0\"><span class=\"artlegend\">36<\/span><\/div>\n<div class=\"col ps-1\"> <a href=\"https:\/\/sideburn-2025.dust.events\/art\/u-1814\" target=\"_blank\">La matrice de cr\u00e9ation<\/a><\/div>\n<\/div>\n<\/div>\n<div class=\"col-12 col-md-6 col-lg-4\">\n<div class=\"row align-items-center\">\n<div class=\"col-auto pe-0\"><span class=\"artlegend\">37<\/span><\/div>\n<div class=\"col ps-1\"> <a href=\"https:\/\/sideburn-2025.dust.events\/art\/u-1854\" target=\"_blank\">Les effets de flamme de Th\u00e9s\u00e9e<\/a><\/div>\n<\/div>\n<div class=\"row align-items-center\">\n<div class=\"col-auto pe-0\"><span class=\"artlegend\">38<\/span><\/div>\n<div class=\"col ps-1\"> <a href=\"https:\/\/sideburn-2025.dust.events\/art\/u-1813\" target=\"_blank\">L'arbre g\u00e9n\u00e9reux<\/a><\/div>\n<\/div>\n<div class=\"row align-items-center\">\n<div class=\"col-auto pe-0\"><span class=\"artlegend\">39<\/span><\/div>\n<div class=\"col ps-1\"> <a href=\"https:\/\/sideburn-2025.dust.events\/art\/u-1812\" target=\"_blank\">La joie int\u00e9rieure<\/a><\/div>\n<\/div>\n<div class=\"row align-items-center\">\n<div class=\"col-auto pe-0\"><span class=\"artlegend\">40<\/span><\/div>\n<div class=\"col ps-1\"> <a href=\"https:\/\/sideburn-2025.dust.events\/art\/u-1811\" target=\"_blank\">Le jardin sensoriel<\/a><\/div>\n<\/div>\n<div class=\"row align-items-center\">\n<div class=\"col-auto pe-0\"><span class=\"artlegend\">41<\/span><\/div>\n<div class=\"col ps-1\"> <a href=\"https:\/\/sideburn-2025.dust.events\/art\/u-1852\">Tunder'dume !<\/a><\/div>\n<\/div>\n<div class=\"row align-items-center\">\n<div class=\"col-auto pe-0\"><span class=\"artlegend\">42<\/span><\/div>\n<div class=\"col ps-1\"> <a href=\"https:\/\/sideburn-2025.dust.events\/art\/u-1807\">\u00c9lan visuel<\/a><\/div>\n<\/div>\n<div class=\"row align-items-center\">\n<div class=\"col-auto pe-0\"><span class=\"artlegend\">43<\/span><\/div>\n<div class=\"col ps-1\"> <a href=\"https:\/\/sideburn-2025.dust.events\/art\/u-1806\">La lumi\u00e8re sauvage : Une exp\u00e9rience de collaboration autour du vitrail<\/a><\/div>\n<\/div>\n<div class=\"row align-items-center\">\n<div class=\"col-auto pe-0\"><span class=\"artlegend\">44<\/span><\/div>\n<div class=\"col ps-1\"> <a href=\"https:\/\/sideburn-2025.dust.events\/art\/u-1805\">ZipShip<\/a><\/div>\n<\/div>\n<div class=\"row align-items-center\">\n<div class=\"col-auto pe-0\"><span class=\"artlegend\">45<\/span><\/div>\n<div class=\"col ps-1\"> <a href=\"https:\/\/sideburn-2025.dust.events\/art\/u-1850\" target=\"_blank\">Le placard de tante Flo<\/a><\/div>\n<\/div>\n<div class=\"row align-items-center\">\n<div class=\"col-auto pe-0\"><span class=\"artlegend\">46<\/span><\/div>\n<div class=\"col ps-1\"> <a href=\"https:\/\/sideburn-2025.dust.events\/art\/u-1827\" target=\"_blank\">Donn\u00e9 : 1. Le Queering 2. L'illumination<\/a><\/div>\n<\/div>\n<div class=\"row align-items-center\">\n<div class=\"col-auto pe-0\"><span class=\"artlegend\">47<\/span><\/div>\n<div class=\"col ps-1\"> <a href=\"https:\/\/sideburn-2025.dust.events\/art\/u-1810\" target=\"_blank\">Le fruit de vos entrailles est...<\/a><\/div>\n<\/div>\n<h4>L'art itin\u00e9rant<\/h4>\n<div class=\"row align-items-center\">\n<div class=\"col-auto pe-0\"><span class=\"artlegend roaming\">R<\/span><\/div>\n<div class=\"col ps-1\"> <a href=\"https:\/\/sideburn-2025.dust.events\/art\/u-1826\" target=\"_blank\">Cabine sifflante<\/a><\/div>\n<\/div>\n<div class=\"row align-items-center\">\n<div class=\"col-auto pe-0\"><span class=\"artlegend roaming\">R<\/span><\/div>\n<div class=\"col ps-1\"> <a href=\"https:\/\/sideburn-2025.dust.events\/art\/u-1818\" target=\"_blank\">Le spectacle de la m\u00e9decine \u00e0 l'huile de serpent<\/a><\/div>\n<\/div>\n<div class=\"row align-items-center\">\n<div class=\"col-auto pe-0\"><span class=\"artlegend roaming\">R<\/span><\/div>\n<div class=\"col ps-1\"> <a href=\"https:\/\/sideburn-2025.dust.events\/art\/u-1833\" target=\"_blank\">Corne de feu<\/a><\/div>\n<\/div>\n<div class=\"row align-items-center\">\n<div class=\"col-auto pe-0\"><span class=\"artlegend roaming\">R<\/span><\/div>\n<div class=\"col ps-1\"> <a href=\"https:\/\/sideburn-2025.dust.events\/art\/u-1808\" target=\"_blank\">R\u00e9seau de d\u00e9tecteurs de vibrations (VND)<\/a><\/div>\n<\/div>\n<\/div>\n<\/div>\n<\/div>","protected":false},"excerpt":{"rendered":"<p>Get oriented with a basic overview of the SideBurn layout and featured art installations to help you navigate the event.<\/p>","protected":false},"author":2,"featured_media":1864,"parent":69,"menu_order":0,"comment_status":"closed","ping_status":"closed","template":"","meta":{"_acf_changed":false,"nf_dc_page":"","footnotes":""},"class_list":["post-1857","page","type-page","status-publish","has-post-thumbnail","hentry"],"acf":[],"yoast_head":"<!-- This site is optimized with the Yoast SEO plugin v27.4 - https:\/\/yoast.com\/product\/yoast-seo-wordpress\/ -->\n<title>Art and Map - SideBurn<\/title>\n<meta name=\"robots\" content=\"index, follow, max-snippet:-1, max-image-preview:large, max-video-preview:-1\" \/>\n<link rel=\"canonical\" href=\"https:\/\/sideburn.ca\/fr\/the-event\/www\/map\/\" \/>\n<meta property=\"og:locale\" content=\"fr_CA\" \/>\n<meta property=\"og:type\" content=\"article\" \/>\n<meta property=\"og:title\" content=\"Art and Map - SideBurn\" \/>\n<meta property=\"og:description\" content=\"Get oriented with a basic overview of the SideBurn layout and featured art installations to help you navigate the event.\" \/>\n<meta property=\"og:url\" content=\"https:\/\/sideburn.ca\/fr\/the-event\/www\/map\/\" \/>\n<meta property=\"og:site_name\" content=\"SideBurn\" \/>\n<meta property=\"article:publisher\" content=\"https:\/\/www.facebook.com\/groups\/145939082634753\" \/>\n<meta property=\"article:modified_time\" content=\"2025-05-13T00:03:18+00:00\" \/>\n<meta property=\"og:image\" content=\"https:\/\/sideburn.ca\/wp-content\/uploads\/2025\/05\/header-pinkchicken-1.jpg\" \/>\n\t<meta property=\"og:image:width\" content=\"1845\" \/>\n\t<meta property=\"og:image:height\" content=\"1193\" \/>\n\t<meta property=\"og:image:type\" content=\"image\/jpeg\" \/>\n<meta name=\"twitter:card\" content=\"summary_large_image\" \/>\n<meta name=\"twitter:label1\" content=\"Est. reading time\" \/>\n\t<meta name=\"twitter:data1\" content=\"2 minutes\" \/>\n<script type=\"application\/ld+json\" class=\"yoast-schema-graph\">{\"@context\":\"https:\\\/\\\/schema.org\",\"@graph\":[{\"@type\":\"WebPage\",\"@id\":\"https:\\\/\\\/sideburn.ca\\\/the-event\\\/www\\\/map\\\/\",\"url\":\"https:\\\/\\\/sideburn.ca\\\/the-event\\\/www\\\/map\\\/\",\"name\":\"Art and Map - SideBurn\",\"isPartOf\":{\"@id\":\"https:\\\/\\\/dbx.gdr.mybluehost.me\\\/#website\"},\"primaryImageOfPage\":{\"@id\":\"https:\\\/\\\/sideburn.ca\\\/the-event\\\/www\\\/map\\\/#primaryimage\"},\"image\":{\"@id\":\"https:\\\/\\\/sideburn.ca\\\/the-event\\\/www\\\/map\\\/#primaryimage\"},\"thumbnailUrl\":\"https:\\\/\\\/sideburn.ca\\\/wp-content\\\/uploads\\\/2025\\\/05\\\/header-pinkchicken-1.jpg\",\"datePublished\":\"2025-05-11T14:09:13+00:00\",\"dateModified\":\"2025-05-13T00:03:18+00:00\",\"breadcrumb\":{\"@id\":\"https:\\\/\\\/sideburn.ca\\\/the-event\\\/www\\\/map\\\/#breadcrumb\"},\"inLanguage\":\"fr-CA\",\"potentialAction\":[{\"@type\":\"ReadAction\",\"target\":[\"https:\\\/\\\/sideburn.ca\\\/the-event\\\/www\\\/map\\\/\"]}]},{\"@type\":\"ImageObject\",\"inLanguage\":\"fr-CA\",\"@id\":\"https:\\\/\\\/sideburn.ca\\\/the-event\\\/www\\\/map\\\/#primaryimage\",\"url\":\"https:\\\/\\\/sideburn.ca\\\/wp-content\\\/uploads\\\/2025\\\/05\\\/header-pinkchicken-1.jpg\",\"contentUrl\":\"https:\\\/\\\/sideburn.ca\\\/wp-content\\\/uploads\\\/2025\\\/05\\\/header-pinkchicken-1.jpg\",\"width\":1845,\"height\":1193},{\"@type\":\"BreadcrumbList\",\"@id\":\"https:\\\/\\\/sideburn.ca\\\/the-event\\\/www\\\/map\\\/#breadcrumb\",\"itemListElement\":[{\"@type\":\"ListItem\",\"position\":1,\"name\":\"Home\",\"item\":\"https:\\\/\\\/sideburn.ca\\\/\"},{\"@type\":\"ListItem\",\"position\":2,\"name\":\"The Event\",\"item\":\"https:\\\/\\\/sideburn.ca\\\/the-event\\\/\"},{\"@type\":\"ListItem\",\"position\":3,\"name\":\"What, Where, When\",\"item\":\"https:\\\/\\\/sideburn.ca\\\/the-event\\\/www\\\/\"},{\"@type\":\"ListItem\",\"position\":4,\"name\":\"Art and Map\"}]},{\"@type\":\"WebSite\",\"@id\":\"https:\\\/\\\/dbx.gdr.mybluehost.me\\\/#website\",\"url\":\"https:\\\/\\\/dbx.gdr.mybluehost.me\\\/\",\"name\":\"SideBurn\",\"description\":\"Chromatic Carnival\",\"publisher\":{\"@id\":\"https:\\\/\\\/dbx.gdr.mybluehost.me\\\/#organization\"},\"potentialAction\":[{\"@type\":\"SearchAction\",\"target\":{\"@type\":\"EntryPoint\",\"urlTemplate\":\"https:\\\/\\\/dbx.gdr.mybluehost.me\\\/?s={search_term_string}\"},\"query-input\":{\"@type\":\"PropertyValueSpecification\",\"valueRequired\":true,\"valueName\":\"search_term_string\"}}],\"inLanguage\":\"fr-CA\"},{\"@type\":\"Organization\",\"@id\":\"https:\\\/\\\/dbx.gdr.mybluehost.me\\\/#organization\",\"name\":\"SideBurn\",\"url\":\"https:\\\/\\\/dbx.gdr.mybluehost.me\\\/\",\"logo\":{\"@type\":\"ImageObject\",\"inLanguage\":\"fr-CA\",\"@id\":\"https:\\\/\\\/dbx.gdr.mybluehost.me\\\/#\\\/schema\\\/logo\\\/image\\\/\",\"url\":\"https:\\\/\\\/i0.wp.com\\\/sideburn.ca\\\/wp-content\\\/uploads\\\/2024\\\/12\\\/logo-sideburn-full-1.png?fit=1259%2C496&ssl=1\",\"contentUrl\":\"https:\\\/\\\/i0.wp.com\\\/sideburn.ca\\\/wp-content\\\/uploads\\\/2024\\\/12\\\/logo-sideburn-full-1.png?fit=1259%2C496&ssl=1\",\"width\":1259,\"height\":496,\"caption\":\"SideBurn\"},\"image\":{\"@id\":\"https:\\\/\\\/dbx.gdr.mybluehost.me\\\/#\\\/schema\\\/logo\\\/image\\\/\"},\"sameAs\":[\"https:\\\/\\\/www.facebook.com\\\/groups\\\/145939082634753\",\"https:\\\/\\\/www.instagram.com\\\/sideburnregional\\\/\"]}]}<\/script>\n<!-- \/ Yoast SEO plugin. -->","yoast_head_json":{"title":"Art and Map - SideBurn","robots":{"index":"index","follow":"follow","max-snippet":"max-snippet:-1","max-image-preview":"max-image-preview:large","max-video-preview":"max-video-preview:-1"},"canonical":"https:\/\/sideburn.ca\/fr\/the-event\/www\/map\/","og_locale":"fr_CA","og_type":"article","og_title":"Art and Map - SideBurn","og_description":"Get oriented with a basic overview of the SideBurn layout and featured art installations to help you navigate the event.","og_url":"https:\/\/sideburn.ca\/fr\/the-event\/www\/map\/","og_site_name":"SideBurn","article_publisher":"https:\/\/www.facebook.com\/groups\/145939082634753","article_modified_time":"2025-05-13T00:03:18+00:00","og_image":[{"width":1845,"height":1193,"url":"https:\/\/sideburn.ca\/wp-content\/uploads\/2025\/05\/header-pinkchicken-1.jpg","type":"image\/jpeg"}],"twitter_card":"summary_large_image","twitter_misc":{"Est. reading time":"2 minutes"},"schema":{"@context":"https:\/\/schema.org","@graph":[{"@type":"WebPage","@id":"https:\/\/sideburn.ca\/the-event\/www\/map\/","url":"https:\/\/sideburn.ca\/the-event\/www\/map\/","name":"Art and Map - SideBurn","isPartOf":{"@id":"https:\/\/dbx.gdr.mybluehost.me\/#website"},"primaryImageOfPage":{"@id":"https:\/\/sideburn.ca\/the-event\/www\/map\/#primaryimage"},"image":{"@id":"https:\/\/sideburn.ca\/the-event\/www\/map\/#primaryimage"},"thumbnailUrl":"https:\/\/sideburn.ca\/wp-content\/uploads\/2025\/05\/header-pinkchicken-1.jpg","datePublished":"2025-05-11T14:09:13+00:00","dateModified":"2025-05-13T00:03:18+00:00","breadcrumb":{"@id":"https:\/\/sideburn.ca\/the-event\/www\/map\/#breadcrumb"},"inLanguage":"fr-CA","potentialAction":[{"@type":"ReadAction","target":["https:\/\/sideburn.ca\/the-event\/www\/map\/"]}]},{"@type":"ImageObject","inLanguage":"fr-CA","@id":"https:\/\/sideburn.ca\/the-event\/www\/map\/#primaryimage","url":"https:\/\/sideburn.ca\/wp-content\/uploads\/2025\/05\/header-pinkchicken-1.jpg","contentUrl":"https:\/\/sideburn.ca\/wp-content\/uploads\/2025\/05\/header-pinkchicken-1.jpg","width":1845,"height":1193},{"@type":"BreadcrumbList","@id":"https:\/\/sideburn.ca\/the-event\/www\/map\/#breadcrumb","itemListElement":[{"@type":"ListItem","position":1,"name":"Home","item":"https:\/\/sideburn.ca\/"},{"@type":"ListItem","position":2,"name":"The Event","item":"https:\/\/sideburn.ca\/the-event\/"},{"@type":"ListItem","position":3,"name":"What, Where, When","item":"https:\/\/sideburn.ca\/the-event\/www\/"},{"@type":"ListItem","position":4,"name":"Art and Map"}]},{"@type":"WebSite","@id":"https:\/\/dbx.gdr.mybluehost.me\/#website","url":"https:\/\/dbx.gdr.mybluehost.me\/","name":"SideBurn","description":"Carnaval chromatique","publisher":{"@id":"https:\/\/dbx.gdr.mybluehost.me\/#organization"},"potentialAction":[{"@type":"SearchAction","target":{"@type":"EntryPoint","urlTemplate":"https:\/\/dbx.gdr.mybluehost.me\/?s={search_term_string}"},"query-input":{"@type":"PropertyValueSpecification","valueRequired":true,"valueName":"search_term_string"}}],"inLanguage":"fr-CA"},{"@type":"Organization","@id":"https:\/\/dbx.gdr.mybluehost.me\/#organization","name":"SideBurn","url":"https:\/\/dbx.gdr.mybluehost.me\/","logo":{"@type":"ImageObject","inLanguage":"fr-CA","@id":"https:\/\/dbx.gdr.mybluehost.me\/#\/schema\/logo\/image\/","url":"https:\/\/i0.wp.com\/sideburn.ca\/wp-content\/uploads\/2024\/12\/logo-sideburn-full-1.png?fit=1259%2C496&ssl=1","contentUrl":"https:\/\/i0.wp.com\/sideburn.ca\/wp-content\/uploads\/2024\/12\/logo-sideburn-full-1.png?fit=1259%2C496&ssl=1","width":1259,"height":496,"caption":"SideBurn"},"image":{"@id":"https:\/\/dbx.gdr.mybluehost.me\/#\/schema\/logo\/image\/"},"sameAs":["https:\/\/www.facebook.com\/groups\/145939082634753","https:\/\/www.instagram.com\/sideburnregional\/"]}]}},"_links":{"self":[{"href":"https:\/\/sideburn.ca\/fr\/wp-json\/wp\/v2\/pages\/1857","targetHints":{"allow":["GET"]}}],"collection":[{"href":"https:\/\/sideburn.ca\/fr\/wp-json\/wp\/v2\/pages"}],"about":[{"href":"https:\/\/sideburn.ca\/fr\/wp-json\/wp\/v2\/types\/page"}],"author":[{"embeddable":true,"href":"https:\/\/sideburn.ca\/fr\/wp-json\/wp\/v2\/users\/2"}],"replies":[{"embeddable":true,"href":"https:\/\/sideburn.ca\/fr\/wp-json\/wp\/v2\/comments?post=1857"}],"version-history":[{"count":15,"href":"https:\/\/sideburn.ca\/fr\/wp-json\/wp\/v2\/pages\/1857\/revisions"}],"predecessor-version":[{"id":1898,"href":"https:\/\/sideburn.ca\/fr\/wp-json\/wp\/v2\/pages\/1857\/revisions\/1898"}],"up":[{"embeddable":true,"href":"https:\/\/sideburn.ca\/fr\/wp-json\/wp\/v2\/pages\/69"}],"wp:featuredmedia":[{"embeddable":true,"href":"https:\/\/sideburn.ca\/fr\/wp-json\/wp\/v2\/media\/1864"}],"wp:attachment":[{"href":"https:\/\/sideburn.ca\/fr\/wp-json\/wp\/v2\/media?parent=1857"}],"curies":[{"name":"wp","href":"https:\/\/api.w.org\/{rel}","templated":true}]}}