{"id":1811,"date":"2025-05-06T19:56:16","date_gmt":"2025-05-06T19:56:16","guid":{"rendered":"https:\/\/sideburn.ca\/?page_id=1811"},"modified":"2025-05-12T18:40:18","modified_gmt":"2025-05-12T18:40:18","slug":"schedule","status":"publish","type":"page","link":"https:\/\/sideburn.ca\/fr\/the-event\/www\/schedule\/","title":{"rendered":"Calendrier des \u00e9v\u00e9nements"},"content":{"rendered":"<p class=\"lead\"><strong>D\u00e9couvrez la magie de Side Burn gr\u00e2ce \u00e0 notre programme complet d'\u00e9v\u00e9nements.<\/strong> Du yoga au lever du soleil aux spectacles endiabl\u00e9s, en passant par des ateliers immersifs et des concerts nocturnes, chaque journ\u00e9e est riche en exp\u00e9riences uniques organis\u00e9es par les camps tout au long de l'\u00e9v\u00e9nement.<\/p>\n<p><i class=\"fa-solid fa-mobile-screen-button me-2\"><\/i><strong>D\u00e9couvrez-en davantage sur les \u00e9v\u00e9nements incroyables de cette ann\u00e9e<\/strong> chez SideBurn en visitant le <a href=\"https:\/\/sideburn-2025.dust.events\/events\/\" target=\"_blank\">Section \u00c9v\u00e9nements sur l'application DUST<\/a>.<\/p>","protected":false},"excerpt":{"rendered":"<p>Discover what&#8217;s happening each day\u2014view the full schedule of events.<\/p>","protected":false},"author":2,"featured_media":725,"parent":69,"menu_order":0,"comment_status":"closed","ping_status":"closed","template":"page-schedule.php","meta":{"_acf_changed":false,"nf_dc_page":"","footnotes":""},"class_list":["post-1811","page","type-page","status-publish","has-post-thumbnail","hentry"],"acf":[],"yoast_head":"<!-- This site is optimized with the Yoast SEO plugin v27.4 - https:\/\/yoast.com\/product\/yoast-seo-wordpress\/ -->\n<title>Event Schedule - SideBurn<\/title>\n<meta name=\"robots\" content=\"index, follow, max-snippet:-1, max-image-preview:large, max-video-preview:-1\" \/>\n<link rel=\"canonical\" href=\"https:\/\/sideburn.ca\/fr\/the-event\/www\/schedule\/\" \/>\n<meta property=\"og:locale\" content=\"fr_CA\" \/>\n<meta property=\"og:type\" content=\"article\" \/>\n<meta property=\"og:title\" content=\"Event Schedule - SideBurn\" \/>\n<meta property=\"og:description\" content=\"Discover what&#039;s happening each day\u2014view the full schedule of events.\" \/>\n<meta property=\"og:url\" content=\"https:\/\/sideburn.ca\/fr\/the-event\/www\/schedule\/\" \/>\n<meta property=\"og:site_name\" content=\"SideBurn\" \/>\n<meta property=\"article:publisher\" content=\"https:\/\/www.facebook.com\/groups\/145939082634753\" \/>\n<meta property=\"article:modified_time\" content=\"2025-05-12T18:40:18+00:00\" \/>\n<meta property=\"og:image\" content=\"https:\/\/sideburn.ca\/wp-content\/uploads\/2024\/12\/header-survivalguide.jpg\" \/>\n\t<meta property=\"og:image:width\" content=\"1400\" \/>\n\t<meta property=\"og:image:height\" content=\"712\" \/>\n\t<meta property=\"og:image:type\" content=\"image\/jpeg\" \/>\n<meta name=\"twitter:card\" content=\"summary_large_image\" \/>\n<meta name=\"twitter:label1\" content=\"Est. reading time\" \/>\n\t<meta name=\"twitter:data1\" content=\"1 minute\" \/>\n<script type=\"application\/ld+json\" class=\"yoast-schema-graph\">{\"@context\":\"https:\\\/\\\/schema.org\",\"@graph\":[{\"@type\":\"WebPage\",\"@id\":\"https:\\\/\\\/sideburn.ca\\\/the-event\\\/www\\\/schedule\\\/\",\"url\":\"https:\\\/\\\/sideburn.ca\\\/the-event\\\/www\\\/schedule\\\/\",\"name\":\"Event Schedule - SideBurn\",\"isPartOf\":{\"@id\":\"https:\\\/\\\/dbx.gdr.mybluehost.me\\\/#website\"},\"primaryImageOfPage\":{\"@id\":\"https:\\\/\\\/sideburn.ca\\\/the-event\\\/www\\\/schedule\\\/#primaryimage\"},\"image\":{\"@id\":\"https:\\\/\\\/sideburn.ca\\\/the-event\\\/www\\\/schedule\\\/#primaryimage\"},\"thumbnailUrl\":\"https:\\\/\\\/sideburn.ca\\\/wp-content\\\/uploads\\\/2024\\\/12\\\/header-survivalguide.jpg\",\"datePublished\":\"2025-05-06T19:56:16+00:00\",\"dateModified\":\"2025-05-12T18:40:18+00:00\",\"breadcrumb\":{\"@id\":\"https:\\\/\\\/sideburn.ca\\\/the-event\\\/www\\\/schedule\\\/#breadcrumb\"},\"inLanguage\":\"fr-CA\",\"potentialAction\":[{\"@type\":\"ReadAction\",\"target\":[\"https:\\\/\\\/sideburn.ca\\\/the-event\\\/www\\\/schedule\\\/\"]}]},{\"@type\":\"ImageObject\",\"inLanguage\":\"fr-CA\",\"@id\":\"https:\\\/\\\/sideburn.ca\\\/the-event\\\/www\\\/schedule\\\/#primaryimage\",\"url\":\"https:\\\/\\\/sideburn.ca\\\/wp-content\\\/uploads\\\/2024\\\/12\\\/header-survivalguide.jpg\",\"contentUrl\":\"https:\\\/\\\/sideburn.ca\\\/wp-content\\\/uploads\\\/2024\\\/12\\\/header-survivalguide.jpg\",\"width\":1400,\"height\":712},{\"@type\":\"BreadcrumbList\",\"@id\":\"https:\\\/\\\/sideburn.ca\\\/the-event\\\/www\\\/schedule\\\/#breadcrumb\",\"itemListElement\":[{\"@type\":\"ListItem\",\"position\":1,\"name\":\"Home\",\"item\":\"https:\\\/\\\/sideburn.ca\\\/\"},{\"@type\":\"ListItem\",\"position\":2,\"name\":\"The Event\",\"item\":\"https:\\\/\\\/sideburn.ca\\\/the-event\\\/\"},{\"@type\":\"ListItem\",\"position\":3,\"name\":\"What, Where, When\",\"item\":\"https:\\\/\\\/sideburn.ca\\\/the-event\\\/www\\\/\"},{\"@type\":\"ListItem\",\"position\":4,\"name\":\"Event Schedule\"}]},{\"@type\":\"WebSite\",\"@id\":\"https:\\\/\\\/dbx.gdr.mybluehost.me\\\/#website\",\"url\":\"https:\\\/\\\/dbx.gdr.mybluehost.me\\\/\",\"name\":\"SideBurn\",\"description\":\"Chromatic Carnival\",\"publisher\":{\"@id\":\"https:\\\/\\\/dbx.gdr.mybluehost.me\\\/#organization\"},\"potentialAction\":[{\"@type\":\"SearchAction\",\"target\":{\"@type\":\"EntryPoint\",\"urlTemplate\":\"https:\\\/\\\/dbx.gdr.mybluehost.me\\\/?s={search_term_string}\"},\"query-input\":{\"@type\":\"PropertyValueSpecification\",\"valueRequired\":true,\"valueName\":\"search_term_string\"}}],\"inLanguage\":\"fr-CA\"},{\"@type\":\"Organization\",\"@id\":\"https:\\\/\\\/dbx.gdr.mybluehost.me\\\/#organization\",\"name\":\"SideBurn\",\"url\":\"https:\\\/\\\/dbx.gdr.mybluehost.me\\\/\",\"logo\":{\"@type\":\"ImageObject\",\"inLanguage\":\"fr-CA\",\"@id\":\"https:\\\/\\\/dbx.gdr.mybluehost.me\\\/#\\\/schema\\\/logo\\\/image\\\/\",\"url\":\"https:\\\/\\\/i0.wp.com\\\/sideburn.ca\\\/wp-content\\\/uploads\\\/2024\\\/12\\\/logo-sideburn-full-1.png?fit=1259%2C496&ssl=1\",\"contentUrl\":\"https:\\\/\\\/i0.wp.com\\\/sideburn.ca\\\/wp-content\\\/uploads\\\/2024\\\/12\\\/logo-sideburn-full-1.png?fit=1259%2C496&ssl=1\",\"width\":1259,\"height\":496,\"caption\":\"SideBurn\"},\"image\":{\"@id\":\"https:\\\/\\\/dbx.gdr.mybluehost.me\\\/#\\\/schema\\\/logo\\\/image\\\/\"},\"sameAs\":[\"https:\\\/\\\/www.facebook.com\\\/groups\\\/145939082634753\",\"https:\\\/\\\/www.instagram.com\\\/sideburnregional\\\/\"]}]}<\/script>\n<!-- \/ Yoast SEO plugin. -->","yoast_head_json":{"title":"Event Schedule - SideBurn","robots":{"index":"index","follow":"follow","max-snippet":"max-snippet:-1","max-image-preview":"max-image-preview:large","max-video-preview":"max-video-preview:-1"},"canonical":"https:\/\/sideburn.ca\/fr\/the-event\/www\/schedule\/","og_locale":"fr_CA","og_type":"article","og_title":"Event Schedule - SideBurn","og_description":"Discover what's happening each day\u2014view the full schedule of events.","og_url":"https:\/\/sideburn.ca\/fr\/the-event\/www\/schedule\/","og_site_name":"SideBurn","article_publisher":"https:\/\/www.facebook.com\/groups\/145939082634753","article_modified_time":"2025-05-12T18:40:18+00:00","og_image":[{"width":1400,"height":712,"url":"https:\/\/sideburn.ca\/wp-content\/uploads\/2024\/12\/header-survivalguide.jpg","type":"image\/jpeg"}],"twitter_card":"summary_large_image","twitter_misc":{"Est. reading time":"1 minute"},"schema":{"@context":"https:\/\/schema.org","@graph":[{"@type":"WebPage","@id":"https:\/\/sideburn.ca\/the-event\/www\/schedule\/","url":"https:\/\/sideburn.ca\/the-event\/www\/schedule\/","name":"Event Schedule - SideBurn","isPartOf":{"@id":"https:\/\/dbx.gdr.mybluehost.me\/#website"},"primaryImageOfPage":{"@id":"https:\/\/sideburn.ca\/the-event\/www\/schedule\/#primaryimage"},"image":{"@id":"https:\/\/sideburn.ca\/the-event\/www\/schedule\/#primaryimage"},"thumbnailUrl":"https:\/\/sideburn.ca\/wp-content\/uploads\/2024\/12\/header-survivalguide.jpg","datePublished":"2025-05-06T19:56:16+00:00","dateModified":"2025-05-12T18:40:18+00:00","breadcrumb":{"@id":"https:\/\/sideburn.ca\/the-event\/www\/schedule\/#breadcrumb"},"inLanguage":"fr-CA","potentialAction":[{"@type":"ReadAction","target":["https:\/\/sideburn.ca\/the-event\/www\/schedule\/"]}]},{"@type":"ImageObject","inLanguage":"fr-CA","@id":"https:\/\/sideburn.ca\/the-event\/www\/schedule\/#primaryimage","url":"https:\/\/sideburn.ca\/wp-content\/uploads\/2024\/12\/header-survivalguide.jpg","contentUrl":"https:\/\/sideburn.ca\/wp-content\/uploads\/2024\/12\/header-survivalguide.jpg","width":1400,"height":712},{"@type":"BreadcrumbList","@id":"https:\/\/sideburn.ca\/the-event\/www\/schedule\/#breadcrumb","itemListElement":[{"@type":"ListItem","position":1,"name":"Home","item":"https:\/\/sideburn.ca\/"},{"@type":"ListItem","position":2,"name":"The Event","item":"https:\/\/sideburn.ca\/the-event\/"},{"@type":"ListItem","position":3,"name":"What, Where, When","item":"https:\/\/sideburn.ca\/the-event\/www\/"},{"@type":"ListItem","position":4,"name":"Event Schedule"}]},{"@type":"WebSite","@id":"https:\/\/dbx.gdr.mybluehost.me\/#website","url":"https:\/\/dbx.gdr.mybluehost.me\/","name":"SideBurn","description":"Carnaval chromatique","publisher":{"@id":"https:\/\/dbx.gdr.mybluehost.me\/#organization"},"potentialAction":[{"@type":"SearchAction","target":{"@type":"EntryPoint","urlTemplate":"https:\/\/dbx.gdr.mybluehost.me\/?s={search_term_string}"},"query-input":{"@type":"PropertyValueSpecification","valueRequired":true,"valueName":"search_term_string"}}],"inLanguage":"fr-CA"},{"@type":"Organization","@id":"https:\/\/dbx.gdr.mybluehost.me\/#organization","name":"SideBurn","url":"https:\/\/dbx.gdr.mybluehost.me\/","logo":{"@type":"ImageObject","inLanguage":"fr-CA","@id":"https:\/\/dbx.gdr.mybluehost.me\/#\/schema\/logo\/image\/","url":"https:\/\/i0.wp.com\/sideburn.ca\/wp-content\/uploads\/2024\/12\/logo-sideburn-full-1.png?fit=1259%2C496&ssl=1","contentUrl":"https:\/\/i0.wp.com\/sideburn.ca\/wp-content\/uploads\/2024\/12\/logo-sideburn-full-1.png?fit=1259%2C496&ssl=1","width":1259,"height":496,"caption":"SideBurn"},"image":{"@id":"https:\/\/dbx.gdr.mybluehost.me\/#\/schema\/logo\/image\/"},"sameAs":["https:\/\/www.facebook.com\/groups\/145939082634753","https:\/\/www.instagram.com\/sideburnregional\/"]}]}},"_links":{"self":[{"href":"https:\/\/sideburn.ca\/fr\/wp-json\/wp\/v2\/pages\/1811","targetHints":{"allow":["GET"]}}],"collection":[{"href":"https:\/\/sideburn.ca\/fr\/wp-json\/wp\/v2\/pages"}],"about":[{"href":"https:\/\/sideburn.ca\/fr\/wp-json\/wp\/v2\/types\/page"}],"author":[{"embeddable":true,"href":"https:\/\/sideburn.ca\/fr\/wp-json\/wp\/v2\/users\/2"}],"replies":[{"embeddable":true,"href":"https:\/\/sideburn.ca\/fr\/wp-json\/wp\/v2\/comments?post=1811"}],"version-history":[{"count":7,"href":"https:\/\/sideburn.ca\/fr\/wp-json\/wp\/v2\/pages\/1811\/revisions"}],"predecessor-version":[{"id":1890,"href":"https:\/\/sideburn.ca\/fr\/wp-json\/wp\/v2\/pages\/1811\/revisions\/1890"}],"up":[{"embeddable":true,"href":"https:\/\/sideburn.ca\/fr\/wp-json\/wp\/v2\/pages\/69"}],"wp:featuredmedia":[{"embeddable":true,"href":"https:\/\/sideburn.ca\/fr\/wp-json\/wp\/v2\/media\/725"}],"wp:attachment":[{"href":"https:\/\/sideburn.ca\/fr\/wp-json\/wp\/v2\/media?parent=1811"}],"curies":[{"name":"wp","href":"https:\/\/api.w.org\/{rel}","templated":true}]}}