{"id":1746,"date":"2025-05-01T01:23:22","date_gmt":"2025-05-01T01:23:22","guid":{"rendered":"https:\/\/sideburn.ca\/?page_id=1746"},"modified":"2026-04-15T18:41:44","modified_gmt":"2026-04-15T18:41:44","slug":"center-camp","status":"publish","type":"page","link":"https:\/\/sideburn.ca\/fr\/participate\/center-camp\/","title":{"rendered":"Camp central"},"content":{"rendered":"<p class=\"lead\"><strong>Un espace partag\u00e9 pour se r\u00e9unir, cr\u00e9er et se connecter.<\/strong> Le Center Camp est le c\u0153ur de SideBurn - un espace ouvert et accueillant o\u00f9 les participants peuvent se r\u00e9unir, partager et c\u00e9l\u00e9brer la communaut\u00e9. Que vous organisiez un atelier, que vous dirigiez une s\u00e9ance de yoga, que vous partagiez la nourriture ou que vous rencontriez simplement des amis pour vous d\u00e9tendre, c'est votre espace pour que la magie op\u00e8re.<\/p>\n<div class=\"boxit text-center\">\n<h3><i class=\"fa-solid fa-heart me-2\"><\/i>Il s'agit d'un espace aliment\u00e9 par la communaut\u00e9.<\/h3>\n<p>Nous aurons un <strong>Tableau d'affichage<\/strong> o\u00f9 vous pouvez partager les d\u00e9tails de votre camp ou de votre \u00e9v\u00e9nement, une <strong>Bo\u00eete \u00e0 outils<\/strong> pour le don et l'\u00e9change d'objets, ainsi qu'une <strong>Livre des connexions manqu\u00e9es<\/strong> pour vous aider \u00e0 renouer avec l'ami que vous avez rencontr\u00e9 dans l'obscurit\u00e9 !<\/p>\n<div class=\"d-none\"><a class=\"btn btn-primary mt-4\" href=\"https:\/\/sideburn.ca\/fr\/the-event\/www\/theme-camps\/camp\/?camp=u-4295\">\u00c9v\u00e9nements \u00e0 Center Camp<\/a><\/div>\n<\/div>\n<p>Il n'y a pas de camp \u00e0 th\u00e8me derri\u00e8re cela...<strong>juste toi<\/strong>, Les participants apportent leurs id\u00e9es et leur \u00e9nergie. SideBurn fournit l'infrastructure : l'ombre, l'\u00e9clairage et le soutien pour faire passer le message. <strong>Le reste d\u00e9pend de vous.<\/strong><\/p>\n<p><!-- BOOKING OPEN --><\/p>\n<div><a href=\"https:\/\/sideburn.dust.events\/\">R\u00e9servez votre session ici !<\/a><\/div>\n<div class=\"boxit\">\n<h3><i class=\"fa-solid fa-seal-question me-2\"><\/i>Qui peut utiliser Center Camp ?<\/h3>\n<p>Tout le monde ! Surtout ceux qui n'ont pas de camp \u00e0 th\u00e8me ou d'installation d\u00e9di\u00e9e. <strong>C'est un espace id\u00e9al pour :<\/strong><\/p>\n<ul class=\"ms-3 mb-0\">\n<li>Ateliers et partage de comp\u00e9tences<\/li>\n<li>Galeries pop-up ou expositions d'art<\/li>\n<li>S\u00e9ances de yoga et de m\u00e9ditation<\/li>\n<li>Discussions communautaires<\/li>\n<li>Offres interactives <strong>(sans son amplifi\u00e9)<\/strong><\/li>\n<\/ul>\n<\/div>\n<div class=\"boxit\">\n<h3><i class=\"fa-solid fa-circle-info me-2\"><\/i>Quelques points \u00e0 noter<\/h3>\n<ul class=\"ms-3 mb-0\">\n<li>Chaque r\u00e9servation permet d'obtenir jusqu'\u00e0 <strong>90 minutes d'utilisation de l'espace.<\/strong><\/li>\n<li>Non <strong>son amplifi\u00e9<\/strong>, <strong>feu<\/strong>, ou <strong>contenu pour adultes (19+)<\/strong>.<\/li>\n<li>Se r\u00e9f\u00e9rer \u00e0 notre <a href=\"https:\/\/sideburn.ca\/fr\/the-event\/survival-guide\/the-survival-guide\/sound-guide\/\">Guide de survie<\/a> concernant <strong>tout \u00e0 fait heures.<\/strong><\/li>\n<li>Lors de votre r\u00e9servation, votre activit\u00e9 sera ajout\u00e9e \u00e0 la liste des activit\u00e9s de la <strong>guide Quoi, o\u00f9, quand (WWW)<\/strong>-Aucune soumission s\u00e9par\u00e9e n'est n\u00e9cessaire.<\/li>\n<\/ul>\n<\/div>\n<p class=\"lead\">\n<div id=\"book\"><\/div>","protected":false},"excerpt":{"rendered":"<p>Rejoignez-nous au Center Camp, o\u00f9 la cr\u00e9ativit\u00e9, les liens sociaux et l'esprit communautaire prennent vie !<\/p>","protected":false},"author":2,"featured_media":392,"parent":91,"menu_order":0,"comment_status":"closed","ping_status":"closed","template":"page-centercamp.php","meta":{"_acf_changed":false,"nf_dc_page":"","footnotes":""},"class_list":["post-1746","page","type-page","status-publish","has-post-thumbnail","hentry"],"acf":[],"yoast_head":"<!-- This site is optimized with the Yoast SEO plugin v27.4 - https:\/\/yoast.com\/product\/yoast-seo-wordpress\/ -->\n<title>Center Camp - SideBurn<\/title>\n<meta name=\"robots\" content=\"index, follow, max-snippet:-1, max-image-preview:large, max-video-preview:-1\" \/>\n<link rel=\"canonical\" href=\"https:\/\/sideburn.ca\/fr\/participate\/center-camp\/\" \/>\n<meta property=\"og:locale\" content=\"fr_CA\" \/>\n<meta property=\"og:type\" content=\"article\" \/>\n<meta property=\"og:title\" content=\"Center Camp - SideBurn\" \/>\n<meta property=\"og:description\" content=\"Join us at Center Camp\u2014where creativity, connection, and community come alive!\" \/>\n<meta property=\"og:url\" content=\"https:\/\/sideburn.ca\/fr\/participate\/center-camp\/\" \/>\n<meta property=\"og:site_name\" content=\"SideBurn\" \/>\n<meta property=\"article:publisher\" content=\"https:\/\/www.facebook.com\/groups\/145939082634753\" \/>\n<meta property=\"article:modified_time\" content=\"2026-04-15T18:41:44+00:00\" \/>\n<meta property=\"og:image\" content=\"https:\/\/sideburn.ca\/wp-content\/uploads\/2024\/12\/header-contact.jpg\" \/>\n\t<meta property=\"og:image:width\" content=\"1200\" \/>\n\t<meta property=\"og:image:height\" content=\"755\" \/>\n\t<meta property=\"og:image:type\" content=\"image\/jpeg\" \/>\n<meta name=\"twitter:card\" content=\"summary_large_image\" \/>\n<meta name=\"twitter:label1\" content=\"Est. reading time\" \/>\n\t<meta name=\"twitter:data1\" content=\"2 minutes\" \/>\n<script type=\"application\/ld+json\" class=\"yoast-schema-graph\">{\"@context\":\"https:\\\/\\\/schema.org\",\"@graph\":[{\"@type\":\"WebPage\",\"@id\":\"https:\\\/\\\/sideburn.ca\\\/participate\\\/center-camp\\\/\",\"url\":\"https:\\\/\\\/sideburn.ca\\\/participate\\\/center-camp\\\/\",\"name\":\"Center Camp - SideBurn\",\"isPartOf\":{\"@id\":\"https:\\\/\\\/dbx.gdr.mybluehost.me\\\/#website\"},\"primaryImageOfPage\":{\"@id\":\"https:\\\/\\\/sideburn.ca\\\/participate\\\/center-camp\\\/#primaryimage\"},\"image\":{\"@id\":\"https:\\\/\\\/sideburn.ca\\\/participate\\\/center-camp\\\/#primaryimage\"},\"thumbnailUrl\":\"https:\\\/\\\/sideburn.ca\\\/wp-content\\\/uploads\\\/2024\\\/12\\\/header-contact.jpg\",\"datePublished\":\"2025-05-01T01:23:22+00:00\",\"dateModified\":\"2026-04-15T18:41:44+00:00\",\"breadcrumb\":{\"@id\":\"https:\\\/\\\/sideburn.ca\\\/participate\\\/center-camp\\\/#breadcrumb\"},\"inLanguage\":\"fr-CA\",\"potentialAction\":[{\"@type\":\"ReadAction\",\"target\":[\"https:\\\/\\\/sideburn.ca\\\/participate\\\/center-camp\\\/\"]}]},{\"@type\":\"ImageObject\",\"inLanguage\":\"fr-CA\",\"@id\":\"https:\\\/\\\/sideburn.ca\\\/participate\\\/center-camp\\\/#primaryimage\",\"url\":\"https:\\\/\\\/sideburn.ca\\\/wp-content\\\/uploads\\\/2024\\\/12\\\/header-contact.jpg\",\"contentUrl\":\"https:\\\/\\\/sideburn.ca\\\/wp-content\\\/uploads\\\/2024\\\/12\\\/header-contact.jpg\",\"width\":1200,\"height\":755},{\"@type\":\"BreadcrumbList\",\"@id\":\"https:\\\/\\\/sideburn.ca\\\/participate\\\/center-camp\\\/#breadcrumb\",\"itemListElement\":[{\"@type\":\"ListItem\",\"position\":1,\"name\":\"Home\",\"item\":\"https:\\\/\\\/sideburn.ca\\\/\"},{\"@type\":\"ListItem\",\"position\":2,\"name\":\"Participate\",\"item\":\"https:\\\/\\\/sideburn.ca\\\/participate\\\/\"},{\"@type\":\"ListItem\",\"position\":3,\"name\":\"Center Camp\"}]},{\"@type\":\"WebSite\",\"@id\":\"https:\\\/\\\/dbx.gdr.mybluehost.me\\\/#website\",\"url\":\"https:\\\/\\\/dbx.gdr.mybluehost.me\\\/\",\"name\":\"SideBurn\",\"description\":\"Chromatic Carnival\",\"publisher\":{\"@id\":\"https:\\\/\\\/dbx.gdr.mybluehost.me\\\/#organization\"},\"potentialAction\":[{\"@type\":\"SearchAction\",\"target\":{\"@type\":\"EntryPoint\",\"urlTemplate\":\"https:\\\/\\\/dbx.gdr.mybluehost.me\\\/?s={search_term_string}\"},\"query-input\":{\"@type\":\"PropertyValueSpecification\",\"valueRequired\":true,\"valueName\":\"search_term_string\"}}],\"inLanguage\":\"fr-CA\"},{\"@type\":\"Organization\",\"@id\":\"https:\\\/\\\/dbx.gdr.mybluehost.me\\\/#organization\",\"name\":\"SideBurn\",\"url\":\"https:\\\/\\\/dbx.gdr.mybluehost.me\\\/\",\"logo\":{\"@type\":\"ImageObject\",\"inLanguage\":\"fr-CA\",\"@id\":\"https:\\\/\\\/dbx.gdr.mybluehost.me\\\/#\\\/schema\\\/logo\\\/image\\\/\",\"url\":\"https:\\\/\\\/i0.wp.com\\\/sideburn.ca\\\/wp-content\\\/uploads\\\/2024\\\/12\\\/logo-sideburn-full-1.png?fit=1259%2C496&ssl=1\",\"contentUrl\":\"https:\\\/\\\/i0.wp.com\\\/sideburn.ca\\\/wp-content\\\/uploads\\\/2024\\\/12\\\/logo-sideburn-full-1.png?fit=1259%2C496&ssl=1\",\"width\":1259,\"height\":496,\"caption\":\"SideBurn\"},\"image\":{\"@id\":\"https:\\\/\\\/dbx.gdr.mybluehost.me\\\/#\\\/schema\\\/logo\\\/image\\\/\"},\"sameAs\":[\"https:\\\/\\\/www.facebook.com\\\/groups\\\/145939082634753\",\"https:\\\/\\\/www.instagram.com\\\/sideburnregional\\\/\"]}]}<\/script>\n<!-- \/ Yoast SEO plugin. -->","yoast_head_json":{"title":"Center Camp - SideBurn","robots":{"index":"index","follow":"follow","max-snippet":"max-snippet:-1","max-image-preview":"max-image-preview:large","max-video-preview":"max-video-preview:-1"},"canonical":"https:\/\/sideburn.ca\/fr\/participate\/center-camp\/","og_locale":"fr_CA","og_type":"article","og_title":"Center Camp - SideBurn","og_description":"Join us at Center Camp\u2014where creativity, connection, and community come alive!","og_url":"https:\/\/sideburn.ca\/fr\/participate\/center-camp\/","og_site_name":"SideBurn","article_publisher":"https:\/\/www.facebook.com\/groups\/145939082634753","article_modified_time":"2026-04-15T18:41:44+00:00","og_image":[{"width":1200,"height":755,"url":"https:\/\/sideburn.ca\/wp-content\/uploads\/2024\/12\/header-contact.jpg","type":"image\/jpeg"}],"twitter_card":"summary_large_image","twitter_misc":{"Est. reading time":"2 minutes"},"schema":{"@context":"https:\/\/schema.org","@graph":[{"@type":"WebPage","@id":"https:\/\/sideburn.ca\/participate\/center-camp\/","url":"https:\/\/sideburn.ca\/participate\/center-camp\/","name":"Center Camp - SideBurn","isPartOf":{"@id":"https:\/\/dbx.gdr.mybluehost.me\/#website"},"primaryImageOfPage":{"@id":"https:\/\/sideburn.ca\/participate\/center-camp\/#primaryimage"},"image":{"@id":"https:\/\/sideburn.ca\/participate\/center-camp\/#primaryimage"},"thumbnailUrl":"https:\/\/sideburn.ca\/wp-content\/uploads\/2024\/12\/header-contact.jpg","datePublished":"2025-05-01T01:23:22+00:00","dateModified":"2026-04-15T18:41:44+00:00","breadcrumb":{"@id":"https:\/\/sideburn.ca\/participate\/center-camp\/#breadcrumb"},"inLanguage":"fr-CA","potentialAction":[{"@type":"ReadAction","target":["https:\/\/sideburn.ca\/participate\/center-camp\/"]}]},{"@type":"ImageObject","inLanguage":"fr-CA","@id":"https:\/\/sideburn.ca\/participate\/center-camp\/#primaryimage","url":"https:\/\/sideburn.ca\/wp-content\/uploads\/2024\/12\/header-contact.jpg","contentUrl":"https:\/\/sideburn.ca\/wp-content\/uploads\/2024\/12\/header-contact.jpg","width":1200,"height":755},{"@type":"BreadcrumbList","@id":"https:\/\/sideburn.ca\/participate\/center-camp\/#breadcrumb","itemListElement":[{"@type":"ListItem","position":1,"name":"Home","item":"https:\/\/sideburn.ca\/"},{"@type":"ListItem","position":2,"name":"Participate","item":"https:\/\/sideburn.ca\/participate\/"},{"@type":"ListItem","position":3,"name":"Center Camp"}]},{"@type":"WebSite","@id":"https:\/\/dbx.gdr.mybluehost.me\/#website","url":"https:\/\/dbx.gdr.mybluehost.me\/","name":"SideBurn","description":"Carnaval chromatique","publisher":{"@id":"https:\/\/dbx.gdr.mybluehost.me\/#organization"},"potentialAction":[{"@type":"SearchAction","target":{"@type":"EntryPoint","urlTemplate":"https:\/\/dbx.gdr.mybluehost.me\/?s={search_term_string}"},"query-input":{"@type":"PropertyValueSpecification","valueRequired":true,"valueName":"search_term_string"}}],"inLanguage":"fr-CA"},{"@type":"Organization","@id":"https:\/\/dbx.gdr.mybluehost.me\/#organization","name":"SideBurn","url":"https:\/\/dbx.gdr.mybluehost.me\/","logo":{"@type":"ImageObject","inLanguage":"fr-CA","@id":"https:\/\/dbx.gdr.mybluehost.me\/#\/schema\/logo\/image\/","url":"https:\/\/i0.wp.com\/sideburn.ca\/wp-content\/uploads\/2024\/12\/logo-sideburn-full-1.png?fit=1259%2C496&ssl=1","contentUrl":"https:\/\/i0.wp.com\/sideburn.ca\/wp-content\/uploads\/2024\/12\/logo-sideburn-full-1.png?fit=1259%2C496&ssl=1","width":1259,"height":496,"caption":"SideBurn"},"image":{"@id":"https:\/\/dbx.gdr.mybluehost.me\/#\/schema\/logo\/image\/"},"sameAs":["https:\/\/www.facebook.com\/groups\/145939082634753","https:\/\/www.instagram.com\/sideburnregional\/"]}]}},"_links":{"self":[{"href":"https:\/\/sideburn.ca\/fr\/wp-json\/wp\/v2\/pages\/1746","targetHints":{"allow":["GET"]}}],"collection":[{"href":"https:\/\/sideburn.ca\/fr\/wp-json\/wp\/v2\/pages"}],"about":[{"href":"https:\/\/sideburn.ca\/fr\/wp-json\/wp\/v2\/types\/page"}],"author":[{"embeddable":true,"href":"https:\/\/sideburn.ca\/fr\/wp-json\/wp\/v2\/users\/2"}],"replies":[{"embeddable":true,"href":"https:\/\/sideburn.ca\/fr\/wp-json\/wp\/v2\/comments?post=1746"}],"version-history":[{"count":20,"href":"https:\/\/sideburn.ca\/fr\/wp-json\/wp\/v2\/pages\/1746\/revisions"}],"predecessor-version":[{"id":2259,"href":"https:\/\/sideburn.ca\/fr\/wp-json\/wp\/v2\/pages\/1746\/revisions\/2259"}],"up":[{"embeddable":true,"href":"https:\/\/sideburn.ca\/fr\/wp-json\/wp\/v2\/pages\/91"}],"wp:featuredmedia":[{"embeddable":true,"href":"https:\/\/sideburn.ca\/fr\/wp-json\/wp\/v2\/media\/392"}],"wp:attachment":[{"href":"https:\/\/sideburn.ca\/fr\/wp-json\/wp\/v2\/media?parent=1746"}],"curies":[{"name":"wp","href":"https:\/\/api.w.org\/{rel}","templated":true}]}}