{"id":1518,"date":"2025-04-17T01:41:04","date_gmt":"2025-04-17T01:41:04","guid":{"rendered":"https:\/\/sideburn.ca\/?page_id=1518"},"modified":"2026-04-14T13:22:42","modified_gmt":"2026-04-14T13:22:42","slug":"emotional-survival-guide","status":"publish","type":"page","link":"https:\/\/sideburn.ca\/fr\/the-event\/survival-guide\/emotional-survival-guide\/","title":{"rendered":"Guide de survie \u00e9motionnelle"},"content":{"rendered":"<p class=\"lead\">SideBurn est un burn r\u00e9gional centr\u00e9 sur la communaut\u00e9 et l'art, suivant un ensemble de principes qui, \u00e0 un moment donn\u00e9, influenceront votre exp\u00e9rience de cette aventure unique de multiples fa\u00e7ons. Vous pouvez \u00eatre confront\u00e9 \u00e0 des \u0153uvres d'art, des situations ou des personnes qui peuvent vous interpeller, vous conforter, vous sembler difficiles, extraordinaires, d\u00e9routantes ou fascinantes, et qui peuvent repousser les limites de votre zone de confort et de votre compr\u00e9hension du monde.<\/p>\n<p>Ce processus peut \u00eatre tr\u00e8s accablant. Il peut \u00e9galement s'agir d'une exp\u00e9rience tr\u00e8s troublante si vous ne vous pr\u00e9parez pas avec les outils n\u00e9cessaires pour apprendre \u00e0 relever au mieux ces d\u00e9fis lorsqu'ils se pr\u00e9senteront in\u00e9vitablement, car ils font partie int\u00e9grante de SideBurn. Votre survie \u00e9motionnelle et votre bien-\u00eatre personnel d\u00e9pendront de votre capacit\u00e9 \u00e0 d\u00e9velopperune solide capacit\u00e9 d\u2019autogestion dans les situations difficiles. Gr\u00e2ce \u00e0 ces conseils, nous esp\u00e9rons que vous serez mieux pr\u00e9par\u00e9 \u00e0 affronter l'inconnu avec confiance et r\u00e9silience sur le plan mental et \u00e9motionnel.<\/p>\n<div class=\"boxit fs-4\"><i class=\"fa-solid fa-book-open me-2\"><\/i><strong>Pour en savoir plus :<\/strong> D\u00e9couvrez notre <a href=\"https:\/\/sideburn.ca\/fr\/about\/conduct-and-consent-committee\/trauma-resources\/\">liste compl\u00e8te des ressources en mati\u00e8re de sant\u00e9 mentale et de soutien<\/a> pour trouver d'autre aide.<\/div>\n<p><strong>Voici quelques conseils et recommandations pour prendre soin de vous lorsque vous traversez une p\u00e9riode difficile sur le plan \u00e9motionnel.<\/strong><\/p>\n<hr \/>\n<h2>Sur la gestion de soi<\/h2>\n<p>\u00cates-vous capable de reconna\u00eetre les signes de vos propres fluctuations \u00e9motionnelles et vos d\u00e9clencheurs ? Quelles mesures prenez-vous pour vous approprier et reconna\u00eetre et assumer vos sentiments int\u00e9rieurement avant de demander \u00e0 d'autres de vous aider \u00e0 les g\u00e9rer ? La gestion des \u00e9motions est une comp\u00e9tence qui s'acquiert au fil du temps et qui est en constante \u00e9volution. Il est important d'\u00eatre doux envers vous-m\u00eame lorsque vous continuez \u00e0 d\u00e9velopper votre capacit\u00e9 \u00e0 assumer vos responsabilit\u00e9s et \u00e0 confronter les \u00e9motions difficiles qui se pr\u00e9sentent.<\/p>\n<h3>Ce qu'il faut retenir lorsque vous ressentez beaucoup de choses :<\/h3>\n<ul>\n<li>Les sentiments ne sont pas des faits.<\/li>\n<li>Les sentiments contiennent des informations sur nos besoins : ils ont quelque chose \u00e0 nous apprendre.<\/li>\n<li>Les sentiments sont faits pour \u00eatre ressentis, pas ignor\u00e9s ou refoul\u00e9s.<\/li>\n<li>Les sentiments peuvent \u00eatre \u00e9ph\u00e9m\u00e8res : ils surgissent, nous les ressentons, puis ils disparaissent lorsque nous les laissons partir.<\/li>\n<li>Les sentiments sont in\u00e9vitables, et ils ne refl\u00e8tent pas qui vous \u00eates. Ce qui compte, c'est ce que vous faites ensuite.<\/li>\n<li>Les sentiments ne sont ni bons ni mauvais ; ils existent, tout simplement.<\/li>\n<li>Les sentiments ne sont ni une \u00e9tiquette ni une identit\u00e9.<\/li>\n<li>Les \u00e9motions peuvent cr\u00e9er des sensations physiques et des tensions dans votre corps. N'oubliez pas de respirer.<\/li>\n<\/ul>\n<hr \/>\n<h2>Conseils pour \u00e9viter l'\u00e9puisement \u00e9motionnel<\/h2>\n<p>L'\u00e9puisement \u00e9motionnel survient lorsque nous avons d\u00e9pass\u00e9 notre capacit\u00e9 \u00e0 prendre soin de nous-m\u00eames en faisant passer d'autres demandes avant nos propres besoins. Les burns sont exigeants \u00e0 bien des \u00e9gards qui vous am\u00e8neront \u00e0 vous d\u00e9passer bien au-del\u00e0 de votre zone de confort. Si les d\u00e9fis et l'inconfort sont des \u00e9l\u00e9ments qui nous aident \u00e0 grandir en tant qu'\u00eatres humains, comme toute autre chose dans la vie, un \u00e9quilibre est n\u00e9cessaire. L'autonomie dont vous disposez pour prendre des d\u00e9cisions et vous occuper de vous-m\u00eame est un aspect majeur de l'autosuffisance radicale.<\/p>\n<p><strong>Il est important de veiller \u00e0 votre bien-\u00eatre en prenant les mesures n\u00e9cessaires pour prendre soin de soi :<\/strong><\/p>\n<ul>\n<li>Se retirer dans un endroit s\u00fbr pour passer du temps seul.<\/li>\n<li>Fixer des limites et dire \u00ab non \u00bb.<\/li>\n<li>Se donner la priorit\u00e9.<\/li>\n<li>R\u00e9server du temps pour prendre soin de soi.<\/li>\n<li>Changer d'avis.<\/li>\n<li>Prendre ses propres d\u00e9cisions.<\/li>\n<li>Prendre soin de votre sant\u00e9 mentale.<\/li>\n<\/ul>\n<p><strong>Voici quelques conseils qui pourraient vous aider \u00e0 am\u00e9liorer votre r\u00e9silience \u00e9motionnelle :<\/strong><\/p>\n<ul>\n<li>Trouvez un endroit o\u00f9 vous pouvez cr\u00e9er un endroit tranquille et solitaire (comme votre tente).<\/li>\n<li>Buvez de l'eau et mangez quelque chose.<\/li>\n<li>Respirez en utilisant la m\u00e9thode 4-7-8 : inspirez pendant 4 secondes, retenez votre respiration pendant 7 secondes et expirez pendant 8 secondes. R\u00e9p\u00e9tez.<\/li>\n<li>Faites-vous un gros c\u00e2lin.<\/li>\n<li>Posez votre main sur votre c\u0153ur et dites-vous quelque chose de r\u00e9confortant.<\/li>\n<li>Effectuez un balayage corporel des sensations physiques, des orteils \u00e0 la t\u00eate, en \u00e9coutant votre corps et en \u00e9tant attentif \u00e0 toute douleur ou g\u00eane.<\/li>\n<\/ul>\n<hr \/>\n<h2>G\u00e9rer nos interactions avec les autres<\/h2>\n<p>Assumer nos pens\u00e9es et nos sentiments implique regarder en nous-m\u00eames lorsque nous avons des r\u00e9actions fortes envers les autres afin de d\u00e9couvrir comment notre compr\u00e9hension de cette situation est en r\u00e9alit\u00e9 l'expression de nos propres besoins et valeurs.<\/p>\n<p><strong>Voici quelques questions g\u00e9n\u00e9rales \u00e0 vous poser lorsque vous r\u00e9agissez vivement \u00e0 une communication difficile avec une autre personne :<\/strong><\/p>\n<ul>\n<li>Qu'est-ce qui me contrarie ?<\/li>\n<li>Quel a \u00e9t\u00e9 le d\u00e9clencheur ?<\/li>\n<li>Quel r\u00e9cit ai-je cr\u00e9\u00e9 autour de cette situation ?<\/li>\n<li>Quelle menace est-ce que je crois percevoir ?<\/li>\n<li>Quelle est mon intention en entamant cette conversation ?<\/li>\n<li>Suis-je ouvert \u00e0 comprendre leur point de vue ?<\/li>\n<li>Que ferait la version la plus mature de moi-m\u00eame face \u00e0 cette situation ?<\/li>\n<\/ul>\n<hr \/>\n<h2>G\u00e9rer ses \u00e9motions lors de moments de communication difficiles<\/h2>\n<div class=\"boxit\">\n<figure>\n<blockquote class=\"blockquote\"><p><i class=\"fa-solid fa-quote-left me-2\"><\/i>L'amour n'est pas un \u00e9tat de bienveillance parfaite. C'est un nom actif, comme \u00ab lutte \u00bb. Aimer quelqu'un, c'est s'efforcer d'accepter cette personne telle qu'elle est, ici et maintenant.<\/blockquote><figcaption class=\"blockquote-footer\">Fred Rogers<\/figcaption><\/figure>\n<\/div>\n<p>SideBurn nous fera vivre de nombreuses exp\u00e9riences qui ne correspondent pas aux normes auxquelles nous sommes habitu\u00e9s, et nous pouvons nous retrouver en terrain inconnu avec nous-m\u00eames, nos partenaires et nos amis. Voici quelques conseils pour assumer nos sentiments lorsque nous essayons de communiquer avec les autres dans des moments difficiles.<\/p>\n<h3>\u00c0 faire :<\/h3>\n<ul>\n<li>Engagez une conversation ouverte et honn\u00eate.<\/li>\n<li>\u00c9coutez activement.<\/li>\n<li>Posez des questions pour \u00e9viter les malentendus.<\/li>\n<li>Validez leurs sentiments.<\/li>\n<li>Faites preuve d'empathie.<\/li>\n<li>Respectez leur v\u00e9rit\u00e9.<\/li>\n<li>Faites-leur confiance.<\/li>\n<li>Acceptez-les tels qu'ils sont.<\/li>\n<li>Identifiez vos propres ins\u00e9curit\u00e9s.<\/li>\n<li>Assumez la responsabilit\u00e9 de vos \u00e9motions et de vos actes.<\/li>\n<li>Donnez des commentaires constructifs (si on vous le demande).<\/li>\n<\/ul>\n<h3>\u00c0 ne pas faire :<\/h3>\n<ul>\n<li>Faire des suppositions.<\/li>\n<li>Tirer des conclusions h\u00e2tives.<\/li>\n<li>Donner des conseils non sollicit\u00e9s.<\/li>\n<li>Essayer de contr\u00f4ler ou de modifier leurs sentiments ou leurs actions.<\/li>\n<li>Les rabaisser ou les critiquer.<\/li>\n<li>Fixer des attentes irr\u00e9alistes.<\/li>\n<\/ul>\n<hr \/>\n<h2>Comment demander de l'aide<\/h2>\n<p>Demander de l'aide sur le plan \u00e9motionnel peut \u00eatre un d\u00e9fi de taille. Cela implique de se montrer vuln\u00e9rable envers soi-m\u00eame et les autres en demandant une aide dont on a grandement besoin. M\u00eame s'il n'y a aucune honte \u00e0 demander de l'aide, il est important de savoir comment le faire efficacement, tout en respectant les limites personnelles des autres.<\/p>\n<h3>1. Demandez aux bonnes personnes<\/h3>\n<p>Les personnes qui vous sont les plus proches vous comprennent d'une mani\u00e8re qui peut \u00eatre incroyablement r\u00e9confortante et utile lorsque vous avez besoin d'un soutien \u00e9motionnel.<\/p>\n<h3>2. Demandez leur permission<\/h3>\n<p>V\u00e9rifiez aupr\u00e8s de la personne \u00e0 qui vous demandez du soutien si elle est en mesure d\u2019avoir cette conversation avec vous. En lui posant la question, vous lui permettez de prendre conscience de la nature \u00e9motionnelle de l\u2019\u00e9change afin qu\u2019elle puisse s\u2019y pr\u00e9parer et ne pas \u00eatre soudainement accabl\u00e9e.<\/p>\n<p>Si la personne refuse de vous aider, essayez de ne pas vous vexer. Il est bon et sain de fixer des limites, et si nos proches sont submerg\u00e9s par leurs propres \u00e9motions, ils ne pourront pas nous aider \u00e0 g\u00e9rer les n\u00f4tres.<\/p>\n<h3>3. Sachez quand la conversation est termin\u00e9e<\/h3>\n<p>Discuter d'exp\u00e9riences douloureuses est difficile pour toutes les parties et n\u2019a besoin d\u2019aller jusqu\u2019au bout qu\u2019une seule fois. Ruminer trop longtemps des sentiments tristes avec un ami qui vous soutient diminuera la capacit\u00e9 de ce dernier \u00e0 vous apporter le m\u00eame type de soutien \u00e0 l'avenir.<\/p>\n<h3>4. Partagez judicieusement<\/h3>\n<p>Faites attention \u00e0 ce que vous partagez avec vos amis qui vous soutiennent. Il est judicieux de continuer \u00e0 v\u00e9rifier aupr\u00e8s d'eux au cours de la conversation s'ils sont toujours d'accord pour en parler avec vous. L'\u00e9puisement \u00e9motionnel mettra en p\u00e9ril vos relations si vous le laissez faire.<\/p>\n<h3>5. Devenez une ressource de soutien en retour<\/h3>\n<p>Ceux sur qui vous avez compt\u00e9 dans le pass\u00e9 pourraient compter sur vous \u00e0 l'avenir. Lorsque ce moment viendra, souvenez-vous de la compassion qu'ils vous ont t\u00e9moign\u00e9e et essayez de leur rendre la pareille.<\/p>\n<h3>6. Acceptez le \u201c non \u201d d'une personne dans l'esprit dans lequel il est donn\u00e9.<\/h3>\n<p>N'oubliez pas que vous demandez de l'aide \u00e0 quelqu'un qui manque peut-\u00eatre aussi de ressources \u00e9motionnelles. Si vous demandez de l'aide et qu'une personne vous r\u00e9pond \u00ab non \u00bb, comprenez qu'elle essaie de respecter l'importance de votre demande en vous indiquant qu'elle ne peut pas vous donner l'\u00e9nergie dont vous avez besoin. Si cela se produit, adressez-vous \u00e0 un autre membre de votre communaut\u00e9 de soutien.<\/p>\n<hr \/>\n<h2>Comment apporter son soutien aux autres<\/h2>\n<p>L'un des grands cadeaux que nous pouvons offrir aux autres est la capacit\u00e9 \u00e0 les soutenir dans les moments difficiles. Pour ce faire, il faut avoir la conscience de soi n\u00e9cessaire pour v\u00e9rifier si nous nous sentons suffisamment ancr\u00e9s pour accompagner quelqu'un dans ses difficult\u00e9s sans nous \u00e9puiser en cours de route.<\/p>\n<p><strong>Voici quelques questions \u00e0 vous poser avant d'offrir un soutien \u00e9motionnel :<\/strong><\/p>\n<ul>\n<li>Ai-je la capacit\u00e9 \u00e9motionnelle n\u00e9cessaire pour soutenir cette personne en ce moment ?<\/li>\n<li>Suis-je capable d'\u00eatre pleinement pr\u00e9sent pour cette personne en ce moment ?<\/li>\n<li>Est-ce que je soutiens parce que j'ai les ressources pour le faire ou parce que je me sens oblig\u00e9 d'aider ?<\/li>\n<\/ul>\n<p><strong>Si vous r\u00e9alisez que vous n'\u00eates pas en mesure d'apporter votre aide :<\/strong><\/p>\n<ul>\n<li>Comment pouvez-vous exprimer cela avec gentillesse et compassion ?<\/li>\n<li>Comment prendre soin de vous afin d'\u00eatre pleinement pr\u00e9sent lorsque vous serez pr\u00eat ?<\/li>\n<li>\u00cates-vous capable de fixer des limites pour r\u00e9pondre \u00e0 vos propres besoins ?<\/li>\n<li>\u00cates-vous capable de d\u00e9terminer clairement si vous \u00eates en mesure ou non d'apporter votre soutien ?<\/li>\n<\/ul>\n<h3>Lorsque vous serez pr\u00eat, voici quelques conseils pour soutenir vos proches :<\/h3>\n<h4>1. \u00c9couter pour comprendre<\/h4>\n<ul>\n<li>Entra\u00eenez-vous \u00e0 \u00eatre pleinement pr\u00e9sent et attentif \u00e0 votre langage corporel et \u00e0 votre contact visuel.<\/li>\n<li>Si vous sentez que vous allez \u00eatre distrait, installez-vous dans un endroit calme o\u00f9 vous ne serez pas d\u00e9rang\u00e9.<\/li>\n<\/ul>\n<h4>2. Soyez pr\u00e9sent et validez<\/h4>\n<ul>\n<li>Validez et aidez votre ami \u00e0 mettre des mots sur les sentiments et les \u00e9motions qu'il partage avec vous.<\/li>\n<li>\u00c9vitez de porter un jugement ou de proposer des solutions, d'essayer de r\u00e9gler le probl\u00e8me, de minimiser la situation ou d'en voir le bon c\u00f4t\u00e9 pour votre proche. Essayez de ne pas le dissuader de ressentir ce qu'il ressent.<\/li>\n<li>Rappelez-lui qu'il est normal qu'il ressente beaucoup de choses et que vous \u00eates l\u00e0 pour lui.<\/li>\n<\/ul>\n<h4>3. Soutien et confiance<\/h4>\n<ul>\n<li>Demandez-lui s'il y a des mesures que vous pouvez prendre ensemble pour r\u00e9pondre \u00e0 ses besoins \u00e0 ce moment-l\u00e0. Rappelez-lui que vous \u00eates l\u00e0 pour l'accompagner dans cette \u00e9preuve.<\/li>\n<li>Ayez confiance qu'apr\u00e8s avoir montr\u00e9 votre soutien \u00e9motionnel, il puisse prendre soin de ses propres besoins. Cependant, un suivi plus tard serait tr\u00e8s appr\u00e9ci\u00e9.<\/li>\n<\/ul>\n<hr \/>\n<h2 id=\"extrasupport\">Services d'assistance suppl\u00e9mentaires chez SideBurn<\/h2>\n<p>Si vous pensez avoir besoin d'aide, les b\u00e9n\u00e9voles du Sanctuaire offrent un soutien et un accompagnement aux participants qui, pour quelque raison que ce soit, vivent une exp\u00e9rience difficile lors de l'\u00e9v\u00e9nement. Ils offrent un espace calme et apaisant, situ\u00e9 \u00e0 l'\u00e9cart, avec des lits de camp, des oreillers, des couvertures moelleuses... (et des seaux).<\/p>\n<div class=\"boxit fs-4\"><i class=\"fa-solid fa-bookmark me-2\"><\/i><strong>N'oubliez pas :<\/strong> Si vous estimez que le stress, l'environnement, les relations ou les substances peuvent \u00eatre trop difficiles \u00e0 g\u00e9rer pour vous \u00e0 un moment donn\u00e9, vous pouvez demander de l'aide au Sanctuaire.<\/div>\n<p>Les b\u00e9n\u00e9voles du Sanctuaire \u00e9tablissent des liens plus profonds avec les gens, ont de merveilleuses conversations et sont une source de soutien et de patience.<\/p>\n<p><strong>Si vous avez d'autres questions,<\/strong> veuillez envoyer un courriel \u00e0 <a href=\"mailto:sanctuary@sideburn.ca\">sanctuary@sideburn.ca<\/a>.<\/p>","protected":false},"excerpt":{"rendered":"<p>Apprenez \u00e0 utiliser des outils pour g\u00e9rer les d\u00e9fis \u00e9motionnels, renforcer votre r\u00e9silience et pratiquer une communication bienveillante.<\/p>","protected":false},"author":2,"featured_media":305,"parent":71,"menu_order":0,"comment_status":"closed","ping_status":"closed","template":"","meta":{"_acf_changed":false,"nf_dc_page":"","footnotes":""},"class_list":["post-1518","page","type-page","status-publish","has-post-thumbnail","hentry"],"acf":[],"yoast_head":"<!-- This site is optimized with the Yoast SEO plugin v27.4 - https:\/\/yoast.com\/product\/yoast-seo-wordpress\/ -->\n<title>Emotional Survival Guide - SideBurn<\/title>\n<meta name=\"robots\" content=\"index, follow, max-snippet:-1, max-image-preview:large, max-video-preview:-1\" \/>\n<link rel=\"canonical\" href=\"https:\/\/sideburn.ca\/fr\/the-event\/survival-guide\/emotional-survival-guide\/\" \/>\n<meta property=\"og:locale\" content=\"fr_CA\" \/>\n<meta property=\"og:type\" content=\"article\" \/>\n<meta property=\"og:title\" content=\"Emotional Survival Guide - SideBurn\" \/>\n<meta property=\"og:description\" content=\"Learn tools for managing emotional challenges, building resilience, and practicing compassionate communication.\" \/>\n<meta property=\"og:url\" content=\"https:\/\/sideburn.ca\/fr\/the-event\/survival-guide\/emotional-survival-guide\/\" \/>\n<meta property=\"og:site_name\" content=\"SideBurn\" \/>\n<meta property=\"article:publisher\" content=\"https:\/\/www.facebook.com\/groups\/145939082634753\" \/>\n<meta property=\"article:modified_time\" content=\"2026-04-14T13:22:42+00:00\" \/>\n<meta property=\"og:image\" content=\"https:\/\/sideburn.ca\/wp-content\/uploads\/2024\/12\/Sideburn2024-771-1.jpg\" \/>\n\t<meta property=\"og:image:width\" content=\"1300\" \/>\n\t<meta property=\"og:image:height\" content=\"814\" \/>\n\t<meta property=\"og:image:type\" content=\"image\/jpeg\" \/>\n<meta name=\"twitter:card\" content=\"summary_large_image\" \/>\n<meta name=\"twitter:label1\" content=\"Est. reading time\" \/>\n\t<meta name=\"twitter:data1\" content=\"8 minutes\" \/>\n<script type=\"application\/ld+json\" class=\"yoast-schema-graph\">{\"@context\":\"https:\\\/\\\/schema.org\",\"@graph\":[{\"@type\":\"WebPage\",\"@id\":\"https:\\\/\\\/sideburn.ca\\\/the-event\\\/survival-guide\\\/emotional-survival-guide\\\/\",\"url\":\"https:\\\/\\\/sideburn.ca\\\/the-event\\\/survival-guide\\\/emotional-survival-guide\\\/\",\"name\":\"Emotional Survival Guide - SideBurn\",\"isPartOf\":{\"@id\":\"https:\\\/\\\/dbx.gdr.mybluehost.me\\\/#website\"},\"primaryImageOfPage\":{\"@id\":\"https:\\\/\\\/sideburn.ca\\\/the-event\\\/survival-guide\\\/emotional-survival-guide\\\/#primaryimage\"},\"image\":{\"@id\":\"https:\\\/\\\/sideburn.ca\\\/the-event\\\/survival-guide\\\/emotional-survival-guide\\\/#primaryimage\"},\"thumbnailUrl\":\"https:\\\/\\\/sideburn.ca\\\/wp-content\\\/uploads\\\/2024\\\/12\\\/Sideburn2024-771-1.jpg\",\"datePublished\":\"2025-04-17T01:41:04+00:00\",\"dateModified\":\"2026-04-14T13:22:42+00:00\",\"breadcrumb\":{\"@id\":\"https:\\\/\\\/sideburn.ca\\\/the-event\\\/survival-guide\\\/emotional-survival-guide\\\/#breadcrumb\"},\"inLanguage\":\"fr-CA\",\"potentialAction\":[{\"@type\":\"ReadAction\",\"target\":[\"https:\\\/\\\/sideburn.ca\\\/the-event\\\/survival-guide\\\/emotional-survival-guide\\\/\"]}]},{\"@type\":\"ImageObject\",\"inLanguage\":\"fr-CA\",\"@id\":\"https:\\\/\\\/sideburn.ca\\\/the-event\\\/survival-guide\\\/emotional-survival-guide\\\/#primaryimage\",\"url\":\"https:\\\/\\\/sideburn.ca\\\/wp-content\\\/uploads\\\/2024\\\/12\\\/Sideburn2024-771-1.jpg\",\"contentUrl\":\"https:\\\/\\\/sideburn.ca\\\/wp-content\\\/uploads\\\/2024\\\/12\\\/Sideburn2024-771-1.jpg\",\"width\":1300,\"height\":814},{\"@type\":\"BreadcrumbList\",\"@id\":\"https:\\\/\\\/sideburn.ca\\\/the-event\\\/survival-guide\\\/emotional-survival-guide\\\/#breadcrumb\",\"itemListElement\":[{\"@type\":\"ListItem\",\"position\":1,\"name\":\"Home\",\"item\":\"https:\\\/\\\/sideburn.ca\\\/\"},{\"@type\":\"ListItem\",\"position\":2,\"name\":\"The Event\",\"item\":\"https:\\\/\\\/sideburn.ca\\\/the-event\\\/\"},{\"@type\":\"ListItem\",\"position\":3,\"name\":\"Survival Guides\",\"item\":\"https:\\\/\\\/sideburn.ca\\\/the-event\\\/survival-guide\\\/\"},{\"@type\":\"ListItem\",\"position\":4,\"name\":\"Emotional Survival Guide\"}]},{\"@type\":\"WebSite\",\"@id\":\"https:\\\/\\\/dbx.gdr.mybluehost.me\\\/#website\",\"url\":\"https:\\\/\\\/dbx.gdr.mybluehost.me\\\/\",\"name\":\"SideBurn\",\"description\":\"Chromatic Carnival\",\"publisher\":{\"@id\":\"https:\\\/\\\/dbx.gdr.mybluehost.me\\\/#organization\"},\"potentialAction\":[{\"@type\":\"SearchAction\",\"target\":{\"@type\":\"EntryPoint\",\"urlTemplate\":\"https:\\\/\\\/dbx.gdr.mybluehost.me\\\/?s={search_term_string}\"},\"query-input\":{\"@type\":\"PropertyValueSpecification\",\"valueRequired\":true,\"valueName\":\"search_term_string\"}}],\"inLanguage\":\"fr-CA\"},{\"@type\":\"Organization\",\"@id\":\"https:\\\/\\\/dbx.gdr.mybluehost.me\\\/#organization\",\"name\":\"SideBurn\",\"url\":\"https:\\\/\\\/dbx.gdr.mybluehost.me\\\/\",\"logo\":{\"@type\":\"ImageObject\",\"inLanguage\":\"fr-CA\",\"@id\":\"https:\\\/\\\/dbx.gdr.mybluehost.me\\\/#\\\/schema\\\/logo\\\/image\\\/\",\"url\":\"https:\\\/\\\/i0.wp.com\\\/sideburn.ca\\\/wp-content\\\/uploads\\\/2024\\\/12\\\/logo-sideburn-full-1.png?fit=1259%2C496&ssl=1\",\"contentUrl\":\"https:\\\/\\\/i0.wp.com\\\/sideburn.ca\\\/wp-content\\\/uploads\\\/2024\\\/12\\\/logo-sideburn-full-1.png?fit=1259%2C496&ssl=1\",\"width\":1259,\"height\":496,\"caption\":\"SideBurn\"},\"image\":{\"@id\":\"https:\\\/\\\/dbx.gdr.mybluehost.me\\\/#\\\/schema\\\/logo\\\/image\\\/\"},\"sameAs\":[\"https:\\\/\\\/www.facebook.com\\\/groups\\\/145939082634753\",\"https:\\\/\\\/www.instagram.com\\\/sideburnregional\\\/\"]}]}<\/script>\n<!-- \/ Yoast SEO plugin. -->","yoast_head_json":{"title":"Emotional Survival Guide - SideBurn","robots":{"index":"index","follow":"follow","max-snippet":"max-snippet:-1","max-image-preview":"max-image-preview:large","max-video-preview":"max-video-preview:-1"},"canonical":"https:\/\/sideburn.ca\/fr\/the-event\/survival-guide\/emotional-survival-guide\/","og_locale":"fr_CA","og_type":"article","og_title":"Emotional Survival Guide - SideBurn","og_description":"Learn tools for managing emotional challenges, building resilience, and practicing compassionate communication.","og_url":"https:\/\/sideburn.ca\/fr\/the-event\/survival-guide\/emotional-survival-guide\/","og_site_name":"SideBurn","article_publisher":"https:\/\/www.facebook.com\/groups\/145939082634753","article_modified_time":"2026-04-14T13:22:42+00:00","og_image":[{"width":1300,"height":814,"url":"https:\/\/sideburn.ca\/wp-content\/uploads\/2024\/12\/Sideburn2024-771-1.jpg","type":"image\/jpeg"}],"twitter_card":"summary_large_image","twitter_misc":{"Est. reading time":"8 minutes"},"schema":{"@context":"https:\/\/schema.org","@graph":[{"@type":"WebPage","@id":"https:\/\/sideburn.ca\/the-event\/survival-guide\/emotional-survival-guide\/","url":"https:\/\/sideburn.ca\/the-event\/survival-guide\/emotional-survival-guide\/","name":"Emotional Survival Guide - SideBurn","isPartOf":{"@id":"https:\/\/dbx.gdr.mybluehost.me\/#website"},"primaryImageOfPage":{"@id":"https:\/\/sideburn.ca\/the-event\/survival-guide\/emotional-survival-guide\/#primaryimage"},"image":{"@id":"https:\/\/sideburn.ca\/the-event\/survival-guide\/emotional-survival-guide\/#primaryimage"},"thumbnailUrl":"https:\/\/sideburn.ca\/wp-content\/uploads\/2024\/12\/Sideburn2024-771-1.jpg","datePublished":"2025-04-17T01:41:04+00:00","dateModified":"2026-04-14T13:22:42+00:00","breadcrumb":{"@id":"https:\/\/sideburn.ca\/the-event\/survival-guide\/emotional-survival-guide\/#breadcrumb"},"inLanguage":"fr-CA","potentialAction":[{"@type":"ReadAction","target":["https:\/\/sideburn.ca\/the-event\/survival-guide\/emotional-survival-guide\/"]}]},{"@type":"ImageObject","inLanguage":"fr-CA","@id":"https:\/\/sideburn.ca\/the-event\/survival-guide\/emotional-survival-guide\/#primaryimage","url":"https:\/\/sideburn.ca\/wp-content\/uploads\/2024\/12\/Sideburn2024-771-1.jpg","contentUrl":"https:\/\/sideburn.ca\/wp-content\/uploads\/2024\/12\/Sideburn2024-771-1.jpg","width":1300,"height":814},{"@type":"BreadcrumbList","@id":"https:\/\/sideburn.ca\/the-event\/survival-guide\/emotional-survival-guide\/#breadcrumb","itemListElement":[{"@type":"ListItem","position":1,"name":"Home","item":"https:\/\/sideburn.ca\/"},{"@type":"ListItem","position":2,"name":"The Event","item":"https:\/\/sideburn.ca\/the-event\/"},{"@type":"ListItem","position":3,"name":"Survival Guides","item":"https:\/\/sideburn.ca\/the-event\/survival-guide\/"},{"@type":"ListItem","position":4,"name":"Emotional Survival Guide"}]},{"@type":"WebSite","@id":"https:\/\/dbx.gdr.mybluehost.me\/#website","url":"https:\/\/dbx.gdr.mybluehost.me\/","name":"SideBurn","description":"Carnaval chromatique","publisher":{"@id":"https:\/\/dbx.gdr.mybluehost.me\/#organization"},"potentialAction":[{"@type":"SearchAction","target":{"@type":"EntryPoint","urlTemplate":"https:\/\/dbx.gdr.mybluehost.me\/?s={search_term_string}"},"query-input":{"@type":"PropertyValueSpecification","valueRequired":true,"valueName":"search_term_string"}}],"inLanguage":"fr-CA"},{"@type":"Organization","@id":"https:\/\/dbx.gdr.mybluehost.me\/#organization","name":"SideBurn","url":"https:\/\/dbx.gdr.mybluehost.me\/","logo":{"@type":"ImageObject","inLanguage":"fr-CA","@id":"https:\/\/dbx.gdr.mybluehost.me\/#\/schema\/logo\/image\/","url":"https:\/\/i0.wp.com\/sideburn.ca\/wp-content\/uploads\/2024\/12\/logo-sideburn-full-1.png?fit=1259%2C496&ssl=1","contentUrl":"https:\/\/i0.wp.com\/sideburn.ca\/wp-content\/uploads\/2024\/12\/logo-sideburn-full-1.png?fit=1259%2C496&ssl=1","width":1259,"height":496,"caption":"SideBurn"},"image":{"@id":"https:\/\/dbx.gdr.mybluehost.me\/#\/schema\/logo\/image\/"},"sameAs":["https:\/\/www.facebook.com\/groups\/145939082634753","https:\/\/www.instagram.com\/sideburnregional\/"]}]}},"_links":{"self":[{"href":"https:\/\/sideburn.ca\/fr\/wp-json\/wp\/v2\/pages\/1518","targetHints":{"allow":["GET"]}}],"collection":[{"href":"https:\/\/sideburn.ca\/fr\/wp-json\/wp\/v2\/pages"}],"about":[{"href":"https:\/\/sideburn.ca\/fr\/wp-json\/wp\/v2\/types\/page"}],"author":[{"embeddable":true,"href":"https:\/\/sideburn.ca\/fr\/wp-json\/wp\/v2\/users\/2"}],"replies":[{"embeddable":true,"href":"https:\/\/sideburn.ca\/fr\/wp-json\/wp\/v2\/comments?post=1518"}],"version-history":[{"count":19,"href":"https:\/\/sideburn.ca\/fr\/wp-json\/wp\/v2\/pages\/1518\/revisions"}],"predecessor-version":[{"id":2662,"href":"https:\/\/sideburn.ca\/fr\/wp-json\/wp\/v2\/pages\/1518\/revisions\/2662"}],"up":[{"embeddable":true,"href":"https:\/\/sideburn.ca\/fr\/wp-json\/wp\/v2\/pages\/71"}],"wp:featuredmedia":[{"embeddable":true,"href":"https:\/\/sideburn.ca\/fr\/wp-json\/wp\/v2\/media\/305"}],"wp:attachment":[{"href":"https:\/\/sideburn.ca\/fr\/wp-json\/wp\/v2\/media?parent=1518"}],"curies":[{"name":"wp","href":"https:\/\/api.w.org\/{rel}","templated":true}]}}