{"id":1346,"date":"2025-03-13T16:20:33","date_gmt":"2025-03-13T16:20:33","guid":{"rendered":"https:\/\/sideburn.ca\/?page_id=1346"},"modified":"2026-03-04T00:32:59","modified_gmt":"2026-03-04T00:32:59","slug":"unveiling-sideburn-2025s-temple-effigy","status":"publish","type":"page","link":"https:\/\/sideburn.ca\/fr\/the-event\/unveiling-sideburn-2025s-temple-effigy\/","title":{"rendered":"D\u00e9voilement de l'Effigie et du Temple de 2026 !"},"content":{"rendered":"<p class=\"lead\"><strong>Pr\u00e9parez-vous \u00e0 d\u00e9couvrir le c\u0153ur de SideBurn 2026 !<\/strong> Cette ann\u00e9e, le Temple et l'Effigie abordent des th\u00e8mes puissants tels que la r\u00e9flexion, le renouveau et la c\u00e9l\u00e9bration.<\/p>\n<div class=\"boxit\">\n<h3><i class=\"fa-solid fa-fire-flame-curved me-2\"><\/i>Places assises accessibles pour les burns de l'Effigie et du Temple<\/h3>\n<p>Les burns de l'Effigie et du Temple ont une <strong>zone de si\u00e8ges accessible d\u00e9di\u00e9e le long du p\u00e9rim\u00e8tre.<\/strong> Gardez l'\u0153il ouvert pour rep\u00e9rer votre place. \u00c0 l'avant, vous trouverez une zone confortable o\u00f9 vous pourrez vous asseoir par terre. Juste derri\u00e8re, \u00e0 une distance s\u00fbre et confortable des flammes, nous avons am\u00e9nag\u00e9 une section o\u00f9 vous pouvez apporter votre propre chaise. Vous ne savez pas si vous \u00eates suffisamment loin ? Il suffit de faire signe \u00e0 l'un de nos b\u00e9n\u00e9voles du p\u00e9rim\u00e8tre, et ils vous aideront.<\/p>\n<\/div>\n<hr \/>\n<div class=\"row align-items-center justify-content-middle\">\n<div class=\"col-12 col-md-7 col-lg-8\">\n<h2 class=\"mt-0 mb-2\">La fl\u00e8che de l'octa\u00e8dre<\/h2>\n<p><strong>par Royal Molly<\/strong><\/p>\n<p>Que la fl\u00e8che de l'octa\u00e8dre soit notre guide vers SideBurn 2026, le r\u00e9-ensauvagement. Elle nous surveille tous avec attention, par le soleil et la lune. Le lieu de rassemblement pour la c\u00e9l\u00e9bration et toutes les choses significatives sur le haya. Soyez gentils, s'il vous pla\u00eet, rembobinez.<\/p>\n<p><small><em>La description et la photo ci-dessus proviennent directement de l'artiste.<\/em><\/small><\/p>\n<\/div>\n<div class=\"col-6 col-md-5 col-lg-4\"><img decoding=\"async\" loading=\"lazy\" class=\"alignnone size-full wp-image-2458 my-4 rounded-circle\" src=\"https:\/\/sideburn.ca\/wp-content\/uploads\/2026\/02\/temple-2026-image-1.jpg\" alt=\"\" width=\"1200\" height=\"1200\" srcset=\"https:\/\/sideburn.ca\/wp-content\/uploads\/2026\/02\/temple-2026-image-1.jpg 1200w, https:\/\/sideburn.ca\/wp-content\/uploads\/2026\/02\/temple-2026-image-1-300x300.jpg 300w, https:\/\/sideburn.ca\/wp-content\/uploads\/2026\/02\/temple-2026-image-1-1024x1024.jpg 1024w, https:\/\/sideburn.ca\/wp-content\/uploads\/2026\/02\/temple-2026-image-1-150x150.jpg 150w, https:\/\/sideburn.ca\/wp-content\/uploads\/2026\/02\/temple-2026-image-1-768x768.jpg 768w, https:\/\/sideburn.ca\/wp-content\/uploads\/2026\/02\/temple-2026-image-1-12x12.jpg 12w\" sizes=\"auto, (max-width: 1200px) 100vw, 1200px\" \/><\/div>\n<\/div>\n<div class=\"boxit mt-3\"><i class=\"fa-solid fa-clock-eight me-2\"><\/i>Le <strong>Samedi 16 mai<\/strong>, le p\u00e9rim\u00e8tre sera \u00e9tabli \u00e0 20 heures, avec <strong>des performances de jonglerie de feu<\/strong> \u00e0 partir de 20 h 30 menant \u00e0 l\u2019embrasement...<strong>Les flammes s\u2019\u00e9l\u00e8veront \u00e0 la tomb\u00e9e de la nuit.<\/strong><\/div>\n<hr \/>\n<div class=\"row align-items-center justify-content-middle\">\n<div class=\"col-12 col-md-7 col-lg-8\">\n<h2 class=\"mt-0 mb-2\">Appel des directions<\/h2>\n<p><strong>par Constructing Hope<\/strong><\/p>\n<p>Visitez notre espace sacr\u00e9 et invoquez les \u00e9nergies \u00e9l\u00e9mentaires et spirituelles des directions cardinales. Observez les associations \u00e9l\u00e9mentaires du Nord (terre), de l'Ouest (eau), du Sud (feu) et de l'Est (air). R\u00e9fl\u00e9chissez aux animaux du temple, invocations physiques des conseils de la nature : l'\u00e9lan pour la s\u00e9r\u00e9nit\u00e9 et la r\u00e9sistance, l'ours pour la gu\u00e9rison et la r\u00e9flexion, le hibou pour la sagesse et l'\u00e9coute, le corbeau pour la vision et l'espi\u00e8glerie. L'incendie du temple repr\u00e9sente le triomphe de la lumi\u00e8re sur les t\u00e9n\u00e8bres et un effort conscient pour relier l'esprit humain aux cycles naturels de la terre. Dans les jours qui pr\u00e9c\u00e8dent l'embrasement du temple, nous vous invitons \u00e0 nous rendre visite et \u00e0 prendre un plant pour le mettre en terre et contribuer au r\u00e9-ensauvagement du monde naturel.<\/p>\n<p><small><em>La description et la photo ci-dessus proviennent directement des artistes.<\/em><\/small><\/p>\n<\/div>\n<div class=\"col-6 col-md-5 col-lg-4\"><img decoding=\"async\" loading=\"lazy\" class=\"alignnone size-full wp-image-2456 my-4 rounded-circle\" src=\"https:\/\/sideburn.ca\/wp-content\/uploads\/2026\/02\/temple-2026-image.jpg\" alt=\"\" width=\"986\" height=\"986\" srcset=\"https:\/\/sideburn.ca\/wp-content\/uploads\/2026\/02\/temple-2026-image.jpg 986w, https:\/\/sideburn.ca\/wp-content\/uploads\/2026\/02\/temple-2026-image-300x300.jpg 300w, https:\/\/sideburn.ca\/wp-content\/uploads\/2026\/02\/temple-2026-image-150x150.jpg 150w, https:\/\/sideburn.ca\/wp-content\/uploads\/2026\/02\/temple-2026-image-768x768.jpg 768w, https:\/\/sideburn.ca\/wp-content\/uploads\/2026\/02\/temple-2026-image-12x12.jpg 12w\" sizes=\"auto, (max-width: 986px) 100vw, 986px\" \/><\/div>\n<\/div>\n<div class=\"boxit mt-3\">Le <strong>Dimanche 17 mai<\/strong>, le p\u00e9rim\u00e8tre sera \u00e9tabli \u00e0 20 heures.<strong>Les flammes s'\u00e9l\u00e8veront \u00e0 la tomb\u00e9e de la nuit.<\/strong><\/div>\n<hr \/>\n<p class=\"lead\"><strong>Vous souhaitez faire partie de nos \u00e9quipes Effigie ou Temple ?<\/strong> <a href=\"https:\/\/sideburn.ca\/fr\/participate\/volunteer\/call-for-volunteers-hr-co-lead-art-truck-coordinator-and-temple-effigy-crew\/\">Rejoignez-nous \u2014 nous avons besoin de b\u00e9n\u00e9voles !<\/a><\/p>","protected":false},"excerpt":{"rendered":"<p>Plongez dans l'esprit de SideBurn 2026 avec des si\u00e8ges accessibles, des installations artistiques \u00e9tonnantes et les c\u00e9r\u00e9monies de mise \u00e0 feu du Temple et de l'Effigie !<\/p>","protected":false},"author":2,"featured_media":1352,"parent":63,"menu_order":0,"comment_status":"closed","ping_status":"closed","template":"","meta":{"_acf_changed":false,"nf_dc_page":"","footnotes":""},"class_list":["post-1346","page","type-page","status-publish","has-post-thumbnail","hentry"],"acf":[],"yoast_head":"<!-- This site is optimized with the Yoast SEO plugin v27.4 - https:\/\/yoast.com\/product\/yoast-seo-wordpress\/ -->\n<title>Unveiling 2026\u2019s Effigy &amp; Temple! - SideBurn<\/title>\n<meta name=\"robots\" content=\"index, follow, max-snippet:-1, max-image-preview:large, max-video-preview:-1\" \/>\n<link rel=\"canonical\" href=\"https:\/\/sideburn.ca\/fr\/the-event\/unveiling-sideburn-2025s-temple-effigy\/\" \/>\n<meta property=\"og:locale\" content=\"fr_CA\" \/>\n<meta property=\"og:type\" content=\"article\" \/>\n<meta property=\"og:title\" content=\"Unveiling 2026\u2019s Effigy &amp; Temple! - SideBurn\" \/>\n<meta property=\"og:description\" content=\"Dive into the spirit of SideBurn 2026 with accessible seating, stunning art installations, and the powerful Temple and Effigy burns!\" \/>\n<meta property=\"og:url\" content=\"https:\/\/sideburn.ca\/fr\/the-event\/unveiling-sideburn-2025s-temple-effigy\/\" \/>\n<meta property=\"og:site_name\" content=\"SideBurn\" \/>\n<meta property=\"article:publisher\" content=\"https:\/\/www.facebook.com\/groups\/145939082634753\" \/>\n<meta property=\"article:modified_time\" content=\"2026-03-04T00:32:59+00:00\" \/>\n<meta property=\"og:image\" content=\"https:\/\/sideburn.ca\/wp-content\/uploads\/2025\/03\/header-effigy-temple.jpg\" \/>\n\t<meta property=\"og:image:width\" content=\"1522\" \/>\n\t<meta property=\"og:image:height\" content=\"698\" \/>\n\t<meta property=\"og:image:type\" content=\"image\/jpeg\" \/>\n<meta name=\"twitter:card\" content=\"summary_large_image\" \/>\n<meta name=\"twitter:label1\" content=\"Est. reading time\" \/>\n\t<meta name=\"twitter:data1\" content=\"3 minutes\" \/>\n<script type=\"application\/ld+json\" class=\"yoast-schema-graph\">{\"@context\":\"https:\\\/\\\/schema.org\",\"@graph\":[{\"@type\":\"WebPage\",\"@id\":\"https:\\\/\\\/sideburn.ca\\\/the-event\\\/unveiling-sideburn-2025s-temple-effigy\\\/\",\"url\":\"https:\\\/\\\/sideburn.ca\\\/the-event\\\/unveiling-sideburn-2025s-temple-effigy\\\/\",\"name\":\"Unveiling 2026\u2019s Effigy & Temple! - SideBurn\",\"isPartOf\":{\"@id\":\"https:\\\/\\\/dbx.gdr.mybluehost.me\\\/#website\"},\"primaryImageOfPage\":{\"@id\":\"https:\\\/\\\/sideburn.ca\\\/the-event\\\/unveiling-sideburn-2025s-temple-effigy\\\/#primaryimage\"},\"image\":{\"@id\":\"https:\\\/\\\/sideburn.ca\\\/the-event\\\/unveiling-sideburn-2025s-temple-effigy\\\/#primaryimage\"},\"thumbnailUrl\":\"https:\\\/\\\/sideburn.ca\\\/wp-content\\\/uploads\\\/2025\\\/03\\\/header-effigy-temple.jpg\",\"datePublished\":\"2025-03-13T16:20:33+00:00\",\"dateModified\":\"2026-03-04T00:32:59+00:00\",\"breadcrumb\":{\"@id\":\"https:\\\/\\\/sideburn.ca\\\/the-event\\\/unveiling-sideburn-2025s-temple-effigy\\\/#breadcrumb\"},\"inLanguage\":\"fr-CA\",\"potentialAction\":[{\"@type\":\"ReadAction\",\"target\":[\"https:\\\/\\\/sideburn.ca\\\/the-event\\\/unveiling-sideburn-2025s-temple-effigy\\\/\"]}]},{\"@type\":\"ImageObject\",\"inLanguage\":\"fr-CA\",\"@id\":\"https:\\\/\\\/sideburn.ca\\\/the-event\\\/unveiling-sideburn-2025s-temple-effigy\\\/#primaryimage\",\"url\":\"https:\\\/\\\/sideburn.ca\\\/wp-content\\\/uploads\\\/2025\\\/03\\\/header-effigy-temple.jpg\",\"contentUrl\":\"https:\\\/\\\/sideburn.ca\\\/wp-content\\\/uploads\\\/2025\\\/03\\\/header-effigy-temple.jpg\",\"width\":1522,\"height\":698},{\"@type\":\"BreadcrumbList\",\"@id\":\"https:\\\/\\\/sideburn.ca\\\/the-event\\\/unveiling-sideburn-2025s-temple-effigy\\\/#breadcrumb\",\"itemListElement\":[{\"@type\":\"ListItem\",\"position\":1,\"name\":\"Home\",\"item\":\"https:\\\/\\\/sideburn.ca\\\/\"},{\"@type\":\"ListItem\",\"position\":2,\"name\":\"The Event\",\"item\":\"https:\\\/\\\/sideburn.ca\\\/the-event\\\/\"},{\"@type\":\"ListItem\",\"position\":3,\"name\":\"Unveiling 2026\u2019s Effigy &#038; Temple!\"}]},{\"@type\":\"WebSite\",\"@id\":\"https:\\\/\\\/dbx.gdr.mybluehost.me\\\/#website\",\"url\":\"https:\\\/\\\/dbx.gdr.mybluehost.me\\\/\",\"name\":\"SideBurn\",\"description\":\"Chromatic Carnival\",\"publisher\":{\"@id\":\"https:\\\/\\\/dbx.gdr.mybluehost.me\\\/#organization\"},\"potentialAction\":[{\"@type\":\"SearchAction\",\"target\":{\"@type\":\"EntryPoint\",\"urlTemplate\":\"https:\\\/\\\/dbx.gdr.mybluehost.me\\\/?s={search_term_string}\"},\"query-input\":{\"@type\":\"PropertyValueSpecification\",\"valueRequired\":true,\"valueName\":\"search_term_string\"}}],\"inLanguage\":\"fr-CA\"},{\"@type\":\"Organization\",\"@id\":\"https:\\\/\\\/dbx.gdr.mybluehost.me\\\/#organization\",\"name\":\"SideBurn\",\"url\":\"https:\\\/\\\/dbx.gdr.mybluehost.me\\\/\",\"logo\":{\"@type\":\"ImageObject\",\"inLanguage\":\"fr-CA\",\"@id\":\"https:\\\/\\\/dbx.gdr.mybluehost.me\\\/#\\\/schema\\\/logo\\\/image\\\/\",\"url\":\"https:\\\/\\\/i0.wp.com\\\/sideburn.ca\\\/wp-content\\\/uploads\\\/2024\\\/12\\\/logo-sideburn-full-1.png?fit=1259%2C496&ssl=1\",\"contentUrl\":\"https:\\\/\\\/i0.wp.com\\\/sideburn.ca\\\/wp-content\\\/uploads\\\/2024\\\/12\\\/logo-sideburn-full-1.png?fit=1259%2C496&ssl=1\",\"width\":1259,\"height\":496,\"caption\":\"SideBurn\"},\"image\":{\"@id\":\"https:\\\/\\\/dbx.gdr.mybluehost.me\\\/#\\\/schema\\\/logo\\\/image\\\/\"},\"sameAs\":[\"https:\\\/\\\/www.facebook.com\\\/groups\\\/145939082634753\",\"https:\\\/\\\/www.instagram.com\\\/sideburnregional\\\/\"]}]}<\/script>\n<!-- \/ Yoast SEO plugin. -->","yoast_head_json":{"title":"Unveiling 2026\u2019s Effigy & Temple! - SideBurn","robots":{"index":"index","follow":"follow","max-snippet":"max-snippet:-1","max-image-preview":"max-image-preview:large","max-video-preview":"max-video-preview:-1"},"canonical":"https:\/\/sideburn.ca\/fr\/the-event\/unveiling-sideburn-2025s-temple-effigy\/","og_locale":"fr_CA","og_type":"article","og_title":"Unveiling 2026\u2019s Effigy & Temple! - SideBurn","og_description":"Dive into the spirit of SideBurn 2026 with accessible seating, stunning art installations, and the powerful Temple and Effigy burns!","og_url":"https:\/\/sideburn.ca\/fr\/the-event\/unveiling-sideburn-2025s-temple-effigy\/","og_site_name":"SideBurn","article_publisher":"https:\/\/www.facebook.com\/groups\/145939082634753","article_modified_time":"2026-03-04T00:32:59+00:00","og_image":[{"width":1522,"height":698,"url":"https:\/\/sideburn.ca\/wp-content\/uploads\/2025\/03\/header-effigy-temple.jpg","type":"image\/jpeg"}],"twitter_card":"summary_large_image","twitter_misc":{"Est. reading time":"3 minutes"},"schema":{"@context":"https:\/\/schema.org","@graph":[{"@type":"WebPage","@id":"https:\/\/sideburn.ca\/the-event\/unveiling-sideburn-2025s-temple-effigy\/","url":"https:\/\/sideburn.ca\/the-event\/unveiling-sideburn-2025s-temple-effigy\/","name":"Unveiling 2026\u2019s Effigy & Temple! - SideBurn","isPartOf":{"@id":"https:\/\/dbx.gdr.mybluehost.me\/#website"},"primaryImageOfPage":{"@id":"https:\/\/sideburn.ca\/the-event\/unveiling-sideburn-2025s-temple-effigy\/#primaryimage"},"image":{"@id":"https:\/\/sideburn.ca\/the-event\/unveiling-sideburn-2025s-temple-effigy\/#primaryimage"},"thumbnailUrl":"https:\/\/sideburn.ca\/wp-content\/uploads\/2025\/03\/header-effigy-temple.jpg","datePublished":"2025-03-13T16:20:33+00:00","dateModified":"2026-03-04T00:32:59+00:00","breadcrumb":{"@id":"https:\/\/sideburn.ca\/the-event\/unveiling-sideburn-2025s-temple-effigy\/#breadcrumb"},"inLanguage":"fr-CA","potentialAction":[{"@type":"ReadAction","target":["https:\/\/sideburn.ca\/the-event\/unveiling-sideburn-2025s-temple-effigy\/"]}]},{"@type":"ImageObject","inLanguage":"fr-CA","@id":"https:\/\/sideburn.ca\/the-event\/unveiling-sideburn-2025s-temple-effigy\/#primaryimage","url":"https:\/\/sideburn.ca\/wp-content\/uploads\/2025\/03\/header-effigy-temple.jpg","contentUrl":"https:\/\/sideburn.ca\/wp-content\/uploads\/2025\/03\/header-effigy-temple.jpg","width":1522,"height":698},{"@type":"BreadcrumbList","@id":"https:\/\/sideburn.ca\/the-event\/unveiling-sideburn-2025s-temple-effigy\/#breadcrumb","itemListElement":[{"@type":"ListItem","position":1,"name":"Home","item":"https:\/\/sideburn.ca\/"},{"@type":"ListItem","position":2,"name":"The Event","item":"https:\/\/sideburn.ca\/the-event\/"},{"@type":"ListItem","position":3,"name":"Unveiling 2026\u2019s Effigy &#038; Temple!"}]},{"@type":"WebSite","@id":"https:\/\/dbx.gdr.mybluehost.me\/#website","url":"https:\/\/dbx.gdr.mybluehost.me\/","name":"SideBurn","description":"Carnaval chromatique","publisher":{"@id":"https:\/\/dbx.gdr.mybluehost.me\/#organization"},"potentialAction":[{"@type":"SearchAction","target":{"@type":"EntryPoint","urlTemplate":"https:\/\/dbx.gdr.mybluehost.me\/?s={search_term_string}"},"query-input":{"@type":"PropertyValueSpecification","valueRequired":true,"valueName":"search_term_string"}}],"inLanguage":"fr-CA"},{"@type":"Organization","@id":"https:\/\/dbx.gdr.mybluehost.me\/#organization","name":"SideBurn","url":"https:\/\/dbx.gdr.mybluehost.me\/","logo":{"@type":"ImageObject","inLanguage":"fr-CA","@id":"https:\/\/dbx.gdr.mybluehost.me\/#\/schema\/logo\/image\/","url":"https:\/\/i0.wp.com\/sideburn.ca\/wp-content\/uploads\/2024\/12\/logo-sideburn-full-1.png?fit=1259%2C496&ssl=1","contentUrl":"https:\/\/i0.wp.com\/sideburn.ca\/wp-content\/uploads\/2024\/12\/logo-sideburn-full-1.png?fit=1259%2C496&ssl=1","width":1259,"height":496,"caption":"SideBurn"},"image":{"@id":"https:\/\/dbx.gdr.mybluehost.me\/#\/schema\/logo\/image\/"},"sameAs":["https:\/\/www.facebook.com\/groups\/145939082634753","https:\/\/www.instagram.com\/sideburnregional\/"]}]}},"_links":{"self":[{"href":"https:\/\/sideburn.ca\/fr\/wp-json\/wp\/v2\/pages\/1346","targetHints":{"allow":["GET"]}}],"collection":[{"href":"https:\/\/sideburn.ca\/fr\/wp-json\/wp\/v2\/pages"}],"about":[{"href":"https:\/\/sideburn.ca\/fr\/wp-json\/wp\/v2\/types\/page"}],"author":[{"embeddable":true,"href":"https:\/\/sideburn.ca\/fr\/wp-json\/wp\/v2\/users\/2"}],"replies":[{"embeddable":true,"href":"https:\/\/sideburn.ca\/fr\/wp-json\/wp\/v2\/comments?post=1346"}],"version-history":[{"count":15,"href":"https:\/\/sideburn.ca\/fr\/wp-json\/wp\/v2\/pages\/1346\/revisions"}],"predecessor-version":[{"id":2482,"href":"https:\/\/sideburn.ca\/fr\/wp-json\/wp\/v2\/pages\/1346\/revisions\/2482"}],"up":[{"embeddable":true,"href":"https:\/\/sideburn.ca\/fr\/wp-json\/wp\/v2\/pages\/63"}],"wp:featuredmedia":[{"embeddable":true,"href":"https:\/\/sideburn.ca\/fr\/wp-json\/wp\/v2\/media\/1352"}],"wp:attachment":[{"href":"https:\/\/sideburn.ca\/fr\/wp-json\/wp\/v2\/media?parent=1346"}],"curies":[{"name":"wp","href":"https:\/\/api.w.org\/{rel}","templated":true}]}}