{"id":1325,"date":"2025-03-09T00:11:42","date_gmt":"2025-03-09T00:11:42","guid":{"rendered":"https:\/\/sideburn.ca\/?page_id=1325"},"modified":"2025-04-10T16:18:57","modified_gmt":"2025-04-10T16:18:57","slug":"call-for-volunteers-hr-co-lead-art-truck-coordinator-and-temple-effigy-crew","status":"publish","type":"page","link":"https:\/\/sideburn.ca\/fr\/participate\/volunteer\/call-for-volunteers-hr-co-lead-art-truck-coordinator-and-temple-effigy-crew\/","title":{"rendered":"Appel \u00e0 volontaires"},"content":{"rendered":"<p class=\"lead\">SideBurn est \u00e0 la recherche de b\u00e9n\u00e9voles passionn\u00e9s, organis\u00e9s et enthousiastes pour aider \u00e0 faire de l'\u00e9v\u00e9nement de cette ann\u00e9e un succ\u00e8s !<\/p>\n<p>Nous avons actuellement plusieurs postes cl\u00e9s \u00e0 pourvoir : <strong>Temple\/Effigie Crew<\/strong>. Que vous soyez dou\u00e9 pour assurer le bon d\u00e9roulement des op\u00e9rations sur le site ou pour coordonner la logistique en coulisses, nous serions ravis de vous compter parmi nous. Aucune exp\u00e9rience pr\u00e9alable n'est requise, mais une volont\u00e9 d'apprendre et de faire partie d'une \u00e9quipe formidable. Consultez les d\u00e9tails ci-dessous et envoyez-nous un courriel \u00e0 l'adresse suivante <a href=\"mailto:volunteer@sideburn.ca\">volunteer@sideburn.ca<\/a> si vous \u00eates int\u00e9ress\u00e9(e) !<\/p>\n<div class=\"boxit d-none\">\n<h2>Co-responsable du si\u00e8ge social<\/h2>\n<p>Nous recherchons une personne d\u00e9vou\u00e9e pour \u00eatre co-responsable du QG. Le QG est l'endroit o\u00f9 les gens ach\u00e8tent de la glace, s'inscrivent pour leurs quarts de travail et obtiennent des informations sur l'\u00e9v\u00e9nement. Votre r\u00f4le consistera \u00e0 faciliter la rel\u00e8ve du personnel du QG plusieurs fois par jour (en alternance avec vos deux autres co-responsables). Nous recherchons quelqu'un d'amical, pr\u00eat \u00e0 apprendre (aucune expertise n'est n\u00e9cessaire - c'est aussi ma premi\u00e8re fois !), organis\u00e9 et ponctuel. <\/p>\n<p><i class=\"fa-solid fa-envelope me-2\"><\/i>Envoyez un courriel \u00e0 Rebecca, \u00e0 l'adresse suivante <a href=\"mailto:volunteer@sideburn.ca\">volunteer@sideburn.ca<\/a> pour plus d'informations.\n<\/div>\n<div class=\"boxit d-none\">\n<h2>Coordinateur du camion d'art<\/h2>\n<p>Le coordinateur du camion d'\u0153uvres d'art est charg\u00e9 d'organiser le transport des \u0153uvres d'art vers et depuis l'\u00e9v\u00e9nement. Bien que le coordinateur ne doive pas superviser tous les chargements\/d\u00e9chargements en personne, il doit assurer la supervision et agir en tant que contact principal pour un responsable sur chaque site de ramassage\/d\u00e9chargement. Bien que la plupart des coordinations puissent \u00eatre effectu\u00e9es par e-mail, une certaine communication via Discord est attendue. Nous pouvons vous montrer comment l'utiliser si vous n'avez pas encore de compte !<\/p>\n<h3>Principales responsabilit\u00e9s<\/h3>\n<p><strong>En \u00e9troite collaboration avec le responsable artistique, vous devrez.. :<\/strong><\/p>\n<ul>\n<li><strong>Coordination avec les artistes<\/strong> pour le transport<\/li>\n<li><strong>Organiser la location de camions ou de camionnettes<\/strong> de Toronto, de Montr\u00e9al et \u00e9ventuellement d'Ottawa<\/li>\n<li><strong>Superviser le transport des \u0153uvres d'art,<\/strong> y compris :\n<ul class=\"mt-0\">\n<li>D\u00e9p\u00f4t d'\u0153uvres d'art et chargement de camions<\/li>\n<li>D\u00e9chargement des camions sur le site de SideBurn<\/li>\n<li>Chargement des camions le jour de l'Exode<\/li>\n<li>D\u00e9chargement de camions dans les villes \/ ramassage de marchandises<\/li>\n<\/ul>\n<\/li>\n<li><strong>Communiquer<\/strong> avec les chauffeurs de camions d'art<\/li>\n<li><strong>Suivi de toutes les d\u00e9penses li\u00e9es au camion d'\u0153uvres d'art<\/strong> pour les remboursements<\/li>\n<li>Id\u00e9alement, mais pas obligatoirement : <strong>\u00catre pr\u00e9sent \u00e0 SideBurn lors de l'arriv\u00e9e anticip\u00e9e (mardi et mercredi).<\/strong><\/li>\n<\/ul>\n<p><i class=\"fa-solid fa-envelope me-2\"><\/i>Envoyez un courriel \u00e0 Rebecca, \u00e0 l'adresse suivante <a href=\"mailto:volunteer@sideburn.ca\">volunteer@sideburn.ca<\/a> pour plus d'informations.\n<\/div>\n<div class=\"boxit\">\n<h2>Rejoignez l'\u00e9quipe du Temple et de l'Effigie !<\/h2>\n<p><strong>\u00cates-vous pr\u00eat \u00e0 participer \u00e0 un \u00e9v\u00e9nement inoubliable ?<\/strong> Nos \u00e9quipes charg\u00e9es des temples et des effigies recherchent des b\u00e9n\u00e9voles d\u00e9vou\u00e9s pour les aider \u00e0 donner vie \u00e0 ces structures embl\u00e9matiques.<\/p>\n<p><strong>\u00c9quipe Effigie -<\/strong> Contactez Karl \u00e0 l'adresse suivante <a href=\"mailto:karl@sideburn.ca\">karl@sideburn.ca<\/a><\/p>\n<ul>\n<li><strong>Pr\u00e9-construction<\/strong> \u00e0 Port Perry, ON<\/li>\n<li><strong>Construction sur site<\/strong> chez SideBurn<\/li>\n<li><strong>Gardiens du feu<\/strong> (surveillance des incendies apr\u00e8s br\u00fblage et ratissage)<\/li>\n<\/ul>\n<p><strong>\u00c9quipe du Temple -<\/strong> Contactez Sky \u00e0 l'adresse suivante <a href=\"mailto:skyeceulusoy@gmail.com\">skyeceulusoy@gmail.com<\/a><\/p>\n<ul>\n<li><strong>Pr\u00e9-construction<\/strong> \u00e0 Toronto, ON<\/li>\n<li><strong>Construction sur site<\/strong> chez SideBurn<\/li>\n<li><strong>Gardiens du feu<\/strong> (surveillance des incendies apr\u00e8s br\u00fblage et ratissage)<\/li>\n<\/ul>\n<\/div>\n<div class=\"boxit\">\n<h2>P\u00e9rim\u00e8tre d'effigie<\/h2>\n<p><strong>L'Effigie ne br\u00fblera pas si nous n'obtenons pas 19 \u00e0 24 personnes suppl\u00e9mentaires pour aider \u00e0 assurer la s\u00e9curit\u00e9 des participants !<\/strong> Certains disent que voir l'\u00e9merveillement sur les visages des membres de votre communaut\u00e9 est encore plus sp\u00e9cial que le feu lui-m\u00eame. Les b\u00e9n\u00e9voles charg\u00e9s de la s\u00e9curit\u00e9 p\u00e9rim\u00e9trique veillent \u00e0 la s\u00e9curit\u00e9 pendant la combustion de l'effigie et du temple en surveillant toute personne qui franchirait les lignes jusqu'\u00e0 ce que le responsable de la s\u00e9curit\u00e9 p\u00e9rim\u00e9trique d\u00e9clare que tout est s\u00fbr. Vous serez post\u00e9 juste \u00e0 l'int\u00e9rieur du p\u00e9rim\u00e8tre, face \u00e0 l'ext\u00e9rieur.<\/p>\n<p>Pour vous inscrire, veuillez consulter notre <a href=\"https:\/\/volunteer.sideburn.ca\/\" target=\"_blank\">portail des b\u00e9n\u00e9voles<\/a> et s\u00e9lectionnez le d\u00e9calage de p\u00e9rim\u00e8tre.\n<\/div>","protected":false},"excerpt":{"rendered":"<p>SideBurn is looking for passionate, organized, and enthusiastic volunteers to help make this year\u2019s event a success! We currently have various key roles open: Temple\/Effigy Crew. Whether you&#8217;re great at keeping things running smoothly on-site or coordinating logistics behind the scenes, we\u2019d love to have you on board. No prior experience is required\u2014just a willingness&#8230;<\/p>","protected":false},"author":2,"featured_media":476,"parent":105,"menu_order":0,"comment_status":"closed","ping_status":"closed","template":"","meta":{"_acf_changed":false,"nf_dc_page":"","footnotes":""},"class_list":["post-1325","page","type-page","status-publish","has-post-thumbnail","hentry"],"acf":[],"yoast_head":"<!-- This site is optimized with the Yoast SEO plugin v27.4 - https:\/\/yoast.com\/product\/yoast-seo-wordpress\/ -->\n<title>Call for Volunteers - SideBurn<\/title>\n<meta name=\"robots\" content=\"index, follow, max-snippet:-1, max-image-preview:large, max-video-preview:-1\" \/>\n<link rel=\"canonical\" href=\"https:\/\/sideburn.ca\/fr\/participate\/volunteer\/call-for-volunteers-hr-co-lead-art-truck-coordinator-and-temple-effigy-crew\/\" \/>\n<meta property=\"og:locale\" content=\"fr_CA\" \/>\n<meta property=\"og:type\" content=\"article\" \/>\n<meta property=\"og:title\" content=\"Call for Volunteers - SideBurn\" \/>\n<meta property=\"og:description\" content=\"SideBurn is looking for passionate, organized, and enthusiastic volunteers to help make this year\u2019s event a success! We currently have various key roles open: Temple\/Effigy Crew. Whether you&#8217;re great at keeping things running smoothly on-site or coordinating logistics behind the scenes, we\u2019d love to have you on board. No prior experience is required\u2014just a willingness...\" \/>\n<meta property=\"og:url\" content=\"https:\/\/sideburn.ca\/fr\/participate\/volunteer\/call-for-volunteers-hr-co-lead-art-truck-coordinator-and-temple-effigy-crew\/\" \/>\n<meta property=\"og:site_name\" content=\"SideBurn\" \/>\n<meta property=\"article:publisher\" content=\"https:\/\/www.facebook.com\/groups\/145939082634753\" \/>\n<meta property=\"article:modified_time\" content=\"2025-04-10T16:18:57+00:00\" \/>\n<meta property=\"og:image\" content=\"https:\/\/sideburn.ca\/wp-content\/uploads\/2024\/12\/header-nominate.jpg\" \/>\n\t<meta property=\"og:image:width\" content=\"1200\" \/>\n\t<meta property=\"og:image:height\" content=\"712\" \/>\n\t<meta property=\"og:image:type\" content=\"image\/jpeg\" \/>\n<meta name=\"twitter:card\" content=\"summary_large_image\" \/>\n<meta name=\"twitter:label1\" content=\"Est. reading time\" \/>\n\t<meta name=\"twitter:data1\" content=\"2 minutes\" \/>\n<script type=\"application\/ld+json\" class=\"yoast-schema-graph\">{\"@context\":\"https:\\\/\\\/schema.org\",\"@graph\":[{\"@type\":\"WebPage\",\"@id\":\"https:\\\/\\\/sideburn.ca\\\/participate\\\/volunteer\\\/call-for-volunteers-hr-co-lead-art-truck-coordinator-and-temple-effigy-crew\\\/\",\"url\":\"https:\\\/\\\/sideburn.ca\\\/participate\\\/volunteer\\\/call-for-volunteers-hr-co-lead-art-truck-coordinator-and-temple-effigy-crew\\\/\",\"name\":\"Call for Volunteers - SideBurn\",\"isPartOf\":{\"@id\":\"https:\\\/\\\/dbx.gdr.mybluehost.me\\\/#website\"},\"primaryImageOfPage\":{\"@id\":\"https:\\\/\\\/sideburn.ca\\\/participate\\\/volunteer\\\/call-for-volunteers-hr-co-lead-art-truck-coordinator-and-temple-effigy-crew\\\/#primaryimage\"},\"image\":{\"@id\":\"https:\\\/\\\/sideburn.ca\\\/participate\\\/volunteer\\\/call-for-volunteers-hr-co-lead-art-truck-coordinator-and-temple-effigy-crew\\\/#primaryimage\"},\"thumbnailUrl\":\"https:\\\/\\\/sideburn.ca\\\/wp-content\\\/uploads\\\/2024\\\/12\\\/header-nominate.jpg\",\"datePublished\":\"2025-03-09T00:11:42+00:00\",\"dateModified\":\"2025-04-10T16:18:57+00:00\",\"breadcrumb\":{\"@id\":\"https:\\\/\\\/sideburn.ca\\\/participate\\\/volunteer\\\/call-for-volunteers-hr-co-lead-art-truck-coordinator-and-temple-effigy-crew\\\/#breadcrumb\"},\"inLanguage\":\"fr-CA\",\"potentialAction\":[{\"@type\":\"ReadAction\",\"target\":[\"https:\\\/\\\/sideburn.ca\\\/participate\\\/volunteer\\\/call-for-volunteers-hr-co-lead-art-truck-coordinator-and-temple-effigy-crew\\\/\"]}]},{\"@type\":\"ImageObject\",\"inLanguage\":\"fr-CA\",\"@id\":\"https:\\\/\\\/sideburn.ca\\\/participate\\\/volunteer\\\/call-for-volunteers-hr-co-lead-art-truck-coordinator-and-temple-effigy-crew\\\/#primaryimage\",\"url\":\"https:\\\/\\\/sideburn.ca\\\/wp-content\\\/uploads\\\/2024\\\/12\\\/header-nominate.jpg\",\"contentUrl\":\"https:\\\/\\\/sideburn.ca\\\/wp-content\\\/uploads\\\/2024\\\/12\\\/header-nominate.jpg\",\"width\":1200,\"height\":712},{\"@type\":\"BreadcrumbList\",\"@id\":\"https:\\\/\\\/sideburn.ca\\\/participate\\\/volunteer\\\/call-for-volunteers-hr-co-lead-art-truck-coordinator-and-temple-effigy-crew\\\/#breadcrumb\",\"itemListElement\":[{\"@type\":\"ListItem\",\"position\":1,\"name\":\"Home\",\"item\":\"https:\\\/\\\/sideburn.ca\\\/\"},{\"@type\":\"ListItem\",\"position\":2,\"name\":\"Participate\",\"item\":\"https:\\\/\\\/sideburn.ca\\\/participate\\\/\"},{\"@type\":\"ListItem\",\"position\":3,\"name\":\"Volunteer\",\"item\":\"https:\\\/\\\/sideburn.ca\\\/participate\\\/volunteer\\\/\"},{\"@type\":\"ListItem\",\"position\":4,\"name\":\"Call for Volunteers\"}]},{\"@type\":\"WebSite\",\"@id\":\"https:\\\/\\\/dbx.gdr.mybluehost.me\\\/#website\",\"url\":\"https:\\\/\\\/dbx.gdr.mybluehost.me\\\/\",\"name\":\"SideBurn\",\"description\":\"Chromatic Carnival\",\"publisher\":{\"@id\":\"https:\\\/\\\/dbx.gdr.mybluehost.me\\\/#organization\"},\"potentialAction\":[{\"@type\":\"SearchAction\",\"target\":{\"@type\":\"EntryPoint\",\"urlTemplate\":\"https:\\\/\\\/dbx.gdr.mybluehost.me\\\/?s={search_term_string}\"},\"query-input\":{\"@type\":\"PropertyValueSpecification\",\"valueRequired\":true,\"valueName\":\"search_term_string\"}}],\"inLanguage\":\"fr-CA\"},{\"@type\":\"Organization\",\"@id\":\"https:\\\/\\\/dbx.gdr.mybluehost.me\\\/#organization\",\"name\":\"SideBurn\",\"url\":\"https:\\\/\\\/dbx.gdr.mybluehost.me\\\/\",\"logo\":{\"@type\":\"ImageObject\",\"inLanguage\":\"fr-CA\",\"@id\":\"https:\\\/\\\/dbx.gdr.mybluehost.me\\\/#\\\/schema\\\/logo\\\/image\\\/\",\"url\":\"https:\\\/\\\/i0.wp.com\\\/sideburn.ca\\\/wp-content\\\/uploads\\\/2024\\\/12\\\/logo-sideburn-full-1.png?fit=1259%2C496&ssl=1\",\"contentUrl\":\"https:\\\/\\\/i0.wp.com\\\/sideburn.ca\\\/wp-content\\\/uploads\\\/2024\\\/12\\\/logo-sideburn-full-1.png?fit=1259%2C496&ssl=1\",\"width\":1259,\"height\":496,\"caption\":\"SideBurn\"},\"image\":{\"@id\":\"https:\\\/\\\/dbx.gdr.mybluehost.me\\\/#\\\/schema\\\/logo\\\/image\\\/\"},\"sameAs\":[\"https:\\\/\\\/www.facebook.com\\\/groups\\\/145939082634753\",\"https:\\\/\\\/www.instagram.com\\\/sideburnregional\\\/\"]}]}<\/script>\n<!-- \/ Yoast SEO plugin. -->","yoast_head_json":{"title":"Call for Volunteers - SideBurn","robots":{"index":"index","follow":"follow","max-snippet":"max-snippet:-1","max-image-preview":"max-image-preview:large","max-video-preview":"max-video-preview:-1"},"canonical":"https:\/\/sideburn.ca\/fr\/participate\/volunteer\/call-for-volunteers-hr-co-lead-art-truck-coordinator-and-temple-effigy-crew\/","og_locale":"fr_CA","og_type":"article","og_title":"Call for Volunteers - SideBurn","og_description":"SideBurn is looking for passionate, organized, and enthusiastic volunteers to help make this year\u2019s event a success! We currently have various key roles open: Temple\/Effigy Crew. Whether you&#8217;re great at keeping things running smoothly on-site or coordinating logistics behind the scenes, we\u2019d love to have you on board. No prior experience is required\u2014just a willingness...","og_url":"https:\/\/sideburn.ca\/fr\/participate\/volunteer\/call-for-volunteers-hr-co-lead-art-truck-coordinator-and-temple-effigy-crew\/","og_site_name":"SideBurn","article_publisher":"https:\/\/www.facebook.com\/groups\/145939082634753","article_modified_time":"2025-04-10T16:18:57+00:00","og_image":[{"width":1200,"height":712,"url":"https:\/\/sideburn.ca\/wp-content\/uploads\/2024\/12\/header-nominate.jpg","type":"image\/jpeg"}],"twitter_card":"summary_large_image","twitter_misc":{"Est. reading time":"2 minutes"},"schema":{"@context":"https:\/\/schema.org","@graph":[{"@type":"WebPage","@id":"https:\/\/sideburn.ca\/participate\/volunteer\/call-for-volunteers-hr-co-lead-art-truck-coordinator-and-temple-effigy-crew\/","url":"https:\/\/sideburn.ca\/participate\/volunteer\/call-for-volunteers-hr-co-lead-art-truck-coordinator-and-temple-effigy-crew\/","name":"Call for Volunteers - SideBurn","isPartOf":{"@id":"https:\/\/dbx.gdr.mybluehost.me\/#website"},"primaryImageOfPage":{"@id":"https:\/\/sideburn.ca\/participate\/volunteer\/call-for-volunteers-hr-co-lead-art-truck-coordinator-and-temple-effigy-crew\/#primaryimage"},"image":{"@id":"https:\/\/sideburn.ca\/participate\/volunteer\/call-for-volunteers-hr-co-lead-art-truck-coordinator-and-temple-effigy-crew\/#primaryimage"},"thumbnailUrl":"https:\/\/sideburn.ca\/wp-content\/uploads\/2024\/12\/header-nominate.jpg","datePublished":"2025-03-09T00:11:42+00:00","dateModified":"2025-04-10T16:18:57+00:00","breadcrumb":{"@id":"https:\/\/sideburn.ca\/participate\/volunteer\/call-for-volunteers-hr-co-lead-art-truck-coordinator-and-temple-effigy-crew\/#breadcrumb"},"inLanguage":"fr-CA","potentialAction":[{"@type":"ReadAction","target":["https:\/\/sideburn.ca\/participate\/volunteer\/call-for-volunteers-hr-co-lead-art-truck-coordinator-and-temple-effigy-crew\/"]}]},{"@type":"ImageObject","inLanguage":"fr-CA","@id":"https:\/\/sideburn.ca\/participate\/volunteer\/call-for-volunteers-hr-co-lead-art-truck-coordinator-and-temple-effigy-crew\/#primaryimage","url":"https:\/\/sideburn.ca\/wp-content\/uploads\/2024\/12\/header-nominate.jpg","contentUrl":"https:\/\/sideburn.ca\/wp-content\/uploads\/2024\/12\/header-nominate.jpg","width":1200,"height":712},{"@type":"BreadcrumbList","@id":"https:\/\/sideburn.ca\/participate\/volunteer\/call-for-volunteers-hr-co-lead-art-truck-coordinator-and-temple-effigy-crew\/#breadcrumb","itemListElement":[{"@type":"ListItem","position":1,"name":"Home","item":"https:\/\/sideburn.ca\/"},{"@type":"ListItem","position":2,"name":"Participate","item":"https:\/\/sideburn.ca\/participate\/"},{"@type":"ListItem","position":3,"name":"Volunteer","item":"https:\/\/sideburn.ca\/participate\/volunteer\/"},{"@type":"ListItem","position":4,"name":"Call for Volunteers"}]},{"@type":"WebSite","@id":"https:\/\/dbx.gdr.mybluehost.me\/#website","url":"https:\/\/dbx.gdr.mybluehost.me\/","name":"SideBurn","description":"Carnaval chromatique","publisher":{"@id":"https:\/\/dbx.gdr.mybluehost.me\/#organization"},"potentialAction":[{"@type":"SearchAction","target":{"@type":"EntryPoint","urlTemplate":"https:\/\/dbx.gdr.mybluehost.me\/?s={search_term_string}"},"query-input":{"@type":"PropertyValueSpecification","valueRequired":true,"valueName":"search_term_string"}}],"inLanguage":"fr-CA"},{"@type":"Organization","@id":"https:\/\/dbx.gdr.mybluehost.me\/#organization","name":"SideBurn","url":"https:\/\/dbx.gdr.mybluehost.me\/","logo":{"@type":"ImageObject","inLanguage":"fr-CA","@id":"https:\/\/dbx.gdr.mybluehost.me\/#\/schema\/logo\/image\/","url":"https:\/\/i0.wp.com\/sideburn.ca\/wp-content\/uploads\/2024\/12\/logo-sideburn-full-1.png?fit=1259%2C496&ssl=1","contentUrl":"https:\/\/i0.wp.com\/sideburn.ca\/wp-content\/uploads\/2024\/12\/logo-sideburn-full-1.png?fit=1259%2C496&ssl=1","width":1259,"height":496,"caption":"SideBurn"},"image":{"@id":"https:\/\/dbx.gdr.mybluehost.me\/#\/schema\/logo\/image\/"},"sameAs":["https:\/\/www.facebook.com\/groups\/145939082634753","https:\/\/www.instagram.com\/sideburnregional\/"]}]}},"_links":{"self":[{"href":"https:\/\/sideburn.ca\/fr\/wp-json\/wp\/v2\/pages\/1325","targetHints":{"allow":["GET"]}}],"collection":[{"href":"https:\/\/sideburn.ca\/fr\/wp-json\/wp\/v2\/pages"}],"about":[{"href":"https:\/\/sideburn.ca\/fr\/wp-json\/wp\/v2\/types\/page"}],"author":[{"embeddable":true,"href":"https:\/\/sideburn.ca\/fr\/wp-json\/wp\/v2\/users\/2"}],"replies":[{"embeddable":true,"href":"https:\/\/sideburn.ca\/fr\/wp-json\/wp\/v2\/comments?post=1325"}],"version-history":[{"count":13,"href":"https:\/\/sideburn.ca\/fr\/wp-json\/wp\/v2\/pages\/1325\/revisions"}],"predecessor-version":[{"id":1454,"href":"https:\/\/sideburn.ca\/fr\/wp-json\/wp\/v2\/pages\/1325\/revisions\/1454"}],"up":[{"embeddable":true,"href":"https:\/\/sideburn.ca\/fr\/wp-json\/wp\/v2\/pages\/105"}],"wp:featuredmedia":[{"embeddable":true,"href":"https:\/\/sideburn.ca\/fr\/wp-json\/wp\/v2\/media\/476"}],"wp:attachment":[{"href":"https:\/\/sideburn.ca\/fr\/wp-json\/wp\/v2\/media?parent=1325"}],"curies":[{"name":"wp","href":"https:\/\/api.w.org\/{rel}","templated":true}]}}