{"id":1250,"date":"2025-02-26T20:10:24","date_gmt":"2025-02-26T20:10:24","guid":{"rendered":"https:\/\/sideburn.ca\/?page_id=1250"},"modified":"2026-03-23T13:04:09","modified_gmt":"2026-03-23T13:04:09","slug":"independent-art","status":"publish","type":"page","link":"https:\/\/sideburn.ca\/fr\/participate\/independent-art\/","title":{"rendered":"Art ind\u00e9pendant"},"content":{"rendered":"<p class=\"lead\">Vous souhaitez pr\u00e9senter un projet artistique \u00e0 SideBurn, mais vous n'avez pas re\u00e7u de subvention de notre part ? Nous serions ravis d'accueillir votre \u0153uvre !<\/p>\n<p><i class=\"fa-solid fa-calendar me-2\"><\/i><strong>Les inscriptions pour 2026 sont d\u00e9sormais CLOSES<\/strong> - Les soumissions ont \u00e9t\u00e9 cl\u00f4tur\u00e9es le 22 mars 2026.<\/p>\n<p><strong>Vous devez remplir ce formulaire si<\/strong><\/p>\n<ul>\n<li>Vous n'avez pas re\u00e7u de subvention de notre part et vous souhaitez offrir une \u0153uvre d'art que vous avez financ\u00e9e vous-m\u00eame.<\/li>\n<\/ul>\n<p><strong>ET l'une des situations suivantes s'applique \u00e0 vous :<\/strong><\/p>\n<ul>\n<li>Vous voulez que votre art apparaisse sur la carte SideBurn<\/li>\n<li>Vous avez besoin d'un emplacement pour votre \u0153uvre d'art ? Notre \u00e9quipe charg\u00e9e du placement fera tout son possible pour r\u00e9pondre \u00e0 votre demande.<\/li>\n<li>Votre \u0153uvre d'art ind\u00e9pendante comporte un \u00e9l\u00e9ment de feu ou un effet de flamme.<\/li>\n<li>Votre \u0153uvre d'art ind\u00e9pendante sera dot\u00e9e d'un g\u00e9n\u00e9rateur<\/li>\n<li>Votre \u0153uvre d'art ind\u00e9pendante sera accompagn\u00e9e d'un son amplifi\u00e9<\/li>\n<\/ul>\n<p><strong>Important :<\/strong> Cela ne vous garantit pas un billet. Vous devrez en obtenir un par le biais de notre vente g\u00e9n\u00e9rale ou d'une vente dirig\u00e9e (par exemple, les ventes pour les camps \u00e0 th\u00e8me ou les b\u00e9n\u00e9voles).<\/p>\n<hr \/>\n<h2>Formulaire de soumission<\/h2>\n<div class=\"boxit\"><\/div>","protected":false},"excerpt":{"rendered":"<p>Vous souhaitez pr\u00e9senter un projet artistique \u00e0 SideBurn, mais vous ne recevez pas de subvention de notre part ? Nous serions tout de m\u00eame ravis d'accueillir votre \u0153uvre !<\/p>","protected":false},"author":2,"featured_media":1071,"parent":91,"menu_order":0,"comment_status":"closed","ping_status":"closed","template":"","meta":{"_acf_changed":false,"nf_dc_page":"","footnotes":""},"class_list":["post-1250","page","type-page","status-publish","has-post-thumbnail","hentry"],"acf":[],"yoast_head":"<!-- This site is optimized with the Yoast SEO plugin v27.4 - https:\/\/yoast.com\/product\/yoast-seo-wordpress\/ -->\n<title>Independent Art - SideBurn<\/title>\n<meta name=\"robots\" content=\"index, follow, max-snippet:-1, max-image-preview:large, max-video-preview:-1\" \/>\n<link rel=\"canonical\" href=\"https:\/\/sideburn.ca\/fr\/participate\/independent-art\/\" \/>\n<meta property=\"og:locale\" content=\"fr_CA\" \/>\n<meta property=\"og:type\" content=\"article\" \/>\n<meta property=\"og:title\" content=\"Independent Art - SideBurn\" \/>\n<meta property=\"og:description\" content=\"Want to bring an art project to SideBurn but not receiving a grant from us? We\u2019d still love to have your art!\" \/>\n<meta property=\"og:url\" content=\"https:\/\/sideburn.ca\/fr\/participate\/independent-art\/\" \/>\n<meta property=\"og:site_name\" content=\"SideBurn\" \/>\n<meta property=\"article:publisher\" content=\"https:\/\/www.facebook.com\/groups\/145939082634753\" \/>\n<meta property=\"article:modified_time\" content=\"2026-03-23T13:04:09+00:00\" \/>\n<meta property=\"og:image\" content=\"https:\/\/sideburn.ca\/wp-content\/uploads\/2025\/01\/header-serviceanimals.jpg\" \/>\n\t<meta property=\"og:image:width\" content=\"1400\" \/>\n\t<meta property=\"og:image:height\" content=\"749\" \/>\n\t<meta property=\"og:image:type\" content=\"image\/jpeg\" \/>\n<meta name=\"twitter:card\" content=\"summary_large_image\" \/>\n<meta name=\"twitter:label1\" content=\"Est. reading time\" \/>\n\t<meta name=\"twitter:data1\" content=\"1 minute\" \/>\n<script type=\"application\/ld+json\" class=\"yoast-schema-graph\">{\"@context\":\"https:\\\/\\\/schema.org\",\"@graph\":[{\"@type\":\"WebPage\",\"@id\":\"https:\\\/\\\/sideburn.ca\\\/participate\\\/independent-art\\\/\",\"url\":\"https:\\\/\\\/sideburn.ca\\\/participate\\\/independent-art\\\/\",\"name\":\"Independent Art - SideBurn\",\"isPartOf\":{\"@id\":\"https:\\\/\\\/dbx.gdr.mybluehost.me\\\/#website\"},\"primaryImageOfPage\":{\"@id\":\"https:\\\/\\\/sideburn.ca\\\/participate\\\/independent-art\\\/#primaryimage\"},\"image\":{\"@id\":\"https:\\\/\\\/sideburn.ca\\\/participate\\\/independent-art\\\/#primaryimage\"},\"thumbnailUrl\":\"https:\\\/\\\/sideburn.ca\\\/wp-content\\\/uploads\\\/2025\\\/01\\\/header-serviceanimals.jpg\",\"datePublished\":\"2025-02-26T20:10:24+00:00\",\"dateModified\":\"2026-03-23T13:04:09+00:00\",\"breadcrumb\":{\"@id\":\"https:\\\/\\\/sideburn.ca\\\/participate\\\/independent-art\\\/#breadcrumb\"},\"inLanguage\":\"fr-CA\",\"potentialAction\":[{\"@type\":\"ReadAction\",\"target\":[\"https:\\\/\\\/sideburn.ca\\\/participate\\\/independent-art\\\/\"]}]},{\"@type\":\"ImageObject\",\"inLanguage\":\"fr-CA\",\"@id\":\"https:\\\/\\\/sideburn.ca\\\/participate\\\/independent-art\\\/#primaryimage\",\"url\":\"https:\\\/\\\/sideburn.ca\\\/wp-content\\\/uploads\\\/2025\\\/01\\\/header-serviceanimals.jpg\",\"contentUrl\":\"https:\\\/\\\/sideburn.ca\\\/wp-content\\\/uploads\\\/2025\\\/01\\\/header-serviceanimals.jpg\",\"width\":1400,\"height\":749},{\"@type\":\"BreadcrumbList\",\"@id\":\"https:\\\/\\\/sideburn.ca\\\/participate\\\/independent-art\\\/#breadcrumb\",\"itemListElement\":[{\"@type\":\"ListItem\",\"position\":1,\"name\":\"Home\",\"item\":\"https:\\\/\\\/sideburn.ca\\\/\"},{\"@type\":\"ListItem\",\"position\":2,\"name\":\"Participate\",\"item\":\"https:\\\/\\\/sideburn.ca\\\/participate\\\/\"},{\"@type\":\"ListItem\",\"position\":3,\"name\":\"Independent Art\"}]},{\"@type\":\"WebSite\",\"@id\":\"https:\\\/\\\/dbx.gdr.mybluehost.me\\\/#website\",\"url\":\"https:\\\/\\\/dbx.gdr.mybluehost.me\\\/\",\"name\":\"SideBurn\",\"description\":\"Chromatic Carnival\",\"publisher\":{\"@id\":\"https:\\\/\\\/dbx.gdr.mybluehost.me\\\/#organization\"},\"potentialAction\":[{\"@type\":\"SearchAction\",\"target\":{\"@type\":\"EntryPoint\",\"urlTemplate\":\"https:\\\/\\\/dbx.gdr.mybluehost.me\\\/?s={search_term_string}\"},\"query-input\":{\"@type\":\"PropertyValueSpecification\",\"valueRequired\":true,\"valueName\":\"search_term_string\"}}],\"inLanguage\":\"fr-CA\"},{\"@type\":\"Organization\",\"@id\":\"https:\\\/\\\/dbx.gdr.mybluehost.me\\\/#organization\",\"name\":\"SideBurn\",\"url\":\"https:\\\/\\\/dbx.gdr.mybluehost.me\\\/\",\"logo\":{\"@type\":\"ImageObject\",\"inLanguage\":\"fr-CA\",\"@id\":\"https:\\\/\\\/dbx.gdr.mybluehost.me\\\/#\\\/schema\\\/logo\\\/image\\\/\",\"url\":\"https:\\\/\\\/i0.wp.com\\\/sideburn.ca\\\/wp-content\\\/uploads\\\/2024\\\/12\\\/logo-sideburn-full-1.png?fit=1259%2C496&ssl=1\",\"contentUrl\":\"https:\\\/\\\/i0.wp.com\\\/sideburn.ca\\\/wp-content\\\/uploads\\\/2024\\\/12\\\/logo-sideburn-full-1.png?fit=1259%2C496&ssl=1\",\"width\":1259,\"height\":496,\"caption\":\"SideBurn\"},\"image\":{\"@id\":\"https:\\\/\\\/dbx.gdr.mybluehost.me\\\/#\\\/schema\\\/logo\\\/image\\\/\"},\"sameAs\":[\"https:\\\/\\\/www.facebook.com\\\/groups\\\/145939082634753\",\"https:\\\/\\\/www.instagram.com\\\/sideburnregional\\\/\"]}]}<\/script>\n<!-- \/ Yoast SEO plugin. -->","yoast_head_json":{"title":"Independent Art - SideBurn","robots":{"index":"index","follow":"follow","max-snippet":"max-snippet:-1","max-image-preview":"max-image-preview:large","max-video-preview":"max-video-preview:-1"},"canonical":"https:\/\/sideburn.ca\/fr\/participate\/independent-art\/","og_locale":"fr_CA","og_type":"article","og_title":"Independent Art - SideBurn","og_description":"Want to bring an art project to SideBurn but not receiving a grant from us? We\u2019d still love to have your art!","og_url":"https:\/\/sideburn.ca\/fr\/participate\/independent-art\/","og_site_name":"SideBurn","article_publisher":"https:\/\/www.facebook.com\/groups\/145939082634753","article_modified_time":"2026-03-23T13:04:09+00:00","og_image":[{"width":1400,"height":749,"url":"https:\/\/sideburn.ca\/wp-content\/uploads\/2025\/01\/header-serviceanimals.jpg","type":"image\/jpeg"}],"twitter_card":"summary_large_image","twitter_misc":{"Est. reading time":"1 minute"},"schema":{"@context":"https:\/\/schema.org","@graph":[{"@type":"WebPage","@id":"https:\/\/sideburn.ca\/participate\/independent-art\/","url":"https:\/\/sideburn.ca\/participate\/independent-art\/","name":"Independent Art - SideBurn","isPartOf":{"@id":"https:\/\/dbx.gdr.mybluehost.me\/#website"},"primaryImageOfPage":{"@id":"https:\/\/sideburn.ca\/participate\/independent-art\/#primaryimage"},"image":{"@id":"https:\/\/sideburn.ca\/participate\/independent-art\/#primaryimage"},"thumbnailUrl":"https:\/\/sideburn.ca\/wp-content\/uploads\/2025\/01\/header-serviceanimals.jpg","datePublished":"2025-02-26T20:10:24+00:00","dateModified":"2026-03-23T13:04:09+00:00","breadcrumb":{"@id":"https:\/\/sideburn.ca\/participate\/independent-art\/#breadcrumb"},"inLanguage":"fr-CA","potentialAction":[{"@type":"ReadAction","target":["https:\/\/sideburn.ca\/participate\/independent-art\/"]}]},{"@type":"ImageObject","inLanguage":"fr-CA","@id":"https:\/\/sideburn.ca\/participate\/independent-art\/#primaryimage","url":"https:\/\/sideburn.ca\/wp-content\/uploads\/2025\/01\/header-serviceanimals.jpg","contentUrl":"https:\/\/sideburn.ca\/wp-content\/uploads\/2025\/01\/header-serviceanimals.jpg","width":1400,"height":749},{"@type":"BreadcrumbList","@id":"https:\/\/sideburn.ca\/participate\/independent-art\/#breadcrumb","itemListElement":[{"@type":"ListItem","position":1,"name":"Home","item":"https:\/\/sideburn.ca\/"},{"@type":"ListItem","position":2,"name":"Participate","item":"https:\/\/sideburn.ca\/participate\/"},{"@type":"ListItem","position":3,"name":"Independent Art"}]},{"@type":"WebSite","@id":"https:\/\/dbx.gdr.mybluehost.me\/#website","url":"https:\/\/dbx.gdr.mybluehost.me\/","name":"SideBurn","description":"Carnaval chromatique","publisher":{"@id":"https:\/\/dbx.gdr.mybluehost.me\/#organization"},"potentialAction":[{"@type":"SearchAction","target":{"@type":"EntryPoint","urlTemplate":"https:\/\/dbx.gdr.mybluehost.me\/?s={search_term_string}"},"query-input":{"@type":"PropertyValueSpecification","valueRequired":true,"valueName":"search_term_string"}}],"inLanguage":"fr-CA"},{"@type":"Organization","@id":"https:\/\/dbx.gdr.mybluehost.me\/#organization","name":"SideBurn","url":"https:\/\/dbx.gdr.mybluehost.me\/","logo":{"@type":"ImageObject","inLanguage":"fr-CA","@id":"https:\/\/dbx.gdr.mybluehost.me\/#\/schema\/logo\/image\/","url":"https:\/\/i0.wp.com\/sideburn.ca\/wp-content\/uploads\/2024\/12\/logo-sideburn-full-1.png?fit=1259%2C496&ssl=1","contentUrl":"https:\/\/i0.wp.com\/sideburn.ca\/wp-content\/uploads\/2024\/12\/logo-sideburn-full-1.png?fit=1259%2C496&ssl=1","width":1259,"height":496,"caption":"SideBurn"},"image":{"@id":"https:\/\/dbx.gdr.mybluehost.me\/#\/schema\/logo\/image\/"},"sameAs":["https:\/\/www.facebook.com\/groups\/145939082634753","https:\/\/www.instagram.com\/sideburnregional\/"]}]}},"_links":{"self":[{"href":"https:\/\/sideburn.ca\/fr\/wp-json\/wp\/v2\/pages\/1250","targetHints":{"allow":["GET"]}}],"collection":[{"href":"https:\/\/sideburn.ca\/fr\/wp-json\/wp\/v2\/pages"}],"about":[{"href":"https:\/\/sideburn.ca\/fr\/wp-json\/wp\/v2\/types\/page"}],"author":[{"embeddable":true,"href":"https:\/\/sideburn.ca\/fr\/wp-json\/wp\/v2\/users\/2"}],"replies":[{"embeddable":true,"href":"https:\/\/sideburn.ca\/fr\/wp-json\/wp\/v2\/comments?post=1250"}],"version-history":[{"count":15,"href":"https:\/\/sideburn.ca\/fr\/wp-json\/wp\/v2\/pages\/1250\/revisions"}],"predecessor-version":[{"id":2617,"href":"https:\/\/sideburn.ca\/fr\/wp-json\/wp\/v2\/pages\/1250\/revisions\/2617"}],"up":[{"embeddable":true,"href":"https:\/\/sideburn.ca\/fr\/wp-json\/wp\/v2\/pages\/91"}],"wp:featuredmedia":[{"embeddable":true,"href":"https:\/\/sideburn.ca\/fr\/wp-json\/wp\/v2\/media\/1071"}],"wp:attachment":[{"href":"https:\/\/sideburn.ca\/fr\/wp-json\/wp\/v2\/media?parent=1250"}],"curies":[{"name":"wp","href":"https:\/\/api.w.org\/{rel}","templated":true}]}}