{"id":1227,"date":"2025-02-04T14:52:20","date_gmt":"2025-02-04T14:52:20","guid":{"rendered":"https:\/\/sideburn.ca\/?page_id=1227"},"modified":"2025-02-04T15:22:49","modified_gmt":"2025-02-04T15:22:49","slug":"call-for-volunteers-fire-spinner-safety-lead","status":"publish","type":"page","link":"https:\/\/sideburn.ca\/fr\/participate\/volunteer\/call-for-volunteers-fire-spinner-safety-lead\/","title":{"rendered":"Appel \u00e0 volontaires : Responsable de la s\u00e9curit\u00e9 pour le Fire Spinner"},"content":{"rendered":"<p class=\"lead\"><strong>Vous \u00eates passionn\u00e9 par les arts du feu et la s\u00e9curit\u00e9 ?<\/strong> Sideburn est \u00e0 la recherche d'un responsable de la s\u00e9curit\u00e9 pour les tournages de feu afin de s'assurer que nos activit\u00e9s de tournages de feu sont s\u00e9curitaires, inclusives et inoubliables !<\/p>\n<p><strong>Aper\u00e7u du r\u00f4le<\/strong><\/p>\n<p>En tant que responsable de la s\u00e9curit\u00e9 du Fire Spinner, vous devrez.. :<\/p>\n<ul>\n<li>Superviser les protocoles de s\u00e9curit\u00e9 pour les zones de filage des incendies et les aires d'entra\u00eenement ouvertes.<\/li>\n<li>\u00c9laborer et dispenser une formation \u00e0 la s\u00e9curit\u00e9 incendie aux participants.<\/li>\n<li>Examiner les demandes de performance avec l'\u00e9quipe de s\u00e9curit\u00e9 des arts du feu (FAST).<\/li>\n<li>Coordonner avec les artistes et la FAST la mise en \u0153uvre des plans de s\u00e9curit\u00e9.<\/li>\n<li>Veiller \u00e0 la bonne manipulation du carburant, \u00e0 l'inspection des accessoires et aux proc\u00e9dures d'urgence.<\/li>\n<\/ul>\n<p><strong>Ce que nous recherchons<\/strong><\/p>\n<ul>\n<li>Exp\u00e9rience en mati\u00e8re de filature d'incendie ou de s\u00e9curit\u00e9 (souhait\u00e9e, mais non exig\u00e9e).<\/li>\n<li>Solides comp\u00e9tences en mati\u00e8re d'organisation et de direction.<\/li>\n<li>Passion pour la collaboration communautaire.<\/li>\n<li>Disponibilit\u00e9 pour la planification et la formation tout au long de l'ann\u00e9e.<\/li>\n<li>Soutien sur place pendant le week-end de l'\u00e9v\u00e9nement.<\/li>\n<\/ul>\n<p><strong>Pourquoi adh\u00e9rer ?<\/strong> Faites partie de la magie ! En tant que responsable de la s\u00e9curit\u00e9 du Fire Spinner, vous contribuerez \u00e0 cr\u00e9er une exp\u00e9rience s\u00fbre et dynamique des arts du feu tout en ayant un impact durable sur la communaut\u00e9.<\/p>\n<p><strong>Int\u00e9ress\u00e9(e) ?<\/strong> Soumettez votre int\u00e9r\u00eat ci-dessous. Cl\u00f4ture des candidatures <strong>14 f\u00e9vrier 2025<\/strong>. <\/p>\n<p class=\"lead\">Illuminons la nuit !<\/p>\n<hr>\n<h2>Demande<\/h2>","protected":false},"excerpt":{"rendered":"<p>Are you passionate about fire arts and safety? Sideburn is looking for a Fire Spinner Safety Lead to ensure our fire spinning activities are safe, inclusive, and unforgettable! Role Overview As Fire Spinner Safety Lead, you will: Oversee safety protocols for fire spinning zones and open practice areas. Develop and deliver fire safety training for&#8230;<\/p>","protected":false},"author":2,"featured_media":1236,"parent":105,"menu_order":0,"comment_status":"closed","ping_status":"closed","template":"","meta":{"_acf_changed":false,"nf_dc_page":"","footnotes":""},"class_list":["post-1227","page","type-page","status-publish","has-post-thumbnail","hentry"],"acf":[],"yoast_head":"<!-- This site is optimized with the Yoast SEO plugin v27.4 - https:\/\/yoast.com\/product\/yoast-seo-wordpress\/ -->\n<title>Call for Volunteers: Fire Spinner Safety Lead - SideBurn<\/title>\n<meta name=\"robots\" content=\"index, follow, max-snippet:-1, max-image-preview:large, max-video-preview:-1\" \/>\n<link rel=\"canonical\" href=\"https:\/\/sideburn.ca\/fr\/participate\/volunteer\/call-for-volunteers-fire-spinner-safety-lead\/\" \/>\n<meta property=\"og:locale\" content=\"fr_CA\" \/>\n<meta property=\"og:type\" content=\"article\" \/>\n<meta property=\"og:title\" content=\"Call for Volunteers: Fire Spinner Safety Lead - SideBurn\" \/>\n<meta property=\"og:description\" content=\"Are you passionate about fire arts and safety? Sideburn is looking for a Fire Spinner Safety Lead to ensure our fire spinning activities are safe, inclusive, and unforgettable! Role Overview As Fire Spinner Safety Lead, you will: Oversee safety protocols for fire spinning zones and open practice areas. Develop and deliver fire safety training for...\" \/>\n<meta property=\"og:url\" content=\"https:\/\/sideburn.ca\/fr\/participate\/volunteer\/call-for-volunteers-fire-spinner-safety-lead\/\" \/>\n<meta property=\"og:site_name\" content=\"SideBurn\" \/>\n<meta property=\"article:publisher\" content=\"https:\/\/www.facebook.com\/groups\/145939082634753\" \/>\n<meta property=\"article:modified_time\" content=\"2025-02-04T15:22:49+00:00\" \/>\n<meta property=\"og:image\" content=\"https:\/\/sideburn.ca\/wp-content\/uploads\/2025\/02\/header-firespinning.jpg\" \/>\n\t<meta property=\"og:image:width\" content=\"1400\" \/>\n\t<meta property=\"og:image:height\" content=\"708\" \/>\n\t<meta property=\"og:image:type\" content=\"image\/jpeg\" \/>\n<meta name=\"twitter:card\" content=\"summary_large_image\" \/>\n<meta name=\"twitter:label1\" content=\"Est. reading time\" \/>\n\t<meta name=\"twitter:data1\" content=\"1 minute\" \/>\n<script type=\"application\/ld+json\" class=\"yoast-schema-graph\">{\"@context\":\"https:\\\/\\\/schema.org\",\"@graph\":[{\"@type\":\"WebPage\",\"@id\":\"https:\\\/\\\/sideburn.ca\\\/participate\\\/volunteer\\\/call-for-volunteers-fire-spinner-safety-lead\\\/\",\"url\":\"https:\\\/\\\/sideburn.ca\\\/participate\\\/volunteer\\\/call-for-volunteers-fire-spinner-safety-lead\\\/\",\"name\":\"Call for Volunteers: Fire Spinner Safety Lead - SideBurn\",\"isPartOf\":{\"@id\":\"https:\\\/\\\/dbx.gdr.mybluehost.me\\\/#website\"},\"primaryImageOfPage\":{\"@id\":\"https:\\\/\\\/sideburn.ca\\\/participate\\\/volunteer\\\/call-for-volunteers-fire-spinner-safety-lead\\\/#primaryimage\"},\"image\":{\"@id\":\"https:\\\/\\\/sideburn.ca\\\/participate\\\/volunteer\\\/call-for-volunteers-fire-spinner-safety-lead\\\/#primaryimage\"},\"thumbnailUrl\":\"https:\\\/\\\/sideburn.ca\\\/wp-content\\\/uploads\\\/2025\\\/02\\\/header-firespinning.jpg\",\"datePublished\":\"2025-02-04T14:52:20+00:00\",\"dateModified\":\"2025-02-04T15:22:49+00:00\",\"breadcrumb\":{\"@id\":\"https:\\\/\\\/sideburn.ca\\\/participate\\\/volunteer\\\/call-for-volunteers-fire-spinner-safety-lead\\\/#breadcrumb\"},\"inLanguage\":\"fr-CA\",\"potentialAction\":[{\"@type\":\"ReadAction\",\"target\":[\"https:\\\/\\\/sideburn.ca\\\/participate\\\/volunteer\\\/call-for-volunteers-fire-spinner-safety-lead\\\/\"]}]},{\"@type\":\"ImageObject\",\"inLanguage\":\"fr-CA\",\"@id\":\"https:\\\/\\\/sideburn.ca\\\/participate\\\/volunteer\\\/call-for-volunteers-fire-spinner-safety-lead\\\/#primaryimage\",\"url\":\"https:\\\/\\\/sideburn.ca\\\/wp-content\\\/uploads\\\/2025\\\/02\\\/header-firespinning.jpg\",\"contentUrl\":\"https:\\\/\\\/sideburn.ca\\\/wp-content\\\/uploads\\\/2025\\\/02\\\/header-firespinning.jpg\",\"width\":1400,\"height\":708},{\"@type\":\"BreadcrumbList\",\"@id\":\"https:\\\/\\\/sideburn.ca\\\/participate\\\/volunteer\\\/call-for-volunteers-fire-spinner-safety-lead\\\/#breadcrumb\",\"itemListElement\":[{\"@type\":\"ListItem\",\"position\":1,\"name\":\"Home\",\"item\":\"https:\\\/\\\/sideburn.ca\\\/\"},{\"@type\":\"ListItem\",\"position\":2,\"name\":\"Participate\",\"item\":\"https:\\\/\\\/sideburn.ca\\\/participate\\\/\"},{\"@type\":\"ListItem\",\"position\":3,\"name\":\"Volunteer\",\"item\":\"https:\\\/\\\/sideburn.ca\\\/participate\\\/volunteer\\\/\"},{\"@type\":\"ListItem\",\"position\":4,\"name\":\"Call for Volunteers: Fire Spinner Safety Lead\"}]},{\"@type\":\"WebSite\",\"@id\":\"https:\\\/\\\/dbx.gdr.mybluehost.me\\\/#website\",\"url\":\"https:\\\/\\\/dbx.gdr.mybluehost.me\\\/\",\"name\":\"SideBurn\",\"description\":\"Chromatic Carnival\",\"publisher\":{\"@id\":\"https:\\\/\\\/dbx.gdr.mybluehost.me\\\/#organization\"},\"potentialAction\":[{\"@type\":\"SearchAction\",\"target\":{\"@type\":\"EntryPoint\",\"urlTemplate\":\"https:\\\/\\\/dbx.gdr.mybluehost.me\\\/?s={search_term_string}\"},\"query-input\":{\"@type\":\"PropertyValueSpecification\",\"valueRequired\":true,\"valueName\":\"search_term_string\"}}],\"inLanguage\":\"fr-CA\"},{\"@type\":\"Organization\",\"@id\":\"https:\\\/\\\/dbx.gdr.mybluehost.me\\\/#organization\",\"name\":\"SideBurn\",\"url\":\"https:\\\/\\\/dbx.gdr.mybluehost.me\\\/\",\"logo\":{\"@type\":\"ImageObject\",\"inLanguage\":\"fr-CA\",\"@id\":\"https:\\\/\\\/dbx.gdr.mybluehost.me\\\/#\\\/schema\\\/logo\\\/image\\\/\",\"url\":\"https:\\\/\\\/i0.wp.com\\\/sideburn.ca\\\/wp-content\\\/uploads\\\/2024\\\/12\\\/logo-sideburn-full-1.png?fit=1259%2C496&ssl=1\",\"contentUrl\":\"https:\\\/\\\/i0.wp.com\\\/sideburn.ca\\\/wp-content\\\/uploads\\\/2024\\\/12\\\/logo-sideburn-full-1.png?fit=1259%2C496&ssl=1\",\"width\":1259,\"height\":496,\"caption\":\"SideBurn\"},\"image\":{\"@id\":\"https:\\\/\\\/dbx.gdr.mybluehost.me\\\/#\\\/schema\\\/logo\\\/image\\\/\"},\"sameAs\":[\"https:\\\/\\\/www.facebook.com\\\/groups\\\/145939082634753\",\"https:\\\/\\\/www.instagram.com\\\/sideburnregional\\\/\"]}]}<\/script>\n<!-- \/ Yoast SEO plugin. -->","yoast_head_json":{"title":"Call for Volunteers: Fire Spinner Safety Lead - SideBurn","robots":{"index":"index","follow":"follow","max-snippet":"max-snippet:-1","max-image-preview":"max-image-preview:large","max-video-preview":"max-video-preview:-1"},"canonical":"https:\/\/sideburn.ca\/fr\/participate\/volunteer\/call-for-volunteers-fire-spinner-safety-lead\/","og_locale":"fr_CA","og_type":"article","og_title":"Call for Volunteers: Fire Spinner Safety Lead - SideBurn","og_description":"Are you passionate about fire arts and safety? Sideburn is looking for a Fire Spinner Safety Lead to ensure our fire spinning activities are safe, inclusive, and unforgettable! Role Overview As Fire Spinner Safety Lead, you will: Oversee safety protocols for fire spinning zones and open practice areas. Develop and deliver fire safety training for...","og_url":"https:\/\/sideburn.ca\/fr\/participate\/volunteer\/call-for-volunteers-fire-spinner-safety-lead\/","og_site_name":"SideBurn","article_publisher":"https:\/\/www.facebook.com\/groups\/145939082634753","article_modified_time":"2025-02-04T15:22:49+00:00","og_image":[{"width":1400,"height":708,"url":"https:\/\/sideburn.ca\/wp-content\/uploads\/2025\/02\/header-firespinning.jpg","type":"image\/jpeg"}],"twitter_card":"summary_large_image","twitter_misc":{"Est. reading time":"1 minute"},"schema":{"@context":"https:\/\/schema.org","@graph":[{"@type":"WebPage","@id":"https:\/\/sideburn.ca\/participate\/volunteer\/call-for-volunteers-fire-spinner-safety-lead\/","url":"https:\/\/sideburn.ca\/participate\/volunteer\/call-for-volunteers-fire-spinner-safety-lead\/","name":"Call for Volunteers: Fire Spinner Safety Lead - SideBurn","isPartOf":{"@id":"https:\/\/dbx.gdr.mybluehost.me\/#website"},"primaryImageOfPage":{"@id":"https:\/\/sideburn.ca\/participate\/volunteer\/call-for-volunteers-fire-spinner-safety-lead\/#primaryimage"},"image":{"@id":"https:\/\/sideburn.ca\/participate\/volunteer\/call-for-volunteers-fire-spinner-safety-lead\/#primaryimage"},"thumbnailUrl":"https:\/\/sideburn.ca\/wp-content\/uploads\/2025\/02\/header-firespinning.jpg","datePublished":"2025-02-04T14:52:20+00:00","dateModified":"2025-02-04T15:22:49+00:00","breadcrumb":{"@id":"https:\/\/sideburn.ca\/participate\/volunteer\/call-for-volunteers-fire-spinner-safety-lead\/#breadcrumb"},"inLanguage":"fr-CA","potentialAction":[{"@type":"ReadAction","target":["https:\/\/sideburn.ca\/participate\/volunteer\/call-for-volunteers-fire-spinner-safety-lead\/"]}]},{"@type":"ImageObject","inLanguage":"fr-CA","@id":"https:\/\/sideburn.ca\/participate\/volunteer\/call-for-volunteers-fire-spinner-safety-lead\/#primaryimage","url":"https:\/\/sideburn.ca\/wp-content\/uploads\/2025\/02\/header-firespinning.jpg","contentUrl":"https:\/\/sideburn.ca\/wp-content\/uploads\/2025\/02\/header-firespinning.jpg","width":1400,"height":708},{"@type":"BreadcrumbList","@id":"https:\/\/sideburn.ca\/participate\/volunteer\/call-for-volunteers-fire-spinner-safety-lead\/#breadcrumb","itemListElement":[{"@type":"ListItem","position":1,"name":"Home","item":"https:\/\/sideburn.ca\/"},{"@type":"ListItem","position":2,"name":"Participate","item":"https:\/\/sideburn.ca\/participate\/"},{"@type":"ListItem","position":3,"name":"Volunteer","item":"https:\/\/sideburn.ca\/participate\/volunteer\/"},{"@type":"ListItem","position":4,"name":"Call for Volunteers: Fire Spinner Safety Lead"}]},{"@type":"WebSite","@id":"https:\/\/dbx.gdr.mybluehost.me\/#website","url":"https:\/\/dbx.gdr.mybluehost.me\/","name":"SideBurn","description":"Carnaval chromatique","publisher":{"@id":"https:\/\/dbx.gdr.mybluehost.me\/#organization"},"potentialAction":[{"@type":"SearchAction","target":{"@type":"EntryPoint","urlTemplate":"https:\/\/dbx.gdr.mybluehost.me\/?s={search_term_string}"},"query-input":{"@type":"PropertyValueSpecification","valueRequired":true,"valueName":"search_term_string"}}],"inLanguage":"fr-CA"},{"@type":"Organization","@id":"https:\/\/dbx.gdr.mybluehost.me\/#organization","name":"SideBurn","url":"https:\/\/dbx.gdr.mybluehost.me\/","logo":{"@type":"ImageObject","inLanguage":"fr-CA","@id":"https:\/\/dbx.gdr.mybluehost.me\/#\/schema\/logo\/image\/","url":"https:\/\/i0.wp.com\/sideburn.ca\/wp-content\/uploads\/2024\/12\/logo-sideburn-full-1.png?fit=1259%2C496&ssl=1","contentUrl":"https:\/\/i0.wp.com\/sideburn.ca\/wp-content\/uploads\/2024\/12\/logo-sideburn-full-1.png?fit=1259%2C496&ssl=1","width":1259,"height":496,"caption":"SideBurn"},"image":{"@id":"https:\/\/dbx.gdr.mybluehost.me\/#\/schema\/logo\/image\/"},"sameAs":["https:\/\/www.facebook.com\/groups\/145939082634753","https:\/\/www.instagram.com\/sideburnregional\/"]}]}},"_links":{"self":[{"href":"https:\/\/sideburn.ca\/fr\/wp-json\/wp\/v2\/pages\/1227","targetHints":{"allow":["GET"]}}],"collection":[{"href":"https:\/\/sideburn.ca\/fr\/wp-json\/wp\/v2\/pages"}],"about":[{"href":"https:\/\/sideburn.ca\/fr\/wp-json\/wp\/v2\/types\/page"}],"author":[{"embeddable":true,"href":"https:\/\/sideburn.ca\/fr\/wp-json\/wp\/v2\/users\/2"}],"replies":[{"embeddable":true,"href":"https:\/\/sideburn.ca\/fr\/wp-json\/wp\/v2\/comments?post=1227"}],"version-history":[{"count":7,"href":"https:\/\/sideburn.ca\/fr\/wp-json\/wp\/v2\/pages\/1227\/revisions"}],"predecessor-version":[{"id":1237,"href":"https:\/\/sideburn.ca\/fr\/wp-json\/wp\/v2\/pages\/1227\/revisions\/1237"}],"up":[{"embeddable":true,"href":"https:\/\/sideburn.ca\/fr\/wp-json\/wp\/v2\/pages\/105"}],"wp:featuredmedia":[{"embeddable":true,"href":"https:\/\/sideburn.ca\/fr\/wp-json\/wp\/v2\/media\/1236"}],"wp:attachment":[{"href":"https:\/\/sideburn.ca\/fr\/wp-json\/wp\/v2\/media?parent=1227"}],"curies":[{"name":"wp","href":"https:\/\/api.w.org\/{rel}","templated":true}]}}