{"id":117,"date":"2024-10-17T19:23:00","date_gmt":"2024-10-17T19:23:00","guid":{"rendered":"https:\/\/dbx.gdr.mybluehost.me\/?page_id=117"},"modified":"2025-01-27T18:12:05","modified_gmt":"2025-01-27T18:12:05","slug":"privacy-policy","status":"publish","type":"page","link":"https:\/\/sideburn.ca\/fr\/privacy-policy\/","title":{"rendered":"Politique de confidentialit\u00e9"},"content":{"rendered":"<h2>Quand cette politique de confidentialit\u00e9 s'applique-t-elle ?<\/h2>\n<p>La pr\u00e9sente politique de confidentialit\u00e9 s'applique aux renseignements personnels que nous recueillons, utilisons, conservons et traitons \u00e0 votre sujet dans le cadre de vos interactions avec Flame Ontario Arts Collective, en particulier notre site Web, notre plateforme de billetterie, nos formulaires et demandes d'\u00e9v\u00e9nements, ainsi que le syst\u00e8me de b\u00e9n\u00e9volat concernant SideBurn. <\/p>\n<p>Flame Ontario Arts Collective respecte les exigences du <a href=\"https:\/\/laws-lois.justice.gc.ca\/eng\/acts\/p-8.6\/page-7.html\" target=\"_blank\">Loi sur la protection des renseignements personnels et les documents \u00e9lectroniques du Canada<\/a> (LPRPDE). <\/p>\n<h2>Renseignements personnels que Flame Ontario Arts Collective peut recueillir<\/h2>\n<p>Flame Ontario Arts Collective est responsable de toutes les informations personnelles en sa possession ou sous sa garde, y compris les informations qui lui ont \u00e9t\u00e9 transf\u00e9r\u00e9es par un tiers afin de g\u00e9rer notre \u00e9v\u00e9nement SideBurn et d'autres \u00e9v\u00e9nements affili\u00e9s.<\/p>\n<h3>Nous pouvons collecter des informations de diff\u00e9rentes mani\u00e8res :<\/h3>\n<ul>\n<li>Cookies et balises web sur nos sites Web.<\/li>\n<li>Demandes par e-mail ou formulaires en ligne que vous avez envoy\u00e9s.<\/li>\n<li>Interactions personnelles.<\/li>\n<li>Les informations d'inscription sont associ\u00e9es aux diff\u00e9rentes plateformes ou portails parrain\u00e9s par Flame Ontario Arts Collective.<\/li>\n<li>Autres informations relatives aux activit\u00e9s et \u00e9v\u00e9nements du Flame Ontario Arts Collective, y compris, mais sans s'y limiter, le traitement des paiements pour la billetterie, la distribution de bulletins d'information, les communications ou les supports marketing.<\/li>\n<\/ul>\n<h2>S\u00e9curisation de vos informations personnelles<\/h2>\n<p>Nous veillons \u00e0 ce que toutes les informations collect\u00e9es restent s\u00e9curis\u00e9es et dans leur forme originale. L'acc\u00e8s \u00e0 toutes les informations non accessibles au public est strictement contr\u00f4l\u00e9. Nous avons mis en place des proc\u00e9dures physiques, techniques et administratives appropri\u00e9es pour prot\u00e9ger et emp\u00eacher tout acc\u00e8s non autoris\u00e9 et pour maintenir la s\u00e9curit\u00e9 des donn\u00e9es.<\/p>\n<p><strong>Nous ne partageons pas vos informations personnelles avec des tiers, sauf dans les cas suivants :<\/strong><\/p>\n<ul>\n<li>\u00c0 votre demande ou avec votre consentement.<\/li>\n<li>Lorsque vous utilisez des sites Web tiers, tels que ceux destin\u00e9s \u00e0 l'inscription \u00e0 des \u00e9v\u00e9nements, veuillez consulter la politique de confidentialit\u00e9 de toute page que vous visitez ou \u00e0 laquelle vous acc\u00e9dez via notre site Web, car nous ne contr\u00f4lons pas les pratiques de confidentialit\u00e9 des tiers.<\/li>\n<li>Divulgation \u00e0 d'autres tiers lorsque cela est n\u00e9cessaire ou appropri\u00e9 pour se conformer \u00e0 l'application de la loi, par exemple dans le cadre d'une ordonnance judiciaire ou d'une assignation \u00e0 compara\u00eetre ; pour prot\u00e9ger les droits, la propri\u00e9t\u00e9 ou la s\u00e9curit\u00e9 des personnes ; pour faire respecter nos politiques ou nos contrats ; pour recouvrer les montants qui nous sont dus ; pour aider \u00e0 une enqu\u00eate ou \u00e0 des poursuites judiciaires concernant des activit\u00e9s ill\u00e9gales pr\u00e9sum\u00e9es ou av\u00e9r\u00e9es ; ou dans tout autre cas autoris\u00e9 par la loi applicable.<\/li>\n<\/ul>\n<p><strong>Ces tiers comprennent, sans s'y limiter :<\/strong><\/p>\n<ul>\n<li>Syst\u00e8mes de vente de billets ;<\/li>\n<li>Syst\u00e8mes d'achat tels que Stripe ;<\/li>\n<li>Outils technologiques de gestion des tickets tels que FreshDesk ; et<\/li>\n<li>Police, ambulance ou autres services \u00e0 la suite d'incidents survenus lors de l'\u00e9v\u00e9nement.<\/li>\n<\/ul>\n<h2>Consentement<\/h2>\n<p>Une personne peut refuser de consentir ou r\u00e9voquer son consentement \u00e0 la collecte, \u00e0 l'utilisation et \u00e0 la divulgation de ses renseignements personnels \u00e0 toutes fins ou \u00e0 certaines fins. <\/p>\n<p>Les personnes peuvent choisir de ne pas autoriser l'utilisation de leurs renseignements personnels pour recevoir des communications concernant les \u00e9v\u00e9nements organis\u00e9s par Flame Ontario Arts Collective ou des communications r\u00e9guli\u00e8res. Les personnes qui souhaitent refuser ou r\u00e9voquer leur consentement \u00e0 l'utilisation de leurs renseignements personnels \u00e0 de telles fins de communication doivent envoyer un courriel \u00e0 <a href=\"mailto:privacy@sideburn.ca\">privacy@sideburn.ca<\/a>.<\/p>\n<h2>Vos droits concernant vos informations<\/h2>\n<p><strong>Vous pouvez demander :<\/strong><\/p>\n<ul>\n<li>Acc\u00e8s aux informations personnelles sp\u00e9cifiques collect\u00e9es \u00e0 votre sujet ;<\/li>\n<li>Les cat\u00e9gories et\/ou sources d'informations que nous avons collect\u00e9es ;<\/li>\n<li>Comment nous utilisons vos informations ;<\/li>\n<li>\u00c0 qui vos informations ont \u00e9t\u00e9 divulgu\u00e9es ; et<\/li>\n<li>Que nous supprimions vos informations, sous r\u00e9serve des exceptions limit\u00e9es pr\u00e9vues par la loi.<\/li>\n<\/ul>\n<p>Les demandes doivent \u00eatre faites par \u00e9crit, et nous devons v\u00e9rifier votre identit\u00e9 avant de pouvoir divulguer vos informations personnelles. Nous nous r\u00e9servons le droit de n'honorer cette demande plus de deux fois par p\u00e9riode de 12 mois.<\/p>\n<p><strong>Flame Ontario Arts Collective se r\u00e9serve le droit de refuser une demande d'acc\u00e8s \u00e0 des renseignements personnels si :<\/strong><\/p>\n<ul>\n<li>Ces informations sont prot\u00e9g\u00e9es par le secret professionnel.<\/li>\n<li>Accorder l'acc\u00e8s r\u00e9v\u00e9lerait des informations financi\u00e8res confidentielles.<\/li>\n<li>Une telle action serait raisonnablement susceptible de menacer la s\u00e9curit\u00e9 ou la s\u00fbret\u00e9 d'autrui.<\/li>\n<li>Les informations ont \u00e9t\u00e9 collect\u00e9es \u00e0 des fins li\u00e9es \u00e0 la d\u00e9tection et \u00e0 la pr\u00e9vention de la fraude.<\/li>\n<li>Ces informations ont \u00e9t\u00e9 g\u00e9n\u00e9r\u00e9es dans le cadre d'une proc\u00e9dure formelle de r\u00e8glement des litiges.<\/li>\n<li>Ces informations risqueraient de r\u00e9v\u00e9ler des informations personnelles concernant une autre personne.<\/li>\n<\/ul>\n<p>Nous mettons tout en \u0153uvre pour garantir l'exactitude et l'exhaustivit\u00e9 des informations personnelles. Vous pouvez \u00e0 tout moment demander \u00e0 mettre \u00e0 jour, corriger ou supprimer vos informations personnelles. Vous \u00eates responsable du maintien de l'exactitude des informations personnelles que vous fournissez.<\/p>\n<h2>Modifications apport\u00e9es \u00e0 la pr\u00e9sente politique de confidentialit\u00e9<\/h2>\n<p>Si nous apportons des modifications importantes \u00e0 la mani\u00e8re dont nous collectons vos informations personnelles ou \u00e0 la mani\u00e8re dont nous les utilisons ou les divulguons, nous publierons ou fournirons un avis appropri\u00e9 conform\u00e9ment \u00e0 la l\u00e9gislation applicable.<\/p>\n<h2>Contactez-nous<\/h2>\n<p>Le conseil d'administration de Flame Ontario Arts Collective est responsable de notre conformit\u00e9 \u00e0 la l\u00e9gislation applicable en mati\u00e8re de protection de la vie priv\u00e9e. Pour plus d'informations, pour exercer vos droits, pour contester la conformit\u00e9 de Flame Ontario Arts Collective, ou si vous avez des questions concernant la pr\u00e9sente politique de confidentialit\u00e9, veuillez contacter le <strong>Responsable de la protection de la vie priv\u00e9e<\/strong> \u00e0 <a href=\"mailto:privacy@sideburn.ca\">privacy@sideburn.ca<\/a>.<\/p>","protected":false},"excerpt":{"rendered":"<p>When does this privacy policy apply? This Privacy Policy applies to personal information that we collect, use, store and otherwise process about you in connection with your interactions with Flame Ontario Arts Collective, particularly our website, ticketing platform, event forms and applications, and the volunteer system regarding SideBurn. Flame Ontario Arts Collective follows the requirements&#8230;<\/p>","protected":false},"author":2,"featured_media":727,"parent":0,"menu_order":0,"comment_status":"closed","ping_status":"closed","template":"page-nosidemenu.php","meta":{"_acf_changed":false,"nf_dc_page":"","footnotes":""},"class_list":["post-117","page","type-page","status-publish","has-post-thumbnail","hentry"],"acf":[],"yoast_head":"<!-- This site is optimized with the Yoast SEO plugin v27.4 - https:\/\/yoast.com\/product\/yoast-seo-wordpress\/ -->\n<title>Privacy Policy - SideBurn<\/title>\n<meta name=\"robots\" content=\"index, follow, max-snippet:-1, max-image-preview:large, max-video-preview:-1\" \/>\n<link rel=\"canonical\" href=\"https:\/\/sideburn.ca\/fr\/privacy-policy\/\" \/>\n<meta property=\"og:locale\" content=\"fr_CA\" \/>\n<meta property=\"og:type\" content=\"article\" \/>\n<meta property=\"og:title\" content=\"Privacy Policy - SideBurn\" \/>\n<meta property=\"og:description\" content=\"When does this privacy policy apply? This Privacy Policy applies to personal information that we collect, use, store and otherwise process about you in connection with your interactions with Flame Ontario Arts Collective, particularly our website, ticketing platform, event forms and applications, and the volunteer system regarding SideBurn. Flame Ontario Arts Collective follows the requirements...\" \/>\n<meta property=\"og:url\" content=\"https:\/\/sideburn.ca\/fr\/privacy-policy\/\" \/>\n<meta property=\"og:site_name\" content=\"SideBurn\" \/>\n<meta property=\"article:publisher\" content=\"https:\/\/www.facebook.com\/groups\/145939082634753\" \/>\n<meta property=\"article:modified_time\" content=\"2025-01-27T18:12:05+00:00\" \/>\n<meta property=\"og:image\" content=\"https:\/\/sideburn.ca\/wp-content\/uploads\/2024\/12\/header-privacy.jpg\" \/>\n\t<meta property=\"og:image:width\" content=\"1400\" \/>\n\t<meta property=\"og:image:height\" content=\"694\" \/>\n\t<meta property=\"og:image:type\" content=\"image\/jpeg\" \/>\n<meta name=\"twitter:card\" content=\"summary_large_image\" \/>\n<meta name=\"twitter:label1\" content=\"Est. reading time\" \/>\n\t<meta name=\"twitter:data1\" content=\"4 minutes\" \/>\n<script type=\"application\/ld+json\" class=\"yoast-schema-graph\">{\"@context\":\"https:\\\/\\\/schema.org\",\"@graph\":[{\"@type\":\"WebPage\",\"@id\":\"https:\\\/\\\/sideburn.ca\\\/privacy-policy\\\/\",\"url\":\"https:\\\/\\\/sideburn.ca\\\/privacy-policy\\\/\",\"name\":\"Privacy Policy - SideBurn\",\"isPartOf\":{\"@id\":\"https:\\\/\\\/dbx.gdr.mybluehost.me\\\/#website\"},\"primaryImageOfPage\":{\"@id\":\"https:\\\/\\\/sideburn.ca\\\/privacy-policy\\\/#primaryimage\"},\"image\":{\"@id\":\"https:\\\/\\\/sideburn.ca\\\/privacy-policy\\\/#primaryimage\"},\"thumbnailUrl\":\"https:\\\/\\\/sideburn.ca\\\/wp-content\\\/uploads\\\/2024\\\/12\\\/header-privacy.jpg\",\"datePublished\":\"2024-10-17T19:23:00+00:00\",\"dateModified\":\"2025-01-27T18:12:05+00:00\",\"breadcrumb\":{\"@id\":\"https:\\\/\\\/sideburn.ca\\\/privacy-policy\\\/#breadcrumb\"},\"inLanguage\":\"fr-CA\",\"potentialAction\":[{\"@type\":\"ReadAction\",\"target\":[\"https:\\\/\\\/sideburn.ca\\\/privacy-policy\\\/\"]}]},{\"@type\":\"ImageObject\",\"inLanguage\":\"fr-CA\",\"@id\":\"https:\\\/\\\/sideburn.ca\\\/privacy-policy\\\/#primaryimage\",\"url\":\"https:\\\/\\\/sideburn.ca\\\/wp-content\\\/uploads\\\/2024\\\/12\\\/header-privacy.jpg\",\"contentUrl\":\"https:\\\/\\\/sideburn.ca\\\/wp-content\\\/uploads\\\/2024\\\/12\\\/header-privacy.jpg\",\"width\":1400,\"height\":694},{\"@type\":\"BreadcrumbList\",\"@id\":\"https:\\\/\\\/sideburn.ca\\\/privacy-policy\\\/#breadcrumb\",\"itemListElement\":[{\"@type\":\"ListItem\",\"position\":1,\"name\":\"Home\",\"item\":\"https:\\\/\\\/sideburn.ca\\\/\"},{\"@type\":\"ListItem\",\"position\":2,\"name\":\"Privacy Policy\"}]},{\"@type\":\"WebSite\",\"@id\":\"https:\\\/\\\/dbx.gdr.mybluehost.me\\\/#website\",\"url\":\"https:\\\/\\\/dbx.gdr.mybluehost.me\\\/\",\"name\":\"SideBurn\",\"description\":\"Chromatic Carnival\",\"publisher\":{\"@id\":\"https:\\\/\\\/dbx.gdr.mybluehost.me\\\/#organization\"},\"potentialAction\":[{\"@type\":\"SearchAction\",\"target\":{\"@type\":\"EntryPoint\",\"urlTemplate\":\"https:\\\/\\\/dbx.gdr.mybluehost.me\\\/?s={search_term_string}\"},\"query-input\":{\"@type\":\"PropertyValueSpecification\",\"valueRequired\":true,\"valueName\":\"search_term_string\"}}],\"inLanguage\":\"fr-CA\"},{\"@type\":\"Organization\",\"@id\":\"https:\\\/\\\/dbx.gdr.mybluehost.me\\\/#organization\",\"name\":\"SideBurn\",\"url\":\"https:\\\/\\\/dbx.gdr.mybluehost.me\\\/\",\"logo\":{\"@type\":\"ImageObject\",\"inLanguage\":\"fr-CA\",\"@id\":\"https:\\\/\\\/dbx.gdr.mybluehost.me\\\/#\\\/schema\\\/logo\\\/image\\\/\",\"url\":\"https:\\\/\\\/i0.wp.com\\\/sideburn.ca\\\/wp-content\\\/uploads\\\/2024\\\/12\\\/logo-sideburn-full-1.png?fit=1259%2C496&ssl=1\",\"contentUrl\":\"https:\\\/\\\/i0.wp.com\\\/sideburn.ca\\\/wp-content\\\/uploads\\\/2024\\\/12\\\/logo-sideburn-full-1.png?fit=1259%2C496&ssl=1\",\"width\":1259,\"height\":496,\"caption\":\"SideBurn\"},\"image\":{\"@id\":\"https:\\\/\\\/dbx.gdr.mybluehost.me\\\/#\\\/schema\\\/logo\\\/image\\\/\"},\"sameAs\":[\"https:\\\/\\\/www.facebook.com\\\/groups\\\/145939082634753\",\"https:\\\/\\\/www.instagram.com\\\/sideburnregional\\\/\"]}]}<\/script>\n<!-- \/ Yoast SEO plugin. -->","yoast_head_json":{"title":"Privacy Policy - SideBurn","robots":{"index":"index","follow":"follow","max-snippet":"max-snippet:-1","max-image-preview":"max-image-preview:large","max-video-preview":"max-video-preview:-1"},"canonical":"https:\/\/sideburn.ca\/fr\/privacy-policy\/","og_locale":"fr_CA","og_type":"article","og_title":"Privacy Policy - SideBurn","og_description":"When does this privacy policy apply? This Privacy Policy applies to personal information that we collect, use, store and otherwise process about you in connection with your interactions with Flame Ontario Arts Collective, particularly our website, ticketing platform, event forms and applications, and the volunteer system regarding SideBurn. Flame Ontario Arts Collective follows the requirements...","og_url":"https:\/\/sideburn.ca\/fr\/privacy-policy\/","og_site_name":"SideBurn","article_publisher":"https:\/\/www.facebook.com\/groups\/145939082634753","article_modified_time":"2025-01-27T18:12:05+00:00","og_image":[{"width":1400,"height":694,"url":"https:\/\/sideburn.ca\/wp-content\/uploads\/2024\/12\/header-privacy.jpg","type":"image\/jpeg"}],"twitter_card":"summary_large_image","twitter_misc":{"Est. reading time":"4 minutes"},"schema":{"@context":"https:\/\/schema.org","@graph":[{"@type":"WebPage","@id":"https:\/\/sideburn.ca\/privacy-policy\/","url":"https:\/\/sideburn.ca\/privacy-policy\/","name":"Privacy Policy - SideBurn","isPartOf":{"@id":"https:\/\/dbx.gdr.mybluehost.me\/#website"},"primaryImageOfPage":{"@id":"https:\/\/sideburn.ca\/privacy-policy\/#primaryimage"},"image":{"@id":"https:\/\/sideburn.ca\/privacy-policy\/#primaryimage"},"thumbnailUrl":"https:\/\/sideburn.ca\/wp-content\/uploads\/2024\/12\/header-privacy.jpg","datePublished":"2024-10-17T19:23:00+00:00","dateModified":"2025-01-27T18:12:05+00:00","breadcrumb":{"@id":"https:\/\/sideburn.ca\/privacy-policy\/#breadcrumb"},"inLanguage":"fr-CA","potentialAction":[{"@type":"ReadAction","target":["https:\/\/sideburn.ca\/privacy-policy\/"]}]},{"@type":"ImageObject","inLanguage":"fr-CA","@id":"https:\/\/sideburn.ca\/privacy-policy\/#primaryimage","url":"https:\/\/sideburn.ca\/wp-content\/uploads\/2024\/12\/header-privacy.jpg","contentUrl":"https:\/\/sideburn.ca\/wp-content\/uploads\/2024\/12\/header-privacy.jpg","width":1400,"height":694},{"@type":"BreadcrumbList","@id":"https:\/\/sideburn.ca\/privacy-policy\/#breadcrumb","itemListElement":[{"@type":"ListItem","position":1,"name":"Home","item":"https:\/\/sideburn.ca\/"},{"@type":"ListItem","position":2,"name":"Privacy Policy"}]},{"@type":"WebSite","@id":"https:\/\/dbx.gdr.mybluehost.me\/#website","url":"https:\/\/dbx.gdr.mybluehost.me\/","name":"SideBurn","description":"Carnaval chromatique","publisher":{"@id":"https:\/\/dbx.gdr.mybluehost.me\/#organization"},"potentialAction":[{"@type":"SearchAction","target":{"@type":"EntryPoint","urlTemplate":"https:\/\/dbx.gdr.mybluehost.me\/?s={search_term_string}"},"query-input":{"@type":"PropertyValueSpecification","valueRequired":true,"valueName":"search_term_string"}}],"inLanguage":"fr-CA"},{"@type":"Organization","@id":"https:\/\/dbx.gdr.mybluehost.me\/#organization","name":"SideBurn","url":"https:\/\/dbx.gdr.mybluehost.me\/","logo":{"@type":"ImageObject","inLanguage":"fr-CA","@id":"https:\/\/dbx.gdr.mybluehost.me\/#\/schema\/logo\/image\/","url":"https:\/\/i0.wp.com\/sideburn.ca\/wp-content\/uploads\/2024\/12\/logo-sideburn-full-1.png?fit=1259%2C496&ssl=1","contentUrl":"https:\/\/i0.wp.com\/sideburn.ca\/wp-content\/uploads\/2024\/12\/logo-sideburn-full-1.png?fit=1259%2C496&ssl=1","width":1259,"height":496,"caption":"SideBurn"},"image":{"@id":"https:\/\/dbx.gdr.mybluehost.me\/#\/schema\/logo\/image\/"},"sameAs":["https:\/\/www.facebook.com\/groups\/145939082634753","https:\/\/www.instagram.com\/sideburnregional\/"]}]}},"_links":{"self":[{"href":"https:\/\/sideburn.ca\/fr\/wp-json\/wp\/v2\/pages\/117","targetHints":{"allow":["GET"]}}],"collection":[{"href":"https:\/\/sideburn.ca\/fr\/wp-json\/wp\/v2\/pages"}],"about":[{"href":"https:\/\/sideburn.ca\/fr\/wp-json\/wp\/v2\/types\/page"}],"author":[{"embeddable":true,"href":"https:\/\/sideburn.ca\/fr\/wp-json\/wp\/v2\/users\/2"}],"replies":[{"embeddable":true,"href":"https:\/\/sideburn.ca\/fr\/wp-json\/wp\/v2\/comments?post=117"}],"version-history":[{"count":8,"href":"https:\/\/sideburn.ca\/fr\/wp-json\/wp\/v2\/pages\/117\/revisions"}],"predecessor-version":[{"id":1174,"href":"https:\/\/sideburn.ca\/fr\/wp-json\/wp\/v2\/pages\/117\/revisions\/1174"}],"wp:featuredmedia":[{"embeddable":true,"href":"https:\/\/sideburn.ca\/fr\/wp-json\/wp\/v2\/media\/727"}],"wp:attachment":[{"href":"https:\/\/sideburn.ca\/fr\/wp-json\/wp\/v2\/media?parent=117"}],"curies":[{"name":"wp","href":"https:\/\/api.w.org\/{rel}","templated":true}]}}