{"id":113,"date":"2024-10-17T19:22:14","date_gmt":"2024-10-17T19:22:14","guid":{"rendered":"https:\/\/dbx.gdr.mybluehost.me\/?page_id=113"},"modified":"2026-03-08T21:23:48","modified_gmt":"2026-03-08T21:23:48","slug":"conduct-and-consent-committee","status":"publish","type":"page","link":"https:\/\/sideburn.ca\/fr\/about\/conduct-and-consent-committee\/","title":{"rendered":"Comit\u00e9 CARE"},"content":{"rendered":"<p class=\"lead\">CARE est l'\u00e9quipe de SideBurn charg\u00e9e du consentement, de la responsabilit\u00e9, de la r\u00e9silience et de l'\u00e9quit\u00e9. Elle est compos\u00e9e de la responsable du Consentement et de la responsable de l'\u00c9quit\u00e9 et cherche \u00e0 s'assurer que SideBurn et tous les \u00e9v\u00e9nements de Flame Ontario Arts Collective respectent les valeurs fondamentales de CARE.<\/p>\n<p>CARE s'engage \u00e0 respecter les valeurs fondamentales qui guident notre approche en mati\u00e8re de soutien et de prise de d\u00e9cision. Elle vise \u00e0 fournir aux participants un processus significatif leur permettant de soulever des pr\u00e9occupations concernant SideBurn, les autres \u00e9v\u00e9nements du Flame Ontario Arts Collective, ses b\u00e9n\u00e9voles et ses participants, et \u00e0 promouvoir les objectifs de consentement et d'\u00e9quit\u00e9 lors de nos \u00e9v\u00e9nements. Ces valeurs fondamentales constituent \u00e9galement le fondement de notre travail et nous guident dans la cr\u00e9ation d'un environnement plus juste, plus inclusif et plus solidaire pour toutes les personnes impliqu\u00e9es.<\/p>\n<p>Pour plus d'informations ou si vous souhaitez nous aider, vous pouvez nous contacter \u00e0 <a href=\"mailto:care@sideburn.ca\">care@sideburn.ca<\/a>.<\/p>\n<div class=\"boxit\">\n<h3 class=\"mt-0 mb-3\"><i class=\"fa-solid fa-message-exclamation me-2\"><\/i>D\u00e9claration sur l'inclusion radicale<\/h3>\n<p><em>\u00c0 la lumi\u00e8re des r\u00e9cents \u00e9v\u00e9nements qui ont fait \u00e9cho dans le monde entier, le conseil d'administration de Flame Ontario Arts Collective, l'entit\u00e9 \u00e0 l'origine de SideBurn, souhaite affirmer que nous soutenons nos valeurs d'inclusion radicale de tous les membres de la communaut\u00e9, y compris les personnes de diversit\u00e9 sexuelle et\/ou de genre, ceux les personnes BIPOC, les personnes en situation de handicap, les nouveaux arrivants au pays et tous ceux qui souhaitent participer. Nous soutenons fermement les valeurs de diversit\u00e9, d'\u00e9quit\u00e9 et d'inclusion. SideBurn prosp\u00e8re gr\u00e2ce \u00e0 la diversit\u00e9 de nos origines et de nos exp\u00e9riences.<\/em><\/p>\n<p><em>L'inclusion radicale ne signifie pas l'acceptation radicale. Nous n'acceptons aucune violation du consentement, aucune intol\u00e9rance, aucune haine ni aucun harc\u00e8lement \u00e0 l'\u00e9gard d'un participant. Nous mettons tout en \u0153uvre pour faire de SideBurn un espace s\u00fbr et accueillant. Nous encourageons les membres de la communaut\u00e9 \u00e0 signaler tout comportement inappropri\u00e9 et, lorsque cela n'est pas possible, \u00e0 nous contacter.<\/em><\/p>\n<p><em>Depuis novembre 2024, nous avons travaill\u00e9 d'arrache-pied pour constituer notre \u00e9quipe CARE (Consentement, responsabilit\u00e9, r\u00e9silience et \u00e9quit\u00e9) afin d\u2019ajuster notre cadre d\u2019intervention pour traiter les incidents de mani\u00e8re juste, \u00e9quitable et rapide.<\/em><\/p>\n<p><strong>Pour plus d'informations sur CARE,<\/strong> envoyez-nous un e-mail \u00e0 <a href=\"mailto:care@sideburn.ca\">care@sideburn.ca<\/a>. Vous pouvez \u00e9galement explorer notre <a href=\"https:\/\/sideburn.ca\/fr\/about\/conduct-and-consent-committee\/trauma-resources\/\">section des ressources sur les traumatismes<\/a> pour obtenir une assistance suppl\u00e9mentaire.<\/p>\n<\/div>\n<h2>Responsabilit\u00e9s<\/h2>\n<ul>\n<li><strong>Responsabilit\u00e9s en mati\u00e8re d'\u00e9quit\u00e9 :<\/strong> Programme de billetterie \u00e0 bas prix, programme d'aide \u00e0 la billetterie, besoins des participants en mati\u00e8re d'accessibilit\u00e9, r\u00e9flexion strat\u00e9gique sur l'accessibilit\u00e9 et l'\u00e9quit\u00e9 lors des \u00e9v\u00e9nements organis\u00e9s par Flame Ontario Arts Collective.<\/li>\n<li><strong>Responsabilit\u00e9s en mati\u00e8re de consentement :<\/strong> Violations des r\u00e8gles de conduite et du consentement lors des \u00e9v\u00e9nements organis\u00e9s par Flame Ontario Arts Collective, \u00e9ducation au consentement, promotion et conseils en mati\u00e8re de sant\u00e9 et de bien-\u00eatre, et r\u00e9flexion strat\u00e9gique sur la conduite et le consentement lors des \u00e9v\u00e9nements organis\u00e9s par Flame Ontario Arts Collective.<\/li>\n<li><strong>Responsabilit\u00e9s conjointes :<\/strong> \u00c9ducation autour des <a href=\"https:\/\/burningman.org\/about\/10-principles\/\" target=\"_blank\" rel=\"noopener\">10 principes de Burning Man<\/a>, cr\u00e9ation et maintien d\u2019outils pour les participants et les b\u00e9n\u00e9voles en mati\u00e8re de responsabilit\u00e9 et de r\u00e9silience, tant pour les situations quotidiennes que pour les incidents qui ne devraient jamais survenir. Aider les participants \u00e0 adopter les principes fondamentaux d\u2019une mani\u00e8re responsable sur le plan civique qui att\u00e9nue les pr\u00e9judices. Encourager un examen productif de la mani\u00e8re dont SideBurn a abord\u00e9 les pr\u00e9judices caus\u00e9s dans le pass\u00e9.<\/li>\n<\/ul>\n<h2>Valeurs fondamentales<\/h2>\n<h3>Responsabilit\u00e9 radicale<\/h3>\n<p>Lorsque nous assumons la responsabilit\u00e9 de notre situation, nous n'avons plus besoin de bl\u00e2mer les autres. Oui, il nous arrive des choses d\u00e9sagr\u00e9ables qui \u00e9chappent \u00e0 notre contr\u00f4le. Cependant, nous avons la capacit\u00e9 d'assumer la responsabilit\u00e9 de la mani\u00e8re dont nous g\u00e9rons cette r\u00e9alit\u00e9. Parmi les \u00e9l\u00e9ments sous notre contr\u00f4le figurent l'\u00e9tablissement de limites, l'introspection ou la recherche d'aide pour surmonter ces sentiments d\u00e9sagr\u00e9ables ou ces pr\u00e9judices. En d'autres termes, la responsabilit\u00e9 radicale consiste \u00e0 prendre en main votre vie et votre situation. Il ne s'agit pas de bl\u00e2mer, mais de reconna\u00eetre les choix qui s'offrent \u00e0 vous et de faire ceux qui vous donnent du pouvoir. C'est un processus qui transforme les conditions qui conduisent au pr\u00e9judice et restaure la capacit\u00e9 des personnes touch\u00e9es \u00e0 vivre et \u00e0 gu\u00e9rir.<\/p>\n<h3>Sensibilit\u00e9 aux traumatismes<\/h3>\n<p>Une approche tenant compte des traumatismes est une mani\u00e8re d'interagir avec les individus qui reconna\u00eet l'impact des traumatismes et vise \u00e0 \u00e9viter toute nouvelle traumatisation. Elle implique d'adopter une approche confidentielle et centr\u00e9e sur la personne, de croire les d\u00e9clarations de la personne et de respecter les consid\u00e9rations intersectionnelles qui fa\u00e7onnent ses r\u00e9actions aux traumatismes, notamment les valeurs, les traditions, les cultures, le genre et d'autres facteurs. Une approche tenant compte des traumatismes vise \u00e0 r\u00e9duire le sentiment d'impuissance en reconnaissant les effets cumulatifs des traumatismes. Elle donne la priorit\u00e9 \u00e0 la s\u00e9curit\u00e9 psychologique et au lien avec les syst\u00e8mes de soutien. Cette approche offre \u00e9galement du r\u00e9confort, une validation et une reconnaissance du traumatisme, ainsi que de la douleur et des difficult\u00e9s qui y sont associ\u00e9es.<\/p>\n<h3>Consentement \u00e9clair\u00e9<\/h3>\n<p>Le consentement \u00e9clair\u00e9 est une valeur fondamentale qui soutient le principe d'autonomie et de respect des choix individuels. Il signifie que chaque participant a le droit de prendre des d\u00e9cisions inform\u00e9es et volontaires concernant son engagement. Nous croyons en la n\u00e9cessit\u00e9 de fournir des informations claires, honn\u00eates et accessibles sur les activit\u00e9s, les risques et les responsabilit\u00e9s, en veillant \u00e0 ce que chacun soit en mesure de comprendre l\u2019information et de choisir librement de participer. Le consentement \u00e9clair\u00e9 n'est pas seulement un accord ponctuel, c'est un processus continu de communication qui permet aux individus de se retirer ou de modifier leur participation \u00e0 tout moment sans crainte de sanction. En adoptant cette valeur, nous favorisons une communaut\u00e9 fond\u00e9e sur la confiance, la transparence et le respect mutuel.<\/p>\n<h3>Empathie<\/h3>\n<p>Nous souhaitons nous centrer sur la dignit\u00e9, la gentillesse et la connexion, en cherchant \u00e0 nous connecter aux \u00e9motions qui sous-tendent une exp\u00e9rience. Cela implique de prendre en compte le point de vue d'une autre personne plut\u00f4t que seulement le sien.<\/p>\n<h3>Humilit\u00e9<\/h3>\n<p>Notre mission est ambitieuse et le processus sera it\u00e9ratif. Nous reconnaissons que nous pouvons commettre des erreurs et nous sommes ouverts \u00e0 toute remarque. Nous devons chercher \u00e0 r\u00e9duire les dommages et \u00e0 aller de l'avant de la meilleure fa\u00e7on possible. Notre objectif n'est pas d'avoir raison, mais nous continuerons \u00e0 nous efforcer de faire les choses correctement.<\/p>\n<h3>Diversit\u00e9<\/h3>\n<p>Pour bien faire notre travail, nous devons \u00e9couter diff\u00e9rents types de voix et offrir une plateforme permettant aux personnes de choisir les responsables de dossier qui correspondent le mieux \u00e0 ses besoins. Nous nous effor\u00e7ons de faire en sorte que SideBurn et tous les autres \u00e9v\u00e9nements organis\u00e9s par Flame Ontario Arts Collective offrent les m\u00eames chances \u00e0 tous ceux qui souhaitent y participer, dans la mesure de leurs capacit\u00e9s. Nous suivons le principe de l'inclusion radicale pr\u00f4n\u00e9 par Burning Man.<\/p>\n<h3>\u00c9quit\u00e9<\/h3>\n<p>SideBurn reconna\u00eet que chaque personne a des circonstances et des capacit\u00e9s diff\u00e9rentes. Nous nous effor\u00e7ons d'offrir \u00e0 tous ceux qui souhaitent participer \u00e0 SideBurn et aux \u00e9v\u00e9nements associ\u00e9s du Flame Ontario Arts Collective des chances \u00e9gales en leur fournissant le soutien n\u00e9cessaire pour s'engager de mani\u00e8re significative.<\/p>\n<h3>Rapidit\u00e9<\/h3>\n<p>Les questions trait\u00e9es par l\u2019\u00e9quipe CARE sont sensibles et n\u00e9cessitent une r\u00e9ponse imm\u00e9diate. Nous ferons de notre mieux pour travailler rapidement dans la mesure de nos capacit\u00e9s en tant que b\u00e9n\u00e9voles et tiendrons toutes les parties int\u00e9ress\u00e9es inform\u00e9es de nos progr\u00e8s.<\/p>\n<h3>R\u00e9silience<\/h3>\n<p>La r\u00e9silience est l'engagement \u00e0 faire preuve de pers\u00e9v\u00e9rance, d'adaptabilit\u00e9 et de croissance dans l'adversit\u00e9. Elle encourage \u00e0 consid\u00e9rer les d\u00e9fis comme des occasions d'apprendre, \u00e0 rester d\u00e9termin\u00e9 malgr\u00e9 les revers et \u00e0 en sortir plus fort. La r\u00e9silience favorise une culture d'am\u00e9lioration continue et de force, o\u00f9 les d\u00e9fis sont consid\u00e9r\u00e9s comme faisant partie du progr\u00e8s.<\/p>","protected":false},"excerpt":{"rendered":"<p>En savoir plus sur le comit\u00e9 CARE (Consentement, Responsabilit\u00e9, R\u00e9silience et \u00c9quit\u00e9) de SideBurn.<\/p>","protected":false},"author":2,"featured_media":389,"parent":107,"menu_order":0,"comment_status":"closed","ping_status":"closed","template":"","meta":{"_acf_changed":false,"nf_dc_page":"","footnotes":""},"class_list":["post-113","page","type-page","status-publish","has-post-thumbnail","hentry"],"acf":[],"yoast_head":"<!-- This site is optimized with the Yoast SEO plugin v27.4 - https:\/\/yoast.com\/product\/yoast-seo-wordpress\/ -->\n<title>CARE Committee - SideBurn<\/title>\n<meta name=\"robots\" content=\"index, follow, max-snippet:-1, max-image-preview:large, max-video-preview:-1\" \/>\n<link rel=\"canonical\" href=\"https:\/\/sideburn.ca\/fr\/about\/conduct-and-consent-committee\/\" \/>\n<meta property=\"og:locale\" content=\"fr_CA\" \/>\n<meta property=\"og:type\" content=\"article\" \/>\n<meta property=\"og:title\" content=\"CARE Committee - SideBurn\" \/>\n<meta property=\"og:description\" content=\"Learn more about SideBurn\u2019s Consent, Accountability, Resilience &amp; Equity (CARE) Committee.\" \/>\n<meta property=\"og:url\" content=\"https:\/\/sideburn.ca\/fr\/about\/conduct-and-consent-committee\/\" \/>\n<meta property=\"og:site_name\" content=\"SideBurn\" \/>\n<meta property=\"article:publisher\" content=\"https:\/\/www.facebook.com\/groups\/145939082634753\" \/>\n<meta property=\"article:modified_time\" content=\"2026-03-08T21:23:48+00:00\" \/>\n<meta property=\"og:image\" content=\"https:\/\/sideburn.ca\/wp-content\/uploads\/2024\/12\/header-conduct.jpg\" \/>\n\t<meta property=\"og:image:width\" content=\"1200\" \/>\n\t<meta property=\"og:image:height\" content=\"828\" \/>\n\t<meta property=\"og:image:type\" content=\"image\/jpeg\" \/>\n<meta name=\"twitter:card\" content=\"summary_large_image\" \/>\n<meta name=\"twitter:label1\" content=\"Est. reading time\" \/>\n\t<meta name=\"twitter:data1\" content=\"5 minutes\" \/>\n<script type=\"application\/ld+json\" class=\"yoast-schema-graph\">{\"@context\":\"https:\\\/\\\/schema.org\",\"@graph\":[{\"@type\":\"WebPage\",\"@id\":\"https:\\\/\\\/sideburn.ca\\\/about\\\/conduct-and-consent-committee\\\/\",\"url\":\"https:\\\/\\\/sideburn.ca\\\/about\\\/conduct-and-consent-committee\\\/\",\"name\":\"CARE Committee - SideBurn\",\"isPartOf\":{\"@id\":\"https:\\\/\\\/dbx.gdr.mybluehost.me\\\/#website\"},\"primaryImageOfPage\":{\"@id\":\"https:\\\/\\\/sideburn.ca\\\/about\\\/conduct-and-consent-committee\\\/#primaryimage\"},\"image\":{\"@id\":\"https:\\\/\\\/sideburn.ca\\\/about\\\/conduct-and-consent-committee\\\/#primaryimage\"},\"thumbnailUrl\":\"https:\\\/\\\/sideburn.ca\\\/wp-content\\\/uploads\\\/2024\\\/12\\\/header-conduct.jpg\",\"datePublished\":\"2024-10-17T19:22:14+00:00\",\"dateModified\":\"2026-03-08T21:23:48+00:00\",\"breadcrumb\":{\"@id\":\"https:\\\/\\\/sideburn.ca\\\/about\\\/conduct-and-consent-committee\\\/#breadcrumb\"},\"inLanguage\":\"fr-CA\",\"potentialAction\":[{\"@type\":\"ReadAction\",\"target\":[\"https:\\\/\\\/sideburn.ca\\\/about\\\/conduct-and-consent-committee\\\/\"]}]},{\"@type\":\"ImageObject\",\"inLanguage\":\"fr-CA\",\"@id\":\"https:\\\/\\\/sideburn.ca\\\/about\\\/conduct-and-consent-committee\\\/#primaryimage\",\"url\":\"https:\\\/\\\/sideburn.ca\\\/wp-content\\\/uploads\\\/2024\\\/12\\\/header-conduct.jpg\",\"contentUrl\":\"https:\\\/\\\/sideburn.ca\\\/wp-content\\\/uploads\\\/2024\\\/12\\\/header-conduct.jpg\",\"width\":1200,\"height\":828},{\"@type\":\"BreadcrumbList\",\"@id\":\"https:\\\/\\\/sideburn.ca\\\/about\\\/conduct-and-consent-committee\\\/#breadcrumb\",\"itemListElement\":[{\"@type\":\"ListItem\",\"position\":1,\"name\":\"Home\",\"item\":\"https:\\\/\\\/sideburn.ca\\\/\"},{\"@type\":\"ListItem\",\"position\":2,\"name\":\"About\",\"item\":\"https:\\\/\\\/sideburn.ca\\\/about\\\/\"},{\"@type\":\"ListItem\",\"position\":3,\"name\":\"CARE Committee\"}]},{\"@type\":\"WebSite\",\"@id\":\"https:\\\/\\\/dbx.gdr.mybluehost.me\\\/#website\",\"url\":\"https:\\\/\\\/dbx.gdr.mybluehost.me\\\/\",\"name\":\"SideBurn\",\"description\":\"Chromatic Carnival\",\"publisher\":{\"@id\":\"https:\\\/\\\/dbx.gdr.mybluehost.me\\\/#organization\"},\"potentialAction\":[{\"@type\":\"SearchAction\",\"target\":{\"@type\":\"EntryPoint\",\"urlTemplate\":\"https:\\\/\\\/dbx.gdr.mybluehost.me\\\/?s={search_term_string}\"},\"query-input\":{\"@type\":\"PropertyValueSpecification\",\"valueRequired\":true,\"valueName\":\"search_term_string\"}}],\"inLanguage\":\"fr-CA\"},{\"@type\":\"Organization\",\"@id\":\"https:\\\/\\\/dbx.gdr.mybluehost.me\\\/#organization\",\"name\":\"SideBurn\",\"url\":\"https:\\\/\\\/dbx.gdr.mybluehost.me\\\/\",\"logo\":{\"@type\":\"ImageObject\",\"inLanguage\":\"fr-CA\",\"@id\":\"https:\\\/\\\/dbx.gdr.mybluehost.me\\\/#\\\/schema\\\/logo\\\/image\\\/\",\"url\":\"https:\\\/\\\/i0.wp.com\\\/sideburn.ca\\\/wp-content\\\/uploads\\\/2024\\\/12\\\/logo-sideburn-full-1.png?fit=1259%2C496&ssl=1\",\"contentUrl\":\"https:\\\/\\\/i0.wp.com\\\/sideburn.ca\\\/wp-content\\\/uploads\\\/2024\\\/12\\\/logo-sideburn-full-1.png?fit=1259%2C496&ssl=1\",\"width\":1259,\"height\":496,\"caption\":\"SideBurn\"},\"image\":{\"@id\":\"https:\\\/\\\/dbx.gdr.mybluehost.me\\\/#\\\/schema\\\/logo\\\/image\\\/\"},\"sameAs\":[\"https:\\\/\\\/www.facebook.com\\\/groups\\\/145939082634753\",\"https:\\\/\\\/www.instagram.com\\\/sideburnregional\\\/\"]}]}<\/script>\n<!-- \/ Yoast SEO plugin. -->","yoast_head_json":{"title":"CARE Committee - SideBurn","robots":{"index":"index","follow":"follow","max-snippet":"max-snippet:-1","max-image-preview":"max-image-preview:large","max-video-preview":"max-video-preview:-1"},"canonical":"https:\/\/sideburn.ca\/fr\/about\/conduct-and-consent-committee\/","og_locale":"fr_CA","og_type":"article","og_title":"CARE Committee - SideBurn","og_description":"Learn more about SideBurn\u2019s Consent, Accountability, Resilience & Equity (CARE) Committee.","og_url":"https:\/\/sideburn.ca\/fr\/about\/conduct-and-consent-committee\/","og_site_name":"SideBurn","article_publisher":"https:\/\/www.facebook.com\/groups\/145939082634753","article_modified_time":"2026-03-08T21:23:48+00:00","og_image":[{"width":1200,"height":828,"url":"https:\/\/sideburn.ca\/wp-content\/uploads\/2024\/12\/header-conduct.jpg","type":"image\/jpeg"}],"twitter_card":"summary_large_image","twitter_misc":{"Est. reading time":"5 minutes"},"schema":{"@context":"https:\/\/schema.org","@graph":[{"@type":"WebPage","@id":"https:\/\/sideburn.ca\/about\/conduct-and-consent-committee\/","url":"https:\/\/sideburn.ca\/about\/conduct-and-consent-committee\/","name":"CARE Committee - SideBurn","isPartOf":{"@id":"https:\/\/dbx.gdr.mybluehost.me\/#website"},"primaryImageOfPage":{"@id":"https:\/\/sideburn.ca\/about\/conduct-and-consent-committee\/#primaryimage"},"image":{"@id":"https:\/\/sideburn.ca\/about\/conduct-and-consent-committee\/#primaryimage"},"thumbnailUrl":"https:\/\/sideburn.ca\/wp-content\/uploads\/2024\/12\/header-conduct.jpg","datePublished":"2024-10-17T19:22:14+00:00","dateModified":"2026-03-08T21:23:48+00:00","breadcrumb":{"@id":"https:\/\/sideburn.ca\/about\/conduct-and-consent-committee\/#breadcrumb"},"inLanguage":"fr-CA","potentialAction":[{"@type":"ReadAction","target":["https:\/\/sideburn.ca\/about\/conduct-and-consent-committee\/"]}]},{"@type":"ImageObject","inLanguage":"fr-CA","@id":"https:\/\/sideburn.ca\/about\/conduct-and-consent-committee\/#primaryimage","url":"https:\/\/sideburn.ca\/wp-content\/uploads\/2024\/12\/header-conduct.jpg","contentUrl":"https:\/\/sideburn.ca\/wp-content\/uploads\/2024\/12\/header-conduct.jpg","width":1200,"height":828},{"@type":"BreadcrumbList","@id":"https:\/\/sideburn.ca\/about\/conduct-and-consent-committee\/#breadcrumb","itemListElement":[{"@type":"ListItem","position":1,"name":"Home","item":"https:\/\/sideburn.ca\/"},{"@type":"ListItem","position":2,"name":"About","item":"https:\/\/sideburn.ca\/about\/"},{"@type":"ListItem","position":3,"name":"CARE Committee"}]},{"@type":"WebSite","@id":"https:\/\/dbx.gdr.mybluehost.me\/#website","url":"https:\/\/dbx.gdr.mybluehost.me\/","name":"SideBurn","description":"Carnaval chromatique","publisher":{"@id":"https:\/\/dbx.gdr.mybluehost.me\/#organization"},"potentialAction":[{"@type":"SearchAction","target":{"@type":"EntryPoint","urlTemplate":"https:\/\/dbx.gdr.mybluehost.me\/?s={search_term_string}"},"query-input":{"@type":"PropertyValueSpecification","valueRequired":true,"valueName":"search_term_string"}}],"inLanguage":"fr-CA"},{"@type":"Organization","@id":"https:\/\/dbx.gdr.mybluehost.me\/#organization","name":"SideBurn","url":"https:\/\/dbx.gdr.mybluehost.me\/","logo":{"@type":"ImageObject","inLanguage":"fr-CA","@id":"https:\/\/dbx.gdr.mybluehost.me\/#\/schema\/logo\/image\/","url":"https:\/\/i0.wp.com\/sideburn.ca\/wp-content\/uploads\/2024\/12\/logo-sideburn-full-1.png?fit=1259%2C496&ssl=1","contentUrl":"https:\/\/i0.wp.com\/sideburn.ca\/wp-content\/uploads\/2024\/12\/logo-sideburn-full-1.png?fit=1259%2C496&ssl=1","width":1259,"height":496,"caption":"SideBurn"},"image":{"@id":"https:\/\/dbx.gdr.mybluehost.me\/#\/schema\/logo\/image\/"},"sameAs":["https:\/\/www.facebook.com\/groups\/145939082634753","https:\/\/www.instagram.com\/sideburnregional\/"]}]}},"_links":{"self":[{"href":"https:\/\/sideburn.ca\/fr\/wp-json\/wp\/v2\/pages\/113","targetHints":{"allow":["GET"]}}],"collection":[{"href":"https:\/\/sideburn.ca\/fr\/wp-json\/wp\/v2\/pages"}],"about":[{"href":"https:\/\/sideburn.ca\/fr\/wp-json\/wp\/v2\/types\/page"}],"author":[{"embeddable":true,"href":"https:\/\/sideburn.ca\/fr\/wp-json\/wp\/v2\/users\/2"}],"replies":[{"embeddable":true,"href":"https:\/\/sideburn.ca\/fr\/wp-json\/wp\/v2\/comments?post=113"}],"version-history":[{"count":20,"href":"https:\/\/sideburn.ca\/fr\/wp-json\/wp\/v2\/pages\/113\/revisions"}],"predecessor-version":[{"id":2549,"href":"https:\/\/sideburn.ca\/fr\/wp-json\/wp\/v2\/pages\/113\/revisions\/2549"}],"up":[{"embeddable":true,"href":"https:\/\/sideburn.ca\/fr\/wp-json\/wp\/v2\/pages\/107"}],"wp:featuredmedia":[{"embeddable":true,"href":"https:\/\/sideburn.ca\/fr\/wp-json\/wp\/v2\/media\/389"}],"wp:attachment":[{"href":"https:\/\/sideburn.ca\/fr\/wp-json\/wp\/v2\/media?parent=113"}],"curies":[{"name":"wp","href":"https:\/\/api.w.org\/{rel}","templated":true}]}}