{"id":111,"date":"2024-10-17T19:21:51","date_gmt":"2024-10-17T19:21:51","guid":{"rendered":"https:\/\/dbx.gdr.mybluehost.me\/?page_id=111"},"modified":"2026-03-08T15:29:36","modified_gmt":"2026-03-08T15:29:36","slug":"afterburn","status":"publish","type":"page","link":"https:\/\/sideburn.ca\/fr\/about\/afterburn\/","title":{"rendered":"Rapport AfterBurn"},"content":{"rendered":"<p class=\"lead\">Un rapport Afterburn est un rapport formel soumis par chaque \u00e9v\u00e9nement r\u00e9gional de Burning Man (comme ceux organis\u00e9s dans le monde entier) apr\u00e8s la fin de l'\u00e9v\u00e9nement. Il s'agit d'un \u00e9l\u00e9ment cl\u00e9 des efforts de l'organisation Burning Man pour \u00e9valuer et documenter les r\u00e9sultats de chaque \u00e9v\u00e9nement, et pour partager des informations et des id\u00e9es avec la communaut\u00e9 Burning Man mondiale.<\/p>\n<h3>Voici un bref aper\u00e7u de ce que couvre notre rapport :<\/h3>\n<ul>\n<li><strong>Aper\u00e7u de l'\u00e9v\u00e9nement :<\/strong> Un r\u00e9sum\u00e9 de l'\u00e9v\u00e9nement, y compris la participation, le lieu et les dates.<\/li>\n<li><strong>Logistique et infrastructure :<\/strong> D\u00e9tails sur la logistique de l'\u00e9v\u00e9nement et autres aspects op\u00e9rationnels.<\/li>\n<li><strong>Engagement communautaire :<\/strong> Informations sur les camps \u00e0 th\u00e8me et les projets artistiques, y compris l'attribution de billets, les subventions et les contributions cr\u00e9atives notables.<\/li>\n<li><strong>D\u00e9fis et solutions :<\/strong> Les difficult\u00e9s rencontr\u00e9es au cours de l'\u00e9v\u00e9nement (telles que les conditions m\u00e9t\u00e9orologiques, les probl\u00e8mes de s\u00e9curit\u00e9 ou les questions logistiques) et la mani\u00e8re dont elles ont \u00e9t\u00e9 r\u00e9solues.<\/li>\n<li><strong>Aper\u00e7u financier :<\/strong> Un r\u00e9sum\u00e9 des donn\u00e9es financi\u00e8res de l'\u00e9v\u00e9nement, telles que le budget, les d\u00e9penses et les recettes, y compris les ventes de billets et les dons \u00e9ventuels.<\/li>\n<\/ul>\n<p><a class=\"btn btn-primary\" href=\"https:\/\/sideburn.ca\/wp-content\/uploads\/2026\/03\/SideBurn-2025-AfterBurn-Report-.pdf\" target=\"_blank\" rel=\"noopener\">T\u00e9l\u00e9charger notre rapport 2025<\/a><\/p>","protected":false},"excerpt":{"rendered":"<p>D\u00e9couvrez les \u00e9l\u00e9ments cl\u00e9s de notre rapport AfterBurn et comment il nous aide \u00e0 am\u00e9liorer notre \u00e9v\u00e9nement chaque ann\u00e9e.<\/p>","protected":false},"author":2,"featured_media":465,"parent":107,"menu_order":0,"comment_status":"closed","ping_status":"closed","template":"","meta":{"_acf_changed":false,"nf_dc_page":"","footnotes":""},"class_list":["post-111","page","type-page","status-publish","has-post-thumbnail","hentry"],"acf":[],"yoast_head":"<!-- This site is optimized with the Yoast SEO plugin v27.4 - https:\/\/yoast.com\/product\/yoast-seo-wordpress\/ -->\n<title>AfterBurn Report - SideBurn<\/title>\n<meta name=\"robots\" content=\"index, follow, max-snippet:-1, max-image-preview:large, max-video-preview:-1\" \/>\n<link rel=\"canonical\" href=\"https:\/\/sideburn.ca\/fr\/about\/afterburn\/\" \/>\n<meta property=\"og:locale\" content=\"fr_CA\" \/>\n<meta property=\"og:type\" content=\"article\" \/>\n<meta property=\"og:title\" content=\"AfterBurn Report - SideBurn\" \/>\n<meta property=\"og:description\" content=\"Explore the key elements of our Afterburn Report and how it helps us improve each year\u2019s event.\" \/>\n<meta property=\"og:url\" content=\"https:\/\/sideburn.ca\/fr\/about\/afterburn\/\" \/>\n<meta property=\"og:site_name\" content=\"SideBurn\" \/>\n<meta property=\"article:publisher\" content=\"https:\/\/www.facebook.com\/groups\/145939082634753\" \/>\n<meta property=\"article:modified_time\" content=\"2026-03-08T15:29:36+00:00\" \/>\n<meta property=\"og:image\" content=\"https:\/\/sideburn.ca\/wp-content\/uploads\/2024\/12\/header-afterburn-1.jpg\" \/>\n\t<meta property=\"og:image:width\" content=\"1200\" \/>\n\t<meta property=\"og:image:height\" content=\"908\" \/>\n\t<meta property=\"og:image:type\" content=\"image\/jpeg\" \/>\n<meta name=\"twitter:card\" content=\"summary_large_image\" \/>\n<meta name=\"twitter:label1\" content=\"Est. reading time\" \/>\n\t<meta name=\"twitter:data1\" content=\"1 minute\" \/>\n<script type=\"application\/ld+json\" class=\"yoast-schema-graph\">{\"@context\":\"https:\\\/\\\/schema.org\",\"@graph\":[{\"@type\":\"WebPage\",\"@id\":\"https:\\\/\\\/sideburn.ca\\\/about\\\/afterburn\\\/\",\"url\":\"https:\\\/\\\/sideburn.ca\\\/about\\\/afterburn\\\/\",\"name\":\"AfterBurn Report - SideBurn\",\"isPartOf\":{\"@id\":\"https:\\\/\\\/dbx.gdr.mybluehost.me\\\/#website\"},\"primaryImageOfPage\":{\"@id\":\"https:\\\/\\\/sideburn.ca\\\/about\\\/afterburn\\\/#primaryimage\"},\"image\":{\"@id\":\"https:\\\/\\\/sideburn.ca\\\/about\\\/afterburn\\\/#primaryimage\"},\"thumbnailUrl\":\"https:\\\/\\\/sideburn.ca\\\/wp-content\\\/uploads\\\/2024\\\/12\\\/header-afterburn-1.jpg\",\"datePublished\":\"2024-10-17T19:21:51+00:00\",\"dateModified\":\"2026-03-08T15:29:36+00:00\",\"breadcrumb\":{\"@id\":\"https:\\\/\\\/sideburn.ca\\\/about\\\/afterburn\\\/#breadcrumb\"},\"inLanguage\":\"fr-CA\",\"potentialAction\":[{\"@type\":\"ReadAction\",\"target\":[\"https:\\\/\\\/sideburn.ca\\\/about\\\/afterburn\\\/\"]}]},{\"@type\":\"ImageObject\",\"inLanguage\":\"fr-CA\",\"@id\":\"https:\\\/\\\/sideburn.ca\\\/about\\\/afterburn\\\/#primaryimage\",\"url\":\"https:\\\/\\\/sideburn.ca\\\/wp-content\\\/uploads\\\/2024\\\/12\\\/header-afterburn-1.jpg\",\"contentUrl\":\"https:\\\/\\\/sideburn.ca\\\/wp-content\\\/uploads\\\/2024\\\/12\\\/header-afterburn-1.jpg\",\"width\":1200,\"height\":908},{\"@type\":\"BreadcrumbList\",\"@id\":\"https:\\\/\\\/sideburn.ca\\\/about\\\/afterburn\\\/#breadcrumb\",\"itemListElement\":[{\"@type\":\"ListItem\",\"position\":1,\"name\":\"Home\",\"item\":\"https:\\\/\\\/sideburn.ca\\\/\"},{\"@type\":\"ListItem\",\"position\":2,\"name\":\"About\",\"item\":\"https:\\\/\\\/sideburn.ca\\\/about\\\/\"},{\"@type\":\"ListItem\",\"position\":3,\"name\":\"AfterBurn Report\"}]},{\"@type\":\"WebSite\",\"@id\":\"https:\\\/\\\/dbx.gdr.mybluehost.me\\\/#website\",\"url\":\"https:\\\/\\\/dbx.gdr.mybluehost.me\\\/\",\"name\":\"SideBurn\",\"description\":\"Chromatic Carnival\",\"publisher\":{\"@id\":\"https:\\\/\\\/dbx.gdr.mybluehost.me\\\/#organization\"},\"potentialAction\":[{\"@type\":\"SearchAction\",\"target\":{\"@type\":\"EntryPoint\",\"urlTemplate\":\"https:\\\/\\\/dbx.gdr.mybluehost.me\\\/?s={search_term_string}\"},\"query-input\":{\"@type\":\"PropertyValueSpecification\",\"valueRequired\":true,\"valueName\":\"search_term_string\"}}],\"inLanguage\":\"fr-CA\"},{\"@type\":\"Organization\",\"@id\":\"https:\\\/\\\/dbx.gdr.mybluehost.me\\\/#organization\",\"name\":\"SideBurn\",\"url\":\"https:\\\/\\\/dbx.gdr.mybluehost.me\\\/\",\"logo\":{\"@type\":\"ImageObject\",\"inLanguage\":\"fr-CA\",\"@id\":\"https:\\\/\\\/dbx.gdr.mybluehost.me\\\/#\\\/schema\\\/logo\\\/image\\\/\",\"url\":\"https:\\\/\\\/i0.wp.com\\\/sideburn.ca\\\/wp-content\\\/uploads\\\/2024\\\/12\\\/logo-sideburn-full-1.png?fit=1259%2C496&ssl=1\",\"contentUrl\":\"https:\\\/\\\/i0.wp.com\\\/sideburn.ca\\\/wp-content\\\/uploads\\\/2024\\\/12\\\/logo-sideburn-full-1.png?fit=1259%2C496&ssl=1\",\"width\":1259,\"height\":496,\"caption\":\"SideBurn\"},\"image\":{\"@id\":\"https:\\\/\\\/dbx.gdr.mybluehost.me\\\/#\\\/schema\\\/logo\\\/image\\\/\"},\"sameAs\":[\"https:\\\/\\\/www.facebook.com\\\/groups\\\/145939082634753\",\"https:\\\/\\\/www.instagram.com\\\/sideburnregional\\\/\"]}]}<\/script>\n<!-- \/ Yoast SEO plugin. -->","yoast_head_json":{"title":"AfterBurn Report - SideBurn","robots":{"index":"index","follow":"follow","max-snippet":"max-snippet:-1","max-image-preview":"max-image-preview:large","max-video-preview":"max-video-preview:-1"},"canonical":"https:\/\/sideburn.ca\/fr\/about\/afterburn\/","og_locale":"fr_CA","og_type":"article","og_title":"AfterBurn Report - SideBurn","og_description":"Explore the key elements of our Afterburn Report and how it helps us improve each year\u2019s event.","og_url":"https:\/\/sideburn.ca\/fr\/about\/afterburn\/","og_site_name":"SideBurn","article_publisher":"https:\/\/www.facebook.com\/groups\/145939082634753","article_modified_time":"2026-03-08T15:29:36+00:00","og_image":[{"width":1200,"height":908,"url":"https:\/\/sideburn.ca\/wp-content\/uploads\/2024\/12\/header-afterburn-1.jpg","type":"image\/jpeg"}],"twitter_card":"summary_large_image","twitter_misc":{"Est. reading time":"1 minute"},"schema":{"@context":"https:\/\/schema.org","@graph":[{"@type":"WebPage","@id":"https:\/\/sideburn.ca\/about\/afterburn\/","url":"https:\/\/sideburn.ca\/about\/afterburn\/","name":"AfterBurn Report - SideBurn","isPartOf":{"@id":"https:\/\/dbx.gdr.mybluehost.me\/#website"},"primaryImageOfPage":{"@id":"https:\/\/sideburn.ca\/about\/afterburn\/#primaryimage"},"image":{"@id":"https:\/\/sideburn.ca\/about\/afterburn\/#primaryimage"},"thumbnailUrl":"https:\/\/sideburn.ca\/wp-content\/uploads\/2024\/12\/header-afterburn-1.jpg","datePublished":"2024-10-17T19:21:51+00:00","dateModified":"2026-03-08T15:29:36+00:00","breadcrumb":{"@id":"https:\/\/sideburn.ca\/about\/afterburn\/#breadcrumb"},"inLanguage":"fr-CA","potentialAction":[{"@type":"ReadAction","target":["https:\/\/sideburn.ca\/about\/afterburn\/"]}]},{"@type":"ImageObject","inLanguage":"fr-CA","@id":"https:\/\/sideburn.ca\/about\/afterburn\/#primaryimage","url":"https:\/\/sideburn.ca\/wp-content\/uploads\/2024\/12\/header-afterburn-1.jpg","contentUrl":"https:\/\/sideburn.ca\/wp-content\/uploads\/2024\/12\/header-afterburn-1.jpg","width":1200,"height":908},{"@type":"BreadcrumbList","@id":"https:\/\/sideburn.ca\/about\/afterburn\/#breadcrumb","itemListElement":[{"@type":"ListItem","position":1,"name":"Home","item":"https:\/\/sideburn.ca\/"},{"@type":"ListItem","position":2,"name":"About","item":"https:\/\/sideburn.ca\/about\/"},{"@type":"ListItem","position":3,"name":"AfterBurn Report"}]},{"@type":"WebSite","@id":"https:\/\/dbx.gdr.mybluehost.me\/#website","url":"https:\/\/dbx.gdr.mybluehost.me\/","name":"SideBurn","description":"Carnaval chromatique","publisher":{"@id":"https:\/\/dbx.gdr.mybluehost.me\/#organization"},"potentialAction":[{"@type":"SearchAction","target":{"@type":"EntryPoint","urlTemplate":"https:\/\/dbx.gdr.mybluehost.me\/?s={search_term_string}"},"query-input":{"@type":"PropertyValueSpecification","valueRequired":true,"valueName":"search_term_string"}}],"inLanguage":"fr-CA"},{"@type":"Organization","@id":"https:\/\/dbx.gdr.mybluehost.me\/#organization","name":"SideBurn","url":"https:\/\/dbx.gdr.mybluehost.me\/","logo":{"@type":"ImageObject","inLanguage":"fr-CA","@id":"https:\/\/dbx.gdr.mybluehost.me\/#\/schema\/logo\/image\/","url":"https:\/\/i0.wp.com\/sideburn.ca\/wp-content\/uploads\/2024\/12\/logo-sideburn-full-1.png?fit=1259%2C496&ssl=1","contentUrl":"https:\/\/i0.wp.com\/sideburn.ca\/wp-content\/uploads\/2024\/12\/logo-sideburn-full-1.png?fit=1259%2C496&ssl=1","width":1259,"height":496,"caption":"SideBurn"},"image":{"@id":"https:\/\/dbx.gdr.mybluehost.me\/#\/schema\/logo\/image\/"},"sameAs":["https:\/\/www.facebook.com\/groups\/145939082634753","https:\/\/www.instagram.com\/sideburnregional\/"]}]}},"_links":{"self":[{"href":"https:\/\/sideburn.ca\/fr\/wp-json\/wp\/v2\/pages\/111","targetHints":{"allow":["GET"]}}],"collection":[{"href":"https:\/\/sideburn.ca\/fr\/wp-json\/wp\/v2\/pages"}],"about":[{"href":"https:\/\/sideburn.ca\/fr\/wp-json\/wp\/v2\/types\/page"}],"author":[{"embeddable":true,"href":"https:\/\/sideburn.ca\/fr\/wp-json\/wp\/v2\/users\/2"}],"replies":[{"embeddable":true,"href":"https:\/\/sideburn.ca\/fr\/wp-json\/wp\/v2\/comments?post=111"}],"version-history":[{"count":14,"href":"https:\/\/sideburn.ca\/fr\/wp-json\/wp\/v2\/pages\/111\/revisions"}],"predecessor-version":[{"id":2548,"href":"https:\/\/sideburn.ca\/fr\/wp-json\/wp\/v2\/pages\/111\/revisions\/2548"}],"up":[{"embeddable":true,"href":"https:\/\/sideburn.ca\/fr\/wp-json\/wp\/v2\/pages\/107"}],"wp:featuredmedia":[{"embeddable":true,"href":"https:\/\/sideburn.ca\/fr\/wp-json\/wp\/v2\/media\/465"}],"wp:attachment":[{"href":"https:\/\/sideburn.ca\/fr\/wp-json\/wp\/v2\/media?parent=111"}],"curies":[{"name":"wp","href":"https:\/\/api.w.org\/{rel}","templated":true}]}}