{"id":109,"date":"2024-10-17T19:21:35","date_gmt":"2024-10-17T19:21:35","guid":{"rendered":"https:\/\/dbx.gdr.mybluehost.me\/?page_id=109"},"modified":"2026-03-05T18:39:59","modified_gmt":"2026-03-05T18:39:59","slug":"meet-our-team","status":"publish","type":"page","link":"https:\/\/sideburn.ca\/fr\/about\/meet-our-team\/","title":{"rendered":"Rencontrez notre \u00e9quipe"},"content":{"rendered":"<p class=\"lead\">Dans les coulisses, vous trouverez 13 personnes qui travaillent dur et qui se consacrent \u00e0 la pr\u00e9paration de chaque d\u00e9tail afin que nous puissions jouer dans les champs de foin au mois de mai. Cette ann\u00e9e, notre comit\u00e9 est unique, compos\u00e9 de personnes de Toronto, Oakville, Ottawa et Montr\u00e9al dans l'espoir de mieux atteindre nos communaut\u00e9s \u00e9tendues - une v\u00e9ritable collaboration r\u00e9gionale.<\/p>\n<p>Pour toute question destin\u00e9e \u00e0 l'ensemble du comit\u00e9 organisateur ou au conseil d'administration de l'entit\u00e9 juridique Flame Ontario Arts Collective, n'h\u00e9sitez pas \u00e0 nous contacter \u00e0 <a href=\"mailto:event@sideburn.ca\">event@sideburn.ca<\/a>.<\/p>\n<hr \/>","protected":false},"excerpt":{"rendered":"<p>Rencontrez l'\u00e9quipe qui organise SideBurn et d\u00e9couvrez comment notre comit\u00e9 d\u00e9di\u00e9 travaille ensemble pour donner vie \u00e0 cet \u00e9v\u00e9nement r\u00e9gional.<\/p>","protected":false},"author":2,"featured_media":1986,"parent":107,"menu_order":0,"comment_status":"closed","ping_status":"closed","template":"page-team.php","meta":{"_acf_changed":false,"nf_dc_page":"","footnotes":""},"class_list":["post-109","page","type-page","status-publish","has-post-thumbnail","hentry"],"acf":[],"yoast_head":"<!-- This site is optimized with the Yoast SEO plugin v27.4 - https:\/\/yoast.com\/product\/yoast-seo-wordpress\/ -->\n<title>Meet Our Team - SideBurn<\/title>\n<meta name=\"robots\" content=\"index, follow, max-snippet:-1, max-image-preview:large, max-video-preview:-1\" \/>\n<link rel=\"canonical\" href=\"https:\/\/sideburn.ca\/fr\/about\/meet-our-team\/\" \/>\n<meta property=\"og:locale\" content=\"fr_CA\" \/>\n<meta property=\"og:type\" content=\"article\" \/>\n<meta property=\"og:title\" content=\"Meet Our Team - SideBurn\" \/>\n<meta property=\"og:description\" content=\"Meet the team behind SideBurn and learn how our dedicated committee works together to bring this regional event to life.\" \/>\n<meta property=\"og:url\" content=\"https:\/\/sideburn.ca\/fr\/about\/meet-our-team\/\" \/>\n<meta property=\"og:site_name\" content=\"SideBurn\" \/>\n<meta property=\"article:publisher\" content=\"https:\/\/www.facebook.com\/groups\/145939082634753\" \/>\n<meta property=\"article:modified_time\" content=\"2026-03-05T18:39:59+00:00\" \/>\n<meta property=\"og:image\" content=\"https:\/\/sideburn.ca\/wp-content\/uploads\/2025\/06\/header-board-2025-1.jpg\" \/>\n\t<meta property=\"og:image:width\" content=\"1400\" \/>\n\t<meta property=\"og:image:height\" content=\"817\" \/>\n\t<meta property=\"og:image:type\" content=\"image\/jpeg\" \/>\n<meta name=\"twitter:card\" content=\"summary_large_image\" \/>\n<meta name=\"twitter:label1\" content=\"Est. reading time\" \/>\n\t<meta name=\"twitter:data1\" content=\"1 minute\" \/>\n<script type=\"application\/ld+json\" class=\"yoast-schema-graph\">{\"@context\":\"https:\\\/\\\/schema.org\",\"@graph\":[{\"@type\":\"WebPage\",\"@id\":\"https:\\\/\\\/sideburn.ca\\\/about\\\/meet-our-team\\\/\",\"url\":\"https:\\\/\\\/sideburn.ca\\\/about\\\/meet-our-team\\\/\",\"name\":\"Meet Our Team - SideBurn\",\"isPartOf\":{\"@id\":\"https:\\\/\\\/dbx.gdr.mybluehost.me\\\/#website\"},\"primaryImageOfPage\":{\"@id\":\"https:\\\/\\\/sideburn.ca\\\/about\\\/meet-our-team\\\/#primaryimage\"},\"image\":{\"@id\":\"https:\\\/\\\/sideburn.ca\\\/about\\\/meet-our-team\\\/#primaryimage\"},\"thumbnailUrl\":\"https:\\\/\\\/sideburn.ca\\\/wp-content\\\/uploads\\\/2025\\\/06\\\/header-board-2025-1.jpg\",\"datePublished\":\"2024-10-17T19:21:35+00:00\",\"dateModified\":\"2026-03-05T18:39:59+00:00\",\"breadcrumb\":{\"@id\":\"https:\\\/\\\/sideburn.ca\\\/about\\\/meet-our-team\\\/#breadcrumb\"},\"inLanguage\":\"fr-CA\",\"potentialAction\":[{\"@type\":\"ReadAction\",\"target\":[\"https:\\\/\\\/sideburn.ca\\\/about\\\/meet-our-team\\\/\"]}]},{\"@type\":\"ImageObject\",\"inLanguage\":\"fr-CA\",\"@id\":\"https:\\\/\\\/sideburn.ca\\\/about\\\/meet-our-team\\\/#primaryimage\",\"url\":\"https:\\\/\\\/sideburn.ca\\\/wp-content\\\/uploads\\\/2025\\\/06\\\/header-board-2025-1.jpg\",\"contentUrl\":\"https:\\\/\\\/sideburn.ca\\\/wp-content\\\/uploads\\\/2025\\\/06\\\/header-board-2025-1.jpg\",\"width\":1400,\"height\":817},{\"@type\":\"BreadcrumbList\",\"@id\":\"https:\\\/\\\/sideburn.ca\\\/about\\\/meet-our-team\\\/#breadcrumb\",\"itemListElement\":[{\"@type\":\"ListItem\",\"position\":1,\"name\":\"Home\",\"item\":\"https:\\\/\\\/sideburn.ca\\\/\"},{\"@type\":\"ListItem\",\"position\":2,\"name\":\"About\",\"item\":\"https:\\\/\\\/sideburn.ca\\\/about\\\/\"},{\"@type\":\"ListItem\",\"position\":3,\"name\":\"Meet Our Team\"}]},{\"@type\":\"WebSite\",\"@id\":\"https:\\\/\\\/dbx.gdr.mybluehost.me\\\/#website\",\"url\":\"https:\\\/\\\/dbx.gdr.mybluehost.me\\\/\",\"name\":\"SideBurn\",\"description\":\"Chromatic Carnival\",\"publisher\":{\"@id\":\"https:\\\/\\\/dbx.gdr.mybluehost.me\\\/#organization\"},\"potentialAction\":[{\"@type\":\"SearchAction\",\"target\":{\"@type\":\"EntryPoint\",\"urlTemplate\":\"https:\\\/\\\/dbx.gdr.mybluehost.me\\\/?s={search_term_string}\"},\"query-input\":{\"@type\":\"PropertyValueSpecification\",\"valueRequired\":true,\"valueName\":\"search_term_string\"}}],\"inLanguage\":\"fr-CA\"},{\"@type\":\"Organization\",\"@id\":\"https:\\\/\\\/dbx.gdr.mybluehost.me\\\/#organization\",\"name\":\"SideBurn\",\"url\":\"https:\\\/\\\/dbx.gdr.mybluehost.me\\\/\",\"logo\":{\"@type\":\"ImageObject\",\"inLanguage\":\"fr-CA\",\"@id\":\"https:\\\/\\\/dbx.gdr.mybluehost.me\\\/#\\\/schema\\\/logo\\\/image\\\/\",\"url\":\"https:\\\/\\\/i0.wp.com\\\/sideburn.ca\\\/wp-content\\\/uploads\\\/2024\\\/12\\\/logo-sideburn-full-1.png?fit=1259%2C496&ssl=1\",\"contentUrl\":\"https:\\\/\\\/i0.wp.com\\\/sideburn.ca\\\/wp-content\\\/uploads\\\/2024\\\/12\\\/logo-sideburn-full-1.png?fit=1259%2C496&ssl=1\",\"width\":1259,\"height\":496,\"caption\":\"SideBurn\"},\"image\":{\"@id\":\"https:\\\/\\\/dbx.gdr.mybluehost.me\\\/#\\\/schema\\\/logo\\\/image\\\/\"},\"sameAs\":[\"https:\\\/\\\/www.facebook.com\\\/groups\\\/145939082634753\",\"https:\\\/\\\/www.instagram.com\\\/sideburnregional\\\/\"]}]}<\/script>\n<!-- \/ Yoast SEO plugin. -->","yoast_head_json":{"title":"Meet Our Team - SideBurn","robots":{"index":"index","follow":"follow","max-snippet":"max-snippet:-1","max-image-preview":"max-image-preview:large","max-video-preview":"max-video-preview:-1"},"canonical":"https:\/\/sideburn.ca\/fr\/about\/meet-our-team\/","og_locale":"fr_CA","og_type":"article","og_title":"Meet Our Team - SideBurn","og_description":"Meet the team behind SideBurn and learn how our dedicated committee works together to bring this regional event to life.","og_url":"https:\/\/sideburn.ca\/fr\/about\/meet-our-team\/","og_site_name":"SideBurn","article_publisher":"https:\/\/www.facebook.com\/groups\/145939082634753","article_modified_time":"2026-03-05T18:39:59+00:00","og_image":[{"width":1400,"height":817,"url":"https:\/\/sideburn.ca\/wp-content\/uploads\/2025\/06\/header-board-2025-1.jpg","type":"image\/jpeg"}],"twitter_card":"summary_large_image","twitter_misc":{"Est. reading time":"1 minute"},"schema":{"@context":"https:\/\/schema.org","@graph":[{"@type":"WebPage","@id":"https:\/\/sideburn.ca\/about\/meet-our-team\/","url":"https:\/\/sideburn.ca\/about\/meet-our-team\/","name":"Meet Our Team - SideBurn","isPartOf":{"@id":"https:\/\/dbx.gdr.mybluehost.me\/#website"},"primaryImageOfPage":{"@id":"https:\/\/sideburn.ca\/about\/meet-our-team\/#primaryimage"},"image":{"@id":"https:\/\/sideburn.ca\/about\/meet-our-team\/#primaryimage"},"thumbnailUrl":"https:\/\/sideburn.ca\/wp-content\/uploads\/2025\/06\/header-board-2025-1.jpg","datePublished":"2024-10-17T19:21:35+00:00","dateModified":"2026-03-05T18:39:59+00:00","breadcrumb":{"@id":"https:\/\/sideburn.ca\/about\/meet-our-team\/#breadcrumb"},"inLanguage":"fr-CA","potentialAction":[{"@type":"ReadAction","target":["https:\/\/sideburn.ca\/about\/meet-our-team\/"]}]},{"@type":"ImageObject","inLanguage":"fr-CA","@id":"https:\/\/sideburn.ca\/about\/meet-our-team\/#primaryimage","url":"https:\/\/sideburn.ca\/wp-content\/uploads\/2025\/06\/header-board-2025-1.jpg","contentUrl":"https:\/\/sideburn.ca\/wp-content\/uploads\/2025\/06\/header-board-2025-1.jpg","width":1400,"height":817},{"@type":"BreadcrumbList","@id":"https:\/\/sideburn.ca\/about\/meet-our-team\/#breadcrumb","itemListElement":[{"@type":"ListItem","position":1,"name":"Home","item":"https:\/\/sideburn.ca\/"},{"@type":"ListItem","position":2,"name":"About","item":"https:\/\/sideburn.ca\/about\/"},{"@type":"ListItem","position":3,"name":"Meet Our Team"}]},{"@type":"WebSite","@id":"https:\/\/dbx.gdr.mybluehost.me\/#website","url":"https:\/\/dbx.gdr.mybluehost.me\/","name":"SideBurn","description":"Carnaval chromatique","publisher":{"@id":"https:\/\/dbx.gdr.mybluehost.me\/#organization"},"potentialAction":[{"@type":"SearchAction","target":{"@type":"EntryPoint","urlTemplate":"https:\/\/dbx.gdr.mybluehost.me\/?s={search_term_string}"},"query-input":{"@type":"PropertyValueSpecification","valueRequired":true,"valueName":"search_term_string"}}],"inLanguage":"fr-CA"},{"@type":"Organization","@id":"https:\/\/dbx.gdr.mybluehost.me\/#organization","name":"SideBurn","url":"https:\/\/dbx.gdr.mybluehost.me\/","logo":{"@type":"ImageObject","inLanguage":"fr-CA","@id":"https:\/\/dbx.gdr.mybluehost.me\/#\/schema\/logo\/image\/","url":"https:\/\/i0.wp.com\/sideburn.ca\/wp-content\/uploads\/2024\/12\/logo-sideburn-full-1.png?fit=1259%2C496&ssl=1","contentUrl":"https:\/\/i0.wp.com\/sideburn.ca\/wp-content\/uploads\/2024\/12\/logo-sideburn-full-1.png?fit=1259%2C496&ssl=1","width":1259,"height":496,"caption":"SideBurn"},"image":{"@id":"https:\/\/dbx.gdr.mybluehost.me\/#\/schema\/logo\/image\/"},"sameAs":["https:\/\/www.facebook.com\/groups\/145939082634753","https:\/\/www.instagram.com\/sideburnregional\/"]}]}},"_links":{"self":[{"href":"https:\/\/sideburn.ca\/fr\/wp-json\/wp\/v2\/pages\/109","targetHints":{"allow":["GET"]}}],"collection":[{"href":"https:\/\/sideburn.ca\/fr\/wp-json\/wp\/v2\/pages"}],"about":[{"href":"https:\/\/sideburn.ca\/fr\/wp-json\/wp\/v2\/types\/page"}],"author":[{"embeddable":true,"href":"https:\/\/sideburn.ca\/fr\/wp-json\/wp\/v2\/users\/2"}],"replies":[{"embeddable":true,"href":"https:\/\/sideburn.ca\/fr\/wp-json\/wp\/v2\/comments?post=109"}],"version-history":[{"count":8,"href":"https:\/\/sideburn.ca\/fr\/wp-json\/wp\/v2\/pages\/109\/revisions"}],"predecessor-version":[{"id":2532,"href":"https:\/\/sideburn.ca\/fr\/wp-json\/wp\/v2\/pages\/109\/revisions\/2532"}],"up":[{"embeddable":true,"href":"https:\/\/sideburn.ca\/fr\/wp-json\/wp\/v2\/pages\/107"}],"wp:featuredmedia":[{"embeddable":true,"href":"https:\/\/sideburn.ca\/fr\/wp-json\/wp\/v2\/media\/1986"}],"wp:attachment":[{"href":"https:\/\/sideburn.ca\/fr\/wp-json\/wp\/v2\/media?parent=109"}],"curies":[{"name":"wp","href":"https:\/\/api.w.org\/{rel}","templated":true}]}}