{"id":103,"date":"2024-10-17T19:19:56","date_gmt":"2024-10-17T19:19:56","guid":{"rendered":"https:\/\/dbx.gdr.mybluehost.me\/?page_id=103"},"modified":"2026-02-11T01:46:54","modified_gmt":"2026-02-11T01:46:54","slug":"theme-camps","status":"publish","type":"page","link":"https:\/\/sideburn.ca\/fr\/participate\/theme-camps\/","title":{"rendered":"Camps th\u00e9matiques"},"content":{"rendered":"<p class=\"lead\">Les camps th\u00e9matiques sont au c\u0153ur de l'exp\u00e9rience SideBurn. Des groupes de SideBurners camperont ensemble autour d'un th\u00e8me commun. <em><a href=\"https:\/\/sideburn.ca\/fr\/the-event\/\">Le Grand r\u00e9ensauvagement<\/a><\/em>, apportant leur \u00e9nergie et leur cr\u00e9ativit\u00e9 uniques comme un cadeau \u00e0 la communaut\u00e9.<\/p>\n<p>Un cadeau peut prendre plusieurs formes : un DJ\/une piste de danse, une voiture artistique, des ateliers, un stand d'\u00e9change de costumes, des s\u00e9ances de yoga, un salon confortable, etc. Laissez libre cours \u00e0 votre cr\u00e9ativit\u00e9 ! <\/p>\n<p><a href=\"#anchor-form\" class=\"btn btn-primary btn-lg\">Faire une demande<\/a><\/p>\n<hr>\n<h2>Qu'est-ce qu'un camp th\u00e9matique ?<\/h2>\n<p>Les camps th\u00e9matiques sont des groupes de participants qui transforment leur emplacement de camping pour refl\u00e9ter le th\u00e8me qu'ils ont choisi, ajoutant ainsi une touche cr\u00e9ative et ludique \u00e0 l'exp\u00e9rience SideBurn. Avec leurs visuels saisissants et attrayants, leurs espaces communs et leurs activit\u00e9s, ces camps cr\u00e9ent des exp\u00e9riences immersives qui d\u00e9finissent l'esprit de l'\u00e9v\u00e9nement. <\/p>\n<p>L'emplacement de votre camp sera attribu\u00e9 en fonction de ce que vous proposez et de l'espace dont vous avez besoin. En tant que camp \u00e0 th\u00e8me, vous figurerez \u00e9galement sur les panneaux indicateurs, les plans et dans le <a href=\"https:\/\/sideburn.ca\/fr\/the-event\/www-guide\/\">Guide \u00ab Quoi, O\u00f9, Quand \u00bb (WWW)<\/a>.<\/p>\n<h3>\u00c9l\u00e9ments cl\u00e9s \u00e0 prendre en compte pour planifier et g\u00e9rer votre camp th\u00e9matique<\/h3>\n<ul>\n<li><strong>Soumettez votre candidature :<\/strong> Soumettez votre demande d'inscription pour votre camp th\u00e9matique avant le 6 f\u00e9vrier, en pr\u00e9cisant les d\u00e9tails concernant les syst\u00e8mes audio, les installations pyrotechniques, les effets de flammes et tout autre renseignement utile \u00e0 conna\u00eetre au sujet de votre camp. <\/li>\n<li><strong>Demander des subventions :<\/strong> Profitez de notre subvention pour les camps th\u00e9matiques afin de concr\u00e9tiser vos id\u00e9es.\n<li><strong>Concevoir avec un objectif pr\u00e9cis :<\/strong> Cr\u00e9ez un design visuellement attrayant et accueillant tout en gardant \u00e0 l'esprit les consignes de s\u00e9curit\u00e9 et les directives MOOP (Matter Out of Place).<\/li>\n<li><strong>Impliquer la communaut\u00e9 :<\/strong> Incluez les activit\u00e9s, \u00e9v\u00e9nements ou services propos\u00e9s dans votre camp et accessibles \u00e0 l'ensemble de la communaut\u00e9 SideBurn.<\/li>\n<li><strong>Favorisez les bonnes vibrations :<\/strong> Maintenez les niveaux sonores \u00e0 un niveau raisonnable, ventilez les gaz d'\u00e9chappement du g\u00e9n\u00e9rateur de mani\u00e8re responsable et g\u00e9rez les litiges avec une attitude positive et conviviale.<\/li>\n<li><strong>Maintenir une bonne r\u00e9putation :<\/strong> Tous les participants doivent se conformer \u00e0 SideBurn. <a href=\"https:\/\/sideburn.ca\/fr\/the-event\/policies\/\">politiques<\/a> rester dans <a href=\"https:\/\/sideburn.ca\/fr\/the-event\/policies\/good-standing\/\">bonne r\u00e9putation<\/a> avec la communaut\u00e9.<\/li>\n<\/ul>\n<div class=\"boxit\">\n<h2>Financement pour donner vie \u00e0 votre camp th\u00e9matique<\/h2>\n<p>Cette ann\u00e9e, nous disposons d'un budget de $20 000 pour soutenir les camps th\u00e9matiques, avec des subventions de <strong>jusqu'\u00e0 $750<\/strong> disponible en fonction du nombre de candidats. Veuillez r\u00e9fl\u00e9chir attentivement \u00e0 votre demande afin de nous aider \u00e0 soutenir autant de camps que possible.<\/p>\n<p>Les subventions peuvent \u00eatre utilis\u00e9es \u00e0 des fins communautaires et <strong>infrastructure publique<\/strong> (tentes, si\u00e8ges, \u00e9clairage, d\u00e9corations, g\u00e9n\u00e9rateurs), <strong>locations<\/strong> (camions ou \u00e9quipement pour les \u00e9l\u00e9ments interactifs), et <strong>consommables<\/strong> (nourriture, carburant, boissons non alcoolis\u00e9es). Les subventions ne peuvent pas \u00eatre utilis\u00e9es pour acheter du bois de chauffage ou des substances intoxicantes (par exemple, de l'alcool). Veuillez examiner attentivement votre demande afin de nous aider \u00e0 soutenir autant de camps que possible.<\/p>\n<p><strong>Nouveaut\u00e9 cette ann\u00e9e<\/strong>, vous pouvez demander la subvention directement dans le formulaire de candidature au Theme Camp.\n<\/div>\n<h2>Calendrier et \u00e9ch\u00e9ances<\/h2>\n<table class=\"table\">\n<thead>\n<tr>\n<th scope=\"col\">Date<\/th>\n<th scope=\"col\">T\u00e2che<\/th>\n<\/tr>\n<\/thead>\n<tbody>\n<tr>\n<th scope=\"row\">6 janvier 2026<\/th>\n<td>Ouverture des candidatures<\/td>\n<\/tr>\n<tr>\n<th scope=\"row\">6 f\u00e9vrier 2026<\/th>\n<td>Les candidatures doivent \u00eatre soumises avant 23 h 59.<\/td>\n<\/tr>\n<tr>\n<th scope=\"row\">8 f\u00e9vrier 2026<\/th>\n<td>Les candidats retenus seront inform\u00e9s des billets attribu\u00e9s.<\/td>\n<\/tr>\n<tr>\n<th scope=\"row\">\u00c0 d\u00e9terminer<\/th>\n<td>B\u00e9n\u00e9ficiaires des subventions accord\u00e9es<\/td>\n<\/tr>\n<tr>\n<th scope=\"row\">\u00c0 d\u00e9terminer<\/th>\n<td>Tous les re\u00e7us doivent \u00eatre remis \u00e0 SideBurn.<\/td>\n<\/tr>\n<\/tbody>\n<\/table>\n<hr>\n<h2 id=\"anchor-form\">Faire une demande<\/h2>\n<div class=\"boxit\">Les candidatures sont d\u00e9sormais closes.<\/div>","protected":false},"excerpt":{"rendered":"<p>D\u00e9couvrez comment cr\u00e9er un camp th\u00e9matique qui apporte cr\u00e9ativit\u00e9, \u00e9nergie et exp\u00e9riences immersives \u00e0 SideBurn.<\/p>","protected":false},"author":2,"featured_media":981,"parent":91,"menu_order":1,"comment_status":"closed","ping_status":"closed","template":"","meta":{"_acf_changed":false,"nf_dc_page":"","footnotes":""},"class_list":["post-103","page","type-page","status-publish","has-post-thumbnail","hentry"],"acf":[],"yoast_head":"<!-- This site is optimized with the Yoast SEO plugin v27.4 - https:\/\/yoast.com\/product\/yoast-seo-wordpress\/ -->\n<title>Theme Camps - SideBurn<\/title>\n<meta name=\"robots\" content=\"index, follow, max-snippet:-1, max-image-preview:large, max-video-preview:-1\" \/>\n<link rel=\"canonical\" href=\"https:\/\/sideburn.ca\/fr\/participate\/theme-camps\/\" \/>\n<meta property=\"og:locale\" content=\"fr_CA\" \/>\n<meta property=\"og:type\" content=\"article\" \/>\n<meta property=\"og:title\" content=\"Theme Camps - SideBurn\" \/>\n<meta property=\"og:description\" content=\"Discover how you can create a Theme Camp that adds creativity, energy, and immersive experiences to SideBurn.\" \/>\n<meta property=\"og:url\" content=\"https:\/\/sideburn.ca\/fr\/participate\/theme-camps\/\" \/>\n<meta property=\"og:site_name\" content=\"SideBurn\" \/>\n<meta property=\"article:publisher\" content=\"https:\/\/www.facebook.com\/groups\/145939082634753\" \/>\n<meta property=\"article:modified_time\" content=\"2026-02-11T01:46:54+00:00\" \/>\n<meta property=\"og:image\" content=\"https:\/\/sideburn.ca\/wp-content\/uploads\/2024\/12\/header-themecamps01.jpg\" \/>\n\t<meta property=\"og:image:width\" content=\"1400\" \/>\n\t<meta property=\"og:image:height\" content=\"711\" \/>\n\t<meta property=\"og:image:type\" content=\"image\/jpeg\" \/>\n<meta name=\"twitter:card\" content=\"summary_large_image\" \/>\n<meta name=\"twitter:label1\" content=\"Est. reading time\" \/>\n\t<meta name=\"twitter:data1\" content=\"3 minutes\" \/>\n<script type=\"application\/ld+json\" class=\"yoast-schema-graph\">{\"@context\":\"https:\\\/\\\/schema.org\",\"@graph\":[{\"@type\":\"WebPage\",\"@id\":\"https:\\\/\\\/sideburn.ca\\\/participate\\\/theme-camps\\\/\",\"url\":\"https:\\\/\\\/sideburn.ca\\\/participate\\\/theme-camps\\\/\",\"name\":\"Theme Camps - SideBurn\",\"isPartOf\":{\"@id\":\"https:\\\/\\\/dbx.gdr.mybluehost.me\\\/#website\"},\"primaryImageOfPage\":{\"@id\":\"https:\\\/\\\/sideburn.ca\\\/participate\\\/theme-camps\\\/#primaryimage\"},\"image\":{\"@id\":\"https:\\\/\\\/sideburn.ca\\\/participate\\\/theme-camps\\\/#primaryimage\"},\"thumbnailUrl\":\"https:\\\/\\\/sideburn.ca\\\/wp-content\\\/uploads\\\/2024\\\/12\\\/header-themecamps01.jpg\",\"datePublished\":\"2024-10-17T19:19:56+00:00\",\"dateModified\":\"2026-02-11T01:46:54+00:00\",\"breadcrumb\":{\"@id\":\"https:\\\/\\\/sideburn.ca\\\/participate\\\/theme-camps\\\/#breadcrumb\"},\"inLanguage\":\"fr-CA\",\"potentialAction\":[{\"@type\":\"ReadAction\",\"target\":[\"https:\\\/\\\/sideburn.ca\\\/participate\\\/theme-camps\\\/\"]}]},{\"@type\":\"ImageObject\",\"inLanguage\":\"fr-CA\",\"@id\":\"https:\\\/\\\/sideburn.ca\\\/participate\\\/theme-camps\\\/#primaryimage\",\"url\":\"https:\\\/\\\/sideburn.ca\\\/wp-content\\\/uploads\\\/2024\\\/12\\\/header-themecamps01.jpg\",\"contentUrl\":\"https:\\\/\\\/sideburn.ca\\\/wp-content\\\/uploads\\\/2024\\\/12\\\/header-themecamps01.jpg\",\"width\":1400,\"height\":711},{\"@type\":\"BreadcrumbList\",\"@id\":\"https:\\\/\\\/sideburn.ca\\\/participate\\\/theme-camps\\\/#breadcrumb\",\"itemListElement\":[{\"@type\":\"ListItem\",\"position\":1,\"name\":\"Home\",\"item\":\"https:\\\/\\\/sideburn.ca\\\/\"},{\"@type\":\"ListItem\",\"position\":2,\"name\":\"Participate\",\"item\":\"https:\\\/\\\/sideburn.ca\\\/participate\\\/\"},{\"@type\":\"ListItem\",\"position\":3,\"name\":\"Theme Camps\"}]},{\"@type\":\"WebSite\",\"@id\":\"https:\\\/\\\/dbx.gdr.mybluehost.me\\\/#website\",\"url\":\"https:\\\/\\\/dbx.gdr.mybluehost.me\\\/\",\"name\":\"SideBurn\",\"description\":\"Chromatic Carnival\",\"publisher\":{\"@id\":\"https:\\\/\\\/dbx.gdr.mybluehost.me\\\/#organization\"},\"potentialAction\":[{\"@type\":\"SearchAction\",\"target\":{\"@type\":\"EntryPoint\",\"urlTemplate\":\"https:\\\/\\\/dbx.gdr.mybluehost.me\\\/?s={search_term_string}\"},\"query-input\":{\"@type\":\"PropertyValueSpecification\",\"valueRequired\":true,\"valueName\":\"search_term_string\"}}],\"inLanguage\":\"fr-CA\"},{\"@type\":\"Organization\",\"@id\":\"https:\\\/\\\/dbx.gdr.mybluehost.me\\\/#organization\",\"name\":\"SideBurn\",\"url\":\"https:\\\/\\\/dbx.gdr.mybluehost.me\\\/\",\"logo\":{\"@type\":\"ImageObject\",\"inLanguage\":\"fr-CA\",\"@id\":\"https:\\\/\\\/dbx.gdr.mybluehost.me\\\/#\\\/schema\\\/logo\\\/image\\\/\",\"url\":\"https:\\\/\\\/i0.wp.com\\\/sideburn.ca\\\/wp-content\\\/uploads\\\/2024\\\/12\\\/logo-sideburn-full-1.png?fit=1259%2C496&ssl=1\",\"contentUrl\":\"https:\\\/\\\/i0.wp.com\\\/sideburn.ca\\\/wp-content\\\/uploads\\\/2024\\\/12\\\/logo-sideburn-full-1.png?fit=1259%2C496&ssl=1\",\"width\":1259,\"height\":496,\"caption\":\"SideBurn\"},\"image\":{\"@id\":\"https:\\\/\\\/dbx.gdr.mybluehost.me\\\/#\\\/schema\\\/logo\\\/image\\\/\"},\"sameAs\":[\"https:\\\/\\\/www.facebook.com\\\/groups\\\/145939082634753\",\"https:\\\/\\\/www.instagram.com\\\/sideburnregional\\\/\"]}]}<\/script>\n<!-- \/ Yoast SEO plugin. -->","yoast_head_json":{"title":"Theme Camps - SideBurn","robots":{"index":"index","follow":"follow","max-snippet":"max-snippet:-1","max-image-preview":"max-image-preview:large","max-video-preview":"max-video-preview:-1"},"canonical":"https:\/\/sideburn.ca\/fr\/participate\/theme-camps\/","og_locale":"fr_CA","og_type":"article","og_title":"Theme Camps - SideBurn","og_description":"Discover how you can create a Theme Camp that adds creativity, energy, and immersive experiences to SideBurn.","og_url":"https:\/\/sideburn.ca\/fr\/participate\/theme-camps\/","og_site_name":"SideBurn","article_publisher":"https:\/\/www.facebook.com\/groups\/145939082634753","article_modified_time":"2026-02-11T01:46:54+00:00","og_image":[{"width":1400,"height":711,"url":"https:\/\/sideburn.ca\/wp-content\/uploads\/2024\/12\/header-themecamps01.jpg","type":"image\/jpeg"}],"twitter_card":"summary_large_image","twitter_misc":{"Est. reading time":"3 minutes"},"schema":{"@context":"https:\/\/schema.org","@graph":[{"@type":"WebPage","@id":"https:\/\/sideburn.ca\/participate\/theme-camps\/","url":"https:\/\/sideburn.ca\/participate\/theme-camps\/","name":"Theme Camps - SideBurn","isPartOf":{"@id":"https:\/\/dbx.gdr.mybluehost.me\/#website"},"primaryImageOfPage":{"@id":"https:\/\/sideburn.ca\/participate\/theme-camps\/#primaryimage"},"image":{"@id":"https:\/\/sideburn.ca\/participate\/theme-camps\/#primaryimage"},"thumbnailUrl":"https:\/\/sideburn.ca\/wp-content\/uploads\/2024\/12\/header-themecamps01.jpg","datePublished":"2024-10-17T19:19:56+00:00","dateModified":"2026-02-11T01:46:54+00:00","breadcrumb":{"@id":"https:\/\/sideburn.ca\/participate\/theme-camps\/#breadcrumb"},"inLanguage":"fr-CA","potentialAction":[{"@type":"ReadAction","target":["https:\/\/sideburn.ca\/participate\/theme-camps\/"]}]},{"@type":"ImageObject","inLanguage":"fr-CA","@id":"https:\/\/sideburn.ca\/participate\/theme-camps\/#primaryimage","url":"https:\/\/sideburn.ca\/wp-content\/uploads\/2024\/12\/header-themecamps01.jpg","contentUrl":"https:\/\/sideburn.ca\/wp-content\/uploads\/2024\/12\/header-themecamps01.jpg","width":1400,"height":711},{"@type":"BreadcrumbList","@id":"https:\/\/sideburn.ca\/participate\/theme-camps\/#breadcrumb","itemListElement":[{"@type":"ListItem","position":1,"name":"Home","item":"https:\/\/sideburn.ca\/"},{"@type":"ListItem","position":2,"name":"Participate","item":"https:\/\/sideburn.ca\/participate\/"},{"@type":"ListItem","position":3,"name":"Theme Camps"}]},{"@type":"WebSite","@id":"https:\/\/dbx.gdr.mybluehost.me\/#website","url":"https:\/\/dbx.gdr.mybluehost.me\/","name":"SideBurn","description":"Carnaval chromatique","publisher":{"@id":"https:\/\/dbx.gdr.mybluehost.me\/#organization"},"potentialAction":[{"@type":"SearchAction","target":{"@type":"EntryPoint","urlTemplate":"https:\/\/dbx.gdr.mybluehost.me\/?s={search_term_string}"},"query-input":{"@type":"PropertyValueSpecification","valueRequired":true,"valueName":"search_term_string"}}],"inLanguage":"fr-CA"},{"@type":"Organization","@id":"https:\/\/dbx.gdr.mybluehost.me\/#organization","name":"SideBurn","url":"https:\/\/dbx.gdr.mybluehost.me\/","logo":{"@type":"ImageObject","inLanguage":"fr-CA","@id":"https:\/\/dbx.gdr.mybluehost.me\/#\/schema\/logo\/image\/","url":"https:\/\/i0.wp.com\/sideburn.ca\/wp-content\/uploads\/2024\/12\/logo-sideburn-full-1.png?fit=1259%2C496&ssl=1","contentUrl":"https:\/\/i0.wp.com\/sideburn.ca\/wp-content\/uploads\/2024\/12\/logo-sideburn-full-1.png?fit=1259%2C496&ssl=1","width":1259,"height":496,"caption":"SideBurn"},"image":{"@id":"https:\/\/dbx.gdr.mybluehost.me\/#\/schema\/logo\/image\/"},"sameAs":["https:\/\/www.facebook.com\/groups\/145939082634753","https:\/\/www.instagram.com\/sideburnregional\/"]}]}},"_links":{"self":[{"href":"https:\/\/sideburn.ca\/fr\/wp-json\/wp\/v2\/pages\/103","targetHints":{"allow":["GET"]}}],"collection":[{"href":"https:\/\/sideburn.ca\/fr\/wp-json\/wp\/v2\/pages"}],"about":[{"href":"https:\/\/sideburn.ca\/fr\/wp-json\/wp\/v2\/types\/page"}],"author":[{"embeddable":true,"href":"https:\/\/sideburn.ca\/fr\/wp-json\/wp\/v2\/users\/2"}],"replies":[{"embeddable":true,"href":"https:\/\/sideburn.ca\/fr\/wp-json\/wp\/v2\/comments?post=103"}],"version-history":[{"count":21,"href":"https:\/\/sideburn.ca\/fr\/wp-json\/wp\/v2\/pages\/103\/revisions"}],"predecessor-version":[{"id":2417,"href":"https:\/\/sideburn.ca\/fr\/wp-json\/wp\/v2\/pages\/103\/revisions\/2417"}],"up":[{"embeddable":true,"href":"https:\/\/sideburn.ca\/fr\/wp-json\/wp\/v2\/pages\/91"}],"wp:featuredmedia":[{"embeddable":true,"href":"https:\/\/sideburn.ca\/fr\/wp-json\/wp\/v2\/media\/981"}],"wp:attachment":[{"href":"https:\/\/sideburn.ca\/fr\/wp-json\/wp\/v2\/media?parent=103"}],"curies":[{"name":"wp","href":"https:\/\/api.w.org\/{rel}","templated":true}]}}